{"id":77570,"date":"2022-03-29T09:01:24","date_gmt":"2022-03-29T07:01:24","guid":{"rendered":"https:\/\/www.pescafish.it\/new\/?post_type=product&#038;p=77570"},"modified":"2022-11-16T08:57:33","modified_gmt":"2022-11-16T07:57:33","slug":"element-storm-barrow-bag-camo-large-54l-prologic","status":"publish","type":"product","link":"https:\/\/www.pescafish.it\/new\/prodotto\/element-storm-barrow-bag-camo-large-54l-prologic\/","title":{"rendered":"Element Storm Barrow Bag Camo Large 54l &#8211; Prologic"},"content":{"rendered":"<h2>Element Storm Barrow Bag Camo Large 54l<\/h2>\n<p>Borsa ELEMENT STORM SAFE BERROW BAGAGLIAIO ELEMENT DROP-IN Barrow Ottimizza il tuo spazio con la nostra gamma di valigie Barrow dal design sapientemente progettata, ricca di caratteristiche innovative e realizzata con materiali di altissima qualit\u00e0. Una delle caratteristiche principali della gamma \u00e8 il materiale EVA resistente all\u2019usura Storm Safe con cui \u00e8 realizzato, resistente alle intemperie, il che significa che pu\u00f2 essere lasciato fuori dal tuo bivvy o ombrellone mentre peschi per liberare pi\u00f9 spazio per te. Questo materiale super robusto pu\u00f2 gestire gli elementi con facilit\u00e0 e pu\u00f2 anche essere pulito con un secchio d\u2019acqua o un tubo se diventa fangoso. Sono disponibili tre opzioni: una borsa grande e due borse di medie dimensioni, che si adattano perfettamente al telaio della carriola per carpa compatta Element. La borsa grande \u00e8 l\u2019ideale per riporre indumenti asciutti di ricambio e oggetti di grandi dimensioni, pu\u00f2 contenere anche due secchi quadrati. Le due borse medie, una foderata fredda e una standard, possono essere posizionate su entrambi i lati del punto di bilanciamento del carriola, quindi sono perfette per oggetti pi\u00f9 pesanti come esche, cibo o bevande. La gamma \u00e8 completata da bungies ad alta visibilit\u00e0 che sono dotati di ganci di ancoraggio per impieghi gravosi e sovradimensionati, un robusto nucleo in lattice di 1 cm e si trovano facilmente quando cadono a terra grazie al loro colore arancione Prologic brillante.<\/p>\n<p><strong>Caratteristiche:<br \/>\n<\/strong><br \/>\n\u2022 Bagaglio a carriola facile da montare<br \/>\n\u2022 Costruzione in EVA resistente alle tempeste<br \/>\n\u2022 Resistente agli agenti atmosferici<br \/>\n\u2022 Superficie facile da pulire<br \/>\n\u2022 Cerniere sfalsate HD<br \/>\n\u2022 Robuste maniglie per il trasporto<br \/>\n\u2022 Opzione borsa termica<br \/>\n\u2022 Progettato per adattarsi a Element Compact Carp Barrow<\/p>\n","protected":false},"excerpt":{"rendered":"<p>Element Storm Barrow Bag Camo Large 54l Borsa ELEMENT STORM SAFE BERROW BAGAGLIAIO ELEMENT DROP-IN Barrow Ottimizza il tuo spazio con la nostra gamma di valigie Barrow dal design sapientemente progettata, ricca di caratteristiche innovative e realizzata con materiali di altissima qualit\u00e0. Una delle caratteristiche principali della gamma \u00e8 il materiale EVA resistente all\u2019usura Storm [&hellip;]<\/p>\n","protected":false},"featured_media":77572,"comment_status":"closed","ping_status":"closed","template":"","meta":[],"product_cat":[558],"product_tag":[1040],"yoast_head":"<!-- This site is optimized with the Yoast SEO plugin v15.3 - https:\/\/yoast.com\/wordpress\/plugins\/seo\/ -->\n<title>Element Storm Barrow Bag Camo Large 54l - Prologic - Pesca Fish<\/title>\n<meta name=\"robots\" content=\"index, follow, max-snippet:-1, max-image-preview:large, max-video-preview:-1\" \/>\n<link rel=\"canonical\" href=\"https:\/\/www.pescafish.it\/new\/prodotto\/element-storm-barrow-bag-camo-large-54l-prologic\/\" \/>\n<meta property=\"og:locale\" content=\"it_IT\" \/>\n<meta property=\"og:type\" content=\"article\" \/>\n<meta property=\"og:title\" content=\"Element Storm Barrow Bag Camo Large 54l - Prologic - Pesca Fish\" \/>\n<meta property=\"og:description\" content=\"Element Storm Barrow Bag Camo Large 54l Borsa ELEMENT STORM SAFE BERROW BAGAGLIAIO ELEMENT DROP-IN Barrow Ottimizza il tuo spazio con la nostra gamma di valigie Barrow dal design sapientemente progettata, ricca di caratteristiche innovative e realizzata con materiali di altissima qualit\u00e0. Una delle caratteristiche principali della gamma \u00e8 il materiale EVA resistente all\u2019usura Storm [&hellip;]\" \/>\n<meta property=\"og:url\" content=\"https:\/\/www.pescafish.it\/new\/prodotto\/element-storm-barrow-bag-camo-large-54l-prologic\/\" \/>\n<meta property=\"og:site_name\" content=\"Pesca Fish\" \/>\n<meta property=\"article:publisher\" content=\"https:\/\/www.facebook.com\/pescafishvr\/\" \/>\n<meta property=\"article:modified_time\" content=\"2022-11-16T07:57:33+00:00\" \/>\n<meta property=\"og:image\" content=\"https:\/\/www.pescafish.it\/new\/wp-content\/uploads\/2022\/03\/x-1.jpg\" \/>\n\t<meta property=\"og:image:width\" content=\"1122\" \/>\n\t<meta property=\"og:image:height\" content=\"1152\" \/>\n<meta name=\"twitter:card\" content=\"summary_large_image\" \/>\n<meta name=\"twitter:label1\" content=\"Scritto da\">\n\t<meta name=\"twitter:data1\" content=\"francesca\">\n\t<meta name=\"twitter:label2\" content=\"Tempo di lettura stimato\">\n\t<meta name=\"twitter:data2\" content=\"1 minuto\">\n<script type=\"application\/ld+json\" class=\"yoast-schema-graph\">{\"@context\":\"https:\/\/schema.org\",\"@graph\":[{\"@type\":\"WebSite\",\"@id\":\"https:\/\/www.pescafish.it\/new\/#website\",\"url\":\"https:\/\/www.pescafish.it\/new\/\",\"name\":\"Pesca Fish\",\"description\":\"Benvenuti sul nostro sito!\",\"potentialAction\":[{\"@type\":\"SearchAction\",\"target\":\"https:\/\/www.pescafish.it\/new\/?s={search_term_string}\",\"query-input\":\"required name=search_term_string\"}],\"inLanguage\":\"it-IT\"},{\"@type\":\"ImageObject\",\"@id\":\"https:\/\/www.pescafish.it\/new\/prodotto\/element-storm-barrow-bag-camo-large-54l-prologic\/#primaryimage\",\"inLanguage\":\"it-IT\",\"url\":\"https:\/\/www.pescafish.it\/new\/wp-content\/uploads\/2022\/03\/x-1.jpg\",\"width\":1122,\"height\":1152,\"caption\":\"Prologic\"},{\"@type\":\"WebPage\",\"@id\":\"https:\/\/www.pescafish.it\/new\/prodotto\/element-storm-barrow-bag-camo-large-54l-prologic\/#webpage\",\"url\":\"https:\/\/www.pescafish.it\/new\/prodotto\/element-storm-barrow-bag-camo-large-54l-prologic\/\",\"name\":\"Element Storm Barrow Bag Camo Large 54l - Prologic - Pesca Fish\",\"isPartOf\":{\"@id\":\"https:\/\/www.pescafish.it\/new\/#website\"},\"primaryImageOfPage\":{\"@id\":\"https:\/\/www.pescafish.it\/new\/prodotto\/element-storm-barrow-bag-camo-large-54l-prologic\/#primaryimage\"},\"datePublished\":\"2022-03-29T07:01:24+00:00\",\"dateModified\":\"2022-11-16T07:57:33+00:00\",\"inLanguage\":\"it-IT\",\"potentialAction\":[{\"@type\":\"ReadAction\",\"target\":[\"https:\/\/www.pescafish.it\/new\/prodotto\/element-storm-barrow-bag-camo-large-54l-prologic\/\"]}]}]}<\/script>\n<!-- \/ Yoast SEO plugin. -->","_links":{"self":[{"href":"https:\/\/www.pescafish.it\/new\/wp-json\/wp\/v2\/product\/77570"}],"collection":[{"href":"https:\/\/www.pescafish.it\/new\/wp-json\/wp\/v2\/product"}],"about":[{"href":"https:\/\/www.pescafish.it\/new\/wp-json\/wp\/v2\/types\/product"}],"replies":[{"embeddable":true,"href":"https:\/\/www.pescafish.it\/new\/wp-json\/wp\/v2\/comments?post=77570"}],"wp:featuredmedia":[{"embeddable":true,"href":"https:\/\/www.pescafish.it\/new\/wp-json\/wp\/v2\/media\/77572"}],"wp:attachment":[{"href":"https:\/\/www.pescafish.it\/new\/wp-json\/wp\/v2\/media?parent=77570"}],"wp:term":[{"taxonomy":"product_cat","embeddable":true,"href":"https:\/\/www.pescafish.it\/new\/wp-json\/wp\/v2\/product_cat?post=77570"},{"taxonomy":"product_tag","embeddable":true,"href":"https:\/\/www.pescafish.it\/new\/wp-json\/wp\/v2\/product_tag?post=77570"}],"curies":[{"name":"wp","href":"https:\/\/api.w.org\/{rel}","templated":true}]}}