{"id":77561,"date":"2022-03-29T08:51:51","date_gmt":"2022-03-29T06:51:51","guid":{"rendered":"https:\/\/www.pescafish.it\/new\/?post_type=product&#038;p=77561"},"modified":"2022-03-29T08:51:51","modified_gmt":"2022-03-29T06:51:51","slug":"element-storm-barrow-bag-camo-medium-17l-prologic","status":"publish","type":"product","link":"https:\/\/www.pescafish.it\/new\/prodotto\/element-storm-barrow-bag-camo-medium-17l-prologic\/","title":{"rendered":"Element Storm Barrow Bag Camo Medium 17l &#8211; Prologic"},"content":{"rendered":"<h2>Element Storm Barrow Bag Camo Medium 17l<\/h2>\n<p>Borsa ELEMENT STORM SAFE BERROW BAGAGLIAIO ELEMENT DROP-IN Barrow Ottimizza il tuo spazio con la nostra gamma di valigie Barrow dal design sapientemente progettata, ricca di caratteristiche innovative e realizzata con materiali di altissima qualit\u00e0. Una delle caratteristiche principali della gamma \u00e8 il materiale EVA resistente all&#8217;usura Storm Safe con cui \u00e8 realizzato, resistente alle intemperie, il che significa che pu\u00f2 essere lasciato fuori dal tuo bivvy o ombrellone mentre peschi per liberare pi\u00f9 spazio per te. Questo materiale super robusto pu\u00f2 gestire gli elementi con facilit\u00e0 e pu\u00f2 anche essere pulito con un secchio d&#8217;acqua o un tubo se diventa fangoso. Sono disponibili tre opzioni: una borsa grande e due borse di medie dimensioni, che si adattano perfettamente al telaio della carriola per carpa compatta Element. La borsa grande \u00e8 l&#8217;ideale per riporre indumenti asciutti di ricambio e oggetti di grandi dimensioni, pu\u00f2 contenere anche due secchi quadrati. Le due borse medie, una foderata fredda e una standard, possono essere posizionate su entrambi i lati del punto di bilanciamento del carriola, quindi sono perfette per oggetti pi\u00f9 pesanti come esche, cibo o bevande. La gamma \u00e8 completata da bungies ad alta visibilit\u00e0 che sono dotati di ganci di ancoraggio per impieghi gravosi e sovradimensionati, un robusto nucleo in lattice di 1 cm e si trovano facilmente quando cadono a terra grazie al loro colore arancione Prologic brillante.<\/p>\n<p><strong>Caratteristiche:<br \/>\n<\/strong><br \/>\n\u2022 Bagaglio a carriola facile da montare<br \/>\n\u2022 Costruzione in EVA resistente alle tempeste<br \/>\n\u2022 Resistente agli agenti atmosferici<br \/>\n\u2022 Superficie facile da pulire<br \/>\n\u2022 Cerniere sfalsate HD<br \/>\n\u2022 Robuste maniglie per il trasporto<br \/>\n\u2022 Opzione borsa termica<br \/>\n\u2022 Progettato per adattarsi a Element Compact Carp Barrow<\/p>\n<p>&nbsp;<\/p>\n","protected":false},"excerpt":{"rendered":"<p>Element Storm Barrow Bag Camo Medium 17l Borsa ELEMENT STORM SAFE BERROW BAGAGLIAIO ELEMENT DROP-IN Barrow Ottimizza il tuo spazio con la nostra gamma di valigie Barrow dal design sapientemente progettata, ricca di caratteristiche innovative e realizzata con materiali di altissima qualit\u00e0. Una delle caratteristiche principali della gamma \u00e8 il materiale EVA resistente all&#8217;usura Storm [&hellip;]<\/p>\n","protected":false},"featured_media":77569,"comment_status":"closed","ping_status":"closed","template":"","meta":[],"product_cat":[558],"product_tag":[1040],"yoast_head":"<!-- This site is optimized with the Yoast SEO plugin v15.3 - https:\/\/yoast.com\/wordpress\/plugins\/seo\/ -->\n<title>Element Storm Barrow Bag Camo Medium 17l - Prologic - Pesca Fish<\/title>\n<meta name=\"robots\" content=\"index, follow, max-snippet:-1, max-image-preview:large, max-video-preview:-1\" \/>\n<link rel=\"canonical\" href=\"https:\/\/www.pescafish.it\/new\/prodotto\/element-storm-barrow-bag-camo-medium-17l-prologic\/\" \/>\n<meta property=\"og:locale\" content=\"it_IT\" \/>\n<meta property=\"og:type\" content=\"article\" \/>\n<meta property=\"og:title\" content=\"Element Storm Barrow Bag Camo Medium 17l - Prologic - Pesca Fish\" \/>\n<meta property=\"og:description\" content=\"Element Storm Barrow Bag Camo Medium 17l Borsa ELEMENT STORM SAFE BERROW BAGAGLIAIO ELEMENT DROP-IN Barrow Ottimizza il tuo spazio con la nostra gamma di valigie Barrow dal design sapientemente progettata, ricca di caratteristiche innovative e realizzata con materiali di altissima qualit\u00e0. Una delle caratteristiche principali della gamma \u00e8 il materiale EVA resistente all&#8217;usura Storm [&hellip;]\" \/>\n<meta property=\"og:url\" content=\"https:\/\/www.pescafish.it\/new\/prodotto\/element-storm-barrow-bag-camo-medium-17l-prologic\/\" \/>\n<meta property=\"og:site_name\" content=\"Pesca Fish\" \/>\n<meta property=\"article:publisher\" content=\"https:\/\/www.facebook.com\/pescafishvr\/\" \/>\n<meta property=\"og:image\" content=\"https:\/\/www.pescafish.it\/new\/wp-content\/uploads\/2022\/03\/72707-1.png\" \/>\n\t<meta property=\"og:image:width\" content=\"1425\" \/>\n\t<meta property=\"og:image:height\" content=\"1425\" \/>\n<meta name=\"twitter:card\" content=\"summary_large_image\" \/>\n<meta name=\"twitter:label1\" content=\"Scritto da\">\n\t<meta name=\"twitter:data1\" content=\"francesca\">\n\t<meta name=\"twitter:label2\" content=\"Tempo di lettura stimato\">\n\t<meta name=\"twitter:data2\" content=\"1 minuto\">\n<script type=\"application\/ld+json\" class=\"yoast-schema-graph\">{\"@context\":\"https:\/\/schema.org\",\"@graph\":[{\"@type\":\"WebSite\",\"@id\":\"https:\/\/www.pescafish.it\/new\/#website\",\"url\":\"https:\/\/www.pescafish.it\/new\/\",\"name\":\"Pesca Fish\",\"description\":\"Benvenuti sul nostro sito!\",\"potentialAction\":[{\"@type\":\"SearchAction\",\"target\":\"https:\/\/www.pescafish.it\/new\/?s={search_term_string}\",\"query-input\":\"required name=search_term_string\"}],\"inLanguage\":\"it-IT\"},{\"@type\":\"ImageObject\",\"@id\":\"https:\/\/www.pescafish.it\/new\/prodotto\/element-storm-barrow-bag-camo-medium-17l-prologic\/#primaryimage\",\"inLanguage\":\"it-IT\",\"url\":\"https:\/\/www.pescafish.it\/new\/wp-content\/uploads\/2022\/03\/72707-1.png\",\"width\":1425,\"height\":1425,\"caption\":\"Prologic\"},{\"@type\":\"WebPage\",\"@id\":\"https:\/\/www.pescafish.it\/new\/prodotto\/element-storm-barrow-bag-camo-medium-17l-prologic\/#webpage\",\"url\":\"https:\/\/www.pescafish.it\/new\/prodotto\/element-storm-barrow-bag-camo-medium-17l-prologic\/\",\"name\":\"Element Storm Barrow Bag Camo Medium 17l - Prologic - Pesca Fish\",\"isPartOf\":{\"@id\":\"https:\/\/www.pescafish.it\/new\/#website\"},\"primaryImageOfPage\":{\"@id\":\"https:\/\/www.pescafish.it\/new\/prodotto\/element-storm-barrow-bag-camo-medium-17l-prologic\/#primaryimage\"},\"datePublished\":\"2022-03-29T06:51:51+00:00\",\"dateModified\":\"2022-03-29T06:51:51+00:00\",\"inLanguage\":\"it-IT\",\"potentialAction\":[{\"@type\":\"ReadAction\",\"target\":[\"https:\/\/www.pescafish.it\/new\/prodotto\/element-storm-barrow-bag-camo-medium-17l-prologic\/\"]}]}]}<\/script>\n<!-- \/ Yoast SEO plugin. -->","_links":{"self":[{"href":"https:\/\/www.pescafish.it\/new\/wp-json\/wp\/v2\/product\/77561"}],"collection":[{"href":"https:\/\/www.pescafish.it\/new\/wp-json\/wp\/v2\/product"}],"about":[{"href":"https:\/\/www.pescafish.it\/new\/wp-json\/wp\/v2\/types\/product"}],"replies":[{"embeddable":true,"href":"https:\/\/www.pescafish.it\/new\/wp-json\/wp\/v2\/comments?post=77561"}],"wp:featuredmedia":[{"embeddable":true,"href":"https:\/\/www.pescafish.it\/new\/wp-json\/wp\/v2\/media\/77569"}],"wp:attachment":[{"href":"https:\/\/www.pescafish.it\/new\/wp-json\/wp\/v2\/media?parent=77561"}],"wp:term":[{"taxonomy":"product_cat","embeddable":true,"href":"https:\/\/www.pescafish.it\/new\/wp-json\/wp\/v2\/product_cat?post=77561"},{"taxonomy":"product_tag","embeddable":true,"href":"https:\/\/www.pescafish.it\/new\/wp-json\/wp\/v2\/product_tag?post=77561"}],"curies":[{"name":"wp","href":"https:\/\/api.w.org\/{rel}","templated":true}]}}