{"id":77537,"date":"2022-03-26T11:53:38","date_gmt":"2022-03-26T10:53:38","guid":{"rendered":"https:\/\/www.pescafish.it\/new\/?post_type=product&#038;p=77537"},"modified":"2023-12-27T18:18:13","modified_gmt":"2023-12-27T17:18:13","slug":"tube-3-rod-pod-prologic","status":"publish","type":"product","link":"https:\/\/www.pescafish.it\/new\/prodotto\/tube-3-rod-pod-prologic\/","title":{"rendered":"Tube 3 Rod Pod &#8211; Prologic"},"content":{"rendered":"<h2>Tube 3 Rod Pod<\/h2>\n<p>Pod a tre canne tubolari Questo rod pod altamente stabile ti dar\u00e0 una solida base da pesca in un&#8217;ampia variet\u00e0 di situazioni. \u00c8 completamente regolabile sia in altezza che in lunghezza e dispone di una livella incorporata in modo da poter garantire che le tue canne siano sempre livellate. Il tube pod viene fornito con una custodia rigida protettiva con maniglia per il trasporto, il che significa che puoi trasportarlo alla banca in modo semplice e sicuro.<\/p>\n<p>&nbsp;<\/p>\n","protected":false},"excerpt":{"rendered":"<p>Tube 3 Rod Pod Pod a tre canne tubolari Questo rod pod altamente stabile ti dar\u00e0 una solida base da pesca in un&#8217;ampia variet\u00e0 di situazioni. \u00c8 completamente regolabile sia in altezza che in lunghezza e dispone di una livella incorporata in modo da poter garantire che le tue canne siano sempre livellate. Il tube [&hellip;]<\/p>\n","protected":false},"featured_media":77538,"comment_status":"closed","ping_status":"closed","template":"","meta":[],"product_cat":[449],"product_tag":[1040],"yoast_head":"<!-- This site is optimized with the Yoast SEO plugin v15.3 - https:\/\/yoast.com\/wordpress\/plugins\/seo\/ -->\n<title>Tube 3 Rod Pod - Prologic - Pesca Fish<\/title>\n<meta name=\"robots\" content=\"index, follow, max-snippet:-1, max-image-preview:large, max-video-preview:-1\" \/>\n<link rel=\"canonical\" href=\"https:\/\/www.pescafish.it\/new\/prodotto\/tube-3-rod-pod-prologic\/\" \/>\n<meta property=\"og:locale\" content=\"it_IT\" \/>\n<meta property=\"og:type\" content=\"article\" \/>\n<meta property=\"og:title\" content=\"Tube 3 Rod Pod - Prologic - Pesca Fish\" \/>\n<meta property=\"og:description\" content=\"Tube 3 Rod Pod Pod a tre canne tubolari Questo rod pod altamente stabile ti dar\u00e0 una solida base da pesca in un&#8217;ampia variet\u00e0 di situazioni. \u00c8 completamente regolabile sia in altezza che in lunghezza e dispone di una livella incorporata in modo da poter garantire che le tue canne siano sempre livellate. Il tube [&hellip;]\" \/>\n<meta property=\"og:url\" content=\"https:\/\/www.pescafish.it\/new\/prodotto\/tube-3-rod-pod-prologic\/\" \/>\n<meta property=\"og:site_name\" content=\"Pesca Fish\" \/>\n<meta property=\"article:publisher\" content=\"https:\/\/www.facebook.com\/pescafishvr\/\" \/>\n<meta property=\"article:modified_time\" content=\"2023-12-27T17:18:13+00:00\" \/>\n<meta property=\"og:image\" content=\"https:\/\/www.pescafish.it\/new\/wp-content\/uploads\/2022\/03\/ggr.jpg\" \/>\n\t<meta property=\"og:image:width\" content=\"1140\" \/>\n\t<meta property=\"og:image:height\" content=\"1140\" \/>\n<meta name=\"twitter:card\" content=\"summary_large_image\" \/>\n<meta name=\"twitter:label1\" content=\"Scritto da\">\n\t<meta name=\"twitter:data1\" content=\"francesca\">\n\t<meta name=\"twitter:label2\" content=\"Tempo di lettura stimato\">\n\t<meta name=\"twitter:data2\" content=\"0 minuti\">\n<script type=\"application\/ld+json\" class=\"yoast-schema-graph\">{\"@context\":\"https:\/\/schema.org\",\"@graph\":[{\"@type\":\"WebSite\",\"@id\":\"https:\/\/www.pescafish.it\/new\/#website\",\"url\":\"https:\/\/www.pescafish.it\/new\/\",\"name\":\"Pesca Fish\",\"description\":\"Benvenuti sul nostro sito!\",\"potentialAction\":[{\"@type\":\"SearchAction\",\"target\":\"https:\/\/www.pescafish.it\/new\/?s={search_term_string}\",\"query-input\":\"required name=search_term_string\"}],\"inLanguage\":\"it-IT\"},{\"@type\":\"ImageObject\",\"@id\":\"https:\/\/www.pescafish.it\/new\/prodotto\/tube-3-rod-pod-prologic\/#primaryimage\",\"inLanguage\":\"it-IT\",\"url\":\"https:\/\/www.pescafish.it\/new\/wp-content\/uploads\/2022\/03\/ggr.jpg\",\"width\":1140,\"height\":1140,\"caption\":\"Prologic\"},{\"@type\":\"WebPage\",\"@id\":\"https:\/\/www.pescafish.it\/new\/prodotto\/tube-3-rod-pod-prologic\/#webpage\",\"url\":\"https:\/\/www.pescafish.it\/new\/prodotto\/tube-3-rod-pod-prologic\/\",\"name\":\"Tube 3 Rod Pod - Prologic - Pesca Fish\",\"isPartOf\":{\"@id\":\"https:\/\/www.pescafish.it\/new\/#website\"},\"primaryImageOfPage\":{\"@id\":\"https:\/\/www.pescafish.it\/new\/prodotto\/tube-3-rod-pod-prologic\/#primaryimage\"},\"datePublished\":\"2022-03-26T10:53:38+00:00\",\"dateModified\":\"2023-12-27T17:18:13+00:00\",\"inLanguage\":\"it-IT\",\"potentialAction\":[{\"@type\":\"ReadAction\",\"target\":[\"https:\/\/www.pescafish.it\/new\/prodotto\/tube-3-rod-pod-prologic\/\"]}]}]}<\/script>\n<!-- \/ Yoast SEO plugin. -->","_links":{"self":[{"href":"https:\/\/www.pescafish.it\/new\/wp-json\/wp\/v2\/product\/77537"}],"collection":[{"href":"https:\/\/www.pescafish.it\/new\/wp-json\/wp\/v2\/product"}],"about":[{"href":"https:\/\/www.pescafish.it\/new\/wp-json\/wp\/v2\/types\/product"}],"replies":[{"embeddable":true,"href":"https:\/\/www.pescafish.it\/new\/wp-json\/wp\/v2\/comments?post=77537"}],"wp:featuredmedia":[{"embeddable":true,"href":"https:\/\/www.pescafish.it\/new\/wp-json\/wp\/v2\/media\/77538"}],"wp:attachment":[{"href":"https:\/\/www.pescafish.it\/new\/wp-json\/wp\/v2\/media?parent=77537"}],"wp:term":[{"taxonomy":"product_cat","embeddable":true,"href":"https:\/\/www.pescafish.it\/new\/wp-json\/wp\/v2\/product_cat?post=77537"},{"taxonomy":"product_tag","embeddable":true,"href":"https:\/\/www.pescafish.it\/new\/wp-json\/wp\/v2\/product_tag?post=77537"}],"curies":[{"name":"wp","href":"https:\/\/api.w.org\/{rel}","templated":true}]}}