{"id":77462,"date":"2022-03-25T10:30:00","date_gmt":"2022-03-25T09:30:00","guid":{"rendered":"https:\/\/www.pescafish.it\/new\/?post_type=product&#038;p=77462"},"modified":"2022-04-22T12:22:14","modified_gmt":"2022-04-22T10:22:14","slug":"guardian-bivvy-light-prologic","status":"publish","type":"product","link":"https:\/\/www.pescafish.it\/new\/prodotto\/guardian-bivvy-light-prologic\/","title":{"rendered":"Guardian Bivvy Light &#8211; Prologic"},"content":{"rendered":"<h2>Guardian Bivvy Light<\/h2>\n<p>Guardian Bivvy Light \u00e8 il massimo in fatto di illuminazione compatta.<\/p>\n<p>Dotata di un\u2019uscita impressionante di 180 lumen con tre impostazioni di luminosit\u00e0 variabili per soddisfare le tue esigenze.<\/p>\n<p>Una caratteristica aggiuntiva di due modalit\u00e0 lampeggianti, offre un ottimo punto di riferimento quando si \u00e8 in barca durante le ore notturne.<\/p>\n<p>Guardian Bivvy Light \u00e8 dotato di un attacco magnetico e di una piastra posteriore, che consente di fissarlo facilmente al tuo Bivvy o Ombrellone.<\/p>\n<p>L\u2019attacco con gancio di bloccaggio fornisce ulteriori opzioni di fissaggio e pu\u00f2 essere facilmente appesa agli alberi, recinzioni, Buzz Bar e Rod Pod.<\/p>\n<p>Completamente impermeabile secondo le specifiche IPX5, pu\u00f2 essere lasciata fuori nelle peggiori condizioni atmosferiche ed \u00e8 sempre pronta per illuminare la strada quando necessario.<\/p>\n<p>Con una batteria al litio leggera e completamente ricaricabile che ha una durata che va fino a 20 ore. Fornita con un cavo di collegamento per la ricarica USB, pu\u00f2 essere ricaricata completamente in meno di 2,5 ore.<\/p>\n<p>Un telecomando portatile offre un funzionamento senza sforzo nelle notti pi\u00f9 buie, con una portata di 5 metri.<\/p>\n","protected":false},"excerpt":{"rendered":"<p>Guardian Bivvy Light Guardian Bivvy Light \u00e8 il massimo in fatto di illuminazione compatta. Dotata di un\u2019uscita impressionante di 180 lumen con tre impostazioni di luminosit\u00e0 variabili per soddisfare le tue esigenze. Una caratteristica aggiuntiva di due modalit\u00e0 lampeggianti, offre un ottimo punto di riferimento quando si \u00e8 in barca durante le ore notturne. Guardian [&hellip;]<\/p>\n","protected":false},"featured_media":77463,"comment_status":"closed","ping_status":"closed","template":"","meta":[],"product_cat":[235],"product_tag":[1040],"yoast_head":"<!-- This site is optimized with the Yoast SEO plugin v15.3 - https:\/\/yoast.com\/wordpress\/plugins\/seo\/ -->\n<title>Guardian Bivvy Light - Prologic - Pesca Fish<\/title>\n<meta name=\"robots\" content=\"index, follow, max-snippet:-1, max-image-preview:large, max-video-preview:-1\" \/>\n<link rel=\"canonical\" href=\"https:\/\/www.pescafish.it\/new\/prodotto\/guardian-bivvy-light-prologic\/\" \/>\n<meta property=\"og:locale\" content=\"it_IT\" \/>\n<meta property=\"og:type\" content=\"article\" \/>\n<meta property=\"og:title\" content=\"Guardian Bivvy Light - Prologic - Pesca Fish\" \/>\n<meta property=\"og:description\" content=\"Guardian Bivvy Light Guardian Bivvy Light \u00e8 il massimo in fatto di illuminazione compatta. Dotata di un\u2019uscita impressionante di 180 lumen con tre impostazioni di luminosit\u00e0 variabili per soddisfare le tue esigenze. Una caratteristica aggiuntiva di due modalit\u00e0 lampeggianti, offre un ottimo punto di riferimento quando si \u00e8 in barca durante le ore notturne. Guardian [&hellip;]\" \/>\n<meta property=\"og:url\" content=\"https:\/\/www.pescafish.it\/new\/prodotto\/guardian-bivvy-light-prologic\/\" \/>\n<meta property=\"og:site_name\" content=\"Pesca Fish\" \/>\n<meta property=\"article:publisher\" content=\"https:\/\/www.facebook.com\/pescafishvr\/\" \/>\n<meta property=\"article:modified_time\" content=\"2022-04-22T10:22:14+00:00\" \/>\n<meta property=\"og:image\" content=\"https:\/\/www.pescafish.it\/new\/wp-content\/uploads\/2022\/03\/65000.png\" \/>\n\t<meta property=\"og:image:width\" content=\"800\" \/>\n\t<meta property=\"og:image:height\" content=\"800\" \/>\n<meta name=\"twitter:card\" content=\"summary_large_image\" \/>\n<meta name=\"twitter:label1\" content=\"Scritto da\">\n\t<meta name=\"twitter:data1\" content=\"francesca\">\n\t<meta name=\"twitter:label2\" content=\"Tempo di lettura stimato\">\n\t<meta name=\"twitter:data2\" content=\"1 minuto\">\n<script type=\"application\/ld+json\" class=\"yoast-schema-graph\">{\"@context\":\"https:\/\/schema.org\",\"@graph\":[{\"@type\":\"WebSite\",\"@id\":\"https:\/\/www.pescafish.it\/new\/#website\",\"url\":\"https:\/\/www.pescafish.it\/new\/\",\"name\":\"Pesca Fish\",\"description\":\"Benvenuti sul nostro sito!\",\"potentialAction\":[{\"@type\":\"SearchAction\",\"target\":\"https:\/\/www.pescafish.it\/new\/?s={search_term_string}\",\"query-input\":\"required name=search_term_string\"}],\"inLanguage\":\"it-IT\"},{\"@type\":\"ImageObject\",\"@id\":\"https:\/\/www.pescafish.it\/new\/prodotto\/guardian-bivvy-light-prologic\/#primaryimage\",\"inLanguage\":\"it-IT\",\"url\":\"https:\/\/www.pescafish.it\/new\/wp-content\/uploads\/2022\/03\/65000.png\",\"width\":800,\"height\":800},{\"@type\":\"WebPage\",\"@id\":\"https:\/\/www.pescafish.it\/new\/prodotto\/guardian-bivvy-light-prologic\/#webpage\",\"url\":\"https:\/\/www.pescafish.it\/new\/prodotto\/guardian-bivvy-light-prologic\/\",\"name\":\"Guardian Bivvy Light - Prologic - Pesca Fish\",\"isPartOf\":{\"@id\":\"https:\/\/www.pescafish.it\/new\/#website\"},\"primaryImageOfPage\":{\"@id\":\"https:\/\/www.pescafish.it\/new\/prodotto\/guardian-bivvy-light-prologic\/#primaryimage\"},\"datePublished\":\"2022-03-25T09:30:00+00:00\",\"dateModified\":\"2022-04-22T10:22:14+00:00\",\"inLanguage\":\"it-IT\",\"potentialAction\":[{\"@type\":\"ReadAction\",\"target\":[\"https:\/\/www.pescafish.it\/new\/prodotto\/guardian-bivvy-light-prologic\/\"]}]}]}<\/script>\n<!-- \/ Yoast SEO plugin. -->","_links":{"self":[{"href":"https:\/\/www.pescafish.it\/new\/wp-json\/wp\/v2\/product\/77462"}],"collection":[{"href":"https:\/\/www.pescafish.it\/new\/wp-json\/wp\/v2\/product"}],"about":[{"href":"https:\/\/www.pescafish.it\/new\/wp-json\/wp\/v2\/types\/product"}],"replies":[{"embeddable":true,"href":"https:\/\/www.pescafish.it\/new\/wp-json\/wp\/v2\/comments?post=77462"}],"wp:featuredmedia":[{"embeddable":true,"href":"https:\/\/www.pescafish.it\/new\/wp-json\/wp\/v2\/media\/77463"}],"wp:attachment":[{"href":"https:\/\/www.pescafish.it\/new\/wp-json\/wp\/v2\/media?parent=77462"}],"wp:term":[{"taxonomy":"product_cat","embeddable":true,"href":"https:\/\/www.pescafish.it\/new\/wp-json\/wp\/v2\/product_cat?post=77462"},{"taxonomy":"product_tag","embeddable":true,"href":"https:\/\/www.pescafish.it\/new\/wp-json\/wp\/v2\/product_tag?post=77462"}],"curies":[{"name":"wp","href":"https:\/\/api.w.org\/{rel}","templated":true}]}}