{"id":77313,"date":"2022-03-22T11:21:45","date_gmt":"2022-03-22T10:21:45","guid":{"rendered":"https:\/\/www.pescafish.it\/new\/?post_type=product&#038;p=77313"},"modified":"2023-03-14T20:52:15","modified_gmt":"2023-03-14T19:52:15","slug":"connexion-uni-lead-clip-ridgemonkey","status":"publish","type":"product","link":"https:\/\/www.pescafish.it\/new\/prodotto\/connexion-uni-lead-clip-ridgemonkey\/","title":{"rendered":"Connexion Uni Lead Clip &#8211; RidgeMonkey"},"content":{"rendered":"<h1 class=\"product_title entry-title\">Connexion Uni Lead Clip<\/h1>\n<p>La Uni Lead Clip \u00e8 una vera innovazione nel design della clip di piombo. Sia che tu voglia trattenere il guinzaglio* o lasciarlo cadere, questa clip universale ti consente di fare entrambe le cose con una semplice rotazione del filo interno. \u00c8 l&#8217;unica clip di piombo di cui avrai mai bisogno.<\/p>\n<p>Con oltre due anni di lavoro, il nostro Uni Lead Clip \u00e8 stato ampiamente testato dai pescatori RidgeMonkey in alcune delle situazioni di pesca pi\u00f9 impegnative.<\/p>\n<p>La Uni Lead Clip viene fornita con un QC Swivel, ma pu\u00f2 anche essere utilizzata con qualsiasi dimensione 8 Swivel, Flexi Ring o Standard Barrel: a te la scelta.<\/p>\n<p>*la sicurezza del pesce \u00e8 una priorit\u00e0 assoluta, quindi il piombo si scaricher\u00e0 sotto pressione se il pesce o l&#8217;attrezzatura si impigliano.<\/p>\n<p><strong>Disponibile nelle seguenti colorazioni:<\/strong><br \/>\n<strong>RMT116<\/strong>\u00a0 Camo Brown<br \/>\n<strong>RMT115<\/strong>\u00a0 Camo Green<br \/>\n<strong>RMT103<\/strong>\u00a0 Silt Black<\/p>\n<p><strong>Confezione da 5 pezzi\u00a0<\/strong><\/p>\n<p><iframe loading=\"lazy\" title=\"Ridgemonkey Connexion Uni Lead Clip\" width=\"900\" height=\"506\" src=\"https:\/\/www.youtube.com\/embed\/NQ4DrfxO280?feature=oembed\" frameborder=\"0\" allow=\"accelerometer; autoplay; clipboard-write; encrypted-media; gyroscope; picture-in-picture\" allowfullscreen><\/iframe><\/p>\n<p>&nbsp;<\/p>\n","protected":false},"excerpt":{"rendered":"<p>Connexion Uni Lead Clip La Uni Lead Clip \u00e8 una vera innovazione nel design della clip di piombo. Sia che tu voglia trattenere il guinzaglio* o lasciarlo cadere, questa clip universale ti consente di fare entrambe le cose con una semplice rotazione del filo interno. \u00c8 l&#8217;unica clip di piombo di cui avrai mai bisogno. [&hellip;]<\/p>\n","protected":false},"featured_media":77314,"comment_status":"closed","ping_status":"closed","template":"","meta":[],"product_cat":[1103],"product_tag":[1101],"yoast_head":"<!-- This site is optimized with the Yoast SEO plugin v15.3 - https:\/\/yoast.com\/wordpress\/plugins\/seo\/ -->\n<title>Connexion Uni Lead Clip - RidgeMonkey - Pesca Fish<\/title>\n<meta name=\"robots\" content=\"index, follow, max-snippet:-1, max-image-preview:large, max-video-preview:-1\" \/>\n<link rel=\"canonical\" href=\"https:\/\/www.pescafish.it\/new\/prodotto\/connexion-uni-lead-clip-ridgemonkey\/\" \/>\n<meta property=\"og:locale\" content=\"it_IT\" \/>\n<meta property=\"og:type\" content=\"article\" \/>\n<meta property=\"og:title\" content=\"Connexion Uni Lead Clip - RidgeMonkey - Pesca Fish\" \/>\n<meta property=\"og:description\" content=\"Connexion Uni Lead Clip La Uni Lead Clip \u00e8 una vera innovazione nel design della clip di piombo. Sia che tu voglia trattenere il guinzaglio* o lasciarlo cadere, questa clip universale ti consente di fare entrambe le cose con una semplice rotazione del filo interno. \u00c8 l&#8217;unica clip di piombo di cui avrai mai bisogno. [&hellip;]\" \/>\n<meta property=\"og:url\" content=\"https:\/\/www.pescafish.it\/new\/prodotto\/connexion-uni-lead-clip-ridgemonkey\/\" \/>\n<meta property=\"og:site_name\" content=\"Pesca Fish\" \/>\n<meta property=\"article:publisher\" content=\"https:\/\/www.facebook.com\/pescafishvr\/\" \/>\n<meta property=\"article:modified_time\" content=\"2023-03-14T19:52:15+00:00\" \/>\n<meta property=\"og:image\" content=\"https:\/\/www.pescafish.it\/new\/wp-content\/uploads\/2022\/03\/Green-solo-1.jpg\" \/>\n\t<meta property=\"og:image:width\" content=\"2000\" \/>\n\t<meta property=\"og:image:height\" content=\"1333\" \/>\n<meta name=\"twitter:card\" content=\"summary_large_image\" \/>\n<meta name=\"twitter:label1\" content=\"Scritto da\">\n\t<meta name=\"twitter:data1\" content=\"francesca\">\n\t<meta name=\"twitter:label2\" content=\"Tempo di lettura stimato\">\n\t<meta name=\"twitter:data2\" content=\"1 minuto\">\n<script type=\"application\/ld+json\" class=\"yoast-schema-graph\">{\"@context\":\"https:\/\/schema.org\",\"@graph\":[{\"@type\":\"WebSite\",\"@id\":\"https:\/\/www.pescafish.it\/new\/#website\",\"url\":\"https:\/\/www.pescafish.it\/new\/\",\"name\":\"Pesca Fish\",\"description\":\"Benvenuti sul nostro sito!\",\"potentialAction\":[{\"@type\":\"SearchAction\",\"target\":\"https:\/\/www.pescafish.it\/new\/?s={search_term_string}\",\"query-input\":\"required name=search_term_string\"}],\"inLanguage\":\"it-IT\"},{\"@type\":\"ImageObject\",\"@id\":\"https:\/\/www.pescafish.it\/new\/prodotto\/connexion-uni-lead-clip-ridgemonkey\/#primaryimage\",\"inLanguage\":\"it-IT\",\"url\":\"https:\/\/www.pescafish.it\/new\/wp-content\/uploads\/2022\/03\/Green-solo-1.jpg\",\"width\":2000,\"height\":1333,\"caption\":\"RidgeMonkey\"},{\"@type\":\"WebPage\",\"@id\":\"https:\/\/www.pescafish.it\/new\/prodotto\/connexion-uni-lead-clip-ridgemonkey\/#webpage\",\"url\":\"https:\/\/www.pescafish.it\/new\/prodotto\/connexion-uni-lead-clip-ridgemonkey\/\",\"name\":\"Connexion Uni Lead Clip - RidgeMonkey - Pesca Fish\",\"isPartOf\":{\"@id\":\"https:\/\/www.pescafish.it\/new\/#website\"},\"primaryImageOfPage\":{\"@id\":\"https:\/\/www.pescafish.it\/new\/prodotto\/connexion-uni-lead-clip-ridgemonkey\/#primaryimage\"},\"datePublished\":\"2022-03-22T10:21:45+00:00\",\"dateModified\":\"2023-03-14T19:52:15+00:00\",\"inLanguage\":\"it-IT\",\"potentialAction\":[{\"@type\":\"ReadAction\",\"target\":[\"https:\/\/www.pescafish.it\/new\/prodotto\/connexion-uni-lead-clip-ridgemonkey\/\"]}]}]}<\/script>\n<!-- \/ Yoast SEO plugin. -->","_links":{"self":[{"href":"https:\/\/www.pescafish.it\/new\/wp-json\/wp\/v2\/product\/77313"}],"collection":[{"href":"https:\/\/www.pescafish.it\/new\/wp-json\/wp\/v2\/product"}],"about":[{"href":"https:\/\/www.pescafish.it\/new\/wp-json\/wp\/v2\/types\/product"}],"replies":[{"embeddable":true,"href":"https:\/\/www.pescafish.it\/new\/wp-json\/wp\/v2\/comments?post=77313"}],"wp:featuredmedia":[{"embeddable":true,"href":"https:\/\/www.pescafish.it\/new\/wp-json\/wp\/v2\/media\/77314"}],"wp:attachment":[{"href":"https:\/\/www.pescafish.it\/new\/wp-json\/wp\/v2\/media?parent=77313"}],"wp:term":[{"taxonomy":"product_cat","embeddable":true,"href":"https:\/\/www.pescafish.it\/new\/wp-json\/wp\/v2\/product_cat?post=77313"},{"taxonomy":"product_tag","embeddable":true,"href":"https:\/\/www.pescafish.it\/new\/wp-json\/wp\/v2\/product_tag?post=77313"}],"curies":[{"name":"wp","href":"https:\/\/api.w.org\/{rel}","templated":true}]}}