{"id":77282,"date":"2022-03-21T16:49:24","date_gmt":"2022-03-21T15:49:24","guid":{"rendered":"https:\/\/www.pescafish.it\/new\/?post_type=product&#038;p=77282"},"modified":"2023-07-31T19:07:12","modified_gmt":"2023-07-31T17:07:12","slug":"ocea-jigger-f-custom-shimano","status":"publish","type":"product","link":"https:\/\/www.pescafish.it\/new\/prodotto\/ocea-jigger-f-custom-shimano\/","title":{"rendered":"Ocea Jigger F Custom &#8211; Shimano"},"content":{"rendered":"<p>Finalmente disponibile, il nuovo Ocea Jigger F Custom! Grazie alla speciale leva, i pescatori possono controllare con maggior precisione la caduta del jig verso il fondo. Una sorda di discesa controllato, permette al pescatore di avvistare meglio le mangiate che possono arrivare mentre il jig va gi\u00f9. Anche il pomello del mulinello \u00e8 stato ridisegnato, per assicura una presa pi\u00f9 salda e confortevole. Inoltre Infinity Drive e Micromodule Gear II aumentano la fluidit\u00e0 del mulinello.<\/p>\n<p>\u2022 Dotato di una speciale \u201cLeva\u201d che permette di controllare e regolare la velocit\u00e0 di discesa dell\u2019esca verso il fondo<br \/>\n\u2022 HAGANE Body per la massima resistenza sotto sforzo<br \/>\n\u2022 Micromodule gear con 8 cuscinetti schermati A-RB pi\u00f9 cuscinetto a rulli<br \/>\n\u2022 Frizione in carbonio impermeabilizzata con cicalino (SHIMANO Exciting Drag Sound)<br \/>\n\u2022 L\u2019X-Protect impedisce le infiltrazione, rendendo il mulinello estremamente fluido<br \/>\n\u2022 Protezione EI resistente alla salsedine<\/p>\n<p><strong>Modello:<\/strong> 1501 HG<br \/>\n<strong>Peso:<\/strong> 430g<br \/>\n<strong>Rapporto di recupero:<\/strong> 6.4:1<br \/>\n<strong>Capacit\u00e0 Bobina:<\/strong> 0.33mm-210m<br \/>\n<strong>Max drag:<\/strong> 7kg<br \/>\n<strong>Line Retrive:<\/strong> 98cm<\/p>\n<p><strong><span style=\"color: #ff0000;\">DUE ANNI DI GARANZIA<\/span><br \/>\n<span style=\"color: #ff0000;\">Da oggi per avere il TERZO ANNO DI GARANZIA, collegati al nuovo portale e registra il tuo prodotto su:<\/span><br \/>\n<span style=\"color: #000000; background-color: #ffff00;\"><a style=\"color: #000000; background-color: #ffff00;\" href=\"http:\/\/www.shimanofishnetwork.it\/garanzia\/sign_in\">http:\/\/www.shimanofishnetwork.it\/garanzia\/sign_in<\/a><\/span><\/strong><\/p>\n","protected":false},"excerpt":{"rendered":"<p>Finalmente disponibile, il nuovo Ocea Jigger F Custom! Grazie alla speciale leva, i pescatori possono controllare con maggior precisione la caduta del jig verso il fondo. Una sorda di discesa controllato, permette al pescatore di avvistare meglio le mangiate che possono arrivare mentre il jig va gi\u00f9. Anche il pomello del mulinello \u00e8 stato ridisegnato, [&hellip;]<\/p>\n","protected":false},"featured_media":77283,"comment_status":"closed","ping_status":"closed","template":"","meta":[],"product_cat":[98],"product_tag":[1023],"yoast_head":"<!-- This site is optimized with the Yoast SEO plugin v15.3 - https:\/\/yoast.com\/wordpress\/plugins\/seo\/ -->\n<title>Ocea Jigger F Custom - Shimano - Pesca Fish<\/title>\n<meta name=\"robots\" content=\"index, follow, max-snippet:-1, max-image-preview:large, max-video-preview:-1\" \/>\n<link rel=\"canonical\" href=\"https:\/\/www.pescafish.it\/new\/prodotto\/ocea-jigger-f-custom-shimano\/\" \/>\n<meta property=\"og:locale\" content=\"it_IT\" \/>\n<meta property=\"og:type\" content=\"article\" \/>\n<meta property=\"og:title\" content=\"Ocea Jigger F Custom - Shimano - Pesca Fish\" \/>\n<meta property=\"og:description\" content=\"Finalmente disponibile, il nuovo Ocea Jigger F Custom! Grazie alla speciale leva, i pescatori possono controllare con maggior precisione la caduta del jig verso il fondo. Una sorda di discesa controllato, permette al pescatore di avvistare meglio le mangiate che possono arrivare mentre il jig va gi\u00f9. Anche il pomello del mulinello \u00e8 stato ridisegnato, [&hellip;]\" \/>\n<meta property=\"og:url\" content=\"https:\/\/www.pescafish.it\/new\/prodotto\/ocea-jigger-f-custom-shimano\/\" \/>\n<meta property=\"og:site_name\" content=\"Pesca Fish\" \/>\n<meta property=\"article:publisher\" content=\"https:\/\/www.facebook.com\/pescafishvr\/\" \/>\n<meta property=\"article:modified_time\" content=\"2023-07-31T17:07:12+00:00\" \/>\n<meta property=\"og:image\" content=\"https:\/\/www.pescafish.it\/new\/wp-content\/uploads\/2022\/03\/ocea-jigger-f-custom.jpg\" \/>\n\t<meta property=\"og:image:width\" content=\"1000\" \/>\n\t<meta property=\"og:image:height\" content=\"1000\" \/>\n<meta name=\"twitter:card\" content=\"summary_large_image\" \/>\n<meta name=\"twitter:label1\" content=\"Scritto da\">\n\t<meta name=\"twitter:data1\" content=\"francesca\">\n\t<meta name=\"twitter:label2\" content=\"Tempo di lettura stimato\">\n\t<meta name=\"twitter:data2\" content=\"1 minuto\">\n<script type=\"application\/ld+json\" class=\"yoast-schema-graph\">{\"@context\":\"https:\/\/schema.org\",\"@graph\":[{\"@type\":\"WebSite\",\"@id\":\"https:\/\/www.pescafish.it\/new\/#website\",\"url\":\"https:\/\/www.pescafish.it\/new\/\",\"name\":\"Pesca Fish\",\"description\":\"Benvenuti sul nostro sito!\",\"potentialAction\":[{\"@type\":\"SearchAction\",\"target\":\"https:\/\/www.pescafish.it\/new\/?s={search_term_string}\",\"query-input\":\"required name=search_term_string\"}],\"inLanguage\":\"it-IT\"},{\"@type\":\"ImageObject\",\"@id\":\"https:\/\/www.pescafish.it\/new\/prodotto\/ocea-jigger-f-custom-shimano\/#primaryimage\",\"inLanguage\":\"it-IT\",\"url\":\"https:\/\/www.pescafish.it\/new\/wp-content\/uploads\/2022\/03\/ocea-jigger-f-custom.jpg\",\"width\":1000,\"height\":1000,\"caption\":\"ocea jigger f custom shimano\"},{\"@type\":\"WebPage\",\"@id\":\"https:\/\/www.pescafish.it\/new\/prodotto\/ocea-jigger-f-custom-shimano\/#webpage\",\"url\":\"https:\/\/www.pescafish.it\/new\/prodotto\/ocea-jigger-f-custom-shimano\/\",\"name\":\"Ocea Jigger F Custom - Shimano - Pesca Fish\",\"isPartOf\":{\"@id\":\"https:\/\/www.pescafish.it\/new\/#website\"},\"primaryImageOfPage\":{\"@id\":\"https:\/\/www.pescafish.it\/new\/prodotto\/ocea-jigger-f-custom-shimano\/#primaryimage\"},\"datePublished\":\"2022-03-21T15:49:24+00:00\",\"dateModified\":\"2023-07-31T17:07:12+00:00\",\"inLanguage\":\"it-IT\",\"potentialAction\":[{\"@type\":\"ReadAction\",\"target\":[\"https:\/\/www.pescafish.it\/new\/prodotto\/ocea-jigger-f-custom-shimano\/\"]}]}]}<\/script>\n<!-- \/ Yoast SEO plugin. -->","_links":{"self":[{"href":"https:\/\/www.pescafish.it\/new\/wp-json\/wp\/v2\/product\/77282"}],"collection":[{"href":"https:\/\/www.pescafish.it\/new\/wp-json\/wp\/v2\/product"}],"about":[{"href":"https:\/\/www.pescafish.it\/new\/wp-json\/wp\/v2\/types\/product"}],"replies":[{"embeddable":true,"href":"https:\/\/www.pescafish.it\/new\/wp-json\/wp\/v2\/comments?post=77282"}],"wp:featuredmedia":[{"embeddable":true,"href":"https:\/\/www.pescafish.it\/new\/wp-json\/wp\/v2\/media\/77283"}],"wp:attachment":[{"href":"https:\/\/www.pescafish.it\/new\/wp-json\/wp\/v2\/media?parent=77282"}],"wp:term":[{"taxonomy":"product_cat","embeddable":true,"href":"https:\/\/www.pescafish.it\/new\/wp-json\/wp\/v2\/product_cat?post=77282"},{"taxonomy":"product_tag","embeddable":true,"href":"https:\/\/www.pescafish.it\/new\/wp-json\/wp\/v2\/product_tag?post=77282"}],"curies":[{"name":"wp","href":"https:\/\/api.w.org\/{rel}","templated":true}]}}