{"id":77078,"date":"2022-03-16T19:15:43","date_gmt":"2022-03-16T18:15:43","guid":{"rendered":"https:\/\/www.pescafish.it\/new\/?post_type=product&#038;p=77078"},"modified":"2024-07-27T16:43:13","modified_gmt":"2024-07-27T14:43:13","slug":"mulinello-caius-shimano-2","status":"publish","type":"product","link":"https:\/\/www.pescafish.it\/new\/prodotto\/mulinello-caius-shimano-2\/","title":{"rendered":"Mulinello Caius B &#8211; Shimano"},"content":{"rendered":"<p>Il Mulinello Caius \u00e8 un mulinello da casting entry-level. \u00c8 un nome consolidato nel mercato ed \u00e8 noto per la sua affidabilit\u00e0, nonostante il basso prezzo. Il nuovo Caius ha un sistema di regolazione VBS a 6 pin per migliorare le impostazioni dei freni: questo aiuter\u00e0 il pescatore nell&#8217;esecuzione di lanci lunghi e precisi con una grande variet\u00e0 di esche. Il nuovo attraente design nero opaco + nero lucido + dettagli in rosso sar\u00e0 amato da molti pescatori. \u00c8 un mulinello versatile: consigliamo di utilizzarlo per esche da 8 grammi a 60 grammi. Pu\u00f2 essere utilizzato per la pesca del bass, pesce persico, lucioperca e luccio.<\/p>\n<p><strong>Modello:<\/strong> CIS151HGB<br \/>\n<strong>Peso:<\/strong> 210g<br \/>\n<strong>Rapporto di Recupero:<\/strong> 7.2:1<br \/>\n<strong>Capacit\u00e0 Bobina:<\/strong> 10mm-120m<br \/>\n<strong>Line Retrive:<\/strong> 76cm<br \/>\n<strong>Max Drag:<\/strong> 5kg<br \/>\n<strong>Manovella:<\/strong> Sinistra<br \/>\n.<br \/>\n<span style=\"color: #ff0000;\"><strong>DUE ANNI DI GARANZIA<\/strong><\/span><br \/>\n<span style=\"color: #ff0000;\"><strong>Da oggi per avere il TERZO ANNO DI GARANZIA, collegati al nuovo portale e registra il tuo prodotto su:<\/strong><\/span><br \/>\n<span style=\"color: #000000; background-color: #ffff00;\"><strong><a style=\"color: #000000; background-color: #ffff00;\" href=\"http:\/\/www.shimanofishnetwork.it\/garanzia\/sign_in\">http:\/\/www.shimanofishnetwork.it\/garanzia\/sign_in<\/a><\/strong><\/span><\/p>\n","protected":false},"excerpt":{"rendered":"<p>Il Mulinello Caius \u00e8 un mulinello da casting entry-level. \u00c8 un nome consolidato nel mercato ed \u00e8 noto per la sua affidabilit\u00e0, nonostante il basso prezzo. Il nuovo Caius ha un sistema di regolazione VBS a 6 pin per migliorare le impostazioni dei freni: questo aiuter\u00e0 il pescatore nell&#8217;esecuzione di lanci lunghi e precisi con [&hellip;]<\/p>\n","protected":false},"featured_media":77079,"comment_status":"closed","ping_status":"closed","template":"","meta":[],"product_cat":[374],"product_tag":[1023],"yoast_head":"<!-- This site is optimized with the Yoast SEO plugin v15.3 - https:\/\/yoast.com\/wordpress\/plugins\/seo\/ -->\n<title>Mulinello Caius B - Shimano - Pesca Fish<\/title>\n<meta name=\"robots\" content=\"index, follow, max-snippet:-1, max-image-preview:large, max-video-preview:-1\" \/>\n<link rel=\"canonical\" href=\"https:\/\/www.pescafish.it\/new\/prodotto\/mulinello-caius-shimano-2\/\" \/>\n<meta property=\"og:locale\" content=\"it_IT\" \/>\n<meta property=\"og:type\" content=\"article\" \/>\n<meta property=\"og:title\" content=\"Mulinello Caius B - Shimano - Pesca Fish\" \/>\n<meta property=\"og:description\" content=\"Il Mulinello Caius \u00e8 un mulinello da casting entry-level. \u00c8 un nome consolidato nel mercato ed \u00e8 noto per la sua affidabilit\u00e0, nonostante il basso prezzo. Il nuovo Caius ha un sistema di regolazione VBS a 6 pin per migliorare le impostazioni dei freni: questo aiuter\u00e0 il pescatore nell&#8217;esecuzione di lanci lunghi e precisi con [&hellip;]\" \/>\n<meta property=\"og:url\" content=\"https:\/\/www.pescafish.it\/new\/prodotto\/mulinello-caius-shimano-2\/\" \/>\n<meta property=\"og:site_name\" content=\"Pesca Fish\" \/>\n<meta property=\"article:publisher\" content=\"https:\/\/www.facebook.com\/pescafishvr\/\" \/>\n<meta property=\"article:modified_time\" content=\"2024-07-27T14:43:13+00:00\" \/>\n<meta property=\"og:image\" content=\"https:\/\/www.pescafish.it\/new\/wp-content\/uploads\/2022\/03\/CAIUS_shimano.jpg\" \/>\n\t<meta property=\"og:image:width\" content=\"1000\" \/>\n\t<meta property=\"og:image:height\" content=\"1000\" \/>\n<meta name=\"twitter:card\" content=\"summary_large_image\" \/>\n<meta name=\"twitter:label1\" content=\"Scritto da\">\n\t<meta name=\"twitter:data1\" content=\"francesca\">\n\t<meta name=\"twitter:label2\" content=\"Tempo di lettura stimato\">\n\t<meta name=\"twitter:data2\" content=\"1 minuto\">\n<script type=\"application\/ld+json\" class=\"yoast-schema-graph\">{\"@context\":\"https:\/\/schema.org\",\"@graph\":[{\"@type\":\"WebSite\",\"@id\":\"https:\/\/www.pescafish.it\/new\/#website\",\"url\":\"https:\/\/www.pescafish.it\/new\/\",\"name\":\"Pesca Fish\",\"description\":\"Benvenuti sul nostro sito!\",\"potentialAction\":[{\"@type\":\"SearchAction\",\"target\":\"https:\/\/www.pescafish.it\/new\/?s={search_term_string}\",\"query-input\":\"required name=search_term_string\"}],\"inLanguage\":\"it-IT\"},{\"@type\":\"ImageObject\",\"@id\":\"https:\/\/www.pescafish.it\/new\/prodotto\/mulinello-caius-shimano-2\/#primaryimage\",\"inLanguage\":\"it-IT\",\"url\":\"https:\/\/www.pescafish.it\/new\/wp-content\/uploads\/2022\/03\/CAIUS_shimano.jpg\",\"width\":1000,\"height\":1000,\"caption\":\"mulinello caius shimano\"},{\"@type\":\"WebPage\",\"@id\":\"https:\/\/www.pescafish.it\/new\/prodotto\/mulinello-caius-shimano-2\/#webpage\",\"url\":\"https:\/\/www.pescafish.it\/new\/prodotto\/mulinello-caius-shimano-2\/\",\"name\":\"Mulinello Caius B - Shimano - Pesca Fish\",\"isPartOf\":{\"@id\":\"https:\/\/www.pescafish.it\/new\/#website\"},\"primaryImageOfPage\":{\"@id\":\"https:\/\/www.pescafish.it\/new\/prodotto\/mulinello-caius-shimano-2\/#primaryimage\"},\"datePublished\":\"2022-03-16T18:15:43+00:00\",\"dateModified\":\"2024-07-27T14:43:13+00:00\",\"inLanguage\":\"it-IT\",\"potentialAction\":[{\"@type\":\"ReadAction\",\"target\":[\"https:\/\/www.pescafish.it\/new\/prodotto\/mulinello-caius-shimano-2\/\"]}]}]}<\/script>\n<!-- \/ Yoast SEO plugin. -->","_links":{"self":[{"href":"https:\/\/www.pescafish.it\/new\/wp-json\/wp\/v2\/product\/77078"}],"collection":[{"href":"https:\/\/www.pescafish.it\/new\/wp-json\/wp\/v2\/product"}],"about":[{"href":"https:\/\/www.pescafish.it\/new\/wp-json\/wp\/v2\/types\/product"}],"replies":[{"embeddable":true,"href":"https:\/\/www.pescafish.it\/new\/wp-json\/wp\/v2\/comments?post=77078"}],"wp:featuredmedia":[{"embeddable":true,"href":"https:\/\/www.pescafish.it\/new\/wp-json\/wp\/v2\/media\/77079"}],"wp:attachment":[{"href":"https:\/\/www.pescafish.it\/new\/wp-json\/wp\/v2\/media?parent=77078"}],"wp:term":[{"taxonomy":"product_cat","embeddable":true,"href":"https:\/\/www.pescafish.it\/new\/wp-json\/wp\/v2\/product_cat?post=77078"},{"taxonomy":"product_tag","embeddable":true,"href":"https:\/\/www.pescafish.it\/new\/wp-json\/wp\/v2\/product_tag?post=77078"}],"curies":[{"name":"wp","href":"https:\/\/api.w.org\/{rel}","templated":true}]}}