{"id":76935,"date":"2022-03-15T18:24:43","date_gmt":"2022-03-15T17:24:43","guid":{"rendered":"https:\/\/www.pescafish.it\/new\/?post_type=product&#038;p=76935"},"modified":"2022-03-15T18:24:44","modified_gmt":"2022-03-15T17:24:44","slug":"mulinello-nexave-fi-shimano","status":"publish","type":"product","link":"https:\/\/www.pescafish.it\/new\/prodotto\/mulinello-nexave-fi-shimano\/","title":{"rendered":"Mulinello Nexave FI &#8211; Shimano"},"content":{"rendered":"<div class=\"module-product_sheet_description block-wysiwyg_content\">Il nuovo Nexave FI \u00e8 la versione aggiornata del noto Nexave FE. Questo nuovo mulinello \u00e8 un mulinello da spinning a frizione anteriore che pu\u00f2 essere utilizzato per tutti i tipi di pesca d&#8217;acqua dolce, dalla pesca con esche leggere a quelle medie, per trote, persici, lucci e lucioperca fino alla pesca a feeder. Grazie ai 3 cuscinetti a sfera in acciaio inossidabile schermati, il mulinello scorre fluido e, come ci si pu\u00f2 aspettare da un vero mulinello Shimano, la frizione \u00e8 perfettamente regolabile e ti aiuter\u00e0 a combattere i grossi pesci senza problemi. Il Nexave \u00e8 anche un mulinello conveniente per i pescatori che hanno appena iniziato a pescare e vogliono provare la qualit\u00e0 dei mulinelli Shimano.<\/p>\n<p>\u2022 Mulinello super conveniente, con cuscinetti a sfera in acciaio schermati 3+1<br \/>\n\u2022 Design della bobina AR-C per lanci pi\u00f9 lunghi e precisi<br \/>\n\u2022 G-Free Body per un migliore bilanciamento<br \/>\n\u2022 Ampia gamma di taglie da 1000 a 5000 per coprire quasi tutte le esigenze di pesca in acqua dolce<\/p>\n<p><strong>Disponibili nei seguenti modelli:<\/strong><\/p>\n<table style=\"height: 230px; width: 100%; border-collapse: collapse; border-color: #000000;\" border=\"2\">\n<tbody>\n<tr style=\"height: 23px;\">\n<td style=\"width: 16.6667%; height: 23px; text-align: center;\"><strong>Modello<\/strong><\/td>\n<td style=\"width: 16.6667%; height: 23px; text-align: center;\"><strong>Peso<\/strong><\/td>\n<td style=\"width: 16.6667%; height: 23px; text-align: center;\"><strong>Rapporto di Recupero<\/strong><\/td>\n<td style=\"width: 16.6667%; height: 23px; text-align: center;\"><strong>Capacit\u00e0 Bobina<\/strong><\/td>\n<td style=\"width: 16.6667%; height: 23px; text-align: center;\"><strong>Line Retrive<\/strong><\/td>\n<td style=\"width: 16.6667%; height: 23px; text-align: center;\"><strong>Max Drag<\/strong><\/td>\n<\/tr>\n<tr style=\"height: 23px;\">\n<td style=\"width: 16.6667%; height: 23px; text-align: center;\"><strong>NEX1000FI<\/strong><\/td>\n<td style=\"width: 16.6667%; height: 23px; text-align: center;\">220g<\/td>\n<td style=\"width: 16.6667%; height: 23px; text-align: center;\">5.0:1<\/td>\n<td style=\"width: 16.6667%; height: 23px; text-align: center;\">0.18mm-170m<\/td>\n<td style=\"width: 16.6667%; height: 23px; text-align: center;\">66cm<\/td>\n<td style=\"width: 16.6667%; height: 23px; text-align: center;\">3kg<\/td>\n<\/tr>\n<tr style=\"height: 23px;\">\n<td style=\"width: 16.6667%; height: 23px; text-align: center;\"><strong>NEX2500FI<\/strong><\/td>\n<td style=\"width: 16.6667%; height: 23px; text-align: center;\">250g<\/td>\n<td style=\"width: 16.6667%; height: 23px; text-align: center;\">5.0:1<\/td>\n<td style=\"width: 16.6667%; height: 23px; text-align: center;\">0.18mm-290m<\/td>\n<td style=\"width: 16.6667%; height: 23px; text-align: center;\">73cm<\/td>\n<td style=\"width: 16.6667%; height: 23px; text-align: center;\">4kg<\/td>\n<\/tr>\n<tr style=\"height: 23px;\">\n<td style=\"width: 16.6667%; height: 23px; text-align: center;\"><strong>NEX2500SFI<\/strong><\/td>\n<td style=\"width: 16.6667%; height: 23px; text-align: center;\">265g<\/td>\n<td style=\"width: 16.6667%; height: 23px; text-align: center;\">5.0:1<\/td>\n<td style=\"width: 16.6667%; height: 23px; text-align: center;\">0.16mm-150m<\/td>\n<td style=\"width: 16.6667%; height: 23px; text-align: center;\">73cm<\/td>\n<td style=\"width: 16.6667%; height: 23px; text-align: center;\">4kg<\/td>\n<\/tr>\n<tr style=\"height: 23px;\">\n<td style=\"width: 16.6667%; height: 23px; text-align: center;\"><strong>NEX2500HGFI<\/strong><\/td>\n<td style=\"width: 16.6667%; height: 23px; text-align: center;\">250g<\/td>\n<td style=\"width: 16.6667%; height: 23px; text-align: center;\">6.0:1<\/td>\n<td style=\"width: 16.6667%; height: 23px; text-align: center;\">0.18mm-290m<\/td>\n<td style=\"width: 16.6667%; height: 23px; text-align: center;\">91cm<\/td>\n<td style=\"width: 16.6667%; height: 23px; text-align: center;\">4kg<\/td>\n<\/tr>\n<tr style=\"height: 23px;\">\n<td style=\"width: 16.6667%; height: 23px; text-align: center;\"><strong>NEXC3000FI<\/strong><\/td>\n<td style=\"width: 16.6667%; height: 23px; text-align: center;\">255g<\/td>\n<td style=\"width: 16.6667%; height: 23px; text-align: center;\">5.0:1<\/td>\n<td style=\"width: 16.6667%; height: 23px; text-align: center;\">0.25mm-210m<\/td>\n<td style=\"width: 16.6667%; height: 23px; text-align: center;\">73cm<\/td>\n<td style=\"width: 16.6667%; height: 23px; text-align: center;\">9kg<\/td>\n<\/tr>\n<tr style=\"height: 23px;\">\n<td style=\"width: 16.6667%; height: 23px; text-align: center;\"><strong>NEXC3000HGFI<\/strong><\/td>\n<td style=\"width: 16.6667%; height: 23px; text-align: center;\">255g<\/td>\n<td style=\"width: 16.6667%; height: 23px; text-align: center;\">6.2:1<\/td>\n<td style=\"width: 16.6667%; height: 23px; text-align: center;\">0.25mm-210m<\/td>\n<td style=\"width: 16.6667%; height: 23px; text-align: center;\">91cm<\/td>\n<td style=\"width: 16.6667%; height: 23px; text-align: center;\">9kg<\/td>\n<\/tr>\n<tr style=\"height: 23px;\">\n<td style=\"width: 16.6667%; height: 23px; text-align: center;\"><strong>NEX4000FI<\/strong><\/td>\n<td style=\"width: 16.6667%; height: 23px; text-align: center;\">305g<\/td>\n<td style=\"width: 16.6667%; height: 23px; text-align: center;\">5.2:1<\/td>\n<td style=\"width: 16.6667%; height: 23px; text-align: center;\">0.25mm-260m<\/td>\n<td style=\"width: 16.6667%; height: 23px; text-align: center;\">83cm<\/td>\n<td style=\"width: 16.6667%; height: 23px; text-align: center;\">11kg<\/td>\n<\/tr>\n<tr style=\"height: 23px;\">\n<td style=\"width: 16.6667%; height: 23px; text-align: center;\"><strong>NEX4000HGFI<\/strong><\/td>\n<td style=\"width: 16.6667%; height: 23px; text-align: center;\">305g<\/td>\n<td style=\"width: 16.6667%; height: 23px; text-align: center;\">5.8:1<\/td>\n<td style=\"width: 16.6667%; height: 23px; text-align: center;\">0.25mm-260m<\/td>\n<td style=\"width: 16.6667%; height: 23px; text-align: center;\">93cm<\/td>\n<td style=\"width: 16.6667%; height: 23px; text-align: center;\">11kg<\/td>\n<\/tr>\n<tr style=\"height: 23px;\">\n<td style=\"width: 16.6667%; height: 23px; text-align: center;\"><strong>NEXC5000HGFI<\/strong><\/td>\n<td style=\"width: 16.6667%; height: 23px; text-align: center;\">305g<\/td>\n<td style=\"width: 16.6667%; height: 23px; text-align: center;\">5.8:1<\/td>\n<td style=\"width: 16.6667%; height: 23px; text-align: center;\">0.30mm-240m<\/td>\n<td style=\"width: 16.6667%; height: 23px; text-align: center;\">98cm<\/td>\n<td style=\"width: 16.6667%; height: 23px; text-align: center;\">11kg<\/td>\n<\/tr>\n<\/tbody>\n<\/table>\n<p><span style=\"color: #ff0000;\"><strong>DUE ANNI DI GARANZIA<br \/>\n<\/strong><strong>Da oggi per avere il TERZO ANNO DI GARANZIA, collegati al nuovo portale e registra il tuo prodotto su:<\/strong><\/span><br \/>\n<span style=\"color: #000000; background-color: #ffff00;\"><a style=\"color: #000000; background-color: #ffff00;\" href=\"http:\/\/www.shimanofishnetwork.it\/garanzia\/sign_in\"><strong>http:\/\/www.shimanofishnetwork.it\/garanzia\/sign_in<\/strong><\/a><\/span><\/p>\n<\/div>\n","protected":false},"excerpt":{"rendered":"<p>Il nuovo Nexave FI \u00e8 la versione aggiornata del noto Nexave FE. Questo nuovo mulinello \u00e8 un mulinello da spinning a frizione anteriore che pu\u00f2 essere utilizzato per tutti i tipi di pesca d&#8217;acqua dolce, dalla pesca con esche leggere a quelle medie, per trote, persici, lucci e lucioperca fino alla pesca a feeder. Grazie [&hellip;]<\/p>\n","protected":false},"featured_media":76936,"comment_status":"closed","ping_status":"closed","template":"","meta":[],"product_cat":[348],"product_tag":[1023],"yoast_head":"<!-- This site is optimized with the Yoast SEO plugin v15.3 - https:\/\/yoast.com\/wordpress\/plugins\/seo\/ -->\n<title>Mulinello Nexave FI - Shimano - Pesca Fish<\/title>\n<meta name=\"robots\" content=\"index, follow, max-snippet:-1, max-image-preview:large, max-video-preview:-1\" \/>\n<link rel=\"canonical\" href=\"https:\/\/www.pescafish.it\/new\/prodotto\/mulinello-nexave-fi-shimano\/\" \/>\n<meta property=\"og:locale\" content=\"it_IT\" \/>\n<meta property=\"og:type\" content=\"article\" \/>\n<meta property=\"og:title\" content=\"Mulinello Nexave FI - Shimano - Pesca Fish\" \/>\n<meta property=\"og:description\" content=\"Il nuovo Nexave FI \u00e8 la versione aggiornata del noto Nexave FE. Questo nuovo mulinello \u00e8 un mulinello da spinning a frizione anteriore che pu\u00f2 essere utilizzato per tutti i tipi di pesca d&#8217;acqua dolce, dalla pesca con esche leggere a quelle medie, per trote, persici, lucci e lucioperca fino alla pesca a feeder. Grazie [&hellip;]\" \/>\n<meta property=\"og:url\" content=\"https:\/\/www.pescafish.it\/new\/prodotto\/mulinello-nexave-fi-shimano\/\" \/>\n<meta property=\"og:site_name\" content=\"Pesca Fish\" \/>\n<meta property=\"article:publisher\" content=\"https:\/\/www.facebook.com\/pescafishvr\/\" \/>\n<meta property=\"article:modified_time\" content=\"2022-03-15T17:24:44+00:00\" \/>\n<meta property=\"og:image\" content=\"https:\/\/www.pescafish.it\/new\/wp-content\/uploads\/2022\/03\/nexave-fi.jpg\" \/>\n\t<meta property=\"og:image:width\" content=\"1000\" \/>\n\t<meta property=\"og:image:height\" content=\"1000\" \/>\n<meta name=\"twitter:card\" content=\"summary_large_image\" \/>\n<meta name=\"twitter:label1\" content=\"Scritto da\">\n\t<meta name=\"twitter:data1\" content=\"francesca\">\n\t<meta name=\"twitter:label2\" content=\"Tempo di lettura stimato\">\n\t<meta name=\"twitter:data2\" content=\"1 minuto\">\n<script type=\"application\/ld+json\" class=\"yoast-schema-graph\">{\"@context\":\"https:\/\/schema.org\",\"@graph\":[{\"@type\":\"WebSite\",\"@id\":\"https:\/\/www.pescafish.it\/new\/#website\",\"url\":\"https:\/\/www.pescafish.it\/new\/\",\"name\":\"Pesca Fish\",\"description\":\"Benvenuti sul nostro sito!\",\"potentialAction\":[{\"@type\":\"SearchAction\",\"target\":\"https:\/\/www.pescafish.it\/new\/?s={search_term_string}\",\"query-input\":\"required name=search_term_string\"}],\"inLanguage\":\"it-IT\"},{\"@type\":\"ImageObject\",\"@id\":\"https:\/\/www.pescafish.it\/new\/prodotto\/mulinello-nexave-fi-shimano\/#primaryimage\",\"inLanguage\":\"it-IT\",\"url\":\"https:\/\/www.pescafish.it\/new\/wp-content\/uploads\/2022\/03\/nexave-fi.jpg\",\"width\":1000,\"height\":1000,\"caption\":\"nexave fi shimano\"},{\"@type\":\"WebPage\",\"@id\":\"https:\/\/www.pescafish.it\/new\/prodotto\/mulinello-nexave-fi-shimano\/#webpage\",\"url\":\"https:\/\/www.pescafish.it\/new\/prodotto\/mulinello-nexave-fi-shimano\/\",\"name\":\"Mulinello Nexave FI - Shimano - Pesca Fish\",\"isPartOf\":{\"@id\":\"https:\/\/www.pescafish.it\/new\/#website\"},\"primaryImageOfPage\":{\"@id\":\"https:\/\/www.pescafish.it\/new\/prodotto\/mulinello-nexave-fi-shimano\/#primaryimage\"},\"datePublished\":\"2022-03-15T17:24:43+00:00\",\"dateModified\":\"2022-03-15T17:24:44+00:00\",\"inLanguage\":\"it-IT\",\"potentialAction\":[{\"@type\":\"ReadAction\",\"target\":[\"https:\/\/www.pescafish.it\/new\/prodotto\/mulinello-nexave-fi-shimano\/\"]}]}]}<\/script>\n<!-- \/ Yoast SEO plugin. -->","_links":{"self":[{"href":"https:\/\/www.pescafish.it\/new\/wp-json\/wp\/v2\/product\/76935"}],"collection":[{"href":"https:\/\/www.pescafish.it\/new\/wp-json\/wp\/v2\/product"}],"about":[{"href":"https:\/\/www.pescafish.it\/new\/wp-json\/wp\/v2\/types\/product"}],"replies":[{"embeddable":true,"href":"https:\/\/www.pescafish.it\/new\/wp-json\/wp\/v2\/comments?post=76935"}],"wp:featuredmedia":[{"embeddable":true,"href":"https:\/\/www.pescafish.it\/new\/wp-json\/wp\/v2\/media\/76936"}],"wp:attachment":[{"href":"https:\/\/www.pescafish.it\/new\/wp-json\/wp\/v2\/media?parent=76935"}],"wp:term":[{"taxonomy":"product_cat","embeddable":true,"href":"https:\/\/www.pescafish.it\/new\/wp-json\/wp\/v2\/product_cat?post=76935"},{"taxonomy":"product_tag","embeddable":true,"href":"https:\/\/www.pescafish.it\/new\/wp-json\/wp\/v2\/product_tag?post=76935"}],"curies":[{"name":"wp","href":"https:\/\/api.w.org\/{rel}","templated":true}]}}