{"id":76704,"date":"2022-03-12T11:34:23","date_gmt":"2022-03-12T10:34:23","guid":{"rendered":"https:\/\/www.pescafish.it\/new\/?post_type=product&#038;p=76704"},"modified":"2026-03-06T13:38:07","modified_gmt":"2026-03-06T12:38:07","slug":"c-series-alarm-prologic","status":"publish","type":"product","link":"https:\/\/www.pescafish.it\/new\/prodotto\/c-series-alarm-prologic\/","title":{"rendered":"C-Series Alarm\u00a0&#8211; Prologic"},"content":{"rendered":"<h2>C-Series Alarm<\/h2>\n<p>SET ALLARME BITE SERIE C Un set di allarmi completo che include tutto il necessario per un&#8217;indicazione di abboccata di prima classe nella tua prossima avventura di pesca alla carpa. Gli allarmi della serie C di alta qualit\u00e0 sono occupati dal ricevitore e da una luce bivvy wireless. Gli allarmi hanno sei diversi livelli di volume e sensibilit\u00e0, nonch\u00e9 sei toni diversi, quindi possono essere personalizzati in base alle tue esigenze. Quando rileva un morso, entrambi i LED colorati si accendono e successivamente un LED continua a lampeggiare per 20 secondi. Dispone inoltre di una luce notturna che si attiva tramite un apposito pulsante. La luce bivvy wireless funziona insieme agli allarmi e si accende e si accende per 5, 10 o 20 secondi quando viene rilevato un morso. La luce pu\u00f2 essere appesa tramite il gancio in metallo o i quattro magneti interni e il disco di metallo.<\/p>\n<p><strong>Disponibile nelle seguenti varianti:<\/strong><br \/>\n<strong>71024<\/strong>\u00a0 4+1<\/p>\n","protected":false},"excerpt":{"rendered":"<p>C-Series Alarm SET ALLARME BITE SERIE C Un set di allarmi completo che include tutto il necessario per un&#8217;indicazione di abboccata di prima classe nella tua prossima avventura di pesca alla carpa. Gli allarmi della serie C di alta qualit\u00e0 sono occupati dal ricevitore e da una luce bivvy wireless. Gli allarmi hanno sei diversi [&hellip;]<\/p>\n","protected":false},"featured_media":76705,"comment_status":"closed","ping_status":"closed","template":"","meta":[],"product_cat":[474],"product_tag":[1040],"yoast_head":"<!-- This site is optimized with the Yoast SEO plugin v15.3 - https:\/\/yoast.com\/wordpress\/plugins\/seo\/ -->\n<title>C-Series Alarm\u00a0- Prologic - Pesca Fish<\/title>\n<meta name=\"robots\" content=\"index, follow, max-snippet:-1, max-image-preview:large, max-video-preview:-1\" \/>\n<link rel=\"canonical\" href=\"https:\/\/www.pescafish.it\/new\/prodotto\/c-series-alarm-prologic\/\" \/>\n<meta property=\"og:locale\" content=\"it_IT\" \/>\n<meta property=\"og:type\" content=\"article\" \/>\n<meta property=\"og:title\" content=\"C-Series Alarm\u00a0- Prologic - Pesca Fish\" \/>\n<meta property=\"og:description\" content=\"C-Series Alarm SET ALLARME BITE SERIE C Un set di allarmi completo che include tutto il necessario per un&#8217;indicazione di abboccata di prima classe nella tua prossima avventura di pesca alla carpa. Gli allarmi della serie C di alta qualit\u00e0 sono occupati dal ricevitore e da una luce bivvy wireless. Gli allarmi hanno sei diversi [&hellip;]\" \/>\n<meta property=\"og:url\" content=\"https:\/\/www.pescafish.it\/new\/prodotto\/c-series-alarm-prologic\/\" \/>\n<meta property=\"og:site_name\" content=\"Pesca Fish\" \/>\n<meta property=\"article:publisher\" content=\"https:\/\/www.facebook.com\/pescafishvr\/\" \/>\n<meta property=\"article:modified_time\" content=\"2026-03-06T12:38:07+00:00\" \/>\n<meta property=\"og:image\" content=\"https:\/\/www.pescafish.it\/new\/wp-content\/uploads\/2022\/03\/pld022.png\" \/>\n\t<meta property=\"og:image:width\" content=\"1000\" \/>\n\t<meta property=\"og:image:height\" content=\"1000\" \/>\n<meta name=\"twitter:card\" content=\"summary_large_image\" \/>\n<meta name=\"twitter:label1\" content=\"Scritto da\">\n\t<meta name=\"twitter:data1\" content=\"francesca\">\n\t<meta name=\"twitter:label2\" content=\"Tempo di lettura stimato\">\n\t<meta name=\"twitter:data2\" content=\"1 minuto\">\n<script type=\"application\/ld+json\" class=\"yoast-schema-graph\">{\"@context\":\"https:\/\/schema.org\",\"@graph\":[{\"@type\":\"WebSite\",\"@id\":\"https:\/\/www.pescafish.it\/new\/#website\",\"url\":\"https:\/\/www.pescafish.it\/new\/\",\"name\":\"Pesca Fish\",\"description\":\"Benvenuti sul nostro sito!\",\"potentialAction\":[{\"@type\":\"SearchAction\",\"target\":\"https:\/\/www.pescafish.it\/new\/?s={search_term_string}\",\"query-input\":\"required name=search_term_string\"}],\"inLanguage\":\"it-IT\"},{\"@type\":\"ImageObject\",\"@id\":\"https:\/\/www.pescafish.it\/new\/prodotto\/c-series-alarm-prologic\/#primaryimage\",\"inLanguage\":\"it-IT\",\"url\":\"https:\/\/www.pescafish.it\/new\/wp-content\/uploads\/2022\/03\/pld022.png\",\"width\":1000,\"height\":1000,\"caption\":\"Prologic\"},{\"@type\":\"WebPage\",\"@id\":\"https:\/\/www.pescafish.it\/new\/prodotto\/c-series-alarm-prologic\/#webpage\",\"url\":\"https:\/\/www.pescafish.it\/new\/prodotto\/c-series-alarm-prologic\/\",\"name\":\"C-Series Alarm\\u00a0- Prologic - Pesca Fish\",\"isPartOf\":{\"@id\":\"https:\/\/www.pescafish.it\/new\/#website\"},\"primaryImageOfPage\":{\"@id\":\"https:\/\/www.pescafish.it\/new\/prodotto\/c-series-alarm-prologic\/#primaryimage\"},\"datePublished\":\"2022-03-12T10:34:23+00:00\",\"dateModified\":\"2026-03-06T12:38:07+00:00\",\"inLanguage\":\"it-IT\",\"potentialAction\":[{\"@type\":\"ReadAction\",\"target\":[\"https:\/\/www.pescafish.it\/new\/prodotto\/c-series-alarm-prologic\/\"]}]}]}<\/script>\n<!-- \/ Yoast SEO plugin. -->","_links":{"self":[{"href":"https:\/\/www.pescafish.it\/new\/wp-json\/wp\/v2\/product\/76704"}],"collection":[{"href":"https:\/\/www.pescafish.it\/new\/wp-json\/wp\/v2\/product"}],"about":[{"href":"https:\/\/www.pescafish.it\/new\/wp-json\/wp\/v2\/types\/product"}],"replies":[{"embeddable":true,"href":"https:\/\/www.pescafish.it\/new\/wp-json\/wp\/v2\/comments?post=76704"}],"wp:featuredmedia":[{"embeddable":true,"href":"https:\/\/www.pescafish.it\/new\/wp-json\/wp\/v2\/media\/76705"}],"wp:attachment":[{"href":"https:\/\/www.pescafish.it\/new\/wp-json\/wp\/v2\/media?parent=76704"}],"wp:term":[{"taxonomy":"product_cat","embeddable":true,"href":"https:\/\/www.pescafish.it\/new\/wp-json\/wp\/v2\/product_cat?post=76704"},{"taxonomy":"product_tag","embeddable":true,"href":"https:\/\/www.pescafish.it\/new\/wp-json\/wp\/v2\/product_tag?post=76704"}],"curies":[{"name":"wp","href":"https:\/\/api.w.org\/{rel}","templated":true}]}}