{"id":76657,"date":"2022-03-11T19:21:30","date_gmt":"2022-03-11T18:21:30","guid":{"rendered":"https:\/\/www.pescafish.it\/new\/?post_type=product&#038;p=76657"},"modified":"2025-11-27T16:55:54","modified_gmt":"2025-11-27T15:55:54","slug":"mulinello-sustain-fj-shimano","status":"publish","type":"product","link":"https:\/\/www.pescafish.it\/new\/prodotto\/mulinello-sustain-fj-shimano\/","title":{"rendered":"Mulinello Sustain FJ &#8211; Shimano"},"content":{"rendered":"<p>Il Sustain fa parte della serie Magnumlite e presenta un rotore MGL per una sensazione di rotazione fluida e un controllo preciso dell&#8217;esca, combinato con la robustezza e la protezione di un corpo HAGANE in alluminio. Disponibile nelle misure da 2500 a C5000, il Sustain \u00e8 un eccellente mulinello di medie dimensioni per esche leggere, medie e anche pesanti, per la pesca in generale in acqua dolce e persino per la pesca in mare da terra. Il corpo nero satinato con accenti cromati \u00e8 estremamente accattivante, ma la vera bellezza di questo mulinello \u00e8 la fluidit\u00e0. Notevolmente leggero in mano, la rotazione sfida quasi la logica con solo una pressione minima richiesta per far muovere il rotore. Dotato di tutta le tecnologie di Shimano, tra cui il nuovo Micro Module Gear II, Silent Drive e Long Stroke Spool per migliori prestazioni di lancio, questo \u00e8 uno dei mulinelli pi\u00f9 evoluti della gamma Shimano Spinning. Combina il mulinello Sustain con una delle canne Sustain Spinning per un set-up bilanciato e visivamente perfetto.<\/p>\n<p><strong>Caratteristiche:<br \/>\n<\/strong>\u2022 Cuscinetti 8+1<br \/>\n\u2022 Mulinello da spinning, molto versatile per la pesca in acque dolci e in mare<br \/>\n\u2022 Rotazione fluida e precisa grazie al rotore Ci4+ MGL<br \/>\n\u2022 La tecnologia SilentDrive garantisce un funzionamento silenzioso e privo di vibrazioni<br \/>\n\u2022 Corpo HAGANE in alluminio leggero e ad alta resistenza<br \/>\n\u2022 Protezione da acqua e sporco grazie ad X-Protect<br \/>\n\u2022 LONG STROKE SPOOL per una migliore distanza di lancio<\/p>\n<p><strong>Disponibili nei seguenti modelli:<\/strong><\/p>\n<table style=\"height: 239px; width: 100%; border-collapse: collapse; border-color: #000000;\" border=\"2\">\n<tbody>\n<tr style=\"height: 48px;\">\n<td style=\"width: 16.6667%; height: 48px; text-align: center;\"><strong>Modello<\/strong><\/td>\n<td style=\"width: 16.6667%; height: 48px; text-align: center;\"><strong>Peso<\/strong><\/td>\n<td style=\"width: 16.6667%; height: 48px; text-align: center;\"><strong>Rapporto di Recupero<\/strong><\/td>\n<td style=\"width: 16.6667%; height: 48px; text-align: center;\"><strong>Capacit\u00e0 bobina<\/strong><\/td>\n<td style=\"width: 16.6667%; height: 48px; text-align: center;\"><strong>Max Drag<\/strong><\/td>\n<td style=\"width: 16.6667%; height: 48px; text-align: center;\"><strong>Line Retrive<\/strong><\/td>\n<\/tr>\n<tr style=\"height: 24px;\">\n<td style=\"width: 16.6667%; height: 24px; text-align: center;\"><strong>SA2500FJ<\/strong><\/td>\n<td style=\"width: 16.6667%; height: 24px; text-align: center;\">210g<\/td>\n<td style=\"width: 16.6667%; height: 24px; text-align: center;\">5.3:1<\/td>\n<td style=\"width: 16.6667%; height: 24px; text-align: center;\">0.18mm-290m<\/td>\n<td style=\"width: 16.6667%; height: 24px; text-align: center;\">9kg<\/td>\n<td style=\"width: 16.6667%; height: 24px; text-align: center;\">78cm<\/td>\n<\/tr>\n<tr style=\"height: 24px;\">\n<td style=\"width: 16.6667%; height: 24px; text-align: center;\"><strong>SA2500HGFJ<\/strong><\/td>\n<td style=\"width: 16.6667%; height: 24px; text-align: center;\">210g<\/td>\n<td style=\"width: 16.6667%; height: 24px; text-align: center;\">6.0:1<\/td>\n<td style=\"width: 16.6667%; height: 24px; text-align: center;\">0.18mm-290m<\/td>\n<td style=\"width: 16.6667%; height: 24px; text-align: center;\">9kg<\/td>\n<td style=\"width: 16.6667%; height: 24px; text-align: center;\">89cm<\/td>\n<\/tr>\n<tr style=\"height: 24px;\">\n<td style=\"width: 16.6667%; height: 24px; text-align: center;\"><strong>SAC3000FJ<\/strong><\/td>\n<td style=\"width: 16.6667%; height: 24px; text-align: center;\">210g<\/td>\n<td style=\"width: 16.6667%; height: 24px; text-align: center;\">5.3:1<\/td>\n<td style=\"width: 16.6667%; height: 24px; text-align: center;\">0.25mm-210m<\/td>\n<td style=\"width: 16.6667%; height: 24px; text-align: center;\">9kg<\/td>\n<td style=\"width: 16.6667%; height: 24px; text-align: center;\">78cm<\/td>\n<\/tr>\n<tr style=\"height: 24px;\">\n<td style=\"width: 16.6667%; height: 24px; text-align: center;\"><strong>SAC3000HGFJ<\/strong><\/td>\n<td style=\"width: 16.6667%; height: 24px; text-align: center;\">210g<\/td>\n<td style=\"width: 16.6667%; height: 24px; text-align: center;\">6.0:1<\/td>\n<td style=\"width: 16.6667%; height: 24px; text-align: center;\">0.25mm-210m<\/td>\n<td style=\"width: 16.6667%; height: 24px; text-align: center;\">9kg<\/td>\n<td style=\"width: 16.6667%; height: 24px; text-align: center;\">89cm<\/td>\n<\/tr>\n<tr style=\"height: 23px;\">\n<td style=\"width: 16.6667%; text-align: center; height: 23px;\"><strong>SAC3000XGFJ<\/strong><\/td>\n<td style=\"width: 16.6667%; text-align: center; height: 23px;\">210g<\/td>\n<td style=\"width: 16.6667%; text-align: center; height: 23px;\">6.4:1<\/td>\n<td style=\"width: 16.6667%; text-align: center; height: 23px;\">0.25mm-210m<\/td>\n<td style=\"width: 16.6667%; text-align: center; height: 23px;\">9kg<\/td>\n<td style=\"width: 16.6667%; text-align: center; height: 23px;\">94cm<\/td>\n<\/tr>\n<tr style=\"height: 24px;\">\n<td style=\"width: 16.6667%; height: 24px; text-align: center;\"><strong>SA4000FJ<\/strong><\/td>\n<td style=\"width: 16.6667%; height: 24px; text-align: center;\">260g<\/td>\n<td style=\"width: 16.6667%; height: 24px; text-align: center;\">5.3:1<\/td>\n<td style=\"width: 16.6667%; height: 24px; text-align: center;\">0.25mm-260m<\/td>\n<td style=\"width: 16.6667%; height: 24px; text-align: center;\">11kg<\/td>\n<td style=\"width: 16.6667%; height: 24px; text-align: center;\">87cm<\/td>\n<\/tr>\n<tr style=\"height: 24px;\">\n<td style=\"width: 16.6667%; height: 24px; text-align: center;\"><strong>SA4000HGFJ<\/strong><\/td>\n<td style=\"width: 16.6667%; height: 24px; text-align: center;\">260g<\/td>\n<td style=\"width: 16.6667%; height: 24px; text-align: center;\">5.8:1<\/td>\n<td style=\"width: 16.6667%; height: 24px; text-align: center;\">0.25mm-260m<\/td>\n<td style=\"width: 16.6667%; height: 24px; text-align: center;\">11kg<\/td>\n<td style=\"width: 16.6667%; height: 24px; text-align: center;\">95cm<\/td>\n<\/tr>\n<tr style=\"height: 24px;\">\n<td style=\"width: 16.6667%; height: 24px; text-align: center;\"><strong>SA4000XGFJ<\/strong><\/td>\n<td style=\"width: 16.6667%; height: 24px; text-align: center;\">265g<\/td>\n<td style=\"width: 16.6667%; height: 24px; text-align: center;\">6.2:1<\/td>\n<td style=\"width: 16.6667%; height: 24px; text-align: center;\">0.25mm-260m<\/td>\n<td style=\"width: 16.6667%; height: 24px; text-align: center;\">11kg<\/td>\n<td style=\"width: 16.6667%; height: 24px; text-align: center;\">101cm<\/td>\n<\/tr>\n<tr>\n<td style=\"width: 16.6667%; text-align: center;\"><strong>SAC5000XGFJ<\/strong><\/td>\n<td style=\"width: 16.6667%; text-align: center;\">270g<\/td>\n<td style=\"width: 16.6667%; text-align: center;\">6.2:1<\/td>\n<td style=\"width: 16.6667%; text-align: center;\">0.35-175,0.40-120<\/td>\n<td style=\"width: 16.6667%; text-align: center;\">11kg<\/td>\n<td style=\"width: 16.6667%; text-align: center;\">101cm<\/td>\n<\/tr>\n<\/tbody>\n<\/table>\n<p>.<strong><br \/>\n<span style=\"color: #ff0000;\">DUE ANNI DI GARANZIA<\/span><br \/>\n<span style=\"color: #ff0000;\">Da oggi per avere il TERZO ANNO DI GARANZIA, collegati al nuovo portale e registra il tuo prodotto su:<\/span><br \/>\n<span style=\"color: #000000; background-color: #ffff00;\"><a style=\"color: #000000; background-color: #ffff00;\" href=\"http:\/\/www.shimanofishnetwork.it\/garanzia\/sign_in\">http:\/\/www.shimanofishnetwork.it\/garanzia\/sign_in<\/a><\/span><\/strong><\/p>\n","protected":false},"excerpt":{"rendered":"<p>Il Sustain fa parte della serie Magnumlite e presenta un rotore MGL per una sensazione di rotazione fluida e un controllo preciso dell&#8217;esca, combinato con la robustezza e la protezione di un corpo HAGANE in alluminio. Disponibile nelle misure da 2500 a C5000, il Sustain \u00e8 un eccellente mulinello di medie dimensioni per esche leggere, [&hellip;]<\/p>\n","protected":false},"featured_media":76663,"comment_status":"closed","ping_status":"closed","template":"","meta":[],"product_cat":[880,348],"product_tag":[1023],"yoast_head":"<!-- This site is optimized with the Yoast SEO plugin v15.3 - https:\/\/yoast.com\/wordpress\/plugins\/seo\/ -->\n<title>Mulinello Sustain FJ - Shimano - Pesca Fish<\/title>\n<meta name=\"description\" content=\"Pesca Fish | Per informazioni scriveteci a info@pescafish.it oppure contattateci allo 045\/6100748\" \/>\n<meta name=\"robots\" content=\"index, follow, max-snippet:-1, max-image-preview:large, max-video-preview:-1\" \/>\n<link rel=\"canonical\" href=\"https:\/\/www.pescafish.it\/new\/prodotto\/mulinello-sustain-fj-shimano\/\" \/>\n<meta property=\"og:locale\" content=\"it_IT\" \/>\n<meta property=\"og:type\" content=\"article\" \/>\n<meta property=\"og:title\" content=\"Mulinello Sustain FJ - Shimano - Pesca Fish\" \/>\n<meta property=\"og:description\" content=\"Pesca Fish | Per informazioni scriveteci a info@pescafish.it oppure contattateci allo 045\/6100748\" \/>\n<meta property=\"og:url\" content=\"https:\/\/www.pescafish.it\/new\/prodotto\/mulinello-sustain-fj-shimano\/\" \/>\n<meta property=\"og:site_name\" content=\"Pesca Fish\" \/>\n<meta property=\"article:publisher\" content=\"https:\/\/www.facebook.com\/pescafishvr\/\" \/>\n<meta property=\"article:modified_time\" content=\"2025-11-27T15:55:54+00:00\" \/>\n<meta property=\"og:image\" content=\"https:\/\/www.pescafish.it\/new\/wp-content\/uploads\/2022\/03\/SUSTAIN-FJ.jpg\" \/>\n\t<meta property=\"og:image:width\" content=\"1000\" \/>\n\t<meta property=\"og:image:height\" content=\"1000\" \/>\n<meta name=\"twitter:card\" content=\"summary_large_image\" \/>\n<meta name=\"twitter:label1\" content=\"Scritto da\">\n\t<meta name=\"twitter:data1\" content=\"francesca\">\n\t<meta name=\"twitter:label2\" content=\"Tempo di lettura stimato\">\n\t<meta name=\"twitter:data2\" content=\"1 minuto\">\n<script type=\"application\/ld+json\" class=\"yoast-schema-graph\">{\"@context\":\"https:\/\/schema.org\",\"@graph\":[{\"@type\":\"WebSite\",\"@id\":\"https:\/\/www.pescafish.it\/new\/#website\",\"url\":\"https:\/\/www.pescafish.it\/new\/\",\"name\":\"Pesca Fish\",\"description\":\"Benvenuti sul nostro sito!\",\"potentialAction\":[{\"@type\":\"SearchAction\",\"target\":\"https:\/\/www.pescafish.it\/new\/?s={search_term_string}\",\"query-input\":\"required name=search_term_string\"}],\"inLanguage\":\"it-IT\"},{\"@type\":\"ImageObject\",\"@id\":\"https:\/\/www.pescafish.it\/new\/prodotto\/mulinello-sustain-fj-shimano\/#primaryimage\",\"inLanguage\":\"it-IT\",\"url\":\"https:\/\/www.pescafish.it\/new\/wp-content\/uploads\/2022\/03\/SUSTAIN-FJ.jpg\",\"width\":1000,\"height\":1000,\"caption\":\"mulinello sustain fj shimano\"},{\"@type\":\"WebPage\",\"@id\":\"https:\/\/www.pescafish.it\/new\/prodotto\/mulinello-sustain-fj-shimano\/#webpage\",\"url\":\"https:\/\/www.pescafish.it\/new\/prodotto\/mulinello-sustain-fj-shimano\/\",\"name\":\"Mulinello Sustain FJ - Shimano - Pesca Fish\",\"isPartOf\":{\"@id\":\"https:\/\/www.pescafish.it\/new\/#website\"},\"primaryImageOfPage\":{\"@id\":\"https:\/\/www.pescafish.it\/new\/prodotto\/mulinello-sustain-fj-shimano\/#primaryimage\"},\"datePublished\":\"2022-03-11T18:21:30+00:00\",\"dateModified\":\"2025-11-27T15:55:54+00:00\",\"description\":\"Pesca Fish | Per informazioni scriveteci a info@pescafish.it oppure contattateci allo 045\/6100748\",\"inLanguage\":\"it-IT\",\"potentialAction\":[{\"@type\":\"ReadAction\",\"target\":[\"https:\/\/www.pescafish.it\/new\/prodotto\/mulinello-sustain-fj-shimano\/\"]}]}]}<\/script>\n<!-- \/ Yoast SEO plugin. -->","_links":{"self":[{"href":"https:\/\/www.pescafish.it\/new\/wp-json\/wp\/v2\/product\/76657"}],"collection":[{"href":"https:\/\/www.pescafish.it\/new\/wp-json\/wp\/v2\/product"}],"about":[{"href":"https:\/\/www.pescafish.it\/new\/wp-json\/wp\/v2\/types\/product"}],"replies":[{"embeddable":true,"href":"https:\/\/www.pescafish.it\/new\/wp-json\/wp\/v2\/comments?post=76657"}],"wp:featuredmedia":[{"embeddable":true,"href":"https:\/\/www.pescafish.it\/new\/wp-json\/wp\/v2\/media\/76663"}],"wp:attachment":[{"href":"https:\/\/www.pescafish.it\/new\/wp-json\/wp\/v2\/media?parent=76657"}],"wp:term":[{"taxonomy":"product_cat","embeddable":true,"href":"https:\/\/www.pescafish.it\/new\/wp-json\/wp\/v2\/product_cat?post=76657"},{"taxonomy":"product_tag","embeddable":true,"href":"https:\/\/www.pescafish.it\/new\/wp-json\/wp\/v2\/product_tag?post=76657"}],"curies":[{"name":"wp","href":"https:\/\/api.w.org\/{rel}","templated":true}]}}