{"id":76637,"date":"2022-03-11T18:31:37","date_gmt":"2022-03-11T17:31:37","guid":{"rendered":"https:\/\/www.pescafish.it\/new\/?post_type=product&#038;p=76637"},"modified":"2026-04-04T18:26:33","modified_gmt":"2026-04-04T16:26:33","slug":"ned-craw-6-5cm-2-5gr-floating-savage-gear","status":"publish","type":"product","link":"https:\/\/www.pescafish.it\/new\/prodotto\/ned-craw-6-5cm-2-5gr-floating-savage-gear\/","title":{"rendered":"Ned Craw 6.5cm 2.5gr Floating\u00a0&#8211; Savage Gear"},"content":{"rendered":"<h2>Ned Craw 6.5cm 2.5gr Floating<\/h2>\n<p>NED CRAW Progettato per imitare i piccoli gamberi di cui si nutrono le spigole nei climi freddi, il Savage Gear NED Craw \u00e8 l&#8217;esca NED a imitazione di gamberi pi\u00f9 realistica del pianeta. Abbiamo infuso questo gambero con sale per mettere a punto la galleggiabilit\u00e0 del nostro materiale Duratech, offrendo un&#8217;azione incredibilmente realistica di un gambero che assume una posizione difensiva.<\/p>\n<p><strong>Disponibile nelle seguenti colorazioni:<\/strong><br \/>\n<strong>77416<\/strong>\u00a0 Black &amp; Red<br \/>\n<strong>77417<\/strong>\u00a0 Black &amp; Blue<br \/>\n<strong>77418<\/strong>\u00a0 Green Pumpkin<br \/>\n<strong>77419<\/strong>\u00a0 Watermelon Red<\/p>\n<p><strong>Confezione da 4 pezzi.<\/strong><\/p>\n","protected":false},"excerpt":{"rendered":"<p>Ned Craw 6.5cm 2.5gr Floating NED CRAW Progettato per imitare i piccoli gamberi di cui si nutrono le spigole nei climi freddi, il Savage Gear NED Craw \u00e8 l&#8217;esca NED a imitazione di gamberi pi\u00f9 realistica del pianeta. Abbiamo infuso questo gambero con sale per mettere a punto la galleggiabilit\u00e0 del nostro materiale Duratech, offrendo [&hellip;]<\/p>\n","protected":false},"featured_media":76638,"comment_status":"closed","ping_status":"closed","template":"","meta":[],"product_cat":[649],"product_tag":[1037],"yoast_head":"<!-- This site is optimized with the Yoast SEO plugin v15.3 - https:\/\/yoast.com\/wordpress\/plugins\/seo\/ -->\n<title>Ned Craw 6.5cm 2.5gr Floating\u00a0- Savage Gear - Pesca Fish<\/title>\n<meta name=\"robots\" content=\"index, follow, max-snippet:-1, max-image-preview:large, max-video-preview:-1\" \/>\n<link rel=\"canonical\" href=\"https:\/\/www.pescafish.it\/new\/prodotto\/ned-craw-6-5cm-2-5gr-floating-savage-gear\/\" \/>\n<meta property=\"og:locale\" content=\"it_IT\" \/>\n<meta property=\"og:type\" content=\"article\" \/>\n<meta property=\"og:title\" content=\"Ned Craw 6.5cm 2.5gr Floating\u00a0- Savage Gear - Pesca Fish\" \/>\n<meta property=\"og:description\" content=\"Ned Craw 6.5cm 2.5gr Floating NED CRAW Progettato per imitare i piccoli gamberi di cui si nutrono le spigole nei climi freddi, il Savage Gear NED Craw \u00e8 l&#8217;esca NED a imitazione di gamberi pi\u00f9 realistica del pianeta. Abbiamo infuso questo gambero con sale per mettere a punto la galleggiabilit\u00e0 del nostro materiale Duratech, offrendo [&hellip;]\" \/>\n<meta property=\"og:url\" content=\"https:\/\/www.pescafish.it\/new\/prodotto\/ned-craw-6-5cm-2-5gr-floating-savage-gear\/\" \/>\n<meta property=\"og:site_name\" content=\"Pesca Fish\" \/>\n<meta property=\"article:publisher\" content=\"https:\/\/www.facebook.com\/pescafishvr\/\" \/>\n<meta property=\"article:modified_time\" content=\"2026-04-04T16:26:33+00:00\" \/>\n<meta property=\"og:image\" content=\"https:\/\/www.pescafish.it\/new\/wp-content\/uploads\/2022\/03\/GREEN-PUMPKIN.jpg\" \/>\n\t<meta property=\"og:image:width\" content=\"800\" \/>\n\t<meta property=\"og:image:height\" content=\"800\" \/>\n<meta name=\"twitter:card\" content=\"summary_large_image\" \/>\n<meta name=\"twitter:label1\" content=\"Scritto da\">\n\t<meta name=\"twitter:data1\" content=\"francesca\">\n\t<meta name=\"twitter:label2\" content=\"Tempo di lettura stimato\">\n\t<meta name=\"twitter:data2\" content=\"0 minuti\">\n<script type=\"application\/ld+json\" class=\"yoast-schema-graph\">{\"@context\":\"https:\/\/schema.org\",\"@graph\":[{\"@type\":\"WebSite\",\"@id\":\"https:\/\/www.pescafish.it\/new\/#website\",\"url\":\"https:\/\/www.pescafish.it\/new\/\",\"name\":\"Pesca Fish\",\"description\":\"Benvenuti sul nostro sito!\",\"potentialAction\":[{\"@type\":\"SearchAction\",\"target\":\"https:\/\/www.pescafish.it\/new\/?s={search_term_string}\",\"query-input\":\"required name=search_term_string\"}],\"inLanguage\":\"it-IT\"},{\"@type\":\"ImageObject\",\"@id\":\"https:\/\/www.pescafish.it\/new\/prodotto\/ned-craw-6-5cm-2-5gr-floating-savage-gear\/#primaryimage\",\"inLanguage\":\"it-IT\",\"url\":\"https:\/\/www.pescafish.it\/new\/wp-content\/uploads\/2022\/03\/GREEN-PUMPKIN.jpg\",\"width\":800,\"height\":800,\"caption\":\"Savage Gear\"},{\"@type\":\"WebPage\",\"@id\":\"https:\/\/www.pescafish.it\/new\/prodotto\/ned-craw-6-5cm-2-5gr-floating-savage-gear\/#webpage\",\"url\":\"https:\/\/www.pescafish.it\/new\/prodotto\/ned-craw-6-5cm-2-5gr-floating-savage-gear\/\",\"name\":\"Ned Craw 6.5cm 2.5gr Floating\\u00a0- Savage Gear - Pesca Fish\",\"isPartOf\":{\"@id\":\"https:\/\/www.pescafish.it\/new\/#website\"},\"primaryImageOfPage\":{\"@id\":\"https:\/\/www.pescafish.it\/new\/prodotto\/ned-craw-6-5cm-2-5gr-floating-savage-gear\/#primaryimage\"},\"datePublished\":\"2022-03-11T17:31:37+00:00\",\"dateModified\":\"2026-04-04T16:26:33+00:00\",\"inLanguage\":\"it-IT\",\"potentialAction\":[{\"@type\":\"ReadAction\",\"target\":[\"https:\/\/www.pescafish.it\/new\/prodotto\/ned-craw-6-5cm-2-5gr-floating-savage-gear\/\"]}]}]}<\/script>\n<!-- \/ Yoast SEO plugin. -->","_links":{"self":[{"href":"https:\/\/www.pescafish.it\/new\/wp-json\/wp\/v2\/product\/76637"}],"collection":[{"href":"https:\/\/www.pescafish.it\/new\/wp-json\/wp\/v2\/product"}],"about":[{"href":"https:\/\/www.pescafish.it\/new\/wp-json\/wp\/v2\/types\/product"}],"replies":[{"embeddable":true,"href":"https:\/\/www.pescafish.it\/new\/wp-json\/wp\/v2\/comments?post=76637"}],"wp:featuredmedia":[{"embeddable":true,"href":"https:\/\/www.pescafish.it\/new\/wp-json\/wp\/v2\/media\/76638"}],"wp:attachment":[{"href":"https:\/\/www.pescafish.it\/new\/wp-json\/wp\/v2\/media?parent=76637"}],"wp:term":[{"taxonomy":"product_cat","embeddable":true,"href":"https:\/\/www.pescafish.it\/new\/wp-json\/wp\/v2\/product_cat?post=76637"},{"taxonomy":"product_tag","embeddable":true,"href":"https:\/\/www.pescafish.it\/new\/wp-json\/wp\/v2\/product_tag?post=76637"}],"curies":[{"name":"wp","href":"https:\/\/api.w.org\/{rel}","templated":true}]}}