{"id":76632,"date":"2022-03-11T18:22:52","date_gmt":"2022-03-11T17:22:52","guid":{"rendered":"https:\/\/www.pescafish.it\/new\/?post_type=product&#038;p=76632"},"modified":"2022-11-16T08:55:00","modified_gmt":"2022-11-16T07:55:00","slug":"element-dueal-point-bank-stick-prologic","status":"publish","type":"product","link":"https:\/\/www.pescafish.it\/new\/prodotto\/element-dueal-point-bank-stick-prologic\/","title":{"rendered":"Element Dueal Point Bank Stick\u00a0&#8211; Prologic"},"content":{"rendered":"<h2>Element Dueal Point Bank Stick<\/h2>\n<p>ELEMENT DUAL POINT BANK stick Un&#8217;innovazione intelligente nei bank stick che offre due opzioni in un unico stick: il tubo interno pi\u00f9 piccolo pu\u00f2 essere rimosso e utilizzato come proprio bank stick. Il diametro e le dimensioni pi\u00f9 piccoli offrono una facile penetrazione nei terreni pi\u00f9 difficili e una variet\u00e0 di opzioni di dimensioni con la necessit\u00e0 di prendere il kit in eccesso. Elegante finitura nera con punte affusolate lunghe integrali. Viti dinamometriche di precisione per una regolazione facile e sicura.<\/p>\n<p><strong>Disponibile nelle seguenti misure:<\/strong><br \/>\n<strong>72691<\/strong>\u00a0 30-50cm<br \/>\n<strong>72692<\/strong>\u00a0 50-80cm<\/p>\n","protected":false},"excerpt":{"rendered":"<p>Element Dueal Point Bank Stick ELEMENT DUAL POINT BANK stick Un&#8217;innovazione intelligente nei bank stick che offre due opzioni in un unico stick: il tubo interno pi\u00f9 piccolo pu\u00f2 essere rimosso e utilizzato come proprio bank stick. Il diametro e le dimensioni pi\u00f9 piccoli offrono una facile penetrazione nei terreni pi\u00f9 difficili e una variet\u00e0 [&hellip;]<\/p>\n","protected":false},"featured_media":76633,"comment_status":"closed","ping_status":"closed","template":"","meta":[],"product_cat":[449],"product_tag":[1040],"yoast_head":"<!-- This site is optimized with the Yoast SEO plugin v15.3 - https:\/\/yoast.com\/wordpress\/plugins\/seo\/ -->\n<title>Element Dueal Point Bank Stick\u00a0- Prologic - Pesca Fish<\/title>\n<meta name=\"robots\" content=\"index, follow, max-snippet:-1, max-image-preview:large, max-video-preview:-1\" \/>\n<link rel=\"canonical\" href=\"https:\/\/www.pescafish.it\/new\/prodotto\/element-dueal-point-bank-stick-prologic\/\" \/>\n<meta property=\"og:locale\" content=\"it_IT\" \/>\n<meta property=\"og:type\" content=\"article\" \/>\n<meta property=\"og:title\" content=\"Element Dueal Point Bank Stick\u00a0- Prologic - Pesca Fish\" \/>\n<meta property=\"og:description\" content=\"Element Dueal Point Bank Stick ELEMENT DUAL POINT BANK stick Un&#8217;innovazione intelligente nei bank stick che offre due opzioni in un unico stick: il tubo interno pi\u00f9 piccolo pu\u00f2 essere rimosso e utilizzato come proprio bank stick. Il diametro e le dimensioni pi\u00f9 piccoli offrono una facile penetrazione nei terreni pi\u00f9 difficili e una variet\u00e0 [&hellip;]\" \/>\n<meta property=\"og:url\" content=\"https:\/\/www.pescafish.it\/new\/prodotto\/element-dueal-point-bank-stick-prologic\/\" \/>\n<meta property=\"og:site_name\" content=\"Pesca Fish\" \/>\n<meta property=\"article:publisher\" content=\"https:\/\/www.facebook.com\/pescafishvr\/\" \/>\n<meta property=\"article:modified_time\" content=\"2022-11-16T07:55:00+00:00\" \/>\n<meta property=\"og:image\" content=\"https:\/\/www.pescafish.it\/new\/wp-content\/uploads\/2022\/03\/72691.png\" \/>\n\t<meta property=\"og:image:width\" content=\"1000\" \/>\n\t<meta property=\"og:image:height\" content=\"1000\" \/>\n<meta name=\"twitter:card\" content=\"summary_large_image\" \/>\n<meta name=\"twitter:label1\" content=\"Scritto da\">\n\t<meta name=\"twitter:data1\" content=\"francesca\">\n\t<meta name=\"twitter:label2\" content=\"Tempo di lettura stimato\">\n\t<meta name=\"twitter:data2\" content=\"0 minuti\">\n<script type=\"application\/ld+json\" class=\"yoast-schema-graph\">{\"@context\":\"https:\/\/schema.org\",\"@graph\":[{\"@type\":\"WebSite\",\"@id\":\"https:\/\/www.pescafish.it\/new\/#website\",\"url\":\"https:\/\/www.pescafish.it\/new\/\",\"name\":\"Pesca Fish\",\"description\":\"Benvenuti sul nostro sito!\",\"potentialAction\":[{\"@type\":\"SearchAction\",\"target\":\"https:\/\/www.pescafish.it\/new\/?s={search_term_string}\",\"query-input\":\"required name=search_term_string\"}],\"inLanguage\":\"it-IT\"},{\"@type\":\"ImageObject\",\"@id\":\"https:\/\/www.pescafish.it\/new\/prodotto\/element-dueal-point-bank-stick-prologic\/#primaryimage\",\"inLanguage\":\"it-IT\",\"url\":\"https:\/\/www.pescafish.it\/new\/wp-content\/uploads\/2022\/03\/72691.png\",\"width\":1000,\"height\":1000,\"caption\":\"Prologic\"},{\"@type\":\"WebPage\",\"@id\":\"https:\/\/www.pescafish.it\/new\/prodotto\/element-dueal-point-bank-stick-prologic\/#webpage\",\"url\":\"https:\/\/www.pescafish.it\/new\/prodotto\/element-dueal-point-bank-stick-prologic\/\",\"name\":\"Element Dueal Point Bank Stick\\u00a0- Prologic - Pesca Fish\",\"isPartOf\":{\"@id\":\"https:\/\/www.pescafish.it\/new\/#website\"},\"primaryImageOfPage\":{\"@id\":\"https:\/\/www.pescafish.it\/new\/prodotto\/element-dueal-point-bank-stick-prologic\/#primaryimage\"},\"datePublished\":\"2022-03-11T17:22:52+00:00\",\"dateModified\":\"2022-11-16T07:55:00+00:00\",\"inLanguage\":\"it-IT\",\"potentialAction\":[{\"@type\":\"ReadAction\",\"target\":[\"https:\/\/www.pescafish.it\/new\/prodotto\/element-dueal-point-bank-stick-prologic\/\"]}]}]}<\/script>\n<!-- \/ Yoast SEO plugin. -->","_links":{"self":[{"href":"https:\/\/www.pescafish.it\/new\/wp-json\/wp\/v2\/product\/76632"}],"collection":[{"href":"https:\/\/www.pescafish.it\/new\/wp-json\/wp\/v2\/product"}],"about":[{"href":"https:\/\/www.pescafish.it\/new\/wp-json\/wp\/v2\/types\/product"}],"replies":[{"embeddable":true,"href":"https:\/\/www.pescafish.it\/new\/wp-json\/wp\/v2\/comments?post=76632"}],"wp:featuredmedia":[{"embeddable":true,"href":"https:\/\/www.pescafish.it\/new\/wp-json\/wp\/v2\/media\/76633"}],"wp:attachment":[{"href":"https:\/\/www.pescafish.it\/new\/wp-json\/wp\/v2\/media?parent=76632"}],"wp:term":[{"taxonomy":"product_cat","embeddable":true,"href":"https:\/\/www.pescafish.it\/new\/wp-json\/wp\/v2\/product_cat?post=76632"},{"taxonomy":"product_tag","embeddable":true,"href":"https:\/\/www.pescafish.it\/new\/wp-json\/wp\/v2\/product_tag?post=76632"}],"curies":[{"name":"wp","href":"https:\/\/api.w.org\/{rel}","templated":true}]}}