{"id":76617,"date":"2022-03-11T17:35:28","date_gmt":"2022-03-11T16:35:28","guid":{"rendered":"https:\/\/www.pescafish.it\/new\/?post_type=product&#038;p=76617"},"modified":"2022-11-15T18:08:41","modified_gmt":"2022-11-15T17:08:41","slug":"avenger-roll-up-flat-unhooking-mat-medium-prologic","status":"publish","type":"product","link":"https:\/\/www.pescafish.it\/new\/prodotto\/avenger-roll-up-flat-unhooking-mat-medium-prologic\/","title":{"rendered":"Avenger Roll up\/flat Unhooking Mat Medium\u00a0&#8211; Prologic"},"content":{"rendered":"<h2 id=\"ucj-3\" class=\"oBOnKe\">Avenger Roll up\/flat Unhooking Mat Medium<\/h2>\n<div class=\"dePhmb\" aria-live=\"polite\">\n<div class=\"eyKpYb\" data-language=\"it\" data-original-language=\"en\" data-result-index=\"0\">\n<div class=\"J0lOec\"><span class=\"VIiyi\" lang=\"it\"><span class=\"JLqJ4b ChMk0b\" data-language-for-alternatives=\"it\" data-language-to-translate-into=\"en\" data-phrase-index=\"0\" data-number-of-phrases=\"3\">Ideale per pescatori itineranti a stalker, il design \u00e8 leggero ed estremamente compatto.<\/span> <span class=\"JLqJ4b ChMk0b\" data-language-for-alternatives=\"it\" data-language-to-translate-into=\"en\" data-phrase-index=\"1\" data-number-of-phrases=\"3\">Questo \u00e8 un tappetino ideale per chi prende di mira carpe pi\u00f9 piccole e altre specie di esemplari.<\/span>\u00a0<\/span><\/div>\n<div><\/div>\n<div><strong>Ideale per piccoli pesci.<\/strong><\/div>\n<div><strong>Misure:<\/strong> 95x50cm<\/div>\n<\/div>\n<\/div>\n","protected":false},"excerpt":{"rendered":"<p>Avenger Roll up\/flat Unhooking Mat Medium Ideale per pescatori itineranti a stalker, il design \u00e8 leggero ed estremamente compatto. Questo \u00e8 un tappetino ideale per chi prende di mira carpe pi\u00f9 piccole e altre specie di esemplari.\u00a0 Ideale per piccoli pesci. Misure: 95x50cm<\/p>\n","protected":false},"featured_media":76618,"comment_status":"closed","ping_status":"closed","template":"","meta":[],"product_cat":[411],"product_tag":[1040],"yoast_head":"<!-- This site is optimized with the Yoast SEO plugin v15.3 - https:\/\/yoast.com\/wordpress\/plugins\/seo\/ -->\n<title>Avenger Roll up\/flat Unhooking Mat Medium\u00a0- Prologic - Pesca Fish<\/title>\n<meta name=\"robots\" content=\"index, follow, max-snippet:-1, max-image-preview:large, max-video-preview:-1\" \/>\n<link rel=\"canonical\" href=\"https:\/\/www.pescafish.it\/new\/prodotto\/avenger-roll-up-flat-unhooking-mat-medium-prologic\/\" \/>\n<meta property=\"og:locale\" content=\"it_IT\" \/>\n<meta property=\"og:type\" content=\"article\" \/>\n<meta property=\"og:title\" content=\"Avenger Roll up\/flat Unhooking Mat Medium\u00a0- Prologic - Pesca Fish\" \/>\n<meta property=\"og:description\" content=\"Avenger Roll up\/flat Unhooking Mat Medium Ideale per pescatori itineranti a stalker, il design \u00e8 leggero ed estremamente compatto. Questo \u00e8 un tappetino ideale per chi prende di mira carpe pi\u00f9 piccole e altre specie di esemplari.\u00a0 Ideale per piccoli pesci. Misure: 95x50cm\" \/>\n<meta property=\"og:url\" content=\"https:\/\/www.pescafish.it\/new\/prodotto\/avenger-roll-up-flat-unhooking-mat-medium-prologic\/\" \/>\n<meta property=\"og:site_name\" content=\"Pesca Fish\" \/>\n<meta property=\"article:publisher\" content=\"https:\/\/www.facebook.com\/pescafishvr\/\" \/>\n<meta property=\"article:modified_time\" content=\"2022-11-15T17:08:41+00:00\" \/>\n<meta property=\"og:image\" content=\"https:\/\/www.pescafish.it\/new\/wp-content\/uploads\/2022\/03\/65003.png\" \/>\n\t<meta property=\"og:image:width\" content=\"800\" \/>\n\t<meta property=\"og:image:height\" content=\"800\" \/>\n<meta name=\"twitter:card\" content=\"summary_large_image\" \/>\n<meta name=\"twitter:label1\" content=\"Scritto da\">\n\t<meta name=\"twitter:data1\" content=\"francesca\">\n\t<meta name=\"twitter:label2\" content=\"Tempo di lettura stimato\">\n\t<meta name=\"twitter:data2\" content=\"0 minuti\">\n<script type=\"application\/ld+json\" class=\"yoast-schema-graph\">{\"@context\":\"https:\/\/schema.org\",\"@graph\":[{\"@type\":\"WebSite\",\"@id\":\"https:\/\/www.pescafish.it\/new\/#website\",\"url\":\"https:\/\/www.pescafish.it\/new\/\",\"name\":\"Pesca Fish\",\"description\":\"Benvenuti sul nostro sito!\",\"potentialAction\":[{\"@type\":\"SearchAction\",\"target\":\"https:\/\/www.pescafish.it\/new\/?s={search_term_string}\",\"query-input\":\"required name=search_term_string\"}],\"inLanguage\":\"it-IT\"},{\"@type\":\"ImageObject\",\"@id\":\"https:\/\/www.pescafish.it\/new\/prodotto\/avenger-roll-up-flat-unhooking-mat-medium-prologic\/#primaryimage\",\"inLanguage\":\"it-IT\",\"url\":\"https:\/\/www.pescafish.it\/new\/wp-content\/uploads\/2022\/03\/65003.png\",\"width\":800,\"height\":800,\"caption\":\"Prologic\"},{\"@type\":\"WebPage\",\"@id\":\"https:\/\/www.pescafish.it\/new\/prodotto\/avenger-roll-up-flat-unhooking-mat-medium-prologic\/#webpage\",\"url\":\"https:\/\/www.pescafish.it\/new\/prodotto\/avenger-roll-up-flat-unhooking-mat-medium-prologic\/\",\"name\":\"Avenger Roll up\/flat Unhooking Mat Medium\\u00a0- Prologic - Pesca Fish\",\"isPartOf\":{\"@id\":\"https:\/\/www.pescafish.it\/new\/#website\"},\"primaryImageOfPage\":{\"@id\":\"https:\/\/www.pescafish.it\/new\/prodotto\/avenger-roll-up-flat-unhooking-mat-medium-prologic\/#primaryimage\"},\"datePublished\":\"2022-03-11T16:35:28+00:00\",\"dateModified\":\"2022-11-15T17:08:41+00:00\",\"inLanguage\":\"it-IT\",\"potentialAction\":[{\"@type\":\"ReadAction\",\"target\":[\"https:\/\/www.pescafish.it\/new\/prodotto\/avenger-roll-up-flat-unhooking-mat-medium-prologic\/\"]}]}]}<\/script>\n<!-- \/ Yoast SEO plugin. -->","_links":{"self":[{"href":"https:\/\/www.pescafish.it\/new\/wp-json\/wp\/v2\/product\/76617"}],"collection":[{"href":"https:\/\/www.pescafish.it\/new\/wp-json\/wp\/v2\/product"}],"about":[{"href":"https:\/\/www.pescafish.it\/new\/wp-json\/wp\/v2\/types\/product"}],"replies":[{"embeddable":true,"href":"https:\/\/www.pescafish.it\/new\/wp-json\/wp\/v2\/comments?post=76617"}],"wp:featuredmedia":[{"embeddable":true,"href":"https:\/\/www.pescafish.it\/new\/wp-json\/wp\/v2\/media\/76618"}],"wp:attachment":[{"href":"https:\/\/www.pescafish.it\/new\/wp-json\/wp\/v2\/media?parent=76617"}],"wp:term":[{"taxonomy":"product_cat","embeddable":true,"href":"https:\/\/www.pescafish.it\/new\/wp-json\/wp\/v2\/product_cat?post=76617"},{"taxonomy":"product_tag","embeddable":true,"href":"https:\/\/www.pescafish.it\/new\/wp-json\/wp\/v2\/product_tag?post=76617"}],"curies":[{"name":"wp","href":"https:\/\/api.w.org\/{rel}","templated":true}]}}