{"id":76528,"date":"2022-03-11T09:29:43","date_gmt":"2022-03-11T08:29:43","guid":{"rendered":"https:\/\/www.pescafish.it\/new\/?post_type=product&#038;p=76528"},"modified":"2023-05-06T12:01:39","modified_gmt":"2023-05-06T10:01:39","slug":"clich-pivoting-snag-butt-gripp-prologic","status":"publish","type":"product","link":"https:\/\/www.pescafish.it\/new\/prodotto\/clich-pivoting-snag-butt-gripp-prologic\/","title":{"rendered":"Clich Pivoting Snag Butt Gripp &#8211; Prologic"},"content":{"rendered":"<h2>Clich Pivoting Snag Butt Gripp<\/h2>\n<p>Probabilmente la presa di testa pi\u00f9 funzionale e sicura sul mercato fino ad oggi. Taglio a macchina da alluminio di alta qualit\u00e0, composto da 2 parti di precisione che lavorano insieme. Il supporto per piolo della canna pu\u00f2 essere facilmente montato su tutte le configurazioni del manico della canna da pesca. Il fissaggio \u00e8 facilitato da un O-ring EPE ad alta resistenza per facilitare ci\u00f2, inoltre la base del piolo dell&#8217;asta \u00e8 ricoperta da un EVA ad alto attrito. Il supporto per asta di banca ha due clip tenditore con cuscinetti a sfera caricate a molla e completamente regolabili che consentono di regolare completamente la tensione richiesta. Ci\u00f2 consente anche di ruotare le canne verso l&#8217;alto o verso il basso, possono anche essere completamente sollevate quando si pesca a distanze estreme. Aiutandoti a coprire ogni situazione immaginabile con fiducia.<\/p>\n<p><strong>Confezione da 1 pezzo.<\/strong><\/p>\n<p>&nbsp;<\/p>\n","protected":false},"excerpt":{"rendered":"<p>Clich Pivoting Snag Butt Gripp Probabilmente la presa di testa pi\u00f9 funzionale e sicura sul mercato fino ad oggi. Taglio a macchina da alluminio di alta qualit\u00e0, composto da 2 parti di precisione che lavorano insieme. Il supporto per piolo della canna pu\u00f2 essere facilmente montato su tutte le configurazioni del manico della canna da [&hellip;]<\/p>\n","protected":false},"featured_media":76530,"comment_status":"closed","ping_status":"closed","template":"","meta":[],"product_cat":[111],"product_tag":[1040],"yoast_head":"<!-- This site is optimized with the Yoast SEO plugin v15.3 - https:\/\/yoast.com\/wordpress\/plugins\/seo\/ -->\n<title>Clich Pivoting Snag Butt Gripp - Prologic - Pesca Fish<\/title>\n<meta name=\"robots\" content=\"index, follow, max-snippet:-1, max-image-preview:large, max-video-preview:-1\" \/>\n<link rel=\"canonical\" href=\"https:\/\/www.pescafish.it\/new\/prodotto\/clich-pivoting-snag-butt-gripp-prologic\/\" \/>\n<meta property=\"og:locale\" content=\"it_IT\" \/>\n<meta property=\"og:type\" content=\"article\" \/>\n<meta property=\"og:title\" content=\"Clich Pivoting Snag Butt Gripp - Prologic - Pesca Fish\" \/>\n<meta property=\"og:description\" content=\"Clich Pivoting Snag Butt Gripp Probabilmente la presa di testa pi\u00f9 funzionale e sicura sul mercato fino ad oggi. Taglio a macchina da alluminio di alta qualit\u00e0, composto da 2 parti di precisione che lavorano insieme. Il supporto per piolo della canna pu\u00f2 essere facilmente montato su tutte le configurazioni del manico della canna da [&hellip;]\" \/>\n<meta property=\"og:url\" content=\"https:\/\/www.pescafish.it\/new\/prodotto\/clich-pivoting-snag-butt-gripp-prologic\/\" \/>\n<meta property=\"og:site_name\" content=\"Pesca Fish\" \/>\n<meta property=\"article:publisher\" content=\"https:\/\/www.facebook.com\/pescafishvr\/\" \/>\n<meta property=\"article:modified_time\" content=\"2023-05-06T10:01:39+00:00\" \/>\n<meta property=\"og:image\" content=\"https:\/\/www.pescafish.it\/new\/wp-content\/uploads\/2022\/03\/65059.png\" \/>\n\t<meta property=\"og:image:width\" content=\"1000\" \/>\n\t<meta property=\"og:image:height\" content=\"1000\" \/>\n<meta name=\"twitter:card\" content=\"summary_large_image\" \/>\n<meta name=\"twitter:label1\" content=\"Scritto da\">\n\t<meta name=\"twitter:data1\" content=\"francesca\">\n\t<meta name=\"twitter:label2\" content=\"Tempo di lettura stimato\">\n\t<meta name=\"twitter:data2\" content=\"1 minuto\">\n<script type=\"application\/ld+json\" class=\"yoast-schema-graph\">{\"@context\":\"https:\/\/schema.org\",\"@graph\":[{\"@type\":\"WebSite\",\"@id\":\"https:\/\/www.pescafish.it\/new\/#website\",\"url\":\"https:\/\/www.pescafish.it\/new\/\",\"name\":\"Pesca Fish\",\"description\":\"Benvenuti sul nostro sito!\",\"potentialAction\":[{\"@type\":\"SearchAction\",\"target\":\"https:\/\/www.pescafish.it\/new\/?s={search_term_string}\",\"query-input\":\"required name=search_term_string\"}],\"inLanguage\":\"it-IT\"},{\"@type\":\"ImageObject\",\"@id\":\"https:\/\/www.pescafish.it\/new\/prodotto\/clich-pivoting-snag-butt-gripp-prologic\/#primaryimage\",\"inLanguage\":\"it-IT\",\"url\":\"https:\/\/www.pescafish.it\/new\/wp-content\/uploads\/2022\/03\/65059.png\",\"width\":1000,\"height\":1000,\"caption\":\"Prologic\"},{\"@type\":\"WebPage\",\"@id\":\"https:\/\/www.pescafish.it\/new\/prodotto\/clich-pivoting-snag-butt-gripp-prologic\/#webpage\",\"url\":\"https:\/\/www.pescafish.it\/new\/prodotto\/clich-pivoting-snag-butt-gripp-prologic\/\",\"name\":\"Clich Pivoting Snag Butt Gripp - Prologic - Pesca Fish\",\"isPartOf\":{\"@id\":\"https:\/\/www.pescafish.it\/new\/#website\"},\"primaryImageOfPage\":{\"@id\":\"https:\/\/www.pescafish.it\/new\/prodotto\/clich-pivoting-snag-butt-gripp-prologic\/#primaryimage\"},\"datePublished\":\"2022-03-11T08:29:43+00:00\",\"dateModified\":\"2023-05-06T10:01:39+00:00\",\"inLanguage\":\"it-IT\",\"potentialAction\":[{\"@type\":\"ReadAction\",\"target\":[\"https:\/\/www.pescafish.it\/new\/prodotto\/clich-pivoting-snag-butt-gripp-prologic\/\"]}]}]}<\/script>\n<!-- \/ Yoast SEO plugin. -->","_links":{"self":[{"href":"https:\/\/www.pescafish.it\/new\/wp-json\/wp\/v2\/product\/76528"}],"collection":[{"href":"https:\/\/www.pescafish.it\/new\/wp-json\/wp\/v2\/product"}],"about":[{"href":"https:\/\/www.pescafish.it\/new\/wp-json\/wp\/v2\/types\/product"}],"replies":[{"embeddable":true,"href":"https:\/\/www.pescafish.it\/new\/wp-json\/wp\/v2\/comments?post=76528"}],"wp:featuredmedia":[{"embeddable":true,"href":"https:\/\/www.pescafish.it\/new\/wp-json\/wp\/v2\/media\/76530"}],"wp:attachment":[{"href":"https:\/\/www.pescafish.it\/new\/wp-json\/wp\/v2\/media?parent=76528"}],"wp:term":[{"taxonomy":"product_cat","embeddable":true,"href":"https:\/\/www.pescafish.it\/new\/wp-json\/wp\/v2\/product_cat?post=76528"},{"taxonomy":"product_tag","embeddable":true,"href":"https:\/\/www.pescafish.it\/new\/wp-json\/wp\/v2\/product_tag?post=76528"}],"curies":[{"name":"wp","href":"https:\/\/api.w.org\/{rel}","templated":true}]}}