{"id":76517,"date":"2022-03-10T18:52:01","date_gmt":"2022-03-10T17:52:01","guid":{"rendered":"https:\/\/www.pescafish.it\/new\/?post_type=product&#038;p=76517"},"modified":"2025-12-20T18:28:13","modified_gmt":"2025-12-20T17:28:13","slug":"regenerator-mono-clear-savage-gear","status":"publish","type":"product","link":"https:\/\/www.pescafish.it\/new\/prodotto\/regenerator-mono-clear-savage-gear\/","title":{"rendered":"Regenerator Mono\u00a0Clear &#8211; Savage Gear"},"content":{"rendered":"<h2>Regenerator Mono Clear<\/h2>\n<p>Il Regenerator \u00e8 un filo mono morbido praticamente invisibile realizzato con un copolimero molto forte e resistente all&#8217;abrasione. La linea \u00e8 resistente ai raggi UV, agli agenti chimici, non assorbente e la formula super morbida offre la perfetta presentazione in acqua della tua esca o esca. La nostra formula \u00e8 molto resistente ai tagli e ai denti di luccio, combinata con un&#8217;incredibile forza ed elasticit\u00e0 del nodo: il rigeneratore \u00e8 il materiale traccia perfetto per i pesci predatori con i denti.<\/p>\n<p><strong>Disponibile nelle seguenti varianti:<\/strong><br \/>\n<strong>54838<\/strong>\u00a0 0.40mm 22lb<br \/>\n<strong>54839<\/strong>\u00a0 0.50mm 32lb<br \/>\n<strong>54840<\/strong>\u00a0 0.60mm 43.5lb<br \/>\n<strong>54841<\/strong>\u00a0 0.70mm 57lb<br \/>\n<strong>54842<\/strong>\u00a0 0.81mm 73lb<br \/>\n<strong>54843<\/strong>\u00a0 0.90mm 90lb<br \/>\n<strong>54844<\/strong>\u00a0 1.05mm 114lb<\/p>\n","protected":false},"excerpt":{"rendered":"<p>Regenerator Mono Clear Il Regenerator \u00e8 un filo mono morbido praticamente invisibile realizzato con un copolimero molto forte e resistente all&#8217;abrasione. La linea \u00e8 resistente ai raggi UV, agli agenti chimici, non assorbente e la formula super morbida offre la perfetta presentazione in acqua della tua esca o esca. La nostra formula \u00e8 molto resistente [&hellip;]<\/p>\n","protected":false},"featured_media":76518,"comment_status":"closed","ping_status":"closed","template":"","meta":[],"product_cat":[210],"product_tag":[1037],"yoast_head":"<!-- This site is optimized with the Yoast SEO plugin v15.3 - https:\/\/yoast.com\/wordpress\/plugins\/seo\/ -->\n<title>Regenerator Mono\u00a0Clear - Savage Gear - Pesca Fish<\/title>\n<meta name=\"robots\" content=\"index, follow, max-snippet:-1, max-image-preview:large, max-video-preview:-1\" \/>\n<link rel=\"canonical\" href=\"https:\/\/www.pescafish.it\/new\/prodotto\/regenerator-mono-clear-savage-gear\/\" \/>\n<meta property=\"og:locale\" content=\"it_IT\" \/>\n<meta property=\"og:type\" content=\"article\" \/>\n<meta property=\"og:title\" content=\"Regenerator Mono\u00a0Clear - Savage Gear - Pesca Fish\" \/>\n<meta property=\"og:description\" content=\"Regenerator Mono Clear Il Regenerator \u00e8 un filo mono morbido praticamente invisibile realizzato con un copolimero molto forte e resistente all&#8217;abrasione. La linea \u00e8 resistente ai raggi UV, agli agenti chimici, non assorbente e la formula super morbida offre la perfetta presentazione in acqua della tua esca o esca. La nostra formula \u00e8 molto resistente [&hellip;]\" \/>\n<meta property=\"og:url\" content=\"https:\/\/www.pescafish.it\/new\/prodotto\/regenerator-mono-clear-savage-gear\/\" \/>\n<meta property=\"og:site_name\" content=\"Pesca Fish\" \/>\n<meta property=\"article:publisher\" content=\"https:\/\/www.facebook.com\/pescafishvr\/\" \/>\n<meta property=\"article:modified_time\" content=\"2025-12-20T17:28:13+00:00\" \/>\n<meta property=\"og:image\" content=\"https:\/\/www.pescafish.it\/new\/wp-content\/uploads\/2022\/03\/54838.png\" \/>\n\t<meta property=\"og:image:width\" content=\"800\" \/>\n\t<meta property=\"og:image:height\" content=\"800\" \/>\n<meta name=\"twitter:card\" content=\"summary_large_image\" \/>\n<meta name=\"twitter:label1\" content=\"Scritto da\">\n\t<meta name=\"twitter:data1\" content=\"francesca\">\n\t<meta name=\"twitter:label2\" content=\"Tempo di lettura stimato\">\n\t<meta name=\"twitter:data2\" content=\"0 minuti\">\n<script type=\"application\/ld+json\" class=\"yoast-schema-graph\">{\"@context\":\"https:\/\/schema.org\",\"@graph\":[{\"@type\":\"WebSite\",\"@id\":\"https:\/\/www.pescafish.it\/new\/#website\",\"url\":\"https:\/\/www.pescafish.it\/new\/\",\"name\":\"Pesca Fish\",\"description\":\"Benvenuti sul nostro sito!\",\"potentialAction\":[{\"@type\":\"SearchAction\",\"target\":\"https:\/\/www.pescafish.it\/new\/?s={search_term_string}\",\"query-input\":\"required name=search_term_string\"}],\"inLanguage\":\"it-IT\"},{\"@type\":\"ImageObject\",\"@id\":\"https:\/\/www.pescafish.it\/new\/prodotto\/regenerator-mono-clear-savage-gear\/#primaryimage\",\"inLanguage\":\"it-IT\",\"url\":\"https:\/\/www.pescafish.it\/new\/wp-content\/uploads\/2022\/03\/54838.png\",\"width\":800,\"height\":800,\"caption\":\"Savage Gear\"},{\"@type\":\"WebPage\",\"@id\":\"https:\/\/www.pescafish.it\/new\/prodotto\/regenerator-mono-clear-savage-gear\/#webpage\",\"url\":\"https:\/\/www.pescafish.it\/new\/prodotto\/regenerator-mono-clear-savage-gear\/\",\"name\":\"Regenerator Mono\\u00a0Clear - Savage Gear - Pesca Fish\",\"isPartOf\":{\"@id\":\"https:\/\/www.pescafish.it\/new\/#website\"},\"primaryImageOfPage\":{\"@id\":\"https:\/\/www.pescafish.it\/new\/prodotto\/regenerator-mono-clear-savage-gear\/#primaryimage\"},\"datePublished\":\"2022-03-10T17:52:01+00:00\",\"dateModified\":\"2025-12-20T17:28:13+00:00\",\"inLanguage\":\"it-IT\",\"potentialAction\":[{\"@type\":\"ReadAction\",\"target\":[\"https:\/\/www.pescafish.it\/new\/prodotto\/regenerator-mono-clear-savage-gear\/\"]}]}]}<\/script>\n<!-- \/ Yoast SEO plugin. -->","_links":{"self":[{"href":"https:\/\/www.pescafish.it\/new\/wp-json\/wp\/v2\/product\/76517"}],"collection":[{"href":"https:\/\/www.pescafish.it\/new\/wp-json\/wp\/v2\/product"}],"about":[{"href":"https:\/\/www.pescafish.it\/new\/wp-json\/wp\/v2\/types\/product"}],"replies":[{"embeddable":true,"href":"https:\/\/www.pescafish.it\/new\/wp-json\/wp\/v2\/comments?post=76517"}],"wp:featuredmedia":[{"embeddable":true,"href":"https:\/\/www.pescafish.it\/new\/wp-json\/wp\/v2\/media\/76518"}],"wp:attachment":[{"href":"https:\/\/www.pescafish.it\/new\/wp-json\/wp\/v2\/media?parent=76517"}],"wp:term":[{"taxonomy":"product_cat","embeddable":true,"href":"https:\/\/www.pescafish.it\/new\/wp-json\/wp\/v2\/product_cat?post=76517"},{"taxonomy":"product_tag","embeddable":true,"href":"https:\/\/www.pescafish.it\/new\/wp-json\/wp\/v2\/product_tag?post=76517"}],"curies":[{"name":"wp","href":"https:\/\/api.w.org\/{rel}","templated":true}]}}