{"id":76414,"date":"2022-03-09T18:45:58","date_gmt":"2022-03-09T17:45:58","guid":{"rendered":"https:\/\/www.pescafish.it\/new\/?post_type=product&#038;p=76414"},"modified":"2025-07-09T14:46:18","modified_gmt":"2025-07-09T12:46:18","slug":"aero-technium-mgs-xsd","status":"publish","type":"product","link":"https:\/\/www.pescafish.it\/new\/prodotto\/aero-technium-mgs-xsd\/","title":{"rendered":"Aero Technium Mgs 14000 XSD &#8211; Shimano"},"content":{"rendered":"<p>L\u2019Aero Technium MgS \u00e8 l\u2019ultimo gioiello nato della serie Big Pit Shimano. \u00c8 un mulinello unico nel suo genere, che ingloba tutte le pi\u00f9 recenti e avanzate tecnologie Shimano; in particolare \u00e8 una vera e propria macchina da lancio. L\u2019elenco delle caratteristiche di questo mulinello \u00e8 notevole: ogni elemento della tecnologia Shimano disponibile \u00e8 stato utilizzato. Un corpo Hagane, il telaio in magnesio lo rende incredibilmente leggero ma estremamente resistente. Hagane (forgiato a freddo) Gear per la massima resistenza, Infinity drive e Silent drive per una maggiore potenza di avvolgimento, scorrevolezza e durata e un archetto monopezzo in titanio per guidare sempre la lenza verso il rullino e massimizzare la resistenza dell\u2019archetto stesso. La caratteristica pi\u00f9 notevole \u00e8 un Bobina da 45 mm con sistema di imbobinamento Super Slow 10 che compie ben 107 giri di filo per oscillazione per ottenere un lancio praticamente perfetto, raggiungendo una distanza maggiore, con pi\u00f9 precisione; meccanica ridisegnata per poter gestire e controllare meglio tutta quella potenza esercitata durante un lancio. In una frase: il miglior mulinello da distanza mai costruito.<\/p>\n<p><strong>Caratteristiche:<\/strong><br \/>\n\u2022 Cuscinetti: 8+1<br \/>\n\u2022 Corpo in magnesio e rotore Ci4+ riducono drasticamente il peso mantenendo il meglio in termini di resistenza e rigidit\u00e0 del corpo<br \/>\n\u2022 Avvolgimento fluido e potente grazie a HAGANE Gearing, X-SHIP, Infinity Drive e SilentDrive<br \/>\n\u2022 Rigid cast per una maggiore resistenza dell\u2019alberino, minori vibrazioni per i lanci pi\u00f9 potenti<br \/>\n\u2022 Il design della bobina da 45 mm in combinazione con l\u2019oscillazione Super Slow Speed 10 (107 giri) offre un potenziale di distanza di lancio inimmaginabile<br \/>\n\u2022 Manovella ripiegabile, lavorata di precisione, che assicura zero giochi durante l\u2019uso e il trasporto<br \/>\n\u2022 Bobina di ricambio fornita con 3 diversi riduttori di capienza (3500 \u2013 6000 \u2013 10000)<\/p>\n<p><strong>Capacit\u00e0 Bobina:<\/strong>\u00a00,35mm-550m<br \/>\n<strong>Peso:<\/strong>\u00a0510g<br \/>\n<strong>Rapporto di Recupero:<\/strong>\u00a04,3:1<br \/>\n<strong>Max Drag:<\/strong>\u00a020kg<\/p>\n<p><strong><span style=\"color: #ff0000;\">DUE ANNI DI GARANZIA<\/span><br \/>\n<span style=\"color: #ff0000;\">Da oggi per avere il TERZO ANNO DI GARANZIA, collegati al nuovo portale e registra il tuo prodotto su:<\/span><br \/>\n<span style=\"color: #000000; background-color: #ffff00;\"><a style=\"color: #000000; background-color: #ffff00;\" href=\"http:\/\/www.shimanofishnetwork.it\/garanzia\/sign_in\">http:\/\/www.shimanofishnetwork.it\/garanzia\/sign_in<\/a><\/span><\/strong><\/p>\n","protected":false},"excerpt":{"rendered":"<p>L\u2019Aero Technium MgS \u00e8 l\u2019ultimo gioiello nato della serie Big Pit Shimano. \u00c8 un mulinello unico nel suo genere, che ingloba tutte le pi\u00f9 recenti e avanzate tecnologie Shimano; in particolare \u00e8 una vera e propria macchina da lancio. L\u2019elenco delle caratteristiche di questo mulinello \u00e8 notevole: ogni elemento della tecnologia Shimano disponibile \u00e8 stato [&hellip;]<\/p>\n","protected":false},"featured_media":76415,"comment_status":"closed","ping_status":"closed","template":"","meta":[],"product_cat":[880,348],"product_tag":[1023],"yoast_head":"<!-- This site is optimized with the Yoast SEO plugin v15.3 - https:\/\/yoast.com\/wordpress\/plugins\/seo\/ -->\n<title>Aero Technium Mgs 14000 XSD - Shimano - Pesca Fish<\/title>\n<meta name=\"description\" content=\"Pesca Fish | Per informazioni scriveteci a info@pescafish.it oppure contattateci allo 045\/6100748\" \/>\n<meta name=\"robots\" content=\"index, follow, max-snippet:-1, max-image-preview:large, max-video-preview:-1\" \/>\n<link rel=\"canonical\" href=\"https:\/\/www.pescafish.it\/new\/prodotto\/aero-technium-mgs-xsd\/\" \/>\n<meta property=\"og:locale\" content=\"it_IT\" \/>\n<meta property=\"og:type\" content=\"article\" \/>\n<meta property=\"og:title\" content=\"Aero Technium Mgs 14000 XSD - Shimano - Pesca Fish\" \/>\n<meta property=\"og:description\" content=\"Pesca Fish | Per informazioni scriveteci a info@pescafish.it oppure contattateci allo 045\/6100748\" \/>\n<meta property=\"og:url\" content=\"https:\/\/www.pescafish.it\/new\/prodotto\/aero-technium-mgs-xsd\/\" \/>\n<meta property=\"og:site_name\" content=\"Pesca Fish\" \/>\n<meta property=\"article:publisher\" content=\"https:\/\/www.facebook.com\/pescafishvr\/\" \/>\n<meta property=\"article:modified_time\" content=\"2025-07-09T12:46:18+00:00\" \/>\n<meta property=\"og:image\" content=\"https:\/\/www.pescafish.it\/new\/wp-content\/uploads\/2022\/03\/AERO-TECHNIUM-MGS-14000-XSD.jpg\" \/>\n\t<meta property=\"og:image:width\" content=\"1000\" \/>\n\t<meta property=\"og:image:height\" content=\"1000\" \/>\n<meta name=\"twitter:card\" content=\"summary_large_image\" \/>\n<meta name=\"twitter:label1\" content=\"Scritto da\">\n\t<meta name=\"twitter:data1\" content=\"francesca\">\n\t<meta name=\"twitter:label2\" content=\"Tempo di lettura stimato\">\n\t<meta name=\"twitter:data2\" content=\"1 minuto\">\n<script type=\"application\/ld+json\" class=\"yoast-schema-graph\">{\"@context\":\"https:\/\/schema.org\",\"@graph\":[{\"@type\":\"WebSite\",\"@id\":\"https:\/\/www.pescafish.it\/new\/#website\",\"url\":\"https:\/\/www.pescafish.it\/new\/\",\"name\":\"Pesca Fish\",\"description\":\"Benvenuti sul nostro sito!\",\"potentialAction\":[{\"@type\":\"SearchAction\",\"target\":\"https:\/\/www.pescafish.it\/new\/?s={search_term_string}\",\"query-input\":\"required name=search_term_string\"}],\"inLanguage\":\"it-IT\"},{\"@type\":\"ImageObject\",\"@id\":\"https:\/\/www.pescafish.it\/new\/prodotto\/aero-technium-mgs-xsd\/#primaryimage\",\"inLanguage\":\"it-IT\",\"url\":\"https:\/\/www.pescafish.it\/new\/wp-content\/uploads\/2022\/03\/AERO-TECHNIUM-MGS-14000-XSD.jpg\",\"width\":1000,\"height\":1000,\"caption\":\"aero technium mgs 14000 xsd shimano\"},{\"@type\":\"WebPage\",\"@id\":\"https:\/\/www.pescafish.it\/new\/prodotto\/aero-technium-mgs-xsd\/#webpage\",\"url\":\"https:\/\/www.pescafish.it\/new\/prodotto\/aero-technium-mgs-xsd\/\",\"name\":\"Aero Technium Mgs 14000 XSD - Shimano - Pesca Fish\",\"isPartOf\":{\"@id\":\"https:\/\/www.pescafish.it\/new\/#website\"},\"primaryImageOfPage\":{\"@id\":\"https:\/\/www.pescafish.it\/new\/prodotto\/aero-technium-mgs-xsd\/#primaryimage\"},\"datePublished\":\"2022-03-09T17:45:58+00:00\",\"dateModified\":\"2025-07-09T12:46:18+00:00\",\"description\":\"Pesca Fish | Per informazioni scriveteci a info@pescafish.it oppure contattateci allo 045\/6100748\",\"inLanguage\":\"it-IT\",\"potentialAction\":[{\"@type\":\"ReadAction\",\"target\":[\"https:\/\/www.pescafish.it\/new\/prodotto\/aero-technium-mgs-xsd\/\"]}]}]}<\/script>\n<!-- \/ Yoast SEO plugin. -->","_links":{"self":[{"href":"https:\/\/www.pescafish.it\/new\/wp-json\/wp\/v2\/product\/76414"}],"collection":[{"href":"https:\/\/www.pescafish.it\/new\/wp-json\/wp\/v2\/product"}],"about":[{"href":"https:\/\/www.pescafish.it\/new\/wp-json\/wp\/v2\/types\/product"}],"replies":[{"embeddable":true,"href":"https:\/\/www.pescafish.it\/new\/wp-json\/wp\/v2\/comments?post=76414"}],"wp:featuredmedia":[{"embeddable":true,"href":"https:\/\/www.pescafish.it\/new\/wp-json\/wp\/v2\/media\/76415"}],"wp:attachment":[{"href":"https:\/\/www.pescafish.it\/new\/wp-json\/wp\/v2\/media?parent=76414"}],"wp:term":[{"taxonomy":"product_cat","embeddable":true,"href":"https:\/\/www.pescafish.it\/new\/wp-json\/wp\/v2\/product_cat?post=76414"},{"taxonomy":"product_tag","embeddable":true,"href":"https:\/\/www.pescafish.it\/new\/wp-json\/wp\/v2\/product_tag?post=76414"}],"curies":[{"name":"wp","href":"https:\/\/api.w.org\/{rel}","templated":true}]}}