{"id":76340,"date":"2022-03-08T16:07:11","date_gmt":"2022-03-08T15:07:11","guid":{"rendered":"https:\/\/www.pescafish.it\/new\/?post_type=product&#038;p=76340"},"modified":"2026-04-04T20:44:23","modified_gmt":"2026-04-04T18:44:23","slug":"claw-barbless-nash","status":"publish","type":"product","link":"https:\/\/www.pescafish.it\/new\/prodotto\/claw-barbless-nash\/","title":{"rendered":"Claw Barbless\u00a0&#8211; Nash"},"content":{"rendered":"<h2>Claw Barbless<\/h2>\n<p>L\u2019esperienza di Marc ha contribuito a sviluppare la nuova gamma Nash Pinpoint, utilizzando l\u2019ultima tecnologia in leghe di acciaio e carbonio, CARBIDE 617, ottenendo ami fino al 50% pi\u00f9 resistenti, anche se pi\u00f9 leggeri, rispetto ai modelli Nash in voga. Affilatura e maggior penetrazione \u00e8 ci\u00f2 che ci si aspetta da Pinpoint: i pi\u00f9 affilati ora disponibili.<\/p>\n<p>Insieme agli ami pi\u00f9 famosi e apprezzati nel mondo della pesca, come il Twister e i Fang, Kevin Nash ha sfruttato l\u2019opportunit\u00e0 di aggiungere nuovi modelli, garantendo pi\u00f9 performance in termini di sicurezza per i grandi carpisti.<\/p>\n<p><strong>Caratteristiche:\u00a0<\/strong><\/p>\n<p>\u2022 Nuovo disegno radicale e dalla estrema e ampia curvatura per la massima resistenza con le carpe pi\u00f9 grosse.<br \/>\n\u2022 Unico design esclusivo di curvatura ad angoli per un\u2019allamatura sicura e tenuta anche sotto pressione estrema durante il combattimento.<br \/>\n\u2022 Combina la capacit\u00e0 di allamata di un amo forte con la flessibilit\u00e0 e durata di un modello a becco.<br \/>\n\u2022 Occhiello ingrandito per facilitare l\u2019inserimento di filati per terminali pesanti.<\/p>\n<p><strong>Disponibile nelle seguenti misura:<\/strong><br \/>\n<strong>KNT6174<\/strong>\u00a0 Size 4 Barbless<br \/>\n<strong>KNT6175<\/strong>\u00a0 Size 5 Barbless<br \/>\n<strong>KNT6176<\/strong>\u00a0 Size 6 Barbless<\/p>\n<p><strong>Confezione da 10 ami<\/strong><\/p>\n","protected":false},"excerpt":{"rendered":"<p>Claw Barbless L\u2019esperienza di Marc ha contribuito a sviluppare la nuova gamma Nash Pinpoint, utilizzando l\u2019ultima tecnologia in leghe di acciaio e carbonio, CARBIDE 617, ottenendo ami fino al 50% pi\u00f9 resistenti, anche se pi\u00f9 leggeri, rispetto ai modelli Nash in voga. Affilatura e maggior penetrazione \u00e8 ci\u00f2 che ci si aspetta da Pinpoint: i [&hellip;]<\/p>\n","protected":false},"featured_media":76341,"comment_status":"closed","ping_status":"closed","template":"","meta":[],"product_cat":[390],"product_tag":[1024],"yoast_head":"<!-- This site is optimized with the Yoast SEO plugin v15.3 - https:\/\/yoast.com\/wordpress\/plugins\/seo\/ -->\n<title>Claw Barbless\u00a0- Nash - Pesca Fish<\/title>\n<meta name=\"robots\" content=\"index, follow, max-snippet:-1, max-image-preview:large, max-video-preview:-1\" \/>\n<link rel=\"canonical\" href=\"https:\/\/www.pescafish.it\/new\/prodotto\/claw-barbless-nash\/\" \/>\n<meta property=\"og:locale\" content=\"it_IT\" \/>\n<meta property=\"og:type\" content=\"article\" \/>\n<meta property=\"og:title\" content=\"Claw Barbless\u00a0- Nash - Pesca Fish\" \/>\n<meta property=\"og:description\" content=\"Claw Barbless L\u2019esperienza di Marc ha contribuito a sviluppare la nuova gamma Nash Pinpoint, utilizzando l\u2019ultima tecnologia in leghe di acciaio e carbonio, CARBIDE 617, ottenendo ami fino al 50% pi\u00f9 resistenti, anche se pi\u00f9 leggeri, rispetto ai modelli Nash in voga. Affilatura e maggior penetrazione \u00e8 ci\u00f2 che ci si aspetta da Pinpoint: i [&hellip;]\" \/>\n<meta property=\"og:url\" content=\"https:\/\/www.pescafish.it\/new\/prodotto\/claw-barbless-nash\/\" \/>\n<meta property=\"og:site_name\" content=\"Pesca Fish\" \/>\n<meta property=\"article:publisher\" content=\"https:\/\/www.facebook.com\/pescafishvr\/\" \/>\n<meta property=\"article:modified_time\" content=\"2026-04-04T18:44:23+00:00\" \/>\n<meta property=\"og:image\" content=\"https:\/\/www.pescafish.it\/new\/wp-content\/uploads\/2022\/03\/nash-hooks-size-8-barbless-nash-claw-hooks-barbless-15843333800013_2048x.jpg\" \/>\n\t<meta property=\"og:image:width\" content=\"1800\" \/>\n\t<meta property=\"og:image:height\" content=\"1250\" \/>\n<meta name=\"twitter:card\" content=\"summary_large_image\" \/>\n<meta name=\"twitter:label1\" content=\"Scritto da\">\n\t<meta name=\"twitter:data1\" content=\"francesca\">\n\t<meta name=\"twitter:label2\" content=\"Tempo di lettura stimato\">\n\t<meta name=\"twitter:data2\" content=\"1 minuto\">\n<script type=\"application\/ld+json\" class=\"yoast-schema-graph\">{\"@context\":\"https:\/\/schema.org\",\"@graph\":[{\"@type\":\"WebSite\",\"@id\":\"https:\/\/www.pescafish.it\/new\/#website\",\"url\":\"https:\/\/www.pescafish.it\/new\/\",\"name\":\"Pesca Fish\",\"description\":\"Benvenuti sul nostro sito!\",\"potentialAction\":[{\"@type\":\"SearchAction\",\"target\":\"https:\/\/www.pescafish.it\/new\/?s={search_term_string}\",\"query-input\":\"required name=search_term_string\"}],\"inLanguage\":\"it-IT\"},{\"@type\":\"ImageObject\",\"@id\":\"https:\/\/www.pescafish.it\/new\/prodotto\/claw-barbless-nash\/#primaryimage\",\"inLanguage\":\"it-IT\",\"url\":\"https:\/\/www.pescafish.it\/new\/wp-content\/uploads\/2022\/03\/nash-hooks-size-8-barbless-nash-claw-hooks-barbless-15843333800013_2048x.jpg\",\"width\":1800,\"height\":1250,\"caption\":\"Nash\"},{\"@type\":\"WebPage\",\"@id\":\"https:\/\/www.pescafish.it\/new\/prodotto\/claw-barbless-nash\/#webpage\",\"url\":\"https:\/\/www.pescafish.it\/new\/prodotto\/claw-barbless-nash\/\",\"name\":\"Claw Barbless\\u00a0- Nash - Pesca Fish\",\"isPartOf\":{\"@id\":\"https:\/\/www.pescafish.it\/new\/#website\"},\"primaryImageOfPage\":{\"@id\":\"https:\/\/www.pescafish.it\/new\/prodotto\/claw-barbless-nash\/#primaryimage\"},\"datePublished\":\"2022-03-08T15:07:11+00:00\",\"dateModified\":\"2026-04-04T18:44:23+00:00\",\"inLanguage\":\"it-IT\",\"potentialAction\":[{\"@type\":\"ReadAction\",\"target\":[\"https:\/\/www.pescafish.it\/new\/prodotto\/claw-barbless-nash\/\"]}]}]}<\/script>\n<!-- \/ Yoast SEO plugin. -->","_links":{"self":[{"href":"https:\/\/www.pescafish.it\/new\/wp-json\/wp\/v2\/product\/76340"}],"collection":[{"href":"https:\/\/www.pescafish.it\/new\/wp-json\/wp\/v2\/product"}],"about":[{"href":"https:\/\/www.pescafish.it\/new\/wp-json\/wp\/v2\/types\/product"}],"replies":[{"embeddable":true,"href":"https:\/\/www.pescafish.it\/new\/wp-json\/wp\/v2\/comments?post=76340"}],"wp:featuredmedia":[{"embeddable":true,"href":"https:\/\/www.pescafish.it\/new\/wp-json\/wp\/v2\/media\/76341"}],"wp:attachment":[{"href":"https:\/\/www.pescafish.it\/new\/wp-json\/wp\/v2\/media?parent=76340"}],"wp:term":[{"taxonomy":"product_cat","embeddable":true,"href":"https:\/\/www.pescafish.it\/new\/wp-json\/wp\/v2\/product_cat?post=76340"},{"taxonomy":"product_tag","embeddable":true,"href":"https:\/\/www.pescafish.it\/new\/wp-json\/wp\/v2\/product_tag?post=76340"}],"curies":[{"name":"wp","href":"https:\/\/api.w.org\/{rel}","templated":true}]}}