{"id":76042,"date":"2022-02-25T18:38:40","date_gmt":"2022-02-25T17:38:40","guid":{"rendered":"https:\/\/www.pescafish.it\/new\/?post_type=product&#038;p=76042"},"modified":"2022-02-25T18:38:42","modified_gmt":"2022-02-25T17:38:42","slug":"3d-river-roach-10cm-10gr-savage-gear","status":"publish","type":"product","link":"https:\/\/www.pescafish.it\/new\/prodotto\/3d-river-roach-10cm-10gr-savage-gear\/","title":{"rendered":"3D River Roach 10cm 10gr\u00a0&#8211; Savage Gear"},"content":{"rendered":"<h2>3D River Roach 10cm 10gr<\/h2>\n<p><span>3D River Roach Prendi il famoso potere del 3D Roach e portalo sul tuo fiume preferito.\u00a0<\/span><span>Caratterizzato da dettagli incredibili dalla scansione di un vero scarafaggio di fiume, i dettagli intricati dell&#8217;esca sono ulteriormente completati dalla stampa fotografica e dal profumo che scatena lo sciopero.\u00a0<\/span><span>La coda della paletta appositamente progettata rende l&#8217;esca kick and roll in modo super vivace.\u00a0<\/span><span>C&#8217;\u00e8 anche uno slot per sonaglio nella coda delle due taglie pi\u00f9 grandi e nel ponte della coda per le due taglie pi\u00f9 piccole, cos\u00ec puoi aggiungere un&#8217;attrazione audio se necessario.\u00a0<\/span><span>Questa \u00e8 l&#8217;esca morbida perfetta per pesce persico, luccio e lucioperca, ma catturer\u00e0 quasi tutti i pesci predatori l\u00e0 fuori.<\/span><\/p>\n<p><strong>Disponibile nelle seguenti colorazioni:<\/strong><br \/>\n<strong>74289<\/strong>\u00a0 Dirty Roach<br \/>\n<strong>74290<\/strong>\u00a0 Golden Ambulance<br \/>\n<strong>74291<\/strong>\u00a0 Smelt<\/p>\n<p><strong>Confezione da 2pezzi.<\/strong><\/p>\n<p>&nbsp;<\/p>\n","protected":false},"excerpt":{"rendered":"<p>3D River Roach 10cm 10gr 3D River Roach Prendi il famoso potere del 3D Roach e portalo sul tuo fiume preferito.\u00a0Caratterizzato da dettagli incredibili dalla scansione di un vero scarafaggio di fiume, i dettagli intricati dell&#8217;esca sono ulteriormente completati dalla stampa fotografica e dal profumo che scatena lo sciopero.\u00a0La coda della paletta appositamente progettata rende [&hellip;]<\/p>\n","protected":false},"featured_media":76043,"comment_status":"closed","ping_status":"closed","template":"","meta":[],"product_cat":[649],"product_tag":[1037],"yoast_head":"<!-- This site is optimized with the Yoast SEO plugin v15.3 - https:\/\/yoast.com\/wordpress\/plugins\/seo\/ -->\n<title>3D River Roach 10cm 10gr\u00a0- Savage Gear - Pesca Fish<\/title>\n<meta name=\"robots\" content=\"index, follow, max-snippet:-1, max-image-preview:large, max-video-preview:-1\" \/>\n<link rel=\"canonical\" href=\"https:\/\/www.pescafish.it\/new\/prodotto\/3d-river-roach-10cm-10gr-savage-gear\/\" \/>\n<meta property=\"og:locale\" content=\"it_IT\" \/>\n<meta property=\"og:type\" content=\"article\" \/>\n<meta property=\"og:title\" content=\"3D River Roach 10cm 10gr\u00a0- Savage Gear - Pesca Fish\" \/>\n<meta property=\"og:description\" content=\"3D River Roach 10cm 10gr 3D River Roach Prendi il famoso potere del 3D Roach e portalo sul tuo fiume preferito.\u00a0Caratterizzato da dettagli incredibili dalla scansione di un vero scarafaggio di fiume, i dettagli intricati dell&#8217;esca sono ulteriormente completati dalla stampa fotografica e dal profumo che scatena lo sciopero.\u00a0La coda della paletta appositamente progettata rende [&hellip;]\" \/>\n<meta property=\"og:url\" content=\"https:\/\/www.pescafish.it\/new\/prodotto\/3d-river-roach-10cm-10gr-savage-gear\/\" \/>\n<meta property=\"og:site_name\" content=\"Pesca Fish\" \/>\n<meta property=\"article:publisher\" content=\"https:\/\/www.facebook.com\/pescafishvr\/\" \/>\n<meta property=\"article:modified_time\" content=\"2022-02-25T17:38:42+00:00\" \/>\n<meta property=\"og:image\" content=\"https:\/\/www.pescafish.it\/new\/wp-content\/uploads\/2022\/02\/DIRTY-ROACH.jpg\" \/>\n\t<meta property=\"og:image:width\" content=\"800\" \/>\n\t<meta property=\"og:image:height\" content=\"800\" \/>\n<meta name=\"twitter:card\" content=\"summary_large_image\" \/>\n<meta name=\"twitter:label1\" content=\"Scritto da\">\n\t<meta name=\"twitter:data1\" content=\"francesca\">\n\t<meta name=\"twitter:label2\" content=\"Tempo di lettura stimato\">\n\t<meta name=\"twitter:data2\" content=\"1 minuto\">\n<script type=\"application\/ld+json\" class=\"yoast-schema-graph\">{\"@context\":\"https:\/\/schema.org\",\"@graph\":[{\"@type\":\"WebSite\",\"@id\":\"https:\/\/www.pescafish.it\/new\/#website\",\"url\":\"https:\/\/www.pescafish.it\/new\/\",\"name\":\"Pesca Fish\",\"description\":\"Benvenuti sul nostro sito!\",\"potentialAction\":[{\"@type\":\"SearchAction\",\"target\":\"https:\/\/www.pescafish.it\/new\/?s={search_term_string}\",\"query-input\":\"required name=search_term_string\"}],\"inLanguage\":\"it-IT\"},{\"@type\":\"ImageObject\",\"@id\":\"https:\/\/www.pescafish.it\/new\/prodotto\/3d-river-roach-10cm-10gr-savage-gear\/#primaryimage\",\"inLanguage\":\"it-IT\",\"url\":\"https:\/\/www.pescafish.it\/new\/wp-content\/uploads\/2022\/02\/DIRTY-ROACH.jpg\",\"width\":800,\"height\":800,\"caption\":\"Savage Gear\"},{\"@type\":\"WebPage\",\"@id\":\"https:\/\/www.pescafish.it\/new\/prodotto\/3d-river-roach-10cm-10gr-savage-gear\/#webpage\",\"url\":\"https:\/\/www.pescafish.it\/new\/prodotto\/3d-river-roach-10cm-10gr-savage-gear\/\",\"name\":\"3D River Roach 10cm 10gr\\u00a0- Savage Gear - Pesca Fish\",\"isPartOf\":{\"@id\":\"https:\/\/www.pescafish.it\/new\/#website\"},\"primaryImageOfPage\":{\"@id\":\"https:\/\/www.pescafish.it\/new\/prodotto\/3d-river-roach-10cm-10gr-savage-gear\/#primaryimage\"},\"datePublished\":\"2022-02-25T17:38:40+00:00\",\"dateModified\":\"2022-02-25T17:38:42+00:00\",\"inLanguage\":\"it-IT\",\"potentialAction\":[{\"@type\":\"ReadAction\",\"target\":[\"https:\/\/www.pescafish.it\/new\/prodotto\/3d-river-roach-10cm-10gr-savage-gear\/\"]}]}]}<\/script>\n<!-- \/ Yoast SEO plugin. -->","_links":{"self":[{"href":"https:\/\/www.pescafish.it\/new\/wp-json\/wp\/v2\/product\/76042"}],"collection":[{"href":"https:\/\/www.pescafish.it\/new\/wp-json\/wp\/v2\/product"}],"about":[{"href":"https:\/\/www.pescafish.it\/new\/wp-json\/wp\/v2\/types\/product"}],"replies":[{"embeddable":true,"href":"https:\/\/www.pescafish.it\/new\/wp-json\/wp\/v2\/comments?post=76042"}],"wp:featuredmedia":[{"embeddable":true,"href":"https:\/\/www.pescafish.it\/new\/wp-json\/wp\/v2\/media\/76043"}],"wp:attachment":[{"href":"https:\/\/www.pescafish.it\/new\/wp-json\/wp\/v2\/media?parent=76042"}],"wp:term":[{"taxonomy":"product_cat","embeddable":true,"href":"https:\/\/www.pescafish.it\/new\/wp-json\/wp\/v2\/product_cat?post=76042"},{"taxonomy":"product_tag","embeddable":true,"href":"https:\/\/www.pescafish.it\/new\/wp-json\/wp\/v2\/product_tag?post=76042"}],"curies":[{"name":"wp","href":"https:\/\/api.w.org\/{rel}","templated":true}]}}