{"id":75908,"date":"2022-02-24T16:00:29","date_gmt":"2022-02-24T15:00:29","guid":{"rendered":"https:\/\/www.pescafish.it\/new\/?post_type=product&#038;p=75908"},"modified":"2026-04-01T21:56:13","modified_gmt":"2026-04-01T19:56:13","slug":"red-carophill-500ml-carp-zone","status":"publish","type":"product","link":"https:\/\/www.pescafish.it\/new\/prodotto\/red-carophill-500ml-carp-zone\/","title":{"rendered":"Red Carophill 500ml  &#8211; Carp-Zone"},"content":{"rendered":"<h2>Red Carophill 500ml<\/h2>\n<p>Liquido assolutamente naturale, estratto da farfalle invertebrate. E\u2019 un estratto dall\u2019incredibile potere attrattivo\/stimolante, ricco di vitamine e sostanze appetenti che inducono le carpe a cibarsene oltre ogni limite. Adatto per essere utilizzato in qualsiasi mix, risulta per\u00f2 devastante se associato ai method o alle particles in quanto, una volta in acqua, former\u00e0 una coreografica nuvola rossa davvero irresisti-bile. A mio parere, \u00e8 semplicemente il pi\u00f9 devastante tra gli attrattori naturali non a base di pesce o carne!! Pu\u00f2 essere usato anche solo con lo scopo di colorare naturalmente le vostre boilies.<\/p>\n<p><strong>Dosaggio:<\/strong> a partire da 30ml per Kg di Mix \u00a0&#8211; Method \u00a0&#8211; Pellets \u2013 Particles<\/p>\n<div><\/div>\n","protected":false},"excerpt":{"rendered":"<p>Red Carophill 500ml Liquido assolutamente naturale, estratto da farfalle invertebrate. E\u2019 un estratto dall\u2019incredibile potere attrattivo\/stimolante, ricco di vitamine e sostanze appetenti che inducono le carpe a cibarsene oltre ogni limite. Adatto per essere utilizzato in qualsiasi mix, risulta per\u00f2 devastante se associato ai method o alle particles in quanto, una volta in acqua, former\u00e0 [&hellip;]<\/p>\n","protected":false},"featured_media":75909,"comment_status":"closed","ping_status":"closed","template":"","meta":[],"product_cat":[1307],"product_tag":[1306],"yoast_head":"<!-- This site is optimized with the Yoast SEO plugin v15.3 - https:\/\/yoast.com\/wordpress\/plugins\/seo\/ -->\n<title>Red Carophill 500ml - Carp-Zone - Pesca Fish<\/title>\n<meta name=\"robots\" content=\"index, follow, max-snippet:-1, max-image-preview:large, max-video-preview:-1\" \/>\n<link rel=\"canonical\" href=\"https:\/\/www.pescafish.it\/new\/prodotto\/red-carophill-500ml-carp-zone\/\" \/>\n<meta property=\"og:locale\" content=\"it_IT\" \/>\n<meta property=\"og:type\" content=\"article\" \/>\n<meta property=\"og:title\" content=\"Red Carophill 500ml - Carp-Zone - Pesca Fish\" \/>\n<meta property=\"og:description\" content=\"Red Carophill 500ml Liquido assolutamente naturale, estratto da farfalle invertebrate. E\u2019 un estratto dall\u2019incredibile potere attrattivo\/stimolante, ricco di vitamine e sostanze appetenti che inducono le carpe a cibarsene oltre ogni limite. Adatto per essere utilizzato in qualsiasi mix, risulta per\u00f2 devastante se associato ai method o alle particles in quanto, una volta in acqua, former\u00e0 [&hellip;]\" \/>\n<meta property=\"og:url\" content=\"https:\/\/www.pescafish.it\/new\/prodotto\/red-carophill-500ml-carp-zone\/\" \/>\n<meta property=\"og:site_name\" content=\"Pesca Fish\" \/>\n<meta property=\"article:publisher\" content=\"https:\/\/www.facebook.com\/pescafishvr\/\" \/>\n<meta property=\"article:modified_time\" content=\"2026-04-01T19:56:13+00:00\" \/>\n<meta property=\"og:image\" content=\"https:\/\/www.pescafish.it\/new\/wp-content\/uploads\/2022\/02\/218_1-1.jpg\" \/>\n\t<meta property=\"og:image:width\" content=\"1000\" \/>\n\t<meta property=\"og:image:height\" content=\"526\" \/>\n<meta name=\"twitter:card\" content=\"summary_large_image\" \/>\n<meta name=\"twitter:label1\" content=\"Scritto da\">\n\t<meta name=\"twitter:data1\" content=\"francesca\">\n\t<meta name=\"twitter:label2\" content=\"Tempo di lettura stimato\">\n\t<meta name=\"twitter:data2\" content=\"0 minuti\">\n<script type=\"application\/ld+json\" class=\"yoast-schema-graph\">{\"@context\":\"https:\/\/schema.org\",\"@graph\":[{\"@type\":\"WebSite\",\"@id\":\"https:\/\/www.pescafish.it\/new\/#website\",\"url\":\"https:\/\/www.pescafish.it\/new\/\",\"name\":\"Pesca Fish\",\"description\":\"Benvenuti sul nostro sito!\",\"potentialAction\":[{\"@type\":\"SearchAction\",\"target\":\"https:\/\/www.pescafish.it\/new\/?s={search_term_string}\",\"query-input\":\"required name=search_term_string\"}],\"inLanguage\":\"it-IT\"},{\"@type\":\"ImageObject\",\"@id\":\"https:\/\/www.pescafish.it\/new\/prodotto\/red-carophill-500ml-carp-zone\/#primaryimage\",\"inLanguage\":\"it-IT\",\"url\":\"https:\/\/www.pescafish.it\/new\/wp-content\/uploads\/2022\/02\/218_1-1.jpg\",\"width\":1000,\"height\":526,\"caption\":\"Carp-Zone\"},{\"@type\":\"WebPage\",\"@id\":\"https:\/\/www.pescafish.it\/new\/prodotto\/red-carophill-500ml-carp-zone\/#webpage\",\"url\":\"https:\/\/www.pescafish.it\/new\/prodotto\/red-carophill-500ml-carp-zone\/\",\"name\":\"Red Carophill 500ml - Carp-Zone - Pesca Fish\",\"isPartOf\":{\"@id\":\"https:\/\/www.pescafish.it\/new\/#website\"},\"primaryImageOfPage\":{\"@id\":\"https:\/\/www.pescafish.it\/new\/prodotto\/red-carophill-500ml-carp-zone\/#primaryimage\"},\"datePublished\":\"2022-02-24T15:00:29+00:00\",\"dateModified\":\"2026-04-01T19:56:13+00:00\",\"inLanguage\":\"it-IT\",\"potentialAction\":[{\"@type\":\"ReadAction\",\"target\":[\"https:\/\/www.pescafish.it\/new\/prodotto\/red-carophill-500ml-carp-zone\/\"]}]}]}<\/script>\n<!-- \/ Yoast SEO plugin. -->","_links":{"self":[{"href":"https:\/\/www.pescafish.it\/new\/wp-json\/wp\/v2\/product\/75908"}],"collection":[{"href":"https:\/\/www.pescafish.it\/new\/wp-json\/wp\/v2\/product"}],"about":[{"href":"https:\/\/www.pescafish.it\/new\/wp-json\/wp\/v2\/types\/product"}],"replies":[{"embeddable":true,"href":"https:\/\/www.pescafish.it\/new\/wp-json\/wp\/v2\/comments?post=75908"}],"wp:featuredmedia":[{"embeddable":true,"href":"https:\/\/www.pescafish.it\/new\/wp-json\/wp\/v2\/media\/75909"}],"wp:attachment":[{"href":"https:\/\/www.pescafish.it\/new\/wp-json\/wp\/v2\/media?parent=75908"}],"wp:term":[{"taxonomy":"product_cat","embeddable":true,"href":"https:\/\/www.pescafish.it\/new\/wp-json\/wp\/v2\/product_cat?post=75908"},{"taxonomy":"product_tag","embeddable":true,"href":"https:\/\/www.pescafish.it\/new\/wp-json\/wp\/v2\/product_tag?post=75908"}],"curies":[{"name":"wp","href":"https:\/\/api.w.org\/{rel}","templated":true}]}}