{"id":75902,"date":"2022-02-24T15:42:13","date_gmt":"2022-02-24T14:42:13","guid":{"rendered":"https:\/\/www.pescafish.it\/new\/?post_type=product&#038;p=75902"},"modified":"2023-11-07T21:44:43","modified_gmt":"2023-11-07T20:44:43","slug":"stabilizzante-per-boilies-conservante-carp-zone","status":"publish","type":"product","link":"https:\/\/www.pescafish.it\/new\/prodotto\/stabilizzante-per-boilies-conservante-carp-zone\/","title":{"rendered":"Stabilizzante Per Boilies ( conservante ) &#8211; Carp-Zone"},"content":{"rendered":"<h2>Stabilizzante Per Boilies ( conservante )<\/h2>\n<p>Conservante organico unico nel suo genere adatto anche ai pi\u00f9 scettici che desiderano pescare con esche naturali al 100%. La sua composizione \u00e8 basata su ingredienti che non hanno nulla di sintetico. Essendo di grado alimentare, questo liquido non altera in alcun modo n\u00e9 il gusto, n\u00e9 l\u2019 odore delle vostre esche e soprattutto non danneggia la salute delle carpe, garantendo continuit\u00e0 di abboccate anche se applicato in esche adibite a lunghe pasturazioni. Centinaia di carpisti si sono gi\u00e0 resi conto della sua validit\u00e0.<\/p>\n<p><strong>Dosaggi:<\/strong> 50 &#8211; 100ml per Kg di Mix<\/p>\n","protected":false},"excerpt":{"rendered":"<p>Stabilizzante Per Boilies ( conservante ) Conservante organico unico nel suo genere adatto anche ai pi\u00f9 scettici che desiderano pescare con esche naturali al 100%. La sua composizione \u00e8 basata su ingredienti che non hanno nulla di sintetico. Essendo di grado alimentare, questo liquido non altera in alcun modo n\u00e9 il gusto, n\u00e9 l\u2019 odore [&hellip;]<\/p>\n","protected":false},"featured_media":75903,"comment_status":"closed","ping_status":"closed","template":"","meta":[],"product_cat":[1307],"product_tag":[1306],"yoast_head":"<!-- This site is optimized with the Yoast SEO plugin v15.3 - https:\/\/yoast.com\/wordpress\/plugins\/seo\/ -->\n<title>Stabilizzante Per Boilies ( conservante ) - Carp-Zone - Pesca Fish<\/title>\n<meta name=\"robots\" content=\"index, follow, max-snippet:-1, max-image-preview:large, max-video-preview:-1\" \/>\n<link rel=\"canonical\" href=\"https:\/\/www.pescafish.it\/new\/prodotto\/stabilizzante-per-boilies-conservante-carp-zone\/\" \/>\n<meta property=\"og:locale\" content=\"it_IT\" \/>\n<meta property=\"og:type\" content=\"article\" \/>\n<meta property=\"og:title\" content=\"Stabilizzante Per Boilies ( conservante ) - Carp-Zone - Pesca Fish\" \/>\n<meta property=\"og:description\" content=\"Stabilizzante Per Boilies ( conservante ) Conservante organico unico nel suo genere adatto anche ai pi\u00f9 scettici che desiderano pescare con esche naturali al 100%. La sua composizione \u00e8 basata su ingredienti che non hanno nulla di sintetico. Essendo di grado alimentare, questo liquido non altera in alcun modo n\u00e9 il gusto, n\u00e9 l\u2019 odore [&hellip;]\" \/>\n<meta property=\"og:url\" content=\"https:\/\/www.pescafish.it\/new\/prodotto\/stabilizzante-per-boilies-conservante-carp-zone\/\" \/>\n<meta property=\"og:site_name\" content=\"Pesca Fish\" \/>\n<meta property=\"article:publisher\" content=\"https:\/\/www.facebook.com\/pescafishvr\/\" \/>\n<meta property=\"article:modified_time\" content=\"2023-11-07T20:44:43+00:00\" \/>\n<meta property=\"og:image\" content=\"https:\/\/www.pescafish.it\/new\/wp-content\/uploads\/2022\/02\/231_1.jpg\" \/>\n\t<meta property=\"og:image:width\" content=\"1000\" \/>\n\t<meta property=\"og:image:height\" content=\"526\" \/>\n<meta name=\"twitter:card\" content=\"summary_large_image\" \/>\n<meta name=\"twitter:label1\" content=\"Scritto da\">\n\t<meta name=\"twitter:data1\" content=\"francesca\">\n\t<meta name=\"twitter:label2\" content=\"Tempo di lettura stimato\">\n\t<meta name=\"twitter:data2\" content=\"0 minuti\">\n<script type=\"application\/ld+json\" class=\"yoast-schema-graph\">{\"@context\":\"https:\/\/schema.org\",\"@graph\":[{\"@type\":\"WebSite\",\"@id\":\"https:\/\/www.pescafish.it\/new\/#website\",\"url\":\"https:\/\/www.pescafish.it\/new\/\",\"name\":\"Pesca Fish\",\"description\":\"Benvenuti sul nostro sito!\",\"potentialAction\":[{\"@type\":\"SearchAction\",\"target\":\"https:\/\/www.pescafish.it\/new\/?s={search_term_string}\",\"query-input\":\"required name=search_term_string\"}],\"inLanguage\":\"it-IT\"},{\"@type\":\"ImageObject\",\"@id\":\"https:\/\/www.pescafish.it\/new\/prodotto\/stabilizzante-per-boilies-conservante-carp-zone\/#primaryimage\",\"inLanguage\":\"it-IT\",\"url\":\"https:\/\/www.pescafish.it\/new\/wp-content\/uploads\/2022\/02\/231_1.jpg\",\"width\":1000,\"height\":526,\"caption\":\"Carp-Zone\"},{\"@type\":\"WebPage\",\"@id\":\"https:\/\/www.pescafish.it\/new\/prodotto\/stabilizzante-per-boilies-conservante-carp-zone\/#webpage\",\"url\":\"https:\/\/www.pescafish.it\/new\/prodotto\/stabilizzante-per-boilies-conservante-carp-zone\/\",\"name\":\"Stabilizzante Per Boilies ( conservante ) - Carp-Zone - Pesca Fish\",\"isPartOf\":{\"@id\":\"https:\/\/www.pescafish.it\/new\/#website\"},\"primaryImageOfPage\":{\"@id\":\"https:\/\/www.pescafish.it\/new\/prodotto\/stabilizzante-per-boilies-conservante-carp-zone\/#primaryimage\"},\"datePublished\":\"2022-02-24T14:42:13+00:00\",\"dateModified\":\"2023-11-07T20:44:43+00:00\",\"inLanguage\":\"it-IT\",\"potentialAction\":[{\"@type\":\"ReadAction\",\"target\":[\"https:\/\/www.pescafish.it\/new\/prodotto\/stabilizzante-per-boilies-conservante-carp-zone\/\"]}]}]}<\/script>\n<!-- \/ Yoast SEO plugin. -->","_links":{"self":[{"href":"https:\/\/www.pescafish.it\/new\/wp-json\/wp\/v2\/product\/75902"}],"collection":[{"href":"https:\/\/www.pescafish.it\/new\/wp-json\/wp\/v2\/product"}],"about":[{"href":"https:\/\/www.pescafish.it\/new\/wp-json\/wp\/v2\/types\/product"}],"replies":[{"embeddable":true,"href":"https:\/\/www.pescafish.it\/new\/wp-json\/wp\/v2\/comments?post=75902"}],"wp:featuredmedia":[{"embeddable":true,"href":"https:\/\/www.pescafish.it\/new\/wp-json\/wp\/v2\/media\/75903"}],"wp:attachment":[{"href":"https:\/\/www.pescafish.it\/new\/wp-json\/wp\/v2\/media?parent=75902"}],"wp:term":[{"taxonomy":"product_cat","embeddable":true,"href":"https:\/\/www.pescafish.it\/new\/wp-json\/wp\/v2\/product_cat?post=75902"},{"taxonomy":"product_tag","embeddable":true,"href":"https:\/\/www.pescafish.it\/new\/wp-json\/wp\/v2\/product_tag?post=75902"}],"curies":[{"name":"wp","href":"https:\/\/api.w.org\/{rel}","templated":true}]}}