{"id":75878,"date":"2022-02-24T11:56:53","date_gmt":"2022-02-24T10:56:53","guid":{"rendered":"https:\/\/www.pescafish.it\/new\/?post_type=product&#038;p=75878"},"modified":"2022-02-24T11:56:54","modified_gmt":"2022-02-24T10:56:54","slug":"semolino-plus-1kg-carp-zone","status":"publish","type":"product","link":"https:\/\/www.pescafish.it\/new\/prodotto\/semolino-plus-1kg-carp-zone\/","title":{"rendered":"Semolino Plus 1kg &#8211; Carp-Zone"},"content":{"rendered":"<h2>Semolino Plus 1kg<\/h2>\n<p>Questa farina viene prodotta utilizzando solo la parte del seme di un particolare tipo di grano duro povero di glutine e, ad oggi,\u00a0 \u00e8 ancora uno degli ingredienti pi\u00f9 utilizzati nella moderna produzione di esche per carpe. \u00c8 economico, ha un gusto che sembra essere gradito alle carpe e, cosa pi\u00f9 importante, viene principalmente utilizzato per il suo potere legante all\u2019interno dei mix in quanto \u00e8 un ingrediente strutturale non solubile che pu\u00f2 anche essere usato per contrastare l\u2019appiccicosit\u00e0 in miscele costituite da alti livelli di materiali solubili. Trova il suo miglior impiego nella formulazione del classico mix 50\/50 ma pu\u00f2 essere utilizzato in ogni mix dai birdfood mix, ai nutti mix a i birdfish mix per falicitarne il legame e la rollabilit\u00e0 o per ridurre l\u2019effetto appiccicoso di estratti e sostanze molto solubili.<\/p>\n<p><strong>Dosaggio:<\/strong> Max 50% per Kg di Mix<\/p>\n<p>&nbsp;<\/p>\n","protected":false},"excerpt":{"rendered":"<p>Semolino Plus 1kg Questa farina viene prodotta utilizzando solo la parte del seme di un particolare tipo di grano duro povero di glutine e, ad oggi,\u00a0 \u00e8 ancora uno degli ingredienti pi\u00f9 utilizzati nella moderna produzione di esche per carpe. \u00c8 economico, ha un gusto che sembra essere gradito alle carpe e, cosa pi\u00f9 importante, [&hellip;]<\/p>\n","protected":false},"featured_media":75880,"comment_status":"closed","ping_status":"closed","template":"","meta":[],"product_cat":[1307],"product_tag":[1306],"yoast_head":"<!-- This site is optimized with the Yoast SEO plugin v15.3 - https:\/\/yoast.com\/wordpress\/plugins\/seo\/ -->\n<title>Semolino Plus 1kg - Carp-Zone - Pesca Fish<\/title>\n<meta name=\"robots\" content=\"index, follow, max-snippet:-1, max-image-preview:large, max-video-preview:-1\" \/>\n<link rel=\"canonical\" href=\"https:\/\/www.pescafish.it\/new\/prodotto\/semolino-plus-1kg-carp-zone\/\" \/>\n<meta property=\"og:locale\" content=\"it_IT\" \/>\n<meta property=\"og:type\" content=\"article\" \/>\n<meta property=\"og:title\" content=\"Semolino Plus 1kg - Carp-Zone - Pesca Fish\" \/>\n<meta property=\"og:description\" content=\"Semolino Plus 1kg Questa farina viene prodotta utilizzando solo la parte del seme di un particolare tipo di grano duro povero di glutine e, ad oggi,\u00a0 \u00e8 ancora uno degli ingredienti pi\u00f9 utilizzati nella moderna produzione di esche per carpe. \u00c8 economico, ha un gusto che sembra essere gradito alle carpe e, cosa pi\u00f9 importante, [&hellip;]\" \/>\n<meta property=\"og:url\" content=\"https:\/\/www.pescafish.it\/new\/prodotto\/semolino-plus-1kg-carp-zone\/\" \/>\n<meta property=\"og:site_name\" content=\"Pesca Fish\" \/>\n<meta property=\"article:publisher\" content=\"https:\/\/www.facebook.com\/pescafishvr\/\" \/>\n<meta property=\"article:modified_time\" content=\"2022-02-24T10:56:54+00:00\" \/>\n<meta property=\"og:image\" content=\"https:\/\/www.pescafish.it\/new\/wp-content\/uploads\/2022\/02\/semolino-plus.jpg\" \/>\n\t<meta property=\"og:image:width\" content=\"2472\" \/>\n\t<meta property=\"og:image:height\" content=\"2378\" \/>\n<meta name=\"twitter:card\" content=\"summary_large_image\" \/>\n<meta name=\"twitter:label1\" content=\"Scritto da\">\n\t<meta name=\"twitter:data1\" content=\"francesca\">\n\t<meta name=\"twitter:label2\" content=\"Tempo di lettura stimato\">\n\t<meta name=\"twitter:data2\" content=\"1 minuto\">\n<script type=\"application\/ld+json\" class=\"yoast-schema-graph\">{\"@context\":\"https:\/\/schema.org\",\"@graph\":[{\"@type\":\"WebSite\",\"@id\":\"https:\/\/www.pescafish.it\/new\/#website\",\"url\":\"https:\/\/www.pescafish.it\/new\/\",\"name\":\"Pesca Fish\",\"description\":\"Benvenuti sul nostro sito!\",\"potentialAction\":[{\"@type\":\"SearchAction\",\"target\":\"https:\/\/www.pescafish.it\/new\/?s={search_term_string}\",\"query-input\":\"required name=search_term_string\"}],\"inLanguage\":\"it-IT\"},{\"@type\":\"ImageObject\",\"@id\":\"https:\/\/www.pescafish.it\/new\/prodotto\/semolino-plus-1kg-carp-zone\/#primaryimage\",\"inLanguage\":\"it-IT\",\"url\":\"https:\/\/www.pescafish.it\/new\/wp-content\/uploads\/2022\/02\/semolino-plus.jpg\",\"width\":2472,\"height\":2378,\"caption\":\"Carp-Zone\"},{\"@type\":\"WebPage\",\"@id\":\"https:\/\/www.pescafish.it\/new\/prodotto\/semolino-plus-1kg-carp-zone\/#webpage\",\"url\":\"https:\/\/www.pescafish.it\/new\/prodotto\/semolino-plus-1kg-carp-zone\/\",\"name\":\"Semolino Plus 1kg - Carp-Zone - Pesca Fish\",\"isPartOf\":{\"@id\":\"https:\/\/www.pescafish.it\/new\/#website\"},\"primaryImageOfPage\":{\"@id\":\"https:\/\/www.pescafish.it\/new\/prodotto\/semolino-plus-1kg-carp-zone\/#primaryimage\"},\"datePublished\":\"2022-02-24T10:56:53+00:00\",\"dateModified\":\"2022-02-24T10:56:54+00:00\",\"inLanguage\":\"it-IT\",\"potentialAction\":[{\"@type\":\"ReadAction\",\"target\":[\"https:\/\/www.pescafish.it\/new\/prodotto\/semolino-plus-1kg-carp-zone\/\"]}]}]}<\/script>\n<!-- \/ Yoast SEO plugin. -->","_links":{"self":[{"href":"https:\/\/www.pescafish.it\/new\/wp-json\/wp\/v2\/product\/75878"}],"collection":[{"href":"https:\/\/www.pescafish.it\/new\/wp-json\/wp\/v2\/product"}],"about":[{"href":"https:\/\/www.pescafish.it\/new\/wp-json\/wp\/v2\/types\/product"}],"replies":[{"embeddable":true,"href":"https:\/\/www.pescafish.it\/new\/wp-json\/wp\/v2\/comments?post=75878"}],"wp:featuredmedia":[{"embeddable":true,"href":"https:\/\/www.pescafish.it\/new\/wp-json\/wp\/v2\/media\/75880"}],"wp:attachment":[{"href":"https:\/\/www.pescafish.it\/new\/wp-json\/wp\/v2\/media?parent=75878"}],"wp:term":[{"taxonomy":"product_cat","embeddable":true,"href":"https:\/\/www.pescafish.it\/new\/wp-json\/wp\/v2\/product_cat?post=75878"},{"taxonomy":"product_tag","embeddable":true,"href":"https:\/\/www.pescafish.it\/new\/wp-json\/wp\/v2\/product_tag?post=75878"}],"curies":[{"name":"wp","href":"https:\/\/api.w.org\/{rel}","templated":true}]}}