{"id":75835,"date":"2022-02-23T16:36:44","date_gmt":"2022-02-23T15:36:44","guid":{"rendered":"https:\/\/www.pescafish.it\/new\/?post_type=product&#038;p=75835"},"modified":"2022-10-28T16:49:15","modified_gmt":"2022-10-28T14:49:15","slug":"mix-50-50-1kg-carp-zone","status":"publish","type":"product","link":"https:\/\/www.pescafish.it\/new\/prodotto\/mix-50-50-1kg-carp-zone\/","title":{"rendered":"Mix 50\/50 1kg &#8211; Carp-Zone"},"content":{"rendered":"<h2>Mix 50\/50 1kg<\/h2>\n<p>La sua semplicit\u00e0 \u00e8 pari alla sua efficacia ed \u00e8 ideale per essere utilizzato associato a qualsiasi aroma ed estratto. Il nostro 50\/50 mix si differenzia dagli altri disponibili in commercio per la qualit\u00e0 degli ingredienti utilizzati.La grande digeribilit\u00e0 ed un prezzo moderato, rendono questo mix particolarmente indicato per la produzione di grande quantit\u00e0 di boilies da utilizzare senza scrupoli in qualsiasi condizione climatica e per lunghe e persistenti pasturazioni preventive. E\u2019 un prodotto molto delicato in grado di combinarsi con qualsiasi aroma decidiate di adoperare.<\/p>\n","protected":false},"excerpt":{"rendered":"<p>Mix 50\/50 1kg La sua semplicit\u00e0 \u00e8 pari alla sua efficacia ed \u00e8 ideale per essere utilizzato associato a qualsiasi aroma ed estratto. Il nostro 50\/50 mix si differenzia dagli altri disponibili in commercio per la qualit\u00e0 degli ingredienti utilizzati.La grande digeribilit\u00e0 ed un prezzo moderato, rendono questo mix particolarmente indicato per la produzione di [&hellip;]<\/p>\n","protected":false},"featured_media":75836,"comment_status":"closed","ping_status":"closed","template":"","meta":[],"product_cat":[1307],"product_tag":[1306],"yoast_head":"<!-- This site is optimized with the Yoast SEO plugin v15.3 - https:\/\/yoast.com\/wordpress\/plugins\/seo\/ -->\n<title>Mix 50\/50 1kg - Carp-Zone - Pesca Fish<\/title>\n<meta name=\"robots\" content=\"index, follow, max-snippet:-1, max-image-preview:large, max-video-preview:-1\" \/>\n<link rel=\"canonical\" href=\"https:\/\/www.pescafish.it\/new\/prodotto\/mix-50-50-1kg-carp-zone\/\" \/>\n<meta property=\"og:locale\" content=\"it_IT\" \/>\n<meta property=\"og:type\" content=\"article\" \/>\n<meta property=\"og:title\" content=\"Mix 50\/50 1kg - Carp-Zone - Pesca Fish\" \/>\n<meta property=\"og:description\" content=\"Mix 50\/50 1kg La sua semplicit\u00e0 \u00e8 pari alla sua efficacia ed \u00e8 ideale per essere utilizzato associato a qualsiasi aroma ed estratto. Il nostro 50\/50 mix si differenzia dagli altri disponibili in commercio per la qualit\u00e0 degli ingredienti utilizzati.La grande digeribilit\u00e0 ed un prezzo moderato, rendono questo mix particolarmente indicato per la produzione di [&hellip;]\" \/>\n<meta property=\"og:url\" content=\"https:\/\/www.pescafish.it\/new\/prodotto\/mix-50-50-1kg-carp-zone\/\" \/>\n<meta property=\"og:site_name\" content=\"Pesca Fish\" \/>\n<meta property=\"article:publisher\" content=\"https:\/\/www.facebook.com\/pescafishvr\/\" \/>\n<meta property=\"article:modified_time\" content=\"2022-10-28T14:49:15+00:00\" \/>\n<meta property=\"og:image\" content=\"https:\/\/www.pescafish.it\/new\/wp-content\/uploads\/2022\/02\/mix9-scaled.jpg\" \/>\n\t<meta property=\"og:image:width\" content=\"2552\" \/>\n\t<meta property=\"og:image:height\" content=\"2560\" \/>\n<meta name=\"twitter:card\" content=\"summary_large_image\" \/>\n<meta name=\"twitter:label1\" content=\"Scritto da\">\n\t<meta name=\"twitter:data1\" content=\"francesca\">\n\t<meta name=\"twitter:label2\" content=\"Tempo di lettura stimato\">\n\t<meta name=\"twitter:data2\" content=\"0 minuti\">\n<script type=\"application\/ld+json\" class=\"yoast-schema-graph\">{\"@context\":\"https:\/\/schema.org\",\"@graph\":[{\"@type\":\"WebSite\",\"@id\":\"https:\/\/www.pescafish.it\/new\/#website\",\"url\":\"https:\/\/www.pescafish.it\/new\/\",\"name\":\"Pesca Fish\",\"description\":\"Benvenuti sul nostro sito!\",\"potentialAction\":[{\"@type\":\"SearchAction\",\"target\":\"https:\/\/www.pescafish.it\/new\/?s={search_term_string}\",\"query-input\":\"required name=search_term_string\"}],\"inLanguage\":\"it-IT\"},{\"@type\":\"ImageObject\",\"@id\":\"https:\/\/www.pescafish.it\/new\/prodotto\/mix-50-50-1kg-carp-zone\/#primaryimage\",\"inLanguage\":\"it-IT\",\"url\":\"https:\/\/www.pescafish.it\/new\/wp-content\/uploads\/2022\/02\/mix9-scaled.jpg\",\"width\":2552,\"height\":2560,\"caption\":\"Carp-Zone\"},{\"@type\":\"WebPage\",\"@id\":\"https:\/\/www.pescafish.it\/new\/prodotto\/mix-50-50-1kg-carp-zone\/#webpage\",\"url\":\"https:\/\/www.pescafish.it\/new\/prodotto\/mix-50-50-1kg-carp-zone\/\",\"name\":\"Mix 50\/50 1kg - Carp-Zone - Pesca Fish\",\"isPartOf\":{\"@id\":\"https:\/\/www.pescafish.it\/new\/#website\"},\"primaryImageOfPage\":{\"@id\":\"https:\/\/www.pescafish.it\/new\/prodotto\/mix-50-50-1kg-carp-zone\/#primaryimage\"},\"datePublished\":\"2022-02-23T15:36:44+00:00\",\"dateModified\":\"2022-10-28T14:49:15+00:00\",\"inLanguage\":\"it-IT\",\"potentialAction\":[{\"@type\":\"ReadAction\",\"target\":[\"https:\/\/www.pescafish.it\/new\/prodotto\/mix-50-50-1kg-carp-zone\/\"]}]}]}<\/script>\n<!-- \/ Yoast SEO plugin. -->","_links":{"self":[{"href":"https:\/\/www.pescafish.it\/new\/wp-json\/wp\/v2\/product\/75835"}],"collection":[{"href":"https:\/\/www.pescafish.it\/new\/wp-json\/wp\/v2\/product"}],"about":[{"href":"https:\/\/www.pescafish.it\/new\/wp-json\/wp\/v2\/types\/product"}],"replies":[{"embeddable":true,"href":"https:\/\/www.pescafish.it\/new\/wp-json\/wp\/v2\/comments?post=75835"}],"wp:featuredmedia":[{"embeddable":true,"href":"https:\/\/www.pescafish.it\/new\/wp-json\/wp\/v2\/media\/75836"}],"wp:attachment":[{"href":"https:\/\/www.pescafish.it\/new\/wp-json\/wp\/v2\/media?parent=75835"}],"wp:term":[{"taxonomy":"product_cat","embeddable":true,"href":"https:\/\/www.pescafish.it\/new\/wp-json\/wp\/v2\/product_cat?post=75835"},{"taxonomy":"product_tag","embeddable":true,"href":"https:\/\/www.pescafish.it\/new\/wp-json\/wp\/v2\/product_tag?post=75835"}],"curies":[{"name":"wp","href":"https:\/\/api.w.org\/{rel}","templated":true}]}}