{"id":75639,"date":"2022-02-15T16:03:11","date_gmt":"2022-02-15T15:03:11","guid":{"rendered":"https:\/\/www.pescafish.it\/new\/?post_type=product&#038;p=75639"},"modified":"2022-10-23T09:45:03","modified_gmt":"2022-10-23T07:45:03","slug":"leadcore-leader-heli-safe-1mt-korda","status":"publish","type":"product","link":"https:\/\/www.pescafish.it\/new\/prodotto\/leadcore-leader-heli-safe-1mt-korda\/","title":{"rendered":"Leadcore leader Heli Safe 1mt &#8211; Korda"},"content":{"rendered":"<h2>Leadcore leader Heli Safe 1mt<\/h2>\n<p><span>Il sistema Heli-Safe \u00e8 eccezionale per l&#8217;uso con qualsiasi configurazione in stile elicottero, sia che tu stia utilizzando un rig convenzionale o un chod, ed \u00e8 ora disponibile costruito su leadcore Kable e pronto per l&#8217;uso appena estratto dalla confezione.\u00a0Questi terminali leadcore sono lunghi 1 m, il che li rende perfetti per bloccare tutto sul fondo del lago e proteggere i pesci dai danni della lenza durante il combattimento, ma non sono cos\u00ec lunghi da influire negativamente sul lancio.\u00a0Non solo questo \u00e8 un brillante sistema anti-groviglio, ma \u00e8 anche molto sicuro per i pesci in quanto incorpora il Mini Heli-Safe System &#8211; una versione pi\u00f9 compatta dell&#8217;originale &#8211; e assicura che il guinzaglio si stacchi ogni volta che \u00e8 necessario a.\u00a0Incorpora anche il nostro sistema di sicurezza No-Trace, che assicura che in caso di rottura della lenza principale, il collegamento del gancio possa facilmente staccarsi dal leader,\u00a0e ogni confezione contiene due perline No-Trace di ricambio (queste possono anche essere acquistate separatamente quando ne hai bisogno di pi\u00f9).\u00a0La gomma superiore del sistema di sicurezza No-Trace pu\u00f2 essere posizionata vicino al guinzaglio quando si pesca su un fondale pulito, o spostata fino all&#8217;altra estremit\u00e0 del terminale quando si pesca su erba o detriti, specialmente con i chod.\u00a0Il Mini Heli-Safe pu\u00f2 essere impostato in diversi modi a seconda della situazione di pesca, con la molla standard che rilascia il guinzaglio con una pressione minima e assicurando che cada sul take, il che \u00e8 ottimo con l&#8217;erba fitta.\u00a0Oppure che pu\u00f2 essere sostituita dalla sorgente rossa (due in dotazione) progettata per acque generalmente prive di intoppi e erbacce, e dove si desidera far cadere il piombo solo se si blocca in qualcosa.\u00a0C&#8217;\u00e8 anche la possibilit\u00e0 di aggiungere un collare (due in dotazione) che significa che il piombo non verr\u00e0 mai espulso,\u00a0ma in caso di rottura il pesce pu\u00f2 comunque liberarsi grazie al No-Trace Safety System.\u00a0L&#8217;uso di un anello girevole QC di dimensione 11 consente di cambiare i rig in modo rapido e semplice e un anello giuntato a un&#8217;estremit\u00e0 semplifica il collegamento alla lenza principale: lo stile loop-to-loop \u00e8 il pi\u00f9 semplice e veloce.\u00a0I leader Kable Heli-Safe Leadcore sono disponibili in una scelta di Gravel Brown o Weed\/Limo, con due per confezione, e sono inoltre dotati di: 2 x perline No-Trace di ricambio;\u00a02 collari Mini Heli-Safe;\u00a02 molle rosse Mini Heli-Safe.\u00a0I leader Kable Heli-Safe Leadcore sono disponibili in una scelta di Gravel Brown o Weed\/Limo, con due per confezione, e sono inoltre dotati di: 2 x perline No-Trace di ricambio;\u00a02 collari Mini Heli-Safe;\u00a02 molle rosse Mini Heli-Safe.\u00a0I leader Kable Heli-Safe Leadcore sono disponibili in una scelta di Gravel Brown o Weed\/Limo, con due per confezione, e sono inoltre dotati di: 2 x perline No-Trace di ricambio;\u00a02 collari Mini Heli-Safe;\u00a02 molle rosse Mini Heli-Safe.\u00a0<\/span><\/p>\n<p><strong>Disponibile nelle seguenti colorazioni:<\/strong><br \/>\n<strong>LLHSG<\/strong>\u00a0 Gravel<br \/>\n<strong>LLHSW<\/strong>\u00a0 Weed<\/p>\n","protected":false},"excerpt":{"rendered":"<p>Leadcore leader Heli Safe 1mt Il sistema Heli-Safe \u00e8 eccezionale per l&#8217;uso con qualsiasi configurazione in stile elicottero, sia che tu stia utilizzando un rig convenzionale o un chod, ed \u00e8 ora disponibile costruito su leadcore Kable e pronto per l&#8217;uso appena estratto dalla confezione.\u00a0Questi terminali leadcore sono lunghi 1 m, il che li rende [&hellip;]<\/p>\n","protected":false},"featured_media":75641,"comment_status":"closed","ping_status":"closed","template":"","meta":[],"product_cat":[587],"product_tag":[1018],"yoast_head":"<!-- This site is optimized with the Yoast SEO plugin v15.3 - https:\/\/yoast.com\/wordpress\/plugins\/seo\/ -->\n<title>Leadcore leader Heli Safe 1mt - Korda - Pesca Fish<\/title>\n<meta name=\"robots\" content=\"index, follow, max-snippet:-1, max-image-preview:large, max-video-preview:-1\" \/>\n<link rel=\"canonical\" href=\"https:\/\/www.pescafish.it\/new\/prodotto\/leadcore-leader-heli-safe-1mt-korda\/\" \/>\n<meta property=\"og:locale\" content=\"it_IT\" \/>\n<meta property=\"og:type\" content=\"article\" \/>\n<meta property=\"og:title\" content=\"Leadcore leader Heli Safe 1mt - Korda - Pesca Fish\" \/>\n<meta property=\"og:description\" content=\"Leadcore leader Heli Safe 1mt Il sistema Heli-Safe \u00e8 eccezionale per l&#8217;uso con qualsiasi configurazione in stile elicottero, sia che tu stia utilizzando un rig convenzionale o un chod, ed \u00e8 ora disponibile costruito su leadcore Kable e pronto per l&#8217;uso appena estratto dalla confezione.\u00a0Questi terminali leadcore sono lunghi 1 m, il che li rende [&hellip;]\" \/>\n<meta property=\"og:url\" content=\"https:\/\/www.pescafish.it\/new\/prodotto\/leadcore-leader-heli-safe-1mt-korda\/\" \/>\n<meta property=\"og:site_name\" content=\"Pesca Fish\" \/>\n<meta property=\"article:publisher\" content=\"https:\/\/www.facebook.com\/pescafishvr\/\" \/>\n<meta property=\"article:modified_time\" content=\"2022-10-23T07:45:03+00:00\" \/>\n<meta property=\"og:image\" content=\"https:\/\/www.pescafish.it\/new\/wp-content\/uploads\/2022\/02\/44231643385500.png\" \/>\n\t<meta property=\"og:image:width\" content=\"300\" \/>\n\t<meta property=\"og:image:height\" content=\"300\" \/>\n<meta name=\"twitter:card\" content=\"summary_large_image\" \/>\n<meta name=\"twitter:label1\" content=\"Scritto da\">\n\t<meta name=\"twitter:data1\" content=\"francesca\">\n\t<meta name=\"twitter:label2\" content=\"Tempo di lettura stimato\">\n\t<meta name=\"twitter:data2\" content=\"2 minuti\">\n<script type=\"application\/ld+json\" class=\"yoast-schema-graph\">{\"@context\":\"https:\/\/schema.org\",\"@graph\":[{\"@type\":\"WebSite\",\"@id\":\"https:\/\/www.pescafish.it\/new\/#website\",\"url\":\"https:\/\/www.pescafish.it\/new\/\",\"name\":\"Pesca Fish\",\"description\":\"Benvenuti sul nostro sito!\",\"potentialAction\":[{\"@type\":\"SearchAction\",\"target\":\"https:\/\/www.pescafish.it\/new\/?s={search_term_string}\",\"query-input\":\"required name=search_term_string\"}],\"inLanguage\":\"it-IT\"},{\"@type\":\"ImageObject\",\"@id\":\"https:\/\/www.pescafish.it\/new\/prodotto\/leadcore-leader-heli-safe-1mt-korda\/#primaryimage\",\"inLanguage\":\"it-IT\",\"url\":\"https:\/\/www.pescafish.it\/new\/wp-content\/uploads\/2022\/02\/44231643385500.png\",\"width\":300,\"height\":300},{\"@type\":\"WebPage\",\"@id\":\"https:\/\/www.pescafish.it\/new\/prodotto\/leadcore-leader-heli-safe-1mt-korda\/#webpage\",\"url\":\"https:\/\/www.pescafish.it\/new\/prodotto\/leadcore-leader-heli-safe-1mt-korda\/\",\"name\":\"Leadcore leader Heli Safe 1mt - Korda - Pesca Fish\",\"isPartOf\":{\"@id\":\"https:\/\/www.pescafish.it\/new\/#website\"},\"primaryImageOfPage\":{\"@id\":\"https:\/\/www.pescafish.it\/new\/prodotto\/leadcore-leader-heli-safe-1mt-korda\/#primaryimage\"},\"datePublished\":\"2022-02-15T15:03:11+00:00\",\"dateModified\":\"2022-10-23T07:45:03+00:00\",\"inLanguage\":\"it-IT\",\"potentialAction\":[{\"@type\":\"ReadAction\",\"target\":[\"https:\/\/www.pescafish.it\/new\/prodotto\/leadcore-leader-heli-safe-1mt-korda\/\"]}]}]}<\/script>\n<!-- \/ Yoast SEO plugin. -->","_links":{"self":[{"href":"https:\/\/www.pescafish.it\/new\/wp-json\/wp\/v2\/product\/75639"}],"collection":[{"href":"https:\/\/www.pescafish.it\/new\/wp-json\/wp\/v2\/product"}],"about":[{"href":"https:\/\/www.pescafish.it\/new\/wp-json\/wp\/v2\/types\/product"}],"replies":[{"embeddable":true,"href":"https:\/\/www.pescafish.it\/new\/wp-json\/wp\/v2\/comments?post=75639"}],"wp:featuredmedia":[{"embeddable":true,"href":"https:\/\/www.pescafish.it\/new\/wp-json\/wp\/v2\/media\/75641"}],"wp:attachment":[{"href":"https:\/\/www.pescafish.it\/new\/wp-json\/wp\/v2\/media?parent=75639"}],"wp:term":[{"taxonomy":"product_cat","embeddable":true,"href":"https:\/\/www.pescafish.it\/new\/wp-json\/wp\/v2\/product_cat?post=75639"},{"taxonomy":"product_tag","embeddable":true,"href":"https:\/\/www.pescafish.it\/new\/wp-json\/wp\/v2\/product_tag?post=75639"}],"curies":[{"name":"wp","href":"https:\/\/api.w.org\/{rel}","templated":true}]}}