{"id":75616,"date":"2022-02-15T12:10:00","date_gmt":"2022-02-15T11:10:00","guid":{"rendered":"https:\/\/www.pescafish.it\/new\/?post_type=product&#038;p=75616"},"modified":"2024-11-25T19:11:12","modified_gmt":"2024-11-25T18:11:12","slug":"kurv-shank-x-korda","status":"publish","type":"product","link":"https:\/\/www.pescafish.it\/new\/prodotto\/kurv-shank-x-korda\/","title":{"rendered":"Kurv Shank X &#8211; Korda"},"content":{"rendered":"<h2 class=\"title\">Kurv Shank X<\/h2>\n<p>Il Kurv Shank \u00e8 un amo molto versatile e pu\u00f2 essere utilizzato sia con rig pop-up che bottom bait, comprese le presentazioni popolari come il KD e IQ D-rig.\u00a0Ha grandi propriet\u00e0 di aggancio grazie a un occhio rivolto verso l&#8217;esterno e al gambo curvo, che lo aiutano a girare e a prendere una presa all&#8217;interno della bocca, anche quando lo si utilizza senza Shrink Tube o Kicker.\u00a0Il potenziale di aggancio \u00e8 anche aiutato dalla sua punta lunga e appuntita ad ago. Questo modello popolare \u00e8 ora disponibile in una versione Kurv Shank X ed \u00e8 perfetto per quando si desidera qualcosa di pi\u00f9 forte dell&#8217;amo standard, ma non \u00e8 necessario un amo cos\u00ec pesante e spesso -cablato come il modello XX.\u00a0Il Kurv Shank X \u00e8 disponibile nelle misure 2, 4, 6 e 8, fornite in confezioni da dieci.<\/p>\n<p><strong>Disponibile nelle seguenti misure:<\/strong><br \/>\n<strong>KKSX2<\/strong>\u00a0 Size 2<br \/>\n<strong>KKSX4<\/strong>\u00a0 Size 4<br \/>\n<strong>KKSX6<\/strong>\u00a0 Size 6<br \/>\n<strong>KKSX8<\/strong>\u00a0 Size 8<\/p>\n<p><strong>Confezione da 10 pezzi<\/strong><\/p>\n","protected":false},"excerpt":{"rendered":"<p>Kurv Shank X Il Kurv Shank \u00e8 un amo molto versatile e pu\u00f2 essere utilizzato sia con rig pop-up che bottom bait, comprese le presentazioni popolari come il KD e IQ D-rig.\u00a0Ha grandi propriet\u00e0 di aggancio grazie a un occhio rivolto verso l&#8217;esterno e al gambo curvo, che lo aiutano a girare e a prendere [&hellip;]<\/p>\n","protected":false},"featured_media":75618,"comment_status":"closed","ping_status":"closed","template":"","meta":[],"product_cat":[396],"product_tag":[1018],"yoast_head":"<!-- This site is optimized with the Yoast SEO plugin v15.3 - https:\/\/yoast.com\/wordpress\/plugins\/seo\/ -->\n<title>Kurv Shank X - Korda - Pesca Fish<\/title>\n<meta name=\"robots\" content=\"index, follow, max-snippet:-1, max-image-preview:large, max-video-preview:-1\" \/>\n<link rel=\"canonical\" href=\"https:\/\/www.pescafish.it\/new\/prodotto\/kurv-shank-x-korda\/\" \/>\n<meta property=\"og:locale\" content=\"it_IT\" \/>\n<meta property=\"og:type\" content=\"article\" \/>\n<meta property=\"og:title\" content=\"Kurv Shank X - Korda - Pesca Fish\" \/>\n<meta property=\"og:description\" content=\"Kurv Shank X Il Kurv Shank \u00e8 un amo molto versatile e pu\u00f2 essere utilizzato sia con rig pop-up che bottom bait, comprese le presentazioni popolari come il KD e IQ D-rig.\u00a0Ha grandi propriet\u00e0 di aggancio grazie a un occhio rivolto verso l&#8217;esterno e al gambo curvo, che lo aiutano a girare e a prendere [&hellip;]\" \/>\n<meta property=\"og:url\" content=\"https:\/\/www.pescafish.it\/new\/prodotto\/kurv-shank-x-korda\/\" \/>\n<meta property=\"og:site_name\" content=\"Pesca Fish\" \/>\n<meta property=\"article:publisher\" content=\"https:\/\/www.facebook.com\/pescafishvr\/\" \/>\n<meta property=\"article:modified_time\" content=\"2024-11-25T18:11:12+00:00\" \/>\n<meta property=\"og:image\" content=\"https:\/\/www.pescafish.it\/new\/wp-content\/uploads\/2022\/02\/56101643384833.png\" \/>\n\t<meta property=\"og:image:width\" content=\"300\" \/>\n\t<meta property=\"og:image:height\" content=\"300\" \/>\n<meta name=\"twitter:card\" content=\"summary_large_image\" \/>\n<meta name=\"twitter:label1\" content=\"Scritto da\">\n\t<meta name=\"twitter:data1\" content=\"francesca\">\n\t<meta name=\"twitter:label2\" content=\"Tempo di lettura stimato\">\n\t<meta name=\"twitter:data2\" content=\"1 minuto\">\n<script type=\"application\/ld+json\" class=\"yoast-schema-graph\">{\"@context\":\"https:\/\/schema.org\",\"@graph\":[{\"@type\":\"WebSite\",\"@id\":\"https:\/\/www.pescafish.it\/new\/#website\",\"url\":\"https:\/\/www.pescafish.it\/new\/\",\"name\":\"Pesca Fish\",\"description\":\"Benvenuti sul nostro sito!\",\"potentialAction\":[{\"@type\":\"SearchAction\",\"target\":\"https:\/\/www.pescafish.it\/new\/?s={search_term_string}\",\"query-input\":\"required name=search_term_string\"}],\"inLanguage\":\"it-IT\"},{\"@type\":\"ImageObject\",\"@id\":\"https:\/\/www.pescafish.it\/new\/prodotto\/kurv-shank-x-korda\/#primaryimage\",\"inLanguage\":\"it-IT\",\"url\":\"https:\/\/www.pescafish.it\/new\/wp-content\/uploads\/2022\/02\/56101643384833.png\",\"width\":300,\"height\":300,\"caption\":\"Korda\"},{\"@type\":\"WebPage\",\"@id\":\"https:\/\/www.pescafish.it\/new\/prodotto\/kurv-shank-x-korda\/#webpage\",\"url\":\"https:\/\/www.pescafish.it\/new\/prodotto\/kurv-shank-x-korda\/\",\"name\":\"Kurv Shank X - Korda - Pesca Fish\",\"isPartOf\":{\"@id\":\"https:\/\/www.pescafish.it\/new\/#website\"},\"primaryImageOfPage\":{\"@id\":\"https:\/\/www.pescafish.it\/new\/prodotto\/kurv-shank-x-korda\/#primaryimage\"},\"datePublished\":\"2022-02-15T11:10:00+00:00\",\"dateModified\":\"2024-11-25T18:11:12+00:00\",\"inLanguage\":\"it-IT\",\"potentialAction\":[{\"@type\":\"ReadAction\",\"target\":[\"https:\/\/www.pescafish.it\/new\/prodotto\/kurv-shank-x-korda\/\"]}]}]}<\/script>\n<!-- \/ Yoast SEO plugin. -->","_links":{"self":[{"href":"https:\/\/www.pescafish.it\/new\/wp-json\/wp\/v2\/product\/75616"}],"collection":[{"href":"https:\/\/www.pescafish.it\/new\/wp-json\/wp\/v2\/product"}],"about":[{"href":"https:\/\/www.pescafish.it\/new\/wp-json\/wp\/v2\/types\/product"}],"replies":[{"embeddable":true,"href":"https:\/\/www.pescafish.it\/new\/wp-json\/wp\/v2\/comments?post=75616"}],"wp:featuredmedia":[{"embeddable":true,"href":"https:\/\/www.pescafish.it\/new\/wp-json\/wp\/v2\/media\/75618"}],"wp:attachment":[{"href":"https:\/\/www.pescafish.it\/new\/wp-json\/wp\/v2\/media?parent=75616"}],"wp:term":[{"taxonomy":"product_cat","embeddable":true,"href":"https:\/\/www.pescafish.it\/new\/wp-json\/wp\/v2\/product_cat?post=75616"},{"taxonomy":"product_tag","embeddable":true,"href":"https:\/\/www.pescafish.it\/new\/wp-json\/wp\/v2\/product_tag?post=75616"}],"curies":[{"name":"wp","href":"https:\/\/api.w.org\/{rel}","templated":true}]}}