{"id":75592,"date":"2022-02-15T10:27:54","date_gmt":"2022-02-15T09:27:54","guid":{"rendered":"https:\/\/www.pescafish.it\/new\/?post_type=product&#038;p=75592"},"modified":"2025-06-04T21:29:00","modified_gmt":"2025-06-04T19:29:00","slug":"aventus-4m1m-landing-net-handle-guru","status":"publish","type":"product","link":"https:\/\/www.pescafish.it\/new\/prodotto\/aventus-4m1m-landing-net-handle-guru\/","title":{"rendered":"Aventus 4m+1m Landing Net Handle &#8211; Guru"},"content":{"rendered":"<h2 class=\"title\">Aventus 4m+1m Landing Net Handle<\/h2>\n<p>Progettato per essere incredibilmente versatile e ad altissime prestazioni in tutte le sue combinazioni di lunghezze e variet\u00e0, per soddisfare TUTTE le situazioni di pesca da competizione. Adatto e versatile per soddisfare gli stili di pesca commerciali, naturali e internazionali, con una lunghezza massima di 5 m. Il manico \u00e8 tre sezioni, pi\u00f9 un&#8217;estensione di 1 m. Quest&#8217;ultima impugnatura \u00e8 ad alte prestazioni costruita utilizzando carbonio di prima qualit\u00e0 con giunti rinforzati in tutto. Questo lo rende leggero, rigido e resistente in tutte le sue combinazioni. A ben 5 m, l&#8217;impugnatura \u00e8 l&#8217;ideale per le situazioni internazionali, per i luoghi in cui i pescatori sono seduti in alto rispetto all&#8217;acqua o hanno ostacoli\/erba davanti a loro che hanno bisogno di pescare oltre. In molte competizioni di alto livello, avere una lunghezza extra del guadino d\u00e0 ai pescatori la massima sicurezza di poter pescare con la rete quando si sollevano molto lontano. La versatilit\u00e0 dell&#8217;impugnatura deriva principalmente dal fatto che ha due fili diversi che sono doppi appuntato alla fine e alla seconda sezione. Ci\u00f2 offre ai pescatori la possibilit\u00e0 di avere un&#8217;estremit\u00e0 pi\u00f9 sottile dell&#8217;impugnatura, che pu\u00f2 essere utilizzata a qualsiasi lunghezza dalla sezione finale fino a 5 m di lunghezza. Se volevi un manico corto super sottile e leggero in una situazione particolare, non c&#8217;\u00e8 niente che impedisca ai pescatori di usare solo la prima e la seconda sezione per questo. Puoi usare anche la prima, la seconda e la terza sezione, o tutti i 5 m. Il secondo filo si trova nella seconda sezione, anch&#8217;essa fissata saldamente in posizione, per dare ai pescatori la possibilit\u00e0 di avere un&#8217;impugnatura molto pi\u00f9 rigida con un supporto pi\u00f9 spesso all&#8217;estremit\u00e0 della testa della rete. Il carbonio all&#8217;estremit\u00e0 \u00e8 rastremato per evitare che la fine dall&#8217;aspetto super ingombrante. Questo stile di impugnatura \u00e8 stato molto popolare sulla scena commerciale, offrendo la massima resistenza e dando anche ai pescatori la potenza e il controllo per raccogliere e manovrare il guadino attraverso l&#8217;acqua per pescare grandi pesci con sicurezza. L&#8217;estensione di 1 m entra davvero in gioco quando si utilizza il guadino in questa combinazione, poich\u00e9 offre ai pescatori 1 m in pi\u00f9 di portata e controllo, oltre alle prestazioni super rigide della seconda sezione filettata con la rete inserita. In precedenza, molti guadini che avevano la sezione del filo pi\u00f9 spessa potevano essere utilizzati solo per brevi lunghezze. Nell&#8217;estremit\u00e0 del calcio dell&#8217;estensione da 1 m, l&#8217;impugnatura ha un cono di protezione galleggiante al suo interno. Ci\u00f2 riduce i danni all&#8217;estremit\u00e0 posteriore del palo, che spesso \u00e8 appoggiato sulla sponda dietro i pescatori, e impedisce anche l&#8217;ingresso di sabbia, sporco o pietre. acqua. La finitura del palo del guadino \u00e8 liscia e liscia, che offre ai pescatori un equilibrio tra manovrabilit\u00e0 e presa, mentre guarda anche la parte! I fili stessi in cui il guadino \u00e8 avvitato al palo erano una parte che volevamo garantire fosse incredibilmente forte e affidabile . Questi sono extra durevoli e sono entrambi a doppio perno come menzionato in precedenza per la massima sicurezza.<\/p>\n<p>&nbsp;<\/p>\n","protected":false},"excerpt":{"rendered":"<p>Aventus 4m+1m Landing Net Handle Progettato per essere incredibilmente versatile e ad altissime prestazioni in tutte le sue combinazioni di lunghezze e variet\u00e0, per soddisfare TUTTE le situazioni di pesca da competizione. Adatto e versatile per soddisfare gli stili di pesca commerciali, naturali e internazionali, con una lunghezza massima di 5 m. Il manico \u00e8 [&hellip;]<\/p>\n","protected":false},"featured_media":75593,"comment_status":"closed","ping_status":"closed","template":"","meta":[],"product_cat":[183],"product_tag":[1026],"yoast_head":"<!-- This site is optimized with the Yoast SEO plugin v15.3 - https:\/\/yoast.com\/wordpress\/plugins\/seo\/ -->\n<title>Aventus 4m+1m Landing Net Handle - Guru - Pesca Fish<\/title>\n<meta name=\"robots\" content=\"index, follow, max-snippet:-1, max-image-preview:large, max-video-preview:-1\" \/>\n<link rel=\"canonical\" href=\"https:\/\/www.pescafish.it\/new\/prodotto\/aventus-4m1m-landing-net-handle-guru\/\" \/>\n<meta property=\"og:locale\" content=\"it_IT\" \/>\n<meta property=\"og:type\" content=\"article\" \/>\n<meta property=\"og:title\" content=\"Aventus 4m+1m Landing Net Handle - Guru - Pesca Fish\" \/>\n<meta property=\"og:description\" content=\"Aventus 4m+1m Landing Net Handle Progettato per essere incredibilmente versatile e ad altissime prestazioni in tutte le sue combinazioni di lunghezze e variet\u00e0, per soddisfare TUTTE le situazioni di pesca da competizione. Adatto e versatile per soddisfare gli stili di pesca commerciali, naturali e internazionali, con una lunghezza massima di 5 m. Il manico \u00e8 [&hellip;]\" \/>\n<meta property=\"og:url\" content=\"https:\/\/www.pescafish.it\/new\/prodotto\/aventus-4m1m-landing-net-handle-guru\/\" \/>\n<meta property=\"og:site_name\" content=\"Pesca Fish\" \/>\n<meta property=\"article:publisher\" content=\"https:\/\/www.facebook.com\/pescafishvr\/\" \/>\n<meta property=\"article:modified_time\" content=\"2025-06-04T19:29:00+00:00\" \/>\n<meta property=\"og:image\" content=\"https:\/\/www.pescafish.it\/new\/wp-content\/uploads\/2022\/02\/64591643382891.png\" \/>\n\t<meta property=\"og:image:width\" content=\"300\" \/>\n\t<meta property=\"og:image:height\" content=\"300\" \/>\n<meta name=\"twitter:card\" content=\"summary_large_image\" \/>\n<meta name=\"twitter:label1\" content=\"Scritto da\">\n\t<meta name=\"twitter:data1\" content=\"francesca\">\n\t<meta name=\"twitter:label2\" content=\"Tempo di lettura stimato\">\n\t<meta name=\"twitter:data2\" content=\"2 minuti\">\n<script type=\"application\/ld+json\" class=\"yoast-schema-graph\">{\"@context\":\"https:\/\/schema.org\",\"@graph\":[{\"@type\":\"WebSite\",\"@id\":\"https:\/\/www.pescafish.it\/new\/#website\",\"url\":\"https:\/\/www.pescafish.it\/new\/\",\"name\":\"Pesca Fish\",\"description\":\"Benvenuti sul nostro sito!\",\"potentialAction\":[{\"@type\":\"SearchAction\",\"target\":\"https:\/\/www.pescafish.it\/new\/?s={search_term_string}\",\"query-input\":\"required name=search_term_string\"}],\"inLanguage\":\"it-IT\"},{\"@type\":\"ImageObject\",\"@id\":\"https:\/\/www.pescafish.it\/new\/prodotto\/aventus-4m1m-landing-net-handle-guru\/#primaryimage\",\"inLanguage\":\"it-IT\",\"url\":\"https:\/\/www.pescafish.it\/new\/wp-content\/uploads\/2022\/02\/64591643382891.png\",\"width\":300,\"height\":300,\"caption\":\"Guru\"},{\"@type\":\"WebPage\",\"@id\":\"https:\/\/www.pescafish.it\/new\/prodotto\/aventus-4m1m-landing-net-handle-guru\/#webpage\",\"url\":\"https:\/\/www.pescafish.it\/new\/prodotto\/aventus-4m1m-landing-net-handle-guru\/\",\"name\":\"Aventus 4m+1m Landing Net Handle - Guru - Pesca Fish\",\"isPartOf\":{\"@id\":\"https:\/\/www.pescafish.it\/new\/#website\"},\"primaryImageOfPage\":{\"@id\":\"https:\/\/www.pescafish.it\/new\/prodotto\/aventus-4m1m-landing-net-handle-guru\/#primaryimage\"},\"datePublished\":\"2022-02-15T09:27:54+00:00\",\"dateModified\":\"2025-06-04T19:29:00+00:00\",\"inLanguage\":\"it-IT\",\"potentialAction\":[{\"@type\":\"ReadAction\",\"target\":[\"https:\/\/www.pescafish.it\/new\/prodotto\/aventus-4m1m-landing-net-handle-guru\/\"]}]}]}<\/script>\n<!-- \/ Yoast SEO plugin. -->","_links":{"self":[{"href":"https:\/\/www.pescafish.it\/new\/wp-json\/wp\/v2\/product\/75592"}],"collection":[{"href":"https:\/\/www.pescafish.it\/new\/wp-json\/wp\/v2\/product"}],"about":[{"href":"https:\/\/www.pescafish.it\/new\/wp-json\/wp\/v2\/types\/product"}],"replies":[{"embeddable":true,"href":"https:\/\/www.pescafish.it\/new\/wp-json\/wp\/v2\/comments?post=75592"}],"wp:featuredmedia":[{"embeddable":true,"href":"https:\/\/www.pescafish.it\/new\/wp-json\/wp\/v2\/media\/75593"}],"wp:attachment":[{"href":"https:\/\/www.pescafish.it\/new\/wp-json\/wp\/v2\/media?parent=75592"}],"wp:term":[{"taxonomy":"product_cat","embeddable":true,"href":"https:\/\/www.pescafish.it\/new\/wp-json\/wp\/v2\/product_cat?post=75592"},{"taxonomy":"product_tag","embeddable":true,"href":"https:\/\/www.pescafish.it\/new\/wp-json\/wp\/v2\/product_tag?post=75592"}],"curies":[{"name":"wp","href":"https:\/\/api.w.org\/{rel}","templated":true}]}}