{"id":75408,"date":"2022-02-02T17:04:16","date_gmt":"2022-02-02T16:04:16","guid":{"rendered":"https:\/\/www.pescafish.it\/new\/?post_type=product&#038;p=75408"},"modified":"2023-03-05T18:00:34","modified_gmt":"2023-03-05T17:00:34","slug":"bg-black-lt-daiwa","status":"publish","type":"product","link":"https:\/\/www.pescafish.it\/new\/prodotto\/bg-black-lt-daiwa\/","title":{"rendered":"BG Black LT &#8211; Daiwa"},"content":{"rendered":"<h2>BG Black LT<\/h2>\n<p>Il primo mulinello della serie BG a sposare la tecnologia Light &amp; Tough rimane fedele alle celebri doti di solidit\u00e0 di questa serie, ma diventa pi\u00f9 compatto, maneggevole e reattivo. Il corpo \u00e8 costruito in alluminio, super-resistente e a prova di torsione, mentre la frizione \u00e8 una potente Carbon Automatic Tournament Drag: grazie ai dischi in carbonio \u00e8 in grado di mantenere ottime performance\u00a0 anche nelle condizioni pi\u00f9 critiche, poich\u00e9 subisce meno gli effetti del surriscaldamento provocato da combattimenti lunghi e impegnativi. La grande variet\u00e0 di taglie disponibili (da 3000 a 10000) rendono il BG Black LT un prodotto versatile e polivalente, adatto a diverse\u00a0 tecniche e contesti: nelle taglie pi\u00f9 piccole trova impiego ideale nello spinning da terra, sia in acqua dolce che in mare, mentre le taglie medie e grandi possono essere utilizzate per le pi\u00f9 disparate tecniche: dal bolentino, al light drifting, dallo spinning pesante da riva o barca, all\u2019impegnativa pesca allo storione.<\/p>\n<p><strong>Caratteristiche:<\/strong><\/p>\n<p>\u2022 LT concept<br \/>\n\u2022 Corpo in Alluminio<br \/>\n\u2022 Bobina ABS Long Cast in Alluminio<br \/>\n\u2022 Frizione Carbon ATD<br \/>\n\u2022 Twist Buster II<br \/>\n\u2022 Tough Digigear<br \/>\n\u2022 Rotore Air Rotor<br \/>\n\u2022 Infinite Anti-reverse con leva per le misure pi\u00f9 piccole<br \/>\n\u2022 Cross Wrap<br \/>\n\u2022 5 cuscinetti a sfera + 1 roller<\/p>\n<p><strong>Disponibile nelle seguenti varianti:<br \/>\n<\/strong><\/p>\n<table style=\"height: 190px; width: 100%; border-collapse: collapse;\" border=\"1\">\n<tbody>\n<tr style=\"height: 23px;\">\n<td style=\"width: 14.2857%; height: 23px; text-align: center;\"><strong>Codice<\/strong><\/td>\n<td style=\"width: 14.2857%; height: 23px; text-align: center;\"><strong>Cuscinetti<\/strong><\/td>\n<td style=\"width: 14.2857%; height: 23px; text-align: center;\"><strong>Frizione (kg)<\/strong><\/td>\n<td style=\"width: 14.2857%; height: 23px; text-align: center;\"><strong>Rapporto Di Recupero<\/strong><\/td>\n<td style=\"width: 14.2857%; height: 23px; text-align: center;\"><strong>Capacit\u00e0 Bobina<\/strong><\/td>\n<td style=\"width: 14.2857%; height: 23px; text-align: center;\"><strong>Peso<\/strong><\/td>\n<\/tr>\n<tr style=\"height: 23px;\">\n<td style=\"width: 14.2857%; text-align: center; height: 23px;\"><strong>21BGBLT3000DC<\/strong><\/td>\n<td style=\"width: 14.2857%; text-align: center; height: 23px;\">5 BB + 1 roller<\/td>\n<td style=\"width: 14.2857%; text-align: center; height: 23px;\">10kg<\/td>\n<td style=\"width: 14.2857%; text-align: center; height: 23px;\">5,3:1 \/ 80cm<\/td>\n<td style=\"width: 14.2857%; text-align: center; height: 23px;\">NYLON 0,33mm \u2013 150m<br \/>\nBRAID 0,18mm \u2013 300m<\/td>\n<td style=\"width: 14.2857%; text-align: center; height: 23px;\">245g<\/td>\n<\/tr>\n<tr style=\"height: 29px;\">\n<td style=\"width: 14.2857%; height: 29px; text-align: center;\"><strong>21BGBLT3000DCXH<\/strong><\/td>\n<td style=\"width: 14.2857%; height: 29px; text-align: center;\">5 BB + 1 roller<\/td>\n<td style=\"width: 14.2857%; height: 29px; text-align: center;\">10kg<\/td>\n<td style=\"width: 14.2857%; height: 29px; text-align: center;\">6,2:1 \/ 93cm<\/td>\n<td style=\"width: 14.2857%; height: 29px; text-align: center;\">NYLON 0,33mm \u2013 150m<br \/>\nBRAID 0,18mm \u2013 300m<\/td>\n<td style=\"width: 14.2857%; height: 29px; text-align: center;\">245g<\/td>\n<\/tr>\n<tr style=\"height: 23px;\">\n<td style=\"width: 14.2857%; height: 23px; text-align: center;\"><strong>21BGBLT4000DC<\/strong><\/td>\n<td style=\"width: 14.2857%; height: 23px; text-align: center;\">5 BB + 1 roller<\/td>\n<td style=\"width: 14.2857%; height: 23px; text-align: center;\">12kg<\/td>\n<td style=\"width: 14.2857%; height: 23px; text-align: center;\">5,3:1 \/ 82cm<\/td>\n<td style=\"width: 14.2857%; height: 23px; text-align: center;\">NYLON 0,37mm \u2013 150m<br \/>\nBRAID 0,20mm \u2013 300m<\/td>\n<td style=\"width: 14.2857%; height: 23px; text-align: center;\">275g<\/td>\n<\/tr>\n<tr style=\"height: 23px;\">\n<td style=\"width: 14.2857%; height: 23px; text-align: center;\"><strong>21BGBLT4000DCXH<\/strong><\/td>\n<td style=\"width: 14.2857%; height: 23px; text-align: center;\">5 BB + 1 roller<\/td>\n<td style=\"width: 14.2857%; height: 23px; text-align: center;\">12kg<\/td>\n<td style=\"width: 14.2857%; height: 23px; text-align: center;\">6,2:1 \/ 99cm<\/td>\n<td style=\"width: 14.2857%; height: 23px; text-align: center;\">NYLON 0,37mm \u2013 150m<br \/>\nBRAID 0,20mm \u2013 300m<\/td>\n<td style=\"width: 14.2857%; height: 23px; text-align: center;\">275g<\/td>\n<\/tr>\n<tr style=\"height: 23px;\">\n<td style=\"width: 14.2857%; height: 23px; text-align: center;\"><strong>21BGBLT5000DC<\/strong><\/td>\n<td style=\"width: 14.2857%; height: 23px; text-align: center;\">5 BB + 1 roller<\/td>\n<td style=\"width: 14.2857%; height: 23px; text-align: center;\">12kg<\/td>\n<td style=\"width: 14.2857%; height: 23px; text-align: center;\">5,3:1 \/ 87cm<\/td>\n<td style=\"width: 14.2857%; height: 23px; text-align: center;\">NYLON 0,40mm \u2013 150m<br \/>\nBRAID 0,22mm \u2013 300m<\/td>\n<td style=\"width: 14.2857%; height: 23px; text-align: center;\">280g<\/td>\n<\/tr>\n<tr>\n<td style=\"width: 14.2857%; text-align: center;\"><strong>21BGBLT5000DCXH<\/strong><\/td>\n<td style=\"width: 14.2857%; text-align: center;\">5 BB + 1 roller<\/td>\n<td style=\"width: 14.2857%; text-align: center;\">12kg<\/td>\n<td style=\"width: 14.2857%; text-align: center;\">6,2:1 \/ 105cm<\/td>\n<td style=\"width: 14.2857%; text-align: center;\">NYLON 0,40mm \u2013 150m<br \/>\nBRAID 0,22mm \u2013 300m<\/td>\n<td style=\"width: 14.2857%; text-align: center;\">280g<\/td>\n<\/tr>\n<tr style=\"height: 23px;\">\n<td style=\"width: 14.2857%; height: 23px; text-align: center;\"><strong>21GBLT6000D<\/strong><\/td>\n<td style=\"width: 14.2857%; height: 23px; text-align: center;\">5 BB + 1 roller<\/td>\n<td style=\"width: 14.2857%; height: 23px; text-align: center;\">12kg<\/td>\n<td style=\"width: 14.2857%; height: 23px; text-align: center;\">5,1:1 \/ 92cm<\/td>\n<td style=\"width: 14.2857%; height: 23px; text-align: center;\">NYLON 0,43mm \u2013 150m<br \/>\nBRAID 0,24mm \u2013 300m<\/td>\n<td style=\"width: 14.2857%; height: 23px; text-align: center;\">370g<\/td>\n<\/tr>\n<tr style=\"height: 23px;\">\n<td style=\"width: 14.2857%; height: 23px; text-align: center;\"><strong>21BGBLT6000DH<\/strong><\/td>\n<td style=\"width: 14.2857%; height: 23px; text-align: center;\">5 BB + 1 roller<\/td>\n<td style=\"width: 14.2857%; height: 23px; text-align: center;\">12kg<\/td>\n<td style=\"width: 14.2857%; height: 23px; text-align: center;\">5,17:1\/ 101cm<\/td>\n<td style=\"width: 14.2857%; height: 23px; text-align: center;\">NYLON 0,43mm \u2013 150m<br \/>\nBRAID 0,24mm \u2013 300m<\/td>\n<td style=\"width: 14.2857%; height: 23px; text-align: center;\">370g<\/td>\n<\/tr>\n<\/tbody>\n<\/table>\n<p>&nbsp;<\/p>\n","protected":false},"excerpt":{"rendered":"<p>BG Black LT Il primo mulinello della serie BG a sposare la tecnologia Light &amp; Tough rimane fedele alle celebri doti di solidit\u00e0 di questa serie, ma diventa pi\u00f9 compatto, maneggevole e reattivo. Il corpo \u00e8 costruito in alluminio, super-resistente e a prova di torsione, mentre la frizione \u00e8 una potente Carbon Automatic Tournament Drag: [&hellip;]<\/p>\n","protected":false},"featured_media":75409,"comment_status":"closed","ping_status":"closed","template":"","meta":[],"product_cat":[351],"product_tag":[1051],"yoast_head":"<!-- This site is optimized with the Yoast SEO plugin v15.3 - https:\/\/yoast.com\/wordpress\/plugins\/seo\/ -->\n<title>BG Black LT - Daiwa - Pesca Fish<\/title>\n<meta name=\"robots\" content=\"index, follow, max-snippet:-1, max-image-preview:large, max-video-preview:-1\" \/>\n<link rel=\"canonical\" href=\"https:\/\/www.pescafish.it\/new\/prodotto\/bg-black-lt-daiwa\/\" \/>\n<meta property=\"og:locale\" content=\"it_IT\" \/>\n<meta property=\"og:type\" content=\"article\" \/>\n<meta property=\"og:title\" content=\"BG Black LT - Daiwa - Pesca Fish\" \/>\n<meta property=\"og:description\" content=\"BG Black LT Il primo mulinello della serie BG a sposare la tecnologia Light &amp; Tough rimane fedele alle celebri doti di solidit\u00e0 di questa serie, ma diventa pi\u00f9 compatto, maneggevole e reattivo. Il corpo \u00e8 costruito in alluminio, super-resistente e a prova di torsione, mentre la frizione \u00e8 una potente Carbon Automatic Tournament Drag: [&hellip;]\" \/>\n<meta property=\"og:url\" content=\"https:\/\/www.pescafish.it\/new\/prodotto\/bg-black-lt-daiwa\/\" \/>\n<meta property=\"og:site_name\" content=\"Pesca Fish\" \/>\n<meta property=\"article:publisher\" content=\"https:\/\/www.facebook.com\/pescafishvr\/\" \/>\n<meta property=\"article:modified_time\" content=\"2023-03-05T17:00:34+00:00\" \/>\n<meta property=\"og:image\" content=\"https:\/\/www.pescafish.it\/new\/wp-content\/uploads\/2022\/02\/BG-BLACK-LT-5000D-CXH_03-1300x867-1.png\" \/>\n\t<meta property=\"og:image:width\" content=\"1300\" \/>\n\t<meta property=\"og:image:height\" content=\"867\" \/>\n<meta name=\"twitter:card\" content=\"summary_large_image\" \/>\n<meta name=\"twitter:label1\" content=\"Scritto da\">\n\t<meta name=\"twitter:data1\" content=\"francesca\">\n\t<meta name=\"twitter:label2\" content=\"Tempo di lettura stimato\">\n\t<meta name=\"twitter:data2\" content=\"1 minuto\">\n<script type=\"application\/ld+json\" class=\"yoast-schema-graph\">{\"@context\":\"https:\/\/schema.org\",\"@graph\":[{\"@type\":\"WebSite\",\"@id\":\"https:\/\/www.pescafish.it\/new\/#website\",\"url\":\"https:\/\/www.pescafish.it\/new\/\",\"name\":\"Pesca Fish\",\"description\":\"Benvenuti sul nostro sito!\",\"potentialAction\":[{\"@type\":\"SearchAction\",\"target\":\"https:\/\/www.pescafish.it\/new\/?s={search_term_string}\",\"query-input\":\"required name=search_term_string\"}],\"inLanguage\":\"it-IT\"},{\"@type\":\"ImageObject\",\"@id\":\"https:\/\/www.pescafish.it\/new\/prodotto\/bg-black-lt-daiwa\/#primaryimage\",\"inLanguage\":\"it-IT\",\"url\":\"https:\/\/www.pescafish.it\/new\/wp-content\/uploads\/2022\/02\/BG-BLACK-LT-5000D-CXH_03-1300x867-1.png\",\"width\":1300,\"height\":867,\"caption\":\"Daiwa\"},{\"@type\":\"WebPage\",\"@id\":\"https:\/\/www.pescafish.it\/new\/prodotto\/bg-black-lt-daiwa\/#webpage\",\"url\":\"https:\/\/www.pescafish.it\/new\/prodotto\/bg-black-lt-daiwa\/\",\"name\":\"BG Black LT - Daiwa - Pesca Fish\",\"isPartOf\":{\"@id\":\"https:\/\/www.pescafish.it\/new\/#website\"},\"primaryImageOfPage\":{\"@id\":\"https:\/\/www.pescafish.it\/new\/prodotto\/bg-black-lt-daiwa\/#primaryimage\"},\"datePublished\":\"2022-02-02T16:04:16+00:00\",\"dateModified\":\"2023-03-05T17:00:34+00:00\",\"inLanguage\":\"it-IT\",\"potentialAction\":[{\"@type\":\"ReadAction\",\"target\":[\"https:\/\/www.pescafish.it\/new\/prodotto\/bg-black-lt-daiwa\/\"]}]}]}<\/script>\n<!-- \/ Yoast SEO plugin. -->","_links":{"self":[{"href":"https:\/\/www.pescafish.it\/new\/wp-json\/wp\/v2\/product\/75408"}],"collection":[{"href":"https:\/\/www.pescafish.it\/new\/wp-json\/wp\/v2\/product"}],"about":[{"href":"https:\/\/www.pescafish.it\/new\/wp-json\/wp\/v2\/types\/product"}],"replies":[{"embeddable":true,"href":"https:\/\/www.pescafish.it\/new\/wp-json\/wp\/v2\/comments?post=75408"}],"wp:featuredmedia":[{"embeddable":true,"href":"https:\/\/www.pescafish.it\/new\/wp-json\/wp\/v2\/media\/75409"}],"wp:attachment":[{"href":"https:\/\/www.pescafish.it\/new\/wp-json\/wp\/v2\/media?parent=75408"}],"wp:term":[{"taxonomy":"product_cat","embeddable":true,"href":"https:\/\/www.pescafish.it\/new\/wp-json\/wp\/v2\/product_cat?post=75408"},{"taxonomy":"product_tag","embeddable":true,"href":"https:\/\/www.pescafish.it\/new\/wp-json\/wp\/v2\/product_tag?post=75408"}],"curies":[{"name":"wp","href":"https:\/\/api.w.org\/{rel}","templated":true}]}}