{"id":75055,"date":"2022-01-20T18:50:04","date_gmt":"2022-01-20T17:50:04","guid":{"rendered":"https:\/\/www.pescafish.it\/new\/?post_type=product&#038;p=75055"},"modified":"2024-12-03T23:23:36","modified_gmt":"2024-12-03T22:23:36","slug":"hook-safe-korda","status":"publish","type":"product","link":"https:\/\/www.pescafish.it\/new\/prodotto\/hook-safe-korda\/","title":{"rendered":"Hook Safe &#8211; Korda"},"content":{"rendered":"<h2 class=\"title\">Hook Safe<\/h2>\n<p>Hook Safe \u00e8 la soluzione di conservazione perfetta per mantenere i tuoi ganci in perfette condizioni, soprattutto se ti sei preso il tempo per affilarli a mano! L&#8217;ultima aggiunta alla nostra gamma &#8220;Safe&#8221; \u00e8 stata progettata per adattarsi perfettamente all&#8217;interno della Tackle Box e manterr\u00e0 fino a 67 ganci singoli, nelle dimensioni da 2 a 8. L&#8217;inserto in silicone scanalato \u00e8 progettato per tenere saldamente in posizione ogni singolo gancio e senza il rischio di danneggiare la punta quando lo si inserisce o lo si estrae dalla scatola. la scatola stessa \u00e8 realizzata in plastica dura ad alto impatto, con chiusura a magnete per garantire che non possa aprirsi durante il trasporto, ma \u00e8 molto facile da aprire e chiudere quando ne hai bisogno. Il coperchio ha una lente di ingrandimento ribaltabile incorporata, che pu\u00f2 essere utilizzata per controllare i punti di aggancio ed \u00e8 tenuta in posizione da un dispositivo di fissaggio magnetico quando non \u00e8 in uso. L&#8217;Hook Safe \u00e8 l&#8217;ideale anche per coloro che utilizzano rig in cui un capello viene montato separatamente, come le variazioni dello spinner rig, poich\u00e9 significa che puoi legarli in anticipo e riporli ordinatamente.<\/p>\n","protected":false},"excerpt":{"rendered":"<p>Hook Safe Hook Safe \u00e8 la soluzione di conservazione perfetta per mantenere i tuoi ganci in perfette condizioni, soprattutto se ti sei preso il tempo per affilarli a mano! L&#8217;ultima aggiunta alla nostra gamma &#8220;Safe&#8221; \u00e8 stata progettata per adattarsi perfettamente all&#8217;interno della Tackle Box e manterr\u00e0 fino a 67 ganci singoli, nelle dimensioni da [&hellip;]<\/p>\n","protected":false},"featured_media":75057,"comment_status":"closed","ping_status":"closed","template":"","meta":[],"product_cat":[587],"product_tag":[1018],"yoast_head":"<!-- This site is optimized with the Yoast SEO plugin v15.3 - https:\/\/yoast.com\/wordpress\/plugins\/seo\/ -->\n<title>Hook Safe - Korda - Pesca Fish<\/title>\n<meta name=\"robots\" content=\"index, follow, max-snippet:-1, max-image-preview:large, max-video-preview:-1\" \/>\n<link rel=\"canonical\" href=\"https:\/\/www.pescafish.it\/new\/prodotto\/hook-safe-korda\/\" \/>\n<meta property=\"og:locale\" content=\"it_IT\" \/>\n<meta property=\"og:type\" content=\"article\" \/>\n<meta property=\"og:title\" content=\"Hook Safe - Korda - Pesca Fish\" \/>\n<meta property=\"og:description\" content=\"Hook Safe Hook Safe \u00e8 la soluzione di conservazione perfetta per mantenere i tuoi ganci in perfette condizioni, soprattutto se ti sei preso il tempo per affilarli a mano! L&#8217;ultima aggiunta alla nostra gamma &#8220;Safe&#8221; \u00e8 stata progettata per adattarsi perfettamente all&#8217;interno della Tackle Box e manterr\u00e0 fino a 67 ganci singoli, nelle dimensioni da [&hellip;]\" \/>\n<meta property=\"og:url\" content=\"https:\/\/www.pescafish.it\/new\/prodotto\/hook-safe-korda\/\" \/>\n<meta property=\"og:site_name\" content=\"Pesca Fish\" \/>\n<meta property=\"article:publisher\" content=\"https:\/\/www.facebook.com\/pescafishvr\/\" \/>\n<meta property=\"article:modified_time\" content=\"2024-12-03T22:23:36+00:00\" \/>\n<meta property=\"og:image\" content=\"https:\/\/www.pescafish.it\/new\/wp-content\/uploads\/2022\/01\/95971631611054.png\" \/>\n\t<meta property=\"og:image:width\" content=\"300\" \/>\n\t<meta property=\"og:image:height\" content=\"300\" \/>\n<meta name=\"twitter:card\" content=\"summary_large_image\" \/>\n<meta name=\"twitter:label1\" content=\"Scritto da\">\n\t<meta name=\"twitter:data1\" content=\"francesca\">\n\t<meta name=\"twitter:label2\" content=\"Tempo di lettura stimato\">\n\t<meta name=\"twitter:data2\" content=\"1 minuto\">\n<script type=\"application\/ld+json\" class=\"yoast-schema-graph\">{\"@context\":\"https:\/\/schema.org\",\"@graph\":[{\"@type\":\"WebSite\",\"@id\":\"https:\/\/www.pescafish.it\/new\/#website\",\"url\":\"https:\/\/www.pescafish.it\/new\/\",\"name\":\"Pesca Fish\",\"description\":\"Benvenuti sul nostro sito!\",\"potentialAction\":[{\"@type\":\"SearchAction\",\"target\":\"https:\/\/www.pescafish.it\/new\/?s={search_term_string}\",\"query-input\":\"required name=search_term_string\"}],\"inLanguage\":\"it-IT\"},{\"@type\":\"ImageObject\",\"@id\":\"https:\/\/www.pescafish.it\/new\/prodotto\/hook-safe-korda\/#primaryimage\",\"inLanguage\":\"it-IT\",\"url\":\"https:\/\/www.pescafish.it\/new\/wp-content\/uploads\/2022\/01\/95971631611054.png\",\"width\":300,\"height\":300,\"caption\":\"Korda\"},{\"@type\":\"WebPage\",\"@id\":\"https:\/\/www.pescafish.it\/new\/prodotto\/hook-safe-korda\/#webpage\",\"url\":\"https:\/\/www.pescafish.it\/new\/prodotto\/hook-safe-korda\/\",\"name\":\"Hook Safe - Korda - Pesca Fish\",\"isPartOf\":{\"@id\":\"https:\/\/www.pescafish.it\/new\/#website\"},\"primaryImageOfPage\":{\"@id\":\"https:\/\/www.pescafish.it\/new\/prodotto\/hook-safe-korda\/#primaryimage\"},\"datePublished\":\"2022-01-20T17:50:04+00:00\",\"dateModified\":\"2024-12-03T22:23:36+00:00\",\"inLanguage\":\"it-IT\",\"potentialAction\":[{\"@type\":\"ReadAction\",\"target\":[\"https:\/\/www.pescafish.it\/new\/prodotto\/hook-safe-korda\/\"]}]}]}<\/script>\n<!-- \/ Yoast SEO plugin. -->","_links":{"self":[{"href":"https:\/\/www.pescafish.it\/new\/wp-json\/wp\/v2\/product\/75055"}],"collection":[{"href":"https:\/\/www.pescafish.it\/new\/wp-json\/wp\/v2\/product"}],"about":[{"href":"https:\/\/www.pescafish.it\/new\/wp-json\/wp\/v2\/types\/product"}],"replies":[{"embeddable":true,"href":"https:\/\/www.pescafish.it\/new\/wp-json\/wp\/v2\/comments?post=75055"}],"wp:featuredmedia":[{"embeddable":true,"href":"https:\/\/www.pescafish.it\/new\/wp-json\/wp\/v2\/media\/75057"}],"wp:attachment":[{"href":"https:\/\/www.pescafish.it\/new\/wp-json\/wp\/v2\/media?parent=75055"}],"wp:term":[{"taxonomy":"product_cat","embeddable":true,"href":"https:\/\/www.pescafish.it\/new\/wp-json\/wp\/v2\/product_cat?post=75055"},{"taxonomy":"product_tag","embeddable":true,"href":"https:\/\/www.pescafish.it\/new\/wp-json\/wp\/v2\/product_tag?post=75055"}],"curies":[{"name":"wp","href":"https:\/\/api.w.org\/{rel}","templated":true}]}}