{"id":74784,"date":"2022-01-12T11:44:50","date_gmt":"2022-01-12T10:44:50","guid":{"rendered":"https:\/\/www.pescafish.it\/new\/?post_type=product&#038;p=74784"},"modified":"2022-06-14T12:12:09","modified_gmt":"2022-06-14T10:12:09","slug":"accessory-chair-s23-korum","status":"publish","type":"product","link":"https:\/\/www.pescafish.it\/new\/prodotto\/accessory-chair-s23-korum\/","title":{"rendered":"Accessory Chair S23 &#8211; Korum"},"content":{"rendered":"<p>Il nostro design brevettato della nuova sedia Korum S23 Accessory Chair utilizza un nuovo telaio con gambe tubolari da 23 mm di diametro rendendo la sedia ancora pi\u00f9 facile da usare e configurare in ogni situazione di pesca. La sedia Korum Accessory S23 migliora la stabilit\u00e0 e la facilit\u00e0 di regolazione delle gambe, rendendo la sedia ancor pi\u00f9 facile da usare con gli tutti gli accessori. L\u2019imbottitura \u00e8 realizzata con materiali leggeri di altissima qualit\u00e0, per una migliore traspirazione e comfort.<br \/>\nLa versione standard non ha le gambe telescopiche, l\u2019altezza della seduta \u00e8 fissa a 50 cm.<br \/>\nLe gambe telescopiche S23 sono comunque disponibili su ordinazione separatamente.<\/p>\n<p>\u2022 Design unico e brevettato<br \/>\n\u2022 Sistema di gambe completamente regolabili con profilo S23 molto stabile<br \/>\n\u2022 Seduta e schienale imbottito con zone traspiranti<br \/>\n\u2022 Realizzato con tessuto Korum 600D e pannelli in spugna traspirante<br \/>\n\u2022 Design del telaio leggero e richiudibile di tipo Quick Fold<br \/>\n\u2022 Piedini anti fango orientabili e adattabili anche per per i terreni pi\u00f9 sconnessi<br \/>\n\u2022 Materiale: 100% Polyester<\/p>\n<p><strong>Dimensioni:<\/strong> H95 W65 D65cm<br \/>\n<strong>Peso:<\/strong> 5,2kg<br \/>\n<strong>Portata massima:<\/strong> 130kg<\/p>\n","protected":false},"excerpt":{"rendered":"<p>Il nostro design brevettato della nuova sedia Korum S23 Accessory Chair utilizza un nuovo telaio con gambe tubolari da 23 mm di diametro rendendo la sedia ancora pi\u00f9 facile da usare e configurare in ogni situazione di pesca. La sedia Korum Accessory S23 migliora la stabilit\u00e0 e la facilit\u00e0 di regolazione delle gambe, rendendo la [&hellip;]<\/p>\n","protected":false},"featured_media":74785,"comment_status":"closed","ping_status":"closed","template":"","meta":[],"product_cat":[188],"product_tag":[1031],"yoast_head":"<!-- This site is optimized with the Yoast SEO plugin v15.3 - https:\/\/yoast.com\/wordpress\/plugins\/seo\/ -->\n<title>Accessory Chair S23 - Korum - Pesca Fish<\/title>\n<meta name=\"robots\" content=\"index, follow, max-snippet:-1, max-image-preview:large, max-video-preview:-1\" \/>\n<link rel=\"canonical\" href=\"https:\/\/www.pescafish.it\/new\/prodotto\/accessory-chair-s23-korum\/\" \/>\n<meta property=\"og:locale\" content=\"it_IT\" \/>\n<meta property=\"og:type\" content=\"article\" \/>\n<meta property=\"og:title\" content=\"Accessory Chair S23 - Korum - Pesca Fish\" \/>\n<meta property=\"og:description\" content=\"Il nostro design brevettato della nuova sedia Korum S23 Accessory Chair utilizza un nuovo telaio con gambe tubolari da 23 mm di diametro rendendo la sedia ancora pi\u00f9 facile da usare e configurare in ogni situazione di pesca. La sedia Korum Accessory S23 migliora la stabilit\u00e0 e la facilit\u00e0 di regolazione delle gambe, rendendo la [&hellip;]\" \/>\n<meta property=\"og:url\" content=\"https:\/\/www.pescafish.it\/new\/prodotto\/accessory-chair-s23-korum\/\" \/>\n<meta property=\"og:site_name\" content=\"Pesca Fish\" \/>\n<meta property=\"article:publisher\" content=\"https:\/\/www.facebook.com\/pescafishvr\/\" \/>\n<meta property=\"article:modified_time\" content=\"2022-06-14T10:12:09+00:00\" \/>\n<meta property=\"og:image\" content=\"https:\/\/www.pescafish.it\/new\/wp-content\/uploads\/2022\/01\/accessory-chair-s23.jpg\" \/>\n\t<meta property=\"og:image:width\" content=\"652\" \/>\n\t<meta property=\"og:image:height\" content=\"652\" \/>\n<meta name=\"twitter:card\" content=\"summary_large_image\" \/>\n<meta name=\"twitter:label1\" content=\"Scritto da\">\n\t<meta name=\"twitter:data1\" content=\"francesca\">\n\t<meta name=\"twitter:label2\" content=\"Tempo di lettura stimato\">\n\t<meta name=\"twitter:data2\" content=\"1 minuto\">\n<script type=\"application\/ld+json\" class=\"yoast-schema-graph\">{\"@context\":\"https:\/\/schema.org\",\"@graph\":[{\"@type\":\"WebSite\",\"@id\":\"https:\/\/www.pescafish.it\/new\/#website\",\"url\":\"https:\/\/www.pescafish.it\/new\/\",\"name\":\"Pesca Fish\",\"description\":\"Benvenuti sul nostro sito!\",\"potentialAction\":[{\"@type\":\"SearchAction\",\"target\":\"https:\/\/www.pescafish.it\/new\/?s={search_term_string}\",\"query-input\":\"required name=search_term_string\"}],\"inLanguage\":\"it-IT\"},{\"@type\":\"ImageObject\",\"@id\":\"https:\/\/www.pescafish.it\/new\/prodotto\/accessory-chair-s23-korum\/#primaryimage\",\"inLanguage\":\"it-IT\",\"url\":\"https:\/\/www.pescafish.it\/new\/wp-content\/uploads\/2022\/01\/accessory-chair-s23.jpg\",\"width\":652,\"height\":652,\"caption\":\"accessory chair s23 korum\"},{\"@type\":\"WebPage\",\"@id\":\"https:\/\/www.pescafish.it\/new\/prodotto\/accessory-chair-s23-korum\/#webpage\",\"url\":\"https:\/\/www.pescafish.it\/new\/prodotto\/accessory-chair-s23-korum\/\",\"name\":\"Accessory Chair S23 - Korum - Pesca Fish\",\"isPartOf\":{\"@id\":\"https:\/\/www.pescafish.it\/new\/#website\"},\"primaryImageOfPage\":{\"@id\":\"https:\/\/www.pescafish.it\/new\/prodotto\/accessory-chair-s23-korum\/#primaryimage\"},\"datePublished\":\"2022-01-12T10:44:50+00:00\",\"dateModified\":\"2022-06-14T10:12:09+00:00\",\"inLanguage\":\"it-IT\",\"potentialAction\":[{\"@type\":\"ReadAction\",\"target\":[\"https:\/\/www.pescafish.it\/new\/prodotto\/accessory-chair-s23-korum\/\"]}]}]}<\/script>\n<!-- \/ Yoast SEO plugin. -->","_links":{"self":[{"href":"https:\/\/www.pescafish.it\/new\/wp-json\/wp\/v2\/product\/74784"}],"collection":[{"href":"https:\/\/www.pescafish.it\/new\/wp-json\/wp\/v2\/product"}],"about":[{"href":"https:\/\/www.pescafish.it\/new\/wp-json\/wp\/v2\/types\/product"}],"replies":[{"embeddable":true,"href":"https:\/\/www.pescafish.it\/new\/wp-json\/wp\/v2\/comments?post=74784"}],"wp:featuredmedia":[{"embeddable":true,"href":"https:\/\/www.pescafish.it\/new\/wp-json\/wp\/v2\/media\/74785"}],"wp:attachment":[{"href":"https:\/\/www.pescafish.it\/new\/wp-json\/wp\/v2\/media?parent=74784"}],"wp:term":[{"taxonomy":"product_cat","embeddable":true,"href":"https:\/\/www.pescafish.it\/new\/wp-json\/wp\/v2\/product_cat?post=74784"},{"taxonomy":"product_tag","embeddable":true,"href":"https:\/\/www.pescafish.it\/new\/wp-json\/wp\/v2\/product_tag?post=74784"}],"curies":[{"name":"wp","href":"https:\/\/api.w.org\/{rel}","templated":true}]}}