{"id":74593,"date":"2021-12-18T09:41:30","date_gmt":"2021-12-18T08:41:30","guid":{"rendered":"https:\/\/www.pescafish.it\/new\/?post_type=product&#038;p=74593"},"modified":"2024-12-03T17:13:27","modified_gmt":"2024-12-03T16:13:27","slug":"wafter-mini-6mm-traper","status":"publish","type":"product","link":"https:\/\/www.pescafish.it\/new\/prodotto\/wafter-mini-6mm-traper\/","title":{"rendered":"Wafter Mini 6mm &#8211; Traper"},"content":{"rendered":"<p>Wafter Mini da 6mm per la pesca a method feeder, di colore molto attraente e brillante. Grazie all&#8217;utilizzo di ingredienti naturali di altissima qualit\u00e0 ed al processo di tecnologia di produzione avanzata, Traper Wafter sorprende per la velocit\u00e0 di funzionamento, superando altre esche. La giusta dimensione, la variet\u00e0 dei colori, le fragranze raffinate, l&#8217;aroma graduale e le propriet\u00e0 di rilascio degli ingredienti sono i principali vantaggi di questo prodotto. Tutte queste caratteristiche garantiscono l&#8217;efficacia.<\/p>\n<p><strong>Misura:<\/strong> 6mm<\/p>\n<p><strong>Disponibili nelle seguenti aromatizzazioni:<\/strong><br \/>\n<strong>TR4422<\/strong>\u00a0 Tasty Pineapple<br \/>\n<strong>TR4431\u00a0<\/strong> Spicy Sausage<br \/>\n<strong>TR4433\u00a0<\/strong> Artic Krill<br \/>\n<strong>TR4439\u00a0<\/strong> Bloodworm<br \/>\n<strong>TR4442<\/strong>\u00a0 Crazy Scopex<br \/>\n<strong>TR4443<\/strong>\u00a0 Fresh Strawberry<\/p>\n<p><strong>Confezione da 15g<\/strong><\/p>\n","protected":false},"excerpt":{"rendered":"<p>Wafter Mini da 6mm per la pesca a method feeder, di colore molto attraente e brillante. Grazie all&#8217;utilizzo di ingredienti naturali di altissima qualit\u00e0 ed al processo di tecnologia di produzione avanzata, Traper Wafter sorprende per la velocit\u00e0 di funzionamento, superando altre esche. La giusta dimensione, la variet\u00e0 dei colori, le fragranze raffinate, l&#8217;aroma graduale [&hellip;]<\/p>\n","protected":false},"featured_media":74594,"comment_status":"closed","ping_status":"closed","template":"","meta":[],"product_cat":[707],"product_tag":[1282],"yoast_head":"<!-- This site is optimized with the Yoast SEO plugin v15.3 - https:\/\/yoast.com\/wordpress\/plugins\/seo\/ -->\n<title>Wafter Mini 6mm - Traper - Pesca Fish<\/title>\n<meta name=\"robots\" content=\"index, follow, max-snippet:-1, max-image-preview:large, max-video-preview:-1\" \/>\n<link rel=\"canonical\" href=\"https:\/\/www.pescafish.it\/new\/prodotto\/wafter-mini-6mm-traper\/\" \/>\n<meta property=\"og:locale\" content=\"it_IT\" \/>\n<meta property=\"og:type\" content=\"article\" \/>\n<meta property=\"og:title\" content=\"Wafter Mini 6mm - Traper - Pesca Fish\" \/>\n<meta property=\"og:description\" content=\"Wafter Mini da 6mm per la pesca a method feeder, di colore molto attraente e brillante. Grazie all&#8217;utilizzo di ingredienti naturali di altissima qualit\u00e0 ed al processo di tecnologia di produzione avanzata, Traper Wafter sorprende per la velocit\u00e0 di funzionamento, superando altre esche. La giusta dimensione, la variet\u00e0 dei colori, le fragranze raffinate, l&#8217;aroma graduale [&hellip;]\" \/>\n<meta property=\"og:url\" content=\"https:\/\/www.pescafish.it\/new\/prodotto\/wafter-mini-6mm-traper\/\" \/>\n<meta property=\"og:site_name\" content=\"Pesca Fish\" \/>\n<meta property=\"article:publisher\" content=\"https:\/\/www.facebook.com\/pescafishvr\/\" \/>\n<meta property=\"article:modified_time\" content=\"2024-12-03T16:13:27+00:00\" \/>\n<meta property=\"og:image\" content=\"https:\/\/www.pescafish.it\/new\/wp-content\/uploads\/2021\/12\/wafter-mini-6mm.jpg\" \/>\n\t<meta property=\"og:image:width\" content=\"1000\" \/>\n\t<meta property=\"og:image:height\" content=\"1000\" \/>\n<meta name=\"twitter:card\" content=\"summary_large_image\" \/>\n<meta name=\"twitter:label1\" content=\"Scritto da\">\n\t<meta name=\"twitter:data1\" content=\"francesca\">\n\t<meta name=\"twitter:label2\" content=\"Tempo di lettura stimato\">\n\t<meta name=\"twitter:data2\" content=\"0 minuti\">\n<script type=\"application\/ld+json\" class=\"yoast-schema-graph\">{\"@context\":\"https:\/\/schema.org\",\"@graph\":[{\"@type\":\"WebSite\",\"@id\":\"https:\/\/www.pescafish.it\/new\/#website\",\"url\":\"https:\/\/www.pescafish.it\/new\/\",\"name\":\"Pesca Fish\",\"description\":\"Benvenuti sul nostro sito!\",\"potentialAction\":[{\"@type\":\"SearchAction\",\"target\":\"https:\/\/www.pescafish.it\/new\/?s={search_term_string}\",\"query-input\":\"required name=search_term_string\"}],\"inLanguage\":\"it-IT\"},{\"@type\":\"ImageObject\",\"@id\":\"https:\/\/www.pescafish.it\/new\/prodotto\/wafter-mini-6mm-traper\/#primaryimage\",\"inLanguage\":\"it-IT\",\"url\":\"https:\/\/www.pescafish.it\/new\/wp-content\/uploads\/2021\/12\/wafter-mini-6mm.jpg\",\"width\":1000,\"height\":1000,\"caption\":\"wafter mini traper\"},{\"@type\":\"WebPage\",\"@id\":\"https:\/\/www.pescafish.it\/new\/prodotto\/wafter-mini-6mm-traper\/#webpage\",\"url\":\"https:\/\/www.pescafish.it\/new\/prodotto\/wafter-mini-6mm-traper\/\",\"name\":\"Wafter Mini 6mm - Traper - Pesca Fish\",\"isPartOf\":{\"@id\":\"https:\/\/www.pescafish.it\/new\/#website\"},\"primaryImageOfPage\":{\"@id\":\"https:\/\/www.pescafish.it\/new\/prodotto\/wafter-mini-6mm-traper\/#primaryimage\"},\"datePublished\":\"2021-12-18T08:41:30+00:00\",\"dateModified\":\"2024-12-03T16:13:27+00:00\",\"inLanguage\":\"it-IT\",\"potentialAction\":[{\"@type\":\"ReadAction\",\"target\":[\"https:\/\/www.pescafish.it\/new\/prodotto\/wafter-mini-6mm-traper\/\"]}]}]}<\/script>\n<!-- \/ Yoast SEO plugin. -->","_links":{"self":[{"href":"https:\/\/www.pescafish.it\/new\/wp-json\/wp\/v2\/product\/74593"}],"collection":[{"href":"https:\/\/www.pescafish.it\/new\/wp-json\/wp\/v2\/product"}],"about":[{"href":"https:\/\/www.pescafish.it\/new\/wp-json\/wp\/v2\/types\/product"}],"replies":[{"embeddable":true,"href":"https:\/\/www.pescafish.it\/new\/wp-json\/wp\/v2\/comments?post=74593"}],"wp:featuredmedia":[{"embeddable":true,"href":"https:\/\/www.pescafish.it\/new\/wp-json\/wp\/v2\/media\/74594"}],"wp:attachment":[{"href":"https:\/\/www.pescafish.it\/new\/wp-json\/wp\/v2\/media?parent=74593"}],"wp:term":[{"taxonomy":"product_cat","embeddable":true,"href":"https:\/\/www.pescafish.it\/new\/wp-json\/wp\/v2\/product_cat?post=74593"},{"taxonomy":"product_tag","embeddable":true,"href":"https:\/\/www.pescafish.it\/new\/wp-json\/wp\/v2\/product_tag?post=74593"}],"curies":[{"name":"wp","href":"https:\/\/api.w.org\/{rel}","templated":true}]}}