{"id":74546,"date":"2021-12-14T19:25:03","date_gmt":"2021-12-14T18:25:03","guid":{"rendered":"https:\/\/www.pescafish.it\/new\/?post_type=product&#038;p=74546"},"modified":"2025-11-21T09:57:20","modified_gmt":"2025-11-21T08:57:20","slug":"galleggiante-sarago-vincent","status":"publish","type":"product","link":"https:\/\/www.pescafish.it\/new\/prodotto\/galleggiante-sarago-vincent\/","title":{"rendered":"Galleggiante Sarago &#8211; Vincent"},"content":{"rendered":"<p>Galleggiante parzialmente gi\u00e0 piombato per presentare una lenza pi\u00f9 leggera e quindi pi\u00f9 adescante.<br \/>\nIdeale per la pesca in mare o per la trota.<br \/>\nDotato di porta starlight da 4,5mm, filo passante e deriva in carbonio.<\/p>\n<p><strong>Disponibile nelle seguenti grammature:<\/strong><br \/>\n<strong>1204-1\u00a0<\/strong> 1gr +0,75<br \/>\n<strong>1204-1.5<\/strong>\u00a0 1,5gr +0,75<br \/>\n<strong>1204-2<\/strong>\u00a0 2gr +0,75<br \/>\n<strong>1204-2.5\u00a0<\/strong> 2,5gr +0,75<br \/>\n<strong>1204-3<\/strong>\u00a0 3gr +1<br \/>\n<strong>1204-4<\/strong>\u00a0 4gr +1<br \/>\n<strong>1204-5<\/strong>\u00a0 5gr +1,5<br \/>\n<strong>1204-6\u00a0<\/strong> 6gr +1,5<\/p>\n","protected":false},"excerpt":{"rendered":"<p>Galleggiante parzialmente gi\u00e0 piombato per presentare una lenza pi\u00f9 leggera e quindi pi\u00f9 adescante. Ideale per la pesca in mare o per la trota. Dotato di porta starlight da 4,5mm, filo passante e deriva in carbonio. Disponibile nelle seguenti grammature: 1204-1\u00a0 1gr +0,75 1204-1.5\u00a0 1,5gr +0,75 1204-2\u00a0 2gr +0,75 1204-2.5\u00a0 2,5gr +0,75 1204-3\u00a0 3gr +1 [&hellip;]<\/p>\n","protected":false},"featured_media":74548,"comment_status":"closed","ping_status":"closed","template":"","meta":[],"product_cat":[186,162,154],"product_tag":[1053],"yoast_head":"<!-- This site is optimized with the Yoast SEO plugin v15.3 - https:\/\/yoast.com\/wordpress\/plugins\/seo\/ -->\n<title>Galleggiante Sarago - Vincent - Pesca Fish<\/title>\n<meta name=\"robots\" content=\"index, follow, max-snippet:-1, max-image-preview:large, max-video-preview:-1\" \/>\n<link rel=\"canonical\" href=\"https:\/\/www.pescafish.it\/new\/prodotto\/galleggiante-sarago-vincent\/\" \/>\n<meta property=\"og:locale\" content=\"it_IT\" \/>\n<meta property=\"og:type\" content=\"article\" \/>\n<meta property=\"og:title\" content=\"Galleggiante Sarago - Vincent - Pesca Fish\" \/>\n<meta property=\"og:description\" content=\"Galleggiante parzialmente gi\u00e0 piombato per presentare una lenza pi\u00f9 leggera e quindi pi\u00f9 adescante. Ideale per la pesca in mare o per la trota. Dotato di porta starlight da 4,5mm, filo passante e deriva in carbonio. Disponibile nelle seguenti grammature: 1204-1\u00a0 1gr +0,75 1204-1.5\u00a0 1,5gr +0,75 1204-2\u00a0 2gr +0,75 1204-2.5\u00a0 2,5gr +0,75 1204-3\u00a0 3gr +1 [&hellip;]\" \/>\n<meta property=\"og:url\" content=\"https:\/\/www.pescafish.it\/new\/prodotto\/galleggiante-sarago-vincent\/\" \/>\n<meta property=\"og:site_name\" content=\"Pesca Fish\" \/>\n<meta property=\"article:publisher\" content=\"https:\/\/www.facebook.com\/pescafishvr\/\" \/>\n<meta property=\"article:modified_time\" content=\"2025-11-21T08:57:20+00:00\" \/>\n<meta property=\"og:image\" content=\"https:\/\/www.pescafish.it\/new\/wp-content\/uploads\/2021\/12\/GALLEGIANTE-SARAGO.jpg\" \/>\n\t<meta property=\"og:image:width\" content=\"1000\" \/>\n\t<meta property=\"og:image:height\" content=\"1000\" \/>\n<meta name=\"twitter:card\" content=\"summary_large_image\" \/>\n<meta name=\"twitter:label1\" content=\"Scritto da\">\n\t<meta name=\"twitter:data1\" content=\"francesca\">\n\t<meta name=\"twitter:label2\" content=\"Tempo di lettura stimato\">\n\t<meta name=\"twitter:data2\" content=\"0 minuti\">\n<script type=\"application\/ld+json\" class=\"yoast-schema-graph\">{\"@context\":\"https:\/\/schema.org\",\"@graph\":[{\"@type\":\"WebSite\",\"@id\":\"https:\/\/www.pescafish.it\/new\/#website\",\"url\":\"https:\/\/www.pescafish.it\/new\/\",\"name\":\"Pesca Fish\",\"description\":\"Benvenuti sul nostro sito!\",\"potentialAction\":[{\"@type\":\"SearchAction\",\"target\":\"https:\/\/www.pescafish.it\/new\/?s={search_term_string}\",\"query-input\":\"required name=search_term_string\"}],\"inLanguage\":\"it-IT\"},{\"@type\":\"ImageObject\",\"@id\":\"https:\/\/www.pescafish.it\/new\/prodotto\/galleggiante-sarago-vincent\/#primaryimage\",\"inLanguage\":\"it-IT\",\"url\":\"https:\/\/www.pescafish.it\/new\/wp-content\/uploads\/2021\/12\/GALLEGIANTE-SARAGO.jpg\",\"width\":1000,\"height\":1000,\"caption\":\"galleggiante sarago vincent\"},{\"@type\":\"WebPage\",\"@id\":\"https:\/\/www.pescafish.it\/new\/prodotto\/galleggiante-sarago-vincent\/#webpage\",\"url\":\"https:\/\/www.pescafish.it\/new\/prodotto\/galleggiante-sarago-vincent\/\",\"name\":\"Galleggiante Sarago - Vincent - Pesca Fish\",\"isPartOf\":{\"@id\":\"https:\/\/www.pescafish.it\/new\/#website\"},\"primaryImageOfPage\":{\"@id\":\"https:\/\/www.pescafish.it\/new\/prodotto\/galleggiante-sarago-vincent\/#primaryimage\"},\"datePublished\":\"2021-12-14T18:25:03+00:00\",\"dateModified\":\"2025-11-21T08:57:20+00:00\",\"inLanguage\":\"it-IT\",\"potentialAction\":[{\"@type\":\"ReadAction\",\"target\":[\"https:\/\/www.pescafish.it\/new\/prodotto\/galleggiante-sarago-vincent\/\"]}]}]}<\/script>\n<!-- \/ Yoast SEO plugin. -->","_links":{"self":[{"href":"https:\/\/www.pescafish.it\/new\/wp-json\/wp\/v2\/product\/74546"}],"collection":[{"href":"https:\/\/www.pescafish.it\/new\/wp-json\/wp\/v2\/product"}],"about":[{"href":"https:\/\/www.pescafish.it\/new\/wp-json\/wp\/v2\/types\/product"}],"replies":[{"embeddable":true,"href":"https:\/\/www.pescafish.it\/new\/wp-json\/wp\/v2\/comments?post=74546"}],"wp:featuredmedia":[{"embeddable":true,"href":"https:\/\/www.pescafish.it\/new\/wp-json\/wp\/v2\/media\/74548"}],"wp:attachment":[{"href":"https:\/\/www.pescafish.it\/new\/wp-json\/wp\/v2\/media?parent=74546"}],"wp:term":[{"taxonomy":"product_cat","embeddable":true,"href":"https:\/\/www.pescafish.it\/new\/wp-json\/wp\/v2\/product_cat?post=74546"},{"taxonomy":"product_tag","embeddable":true,"href":"https:\/\/www.pescafish.it\/new\/wp-json\/wp\/v2\/product_tag?post=74546"}],"curies":[{"name":"wp","href":"https:\/\/api.w.org\/{rel}","templated":true}]}}