{"id":74411,"date":"2021-12-11T09:21:15","date_gmt":"2021-12-11T08:21:15","guid":{"rendered":"https:\/\/www.pescafish.it\/new\/?post_type=product&#038;p=74411"},"modified":"2024-10-28T20:49:32","modified_gmt":"2024-10-28T19:49:32","slug":"bait-drill-korda","status":"publish","type":"product","link":"https:\/\/www.pescafish.it\/new\/prodotto\/bait-drill-korda\/","title":{"rendered":"Bait Drill &#8211; Korda"},"content":{"rendered":"<h2><strong>Bait Drill<\/strong><\/h2>\n<p>Questi trapani da esche, progettati con precisione, sono disponibili nei diametri da 1 mm, 4 mm, 6 mm o 8 mm, perfetti per forare qualsiasi innesco e aggiungere galleggiabilit\u00e0 ad esso, tramite i bastoncini di sughero abbinati, forniti con essi. Il loro miglior utilizzo \u00e8 con boilies o tigernut quando si vuole ottenere galleggiabilit\u00e0, per bilanciare criticamente un&#8217;esca o creare un omino di neve con esche affondanti &#8211; o anche solo quando avete lasciato a casa le vostre pop-up! Il trapano di diametro minore \u00e8 perfetto per forare esche dure che non possono essere forate usando un ago normale da innesco, o semplicemente per non spaccarle. \u00c8 perfetto per boilies essiccate all&#8217;aria e pellet, e permetter\u00e0 di fare un foro per infilare l&#8217;esca sul capello.<\/p>\n<p>L&#8217;estremit\u00e0 del Bait Drill \u00e8 dotata di una punta che pu\u00f2 essere inserita esattamente dove si desidera praticare il foro, assicurer\u00e0 che il trapano non scivoli ed \u00e8 progettata in modo tale da ridurre le possibilit\u00e0 di rompere l&#8217;esca durante l&#8217;utilizzo.<\/p>\n<p><strong>Disponibile nelle seguenti varianti:<br \/>\nKRT001\u00a0<\/strong> Bait Drill 1mm<br \/>\n<strong>KRT002<\/strong>\u00a0 Bait Drill 4mm<br \/>\n<strong>KRT003<\/strong>\u00a0 Bait Drill 6mm<br \/>\n<strong>KRT004<\/strong>\u00a0 Bait Drill 8mm<\/p>\n","protected":false},"excerpt":{"rendered":"<p>Bait Drill Questi trapani da esche, progettati con precisione, sono disponibili nei diametri da 1 mm, 4 mm, 6 mm o 8 mm, perfetti per forare qualsiasi innesco e aggiungere galleggiabilit\u00e0 ad esso, tramite i bastoncini di sughero abbinati, forniti con essi. Il loro miglior utilizzo \u00e8 con boilies o tigernut quando si vuole ottenere [&hellip;]<\/p>\n","protected":false},"featured_media":74412,"comment_status":"closed","ping_status":"closed","template":"","meta":[],"product_cat":[587],"product_tag":[1018],"yoast_head":"<!-- This site is optimized with the Yoast SEO plugin v15.3 - https:\/\/yoast.com\/wordpress\/plugins\/seo\/ -->\n<title>Bait Drill - Korda - Pesca Fish<\/title>\n<meta name=\"robots\" content=\"index, follow, max-snippet:-1, max-image-preview:large, max-video-preview:-1\" \/>\n<link rel=\"canonical\" href=\"https:\/\/www.pescafish.it\/new\/prodotto\/bait-drill-korda\/\" \/>\n<meta property=\"og:locale\" content=\"it_IT\" \/>\n<meta property=\"og:type\" content=\"article\" \/>\n<meta property=\"og:title\" content=\"Bait Drill - Korda - Pesca Fish\" \/>\n<meta property=\"og:description\" content=\"Bait Drill Questi trapani da esche, progettati con precisione, sono disponibili nei diametri da 1 mm, 4 mm, 6 mm o 8 mm, perfetti per forare qualsiasi innesco e aggiungere galleggiabilit\u00e0 ad esso, tramite i bastoncini di sughero abbinati, forniti con essi. Il loro miglior utilizzo \u00e8 con boilies o tigernut quando si vuole ottenere [&hellip;]\" \/>\n<meta property=\"og:url\" content=\"https:\/\/www.pescafish.it\/new\/prodotto\/bait-drill-korda\/\" \/>\n<meta property=\"og:site_name\" content=\"Pesca Fish\" \/>\n<meta property=\"article:publisher\" content=\"https:\/\/www.facebook.com\/pescafishvr\/\" \/>\n<meta property=\"article:modified_time\" content=\"2024-10-28T19:49:32+00:00\" \/>\n<meta property=\"og:image\" content=\"https:\/\/www.pescafish.it\/new\/wp-content\/uploads\/2021\/12\/korda-trapanino-bait-drill.jpg\" \/>\n\t<meta property=\"og:image:width\" content=\"1200\" \/>\n\t<meta property=\"og:image:height\" content=\"1200\" \/>\n<meta name=\"twitter:card\" content=\"summary_large_image\" \/>\n<meta name=\"twitter:label1\" content=\"Scritto da\">\n\t<meta name=\"twitter:data1\" content=\"francesca\">\n\t<meta name=\"twitter:label2\" content=\"Tempo di lettura stimato\">\n\t<meta name=\"twitter:data2\" content=\"1 minuto\">\n<script type=\"application\/ld+json\" class=\"yoast-schema-graph\">{\"@context\":\"https:\/\/schema.org\",\"@graph\":[{\"@type\":\"WebSite\",\"@id\":\"https:\/\/www.pescafish.it\/new\/#website\",\"url\":\"https:\/\/www.pescafish.it\/new\/\",\"name\":\"Pesca Fish\",\"description\":\"Benvenuti sul nostro sito!\",\"potentialAction\":[{\"@type\":\"SearchAction\",\"target\":\"https:\/\/www.pescafish.it\/new\/?s={search_term_string}\",\"query-input\":\"required name=search_term_string\"}],\"inLanguage\":\"it-IT\"},{\"@type\":\"ImageObject\",\"@id\":\"https:\/\/www.pescafish.it\/new\/prodotto\/bait-drill-korda\/#primaryimage\",\"inLanguage\":\"it-IT\",\"url\":\"https:\/\/www.pescafish.it\/new\/wp-content\/uploads\/2021\/12\/korda-trapanino-bait-drill.jpg\",\"width\":1200,\"height\":1200,\"caption\":\"Korda\"},{\"@type\":\"WebPage\",\"@id\":\"https:\/\/www.pescafish.it\/new\/prodotto\/bait-drill-korda\/#webpage\",\"url\":\"https:\/\/www.pescafish.it\/new\/prodotto\/bait-drill-korda\/\",\"name\":\"Bait Drill - Korda - Pesca Fish\",\"isPartOf\":{\"@id\":\"https:\/\/www.pescafish.it\/new\/#website\"},\"primaryImageOfPage\":{\"@id\":\"https:\/\/www.pescafish.it\/new\/prodotto\/bait-drill-korda\/#primaryimage\"},\"datePublished\":\"2021-12-11T08:21:15+00:00\",\"dateModified\":\"2024-10-28T19:49:32+00:00\",\"inLanguage\":\"it-IT\",\"potentialAction\":[{\"@type\":\"ReadAction\",\"target\":[\"https:\/\/www.pescafish.it\/new\/prodotto\/bait-drill-korda\/\"]}]}]}<\/script>\n<!-- \/ Yoast SEO plugin. -->","_links":{"self":[{"href":"https:\/\/www.pescafish.it\/new\/wp-json\/wp\/v2\/product\/74411"}],"collection":[{"href":"https:\/\/www.pescafish.it\/new\/wp-json\/wp\/v2\/product"}],"about":[{"href":"https:\/\/www.pescafish.it\/new\/wp-json\/wp\/v2\/types\/product"}],"replies":[{"embeddable":true,"href":"https:\/\/www.pescafish.it\/new\/wp-json\/wp\/v2\/comments?post=74411"}],"wp:featuredmedia":[{"embeddable":true,"href":"https:\/\/www.pescafish.it\/new\/wp-json\/wp\/v2\/media\/74412"}],"wp:attachment":[{"href":"https:\/\/www.pescafish.it\/new\/wp-json\/wp\/v2\/media?parent=74411"}],"wp:term":[{"taxonomy":"product_cat","embeddable":true,"href":"https:\/\/www.pescafish.it\/new\/wp-json\/wp\/v2\/product_cat?post=74411"},{"taxonomy":"product_tag","embeddable":true,"href":"https:\/\/www.pescafish.it\/new\/wp-json\/wp\/v2\/product_tag?post=74411"}],"curies":[{"name":"wp","href":"https:\/\/api.w.org\/{rel}","templated":true}]}}