{"id":74283,"date":"2021-12-03T11:06:03","date_gmt":"2021-12-03T10:06:03","guid":{"rendered":"https:\/\/www.pescafish.it\/new\/?post_type=product&#038;p=74283"},"modified":"2021-12-03T11:06:05","modified_gmt":"2021-12-03T10:06:05","slug":"dead-bait-jig-rig-black-cat","status":"publish","type":"product","link":"https:\/\/www.pescafish.it\/new\/prodotto\/dead-bait-jig-rig-black-cat\/","title":{"rendered":"Dead Bait Jig Rig &#8211; Black cat"},"content":{"rendered":"<h2>Dead Bait Jig Rig<\/h2>\n<p>Il dead bait jig rig di black cat \u00e8 stato progettato per pescare con esche morte e esche in movimento. L&#8217;inserto di piombo viene infilato in bocca all&#8217;esca e fissato col filo d&#8217;acciaio sagomato sulla testa: una volta posizionate le due ancorette, piantando uno dei tre ardiglioni nel corpo del pesce il montaggio \u00e8 pronto. Muoveremo la canna con movimenti lenti a ridosso del fondale oppure un po&#8217; pi\u00f9 energicamente a mezz&#8217;acqua per stimolare la curiosit\u00e0 dei predatori. Black cat ha reso intercambiabile il piombo di questo montaggio per essere sempre al top nelle diverse situazioni ottenendo il massimo risultato in ogni sessione di pesca.<\/p>\n<p><strong>Disponibile nelle seguenti varianti:<\/strong><br \/>\n<strong>4212100<\/strong>\u00a0 2\/0\u00a0 100gr<br \/>\n<strong>4212150<\/strong>\u00a0 2\/0\u00a0 150gr<\/p>\n","protected":false},"excerpt":{"rendered":"<p>Dead Bait Jig Rig Il dead bait jig rig di black cat \u00e8 stato progettato per pescare con esche morte e esche in movimento. L&#8217;inserto di piombo viene infilato in bocca all&#8217;esca e fissato col filo d&#8217;acciaio sagomato sulla testa: una volta posizionate le due ancorette, piantando uno dei tre ardiglioni nel corpo del pesce [&hellip;]<\/p>\n","protected":false},"featured_media":74284,"comment_status":"closed","ping_status":"closed","template":"","meta":[],"product_cat":[133],"product_tag":[1060],"yoast_head":"<!-- This site is optimized with the Yoast SEO plugin v15.3 - https:\/\/yoast.com\/wordpress\/plugins\/seo\/ -->\n<title>Dead Bait Jig Rig - Black cat - Pesca Fish<\/title>\n<meta name=\"robots\" content=\"index, follow, max-snippet:-1, max-image-preview:large, max-video-preview:-1\" \/>\n<link rel=\"canonical\" href=\"https:\/\/www.pescafish.it\/new\/prodotto\/dead-bait-jig-rig-black-cat\/\" \/>\n<meta property=\"og:locale\" content=\"it_IT\" \/>\n<meta property=\"og:type\" content=\"article\" \/>\n<meta property=\"og:title\" content=\"Dead Bait Jig Rig - Black cat - Pesca Fish\" \/>\n<meta property=\"og:description\" content=\"Dead Bait Jig Rig Il dead bait jig rig di black cat \u00e8 stato progettato per pescare con esche morte e esche in movimento. L&#8217;inserto di piombo viene infilato in bocca all&#8217;esca e fissato col filo d&#8217;acciaio sagomato sulla testa: una volta posizionate le due ancorette, piantando uno dei tre ardiglioni nel corpo del pesce [&hellip;]\" \/>\n<meta property=\"og:url\" content=\"https:\/\/www.pescafish.it\/new\/prodotto\/dead-bait-jig-rig-black-cat\/\" \/>\n<meta property=\"og:site_name\" content=\"Pesca Fish\" \/>\n<meta property=\"article:publisher\" content=\"https:\/\/www.facebook.com\/pescafishvr\/\" \/>\n<meta property=\"article:modified_time\" content=\"2021-12-03T10:06:05+00:00\" \/>\n<meta property=\"og:image\" content=\"https:\/\/www.pescafish.it\/new\/wp-content\/uploads\/2021\/12\/a3db97e1331f21f9.jpg\" \/>\n\t<meta property=\"og:image:width\" content=\"600\" \/>\n\t<meta property=\"og:image:height\" content=\"394\" \/>\n<meta name=\"twitter:card\" content=\"summary_large_image\" \/>\n<meta name=\"twitter:label1\" content=\"Scritto da\">\n\t<meta name=\"twitter:data1\" content=\"francesca\">\n\t<meta name=\"twitter:label2\" content=\"Tempo di lettura stimato\">\n\t<meta name=\"twitter:data2\" content=\"0 minuti\">\n<script type=\"application\/ld+json\" class=\"yoast-schema-graph\">{\"@context\":\"https:\/\/schema.org\",\"@graph\":[{\"@type\":\"WebSite\",\"@id\":\"https:\/\/www.pescafish.it\/new\/#website\",\"url\":\"https:\/\/www.pescafish.it\/new\/\",\"name\":\"Pesca Fish\",\"description\":\"Benvenuti sul nostro sito!\",\"potentialAction\":[{\"@type\":\"SearchAction\",\"target\":\"https:\/\/www.pescafish.it\/new\/?s={search_term_string}\",\"query-input\":\"required name=search_term_string\"}],\"inLanguage\":\"it-IT\"},{\"@type\":\"ImageObject\",\"@id\":\"https:\/\/www.pescafish.it\/new\/prodotto\/dead-bait-jig-rig-black-cat\/#primaryimage\",\"inLanguage\":\"it-IT\",\"url\":\"https:\/\/www.pescafish.it\/new\/wp-content\/uploads\/2021\/12\/a3db97e1331f21f9.jpg\",\"width\":600,\"height\":394,\"caption\":\"Black Cat\"},{\"@type\":\"WebPage\",\"@id\":\"https:\/\/www.pescafish.it\/new\/prodotto\/dead-bait-jig-rig-black-cat\/#webpage\",\"url\":\"https:\/\/www.pescafish.it\/new\/prodotto\/dead-bait-jig-rig-black-cat\/\",\"name\":\"Dead Bait Jig Rig - Black cat - Pesca Fish\",\"isPartOf\":{\"@id\":\"https:\/\/www.pescafish.it\/new\/#website\"},\"primaryImageOfPage\":{\"@id\":\"https:\/\/www.pescafish.it\/new\/prodotto\/dead-bait-jig-rig-black-cat\/#primaryimage\"},\"datePublished\":\"2021-12-03T10:06:03+00:00\",\"dateModified\":\"2021-12-03T10:06:05+00:00\",\"inLanguage\":\"it-IT\",\"potentialAction\":[{\"@type\":\"ReadAction\",\"target\":[\"https:\/\/www.pescafish.it\/new\/prodotto\/dead-bait-jig-rig-black-cat\/\"]}]}]}<\/script>\n<!-- \/ Yoast SEO plugin. -->","_links":{"self":[{"href":"https:\/\/www.pescafish.it\/new\/wp-json\/wp\/v2\/product\/74283"}],"collection":[{"href":"https:\/\/www.pescafish.it\/new\/wp-json\/wp\/v2\/product"}],"about":[{"href":"https:\/\/www.pescafish.it\/new\/wp-json\/wp\/v2\/types\/product"}],"replies":[{"embeddable":true,"href":"https:\/\/www.pescafish.it\/new\/wp-json\/wp\/v2\/comments?post=74283"}],"wp:featuredmedia":[{"embeddable":true,"href":"https:\/\/www.pescafish.it\/new\/wp-json\/wp\/v2\/media\/74284"}],"wp:attachment":[{"href":"https:\/\/www.pescafish.it\/new\/wp-json\/wp\/v2\/media?parent=74283"}],"wp:term":[{"taxonomy":"product_cat","embeddable":true,"href":"https:\/\/www.pescafish.it\/new\/wp-json\/wp\/v2\/product_cat?post=74283"},{"taxonomy":"product_tag","embeddable":true,"href":"https:\/\/www.pescafish.it\/new\/wp-json\/wp\/v2\/product_tag?post=74283"}],"curies":[{"name":"wp","href":"https:\/\/api.w.org\/{rel}","templated":true}]}}