{"id":74191,"date":"2021-11-27T11:05:36","date_gmt":"2021-11-27T10:05:36","guid":{"rendered":"https:\/\/www.pescafish.it\/new\/?post_type=product&#038;p=74191"},"modified":"2021-11-27T11:05:37","modified_gmt":"2021-11-27T10:05:37","slug":"watercolor-dumbell-pop-up-14mm-starbaits","status":"publish","type":"product","link":"https:\/\/www.pescafish.it\/new\/prodotto\/watercolor-dumbell-pop-up-14mm-starbaits\/","title":{"rendered":"Watercolor Dumbell Pop Up 14mm &#8211; Starbaits"},"content":{"rendered":"<h2>Watercolor Dumbell Pop Up 14mm<\/h2>\n<p>I WATERCOLOR dumbell pop-up neutri offrono al pescatore l&#8217;opportunit\u00e0 di creare i propri sapori e odori aromatizzando queste esche come desiderano. Disponibile in diversi colori pastello e diversi diametri. Puoi aromatizzare l&#8217;intero barattolo o scegliere una singola boilie per l&#8217;ammollo. Pi\u00f9 a lungo immergerai le tue esche e pi\u00f9 aroma sar\u00e0 diffuso sott&#8217;acqua.<\/p>\n<p><strong>Disponibile nelle seguenti colorazioni:<\/strong><br \/>\n<strong>SB71086<\/strong>\u00a0 Pink<br \/>\n<strong>SB71087<\/strong>\u00a0 Orange<br \/>\n<strong>SB71088<\/strong>\u00a0 Yellow<\/p>\n","protected":false},"excerpt":{"rendered":"<p>Watercolor Dumbell Pop Up 14mm I WATERCOLOR dumbell pop-up neutri offrono al pescatore l&#8217;opportunit\u00e0 di creare i propri sapori e odori aromatizzando queste esche come desiderano. Disponibile in diversi colori pastello e diversi diametri. Puoi aromatizzare l&#8217;intero barattolo o scegliere una singola boilie per l&#8217;ammollo. Pi\u00f9 a lungo immergerai le tue esche e pi\u00f9 aroma [&hellip;]<\/p>\n","protected":false},"featured_media":74195,"comment_status":"closed","ping_status":"closed","template":"","meta":[],"product_cat":[826],"product_tag":[1034],"yoast_head":"<!-- This site is optimized with the Yoast SEO plugin v15.3 - https:\/\/yoast.com\/wordpress\/plugins\/seo\/ -->\n<title>Watercolor Dumbell Pop Up 14mm - Starbaits - Pesca Fish<\/title>\n<meta name=\"robots\" content=\"index, follow, max-snippet:-1, max-image-preview:large, max-video-preview:-1\" \/>\n<link rel=\"canonical\" href=\"https:\/\/www.pescafish.it\/new\/prodotto\/watercolor-dumbell-pop-up-14mm-starbaits\/\" \/>\n<meta property=\"og:locale\" content=\"it_IT\" \/>\n<meta property=\"og:type\" content=\"article\" \/>\n<meta property=\"og:title\" content=\"Watercolor Dumbell Pop Up 14mm - Starbaits - Pesca Fish\" \/>\n<meta property=\"og:description\" content=\"Watercolor Dumbell Pop Up 14mm I WATERCOLOR dumbell pop-up neutri offrono al pescatore l&#8217;opportunit\u00e0 di creare i propri sapori e odori aromatizzando queste esche come desiderano. Disponibile in diversi colori pastello e diversi diametri. Puoi aromatizzare l&#8217;intero barattolo o scegliere una singola boilie per l&#8217;ammollo. Pi\u00f9 a lungo immergerai le tue esche e pi\u00f9 aroma [&hellip;]\" \/>\n<meta property=\"og:url\" content=\"https:\/\/www.pescafish.it\/new\/prodotto\/watercolor-dumbell-pop-up-14mm-starbaits\/\" \/>\n<meta property=\"og:site_name\" content=\"Pesca Fish\" \/>\n<meta property=\"article:publisher\" content=\"https:\/\/www.facebook.com\/pescafishvr\/\" \/>\n<meta property=\"article:modified_time\" content=\"2021-11-27T10:05:37+00:00\" \/>\n<meta property=\"og:image\" content=\"https:\/\/www.pescafish.it\/new\/wp-content\/uploads\/2021\/11\/pin.jpg\" \/>\n\t<meta property=\"og:image:width\" content=\"800\" \/>\n\t<meta property=\"og:image:height\" content=\"800\" \/>\n<meta name=\"twitter:card\" content=\"summary_large_image\" \/>\n<meta name=\"twitter:label1\" content=\"Scritto da\">\n\t<meta name=\"twitter:data1\" content=\"francesca\">\n\t<meta name=\"twitter:label2\" content=\"Tempo di lettura stimato\">\n\t<meta name=\"twitter:data2\" content=\"0 minuti\">\n<script type=\"application\/ld+json\" class=\"yoast-schema-graph\">{\"@context\":\"https:\/\/schema.org\",\"@graph\":[{\"@type\":\"WebSite\",\"@id\":\"https:\/\/www.pescafish.it\/new\/#website\",\"url\":\"https:\/\/www.pescafish.it\/new\/\",\"name\":\"Pesca Fish\",\"description\":\"Benvenuti sul nostro sito!\",\"potentialAction\":[{\"@type\":\"SearchAction\",\"target\":\"https:\/\/www.pescafish.it\/new\/?s={search_term_string}\",\"query-input\":\"required name=search_term_string\"}],\"inLanguage\":\"it-IT\"},{\"@type\":\"ImageObject\",\"@id\":\"https:\/\/www.pescafish.it\/new\/prodotto\/watercolor-dumbell-pop-up-14mm-starbaits\/#primaryimage\",\"inLanguage\":\"it-IT\",\"url\":\"https:\/\/www.pescafish.it\/new\/wp-content\/uploads\/2021\/11\/pin.jpg\",\"width\":800,\"height\":800,\"caption\":\"Starbaits\"},{\"@type\":\"WebPage\",\"@id\":\"https:\/\/www.pescafish.it\/new\/prodotto\/watercolor-dumbell-pop-up-14mm-starbaits\/#webpage\",\"url\":\"https:\/\/www.pescafish.it\/new\/prodotto\/watercolor-dumbell-pop-up-14mm-starbaits\/\",\"name\":\"Watercolor Dumbell Pop Up 14mm - Starbaits - Pesca Fish\",\"isPartOf\":{\"@id\":\"https:\/\/www.pescafish.it\/new\/#website\"},\"primaryImageOfPage\":{\"@id\":\"https:\/\/www.pescafish.it\/new\/prodotto\/watercolor-dumbell-pop-up-14mm-starbaits\/#primaryimage\"},\"datePublished\":\"2021-11-27T10:05:36+00:00\",\"dateModified\":\"2021-11-27T10:05:37+00:00\",\"inLanguage\":\"it-IT\",\"potentialAction\":[{\"@type\":\"ReadAction\",\"target\":[\"https:\/\/www.pescafish.it\/new\/prodotto\/watercolor-dumbell-pop-up-14mm-starbaits\/\"]}]}]}<\/script>\n<!-- \/ Yoast SEO plugin. -->","_links":{"self":[{"href":"https:\/\/www.pescafish.it\/new\/wp-json\/wp\/v2\/product\/74191"}],"collection":[{"href":"https:\/\/www.pescafish.it\/new\/wp-json\/wp\/v2\/product"}],"about":[{"href":"https:\/\/www.pescafish.it\/new\/wp-json\/wp\/v2\/types\/product"}],"replies":[{"embeddable":true,"href":"https:\/\/www.pescafish.it\/new\/wp-json\/wp\/v2\/comments?post=74191"}],"wp:featuredmedia":[{"embeddable":true,"href":"https:\/\/www.pescafish.it\/new\/wp-json\/wp\/v2\/media\/74195"}],"wp:attachment":[{"href":"https:\/\/www.pescafish.it\/new\/wp-json\/wp\/v2\/media?parent=74191"}],"wp:term":[{"taxonomy":"product_cat","embeddable":true,"href":"https:\/\/www.pescafish.it\/new\/wp-json\/wp\/v2\/product_cat?post=74191"},{"taxonomy":"product_tag","embeddable":true,"href":"https:\/\/www.pescafish.it\/new\/wp-json\/wp\/v2\/product_tag?post=74191"}],"curies":[{"name":"wp","href":"https:\/\/api.w.org\/{rel}","templated":true}]}}