{"id":73878,"date":"2021-11-18T17:22:47","date_gmt":"2021-11-18T16:22:47","guid":{"rendered":"https:\/\/www.pescafish.it\/new\/?post_type=product&#038;p=73878"},"modified":"2021-11-18T17:22:47","modified_gmt":"2021-11-18T16:22:47","slug":"x-trail-galaxy-barrow-trakker","status":"publish","type":"product","link":"https:\/\/www.pescafish.it\/new\/prodotto\/x-trail-galaxy-barrow-trakker\/","title":{"rendered":"X-Trail Galaxy Barrow &#8211; Trakker"},"content":{"rendered":"<h2><strong>X-Trail Galaxy Barrow<\/strong><\/h2>\n<p>Con il suo grande spazio di carico e il suo compatto design da chiuso, il carrello X-Trail Galaxy Barrow \u00e8 super bilanciato quando \u00e8 carico e in uso grazie al suo baricentro basso e potr\u00e0 essere contenuto anche nelle auto pi\u00f9 piccole. C&#8217;\u00e8 una spaziosa borsa con apertura tramite zip per mantenere al sicuro il contenuto e un para-fango per prevenire che la ruota, girando, imbratti di terra l&#8217;attrezzatura sul carrello.<\/p>\n<p>Le impugnature hanno morbidi grips ergonomici per un maggiore comfort durante l&#8217;utilizzo, e possono essere semplicemente ripiegate all&#8217;indietro quando si chiude il carrello. Sui lati ci sono due traverse che lo rendono ancora pi\u00f9 sicuro, \u00e8 costruito in robusto acciaio e alluminio e pesa 13.9kg.<\/p>\n<p><b>Caratteristiche:<\/b><\/p>\n<p>\u2022 Ampio spazio di carico con barre laterali per una maggiore sicurezza<br \/>\n\u2022 Centro di gravit\u00e0 basso per bilanciare il carrello carico in uso<br \/>\n\u2022 Mud guard &#8211; copertura anti-fango per evitare che la ruota schizzi fango girando sul materiale trasportat<br \/>\n\u2022 Profonda e spaziosa borsa sul fondo del carrello con coperchio richiudibile tramite zip<br \/>\n\u2022 Maniglie ripiegabili su se stesse &#8211; rimangono attacate al carrello quando \u00e8 chiuso<br \/>\n\u2022 Impugnature imbottite in morbido materiale ergonomico<br \/>\n\u2022 Costruito in acciaio e alluminio super resistenti<br \/>\n\u2022 Larga ruota pneumatica frontale<br \/>\n\u2022 Compatto una volta richiuso<br \/>\n\u2022 <strong>Dimensioni:<\/strong> L160cm x W83cm<br \/>\n\u2022 <strong>Peso:<\/strong>13.9kg<\/p>\n","protected":false},"excerpt":{"rendered":"<p>X-Trail Galaxy Barrow Con il suo grande spazio di carico e il suo compatto design da chiuso, il carrello X-Trail Galaxy Barrow \u00e8 super bilanciato quando \u00e8 carico e in uso grazie al suo baricentro basso e potr\u00e0 essere contenuto anche nelle auto pi\u00f9 piccole. C&#8217;\u00e8 una spaziosa borsa con apertura tramite zip per mantenere [&hellip;]<\/p>\n","protected":false},"featured_media":73879,"comment_status":"closed","ping_status":"closed","template":"","meta":[],"product_cat":[123],"product_tag":[1073],"yoast_head":"<!-- This site is optimized with the Yoast SEO plugin v15.3 - https:\/\/yoast.com\/wordpress\/plugins\/seo\/ -->\n<title>X-Trail Galaxy Barrow - Trakker - Pesca Fish<\/title>\n<meta name=\"robots\" content=\"index, follow, max-snippet:-1, max-image-preview:large, max-video-preview:-1\" \/>\n<link rel=\"canonical\" href=\"https:\/\/www.pescafish.it\/new\/prodotto\/x-trail-galaxy-barrow-trakker\/\" \/>\n<meta property=\"og:locale\" content=\"it_IT\" \/>\n<meta property=\"og:type\" content=\"article\" \/>\n<meta property=\"og:title\" content=\"X-Trail Galaxy Barrow - Trakker - Pesca Fish\" \/>\n<meta property=\"og:description\" content=\"X-Trail Galaxy Barrow Con il suo grande spazio di carico e il suo compatto design da chiuso, il carrello X-Trail Galaxy Barrow \u00e8 super bilanciato quando \u00e8 carico e in uso grazie al suo baricentro basso e potr\u00e0 essere contenuto anche nelle auto pi\u00f9 piccole. C&#8217;\u00e8 una spaziosa borsa con apertura tramite zip per mantenere [&hellip;]\" \/>\n<meta property=\"og:url\" content=\"https:\/\/www.pescafish.it\/new\/prodotto\/x-trail-galaxy-barrow-trakker\/\" \/>\n<meta property=\"og:site_name\" content=\"Pesca Fish\" \/>\n<meta property=\"article:publisher\" content=\"https:\/\/www.facebook.com\/pescafishvr\/\" \/>\n<meta property=\"og:image\" content=\"https:\/\/www.pescafish.it\/new\/wp-content\/uploads\/2021\/11\/Trakker-X-Trail-Galaxy-Barrow.jpg\" \/>\n\t<meta property=\"og:image:width\" content=\"800\" \/>\n\t<meta property=\"og:image:height\" content=\"600\" \/>\n<meta name=\"twitter:card\" content=\"summary_large_image\" \/>\n<meta name=\"twitter:label1\" content=\"Scritto da\">\n\t<meta name=\"twitter:data1\" content=\"francesca\">\n\t<meta name=\"twitter:label2\" content=\"Tempo di lettura stimato\">\n\t<meta name=\"twitter:data2\" content=\"1 minuto\">\n<script type=\"application\/ld+json\" class=\"yoast-schema-graph\">{\"@context\":\"https:\/\/schema.org\",\"@graph\":[{\"@type\":\"WebSite\",\"@id\":\"https:\/\/www.pescafish.it\/new\/#website\",\"url\":\"https:\/\/www.pescafish.it\/new\/\",\"name\":\"Pesca Fish\",\"description\":\"Benvenuti sul nostro sito!\",\"potentialAction\":[{\"@type\":\"SearchAction\",\"target\":\"https:\/\/www.pescafish.it\/new\/?s={search_term_string}\",\"query-input\":\"required name=search_term_string\"}],\"inLanguage\":\"it-IT\"},{\"@type\":\"ImageObject\",\"@id\":\"https:\/\/www.pescafish.it\/new\/prodotto\/x-trail-galaxy-barrow-trakker\/#primaryimage\",\"inLanguage\":\"it-IT\",\"url\":\"https:\/\/www.pescafish.it\/new\/wp-content\/uploads\/2021\/11\/Trakker-X-Trail-Galaxy-Barrow.jpg\",\"width\":800,\"height\":600,\"caption\":\"Trakker\"},{\"@type\":\"WebPage\",\"@id\":\"https:\/\/www.pescafish.it\/new\/prodotto\/x-trail-galaxy-barrow-trakker\/#webpage\",\"url\":\"https:\/\/www.pescafish.it\/new\/prodotto\/x-trail-galaxy-barrow-trakker\/\",\"name\":\"X-Trail Galaxy Barrow - Trakker - Pesca Fish\",\"isPartOf\":{\"@id\":\"https:\/\/www.pescafish.it\/new\/#website\"},\"primaryImageOfPage\":{\"@id\":\"https:\/\/www.pescafish.it\/new\/prodotto\/x-trail-galaxy-barrow-trakker\/#primaryimage\"},\"datePublished\":\"2021-11-18T16:22:47+00:00\",\"dateModified\":\"2021-11-18T16:22:47+00:00\",\"inLanguage\":\"it-IT\",\"potentialAction\":[{\"@type\":\"ReadAction\",\"target\":[\"https:\/\/www.pescafish.it\/new\/prodotto\/x-trail-galaxy-barrow-trakker\/\"]}]}]}<\/script>\n<!-- \/ Yoast SEO plugin. -->","_links":{"self":[{"href":"https:\/\/www.pescafish.it\/new\/wp-json\/wp\/v2\/product\/73878"}],"collection":[{"href":"https:\/\/www.pescafish.it\/new\/wp-json\/wp\/v2\/product"}],"about":[{"href":"https:\/\/www.pescafish.it\/new\/wp-json\/wp\/v2\/types\/product"}],"replies":[{"embeddable":true,"href":"https:\/\/www.pescafish.it\/new\/wp-json\/wp\/v2\/comments?post=73878"}],"wp:featuredmedia":[{"embeddable":true,"href":"https:\/\/www.pescafish.it\/new\/wp-json\/wp\/v2\/media\/73879"}],"wp:attachment":[{"href":"https:\/\/www.pescafish.it\/new\/wp-json\/wp\/v2\/media?parent=73878"}],"wp:term":[{"taxonomy":"product_cat","embeddable":true,"href":"https:\/\/www.pescafish.it\/new\/wp-json\/wp\/v2\/product_cat?post=73878"},{"taxonomy":"product_tag","embeddable":true,"href":"https:\/\/www.pescafish.it\/new\/wp-json\/wp\/v2\/product_tag?post=73878"}],"curies":[{"name":"wp","href":"https:\/\/api.w.org\/{rel}","templated":true}]}}