{"id":73859,"date":"2021-11-18T16:52:26","date_gmt":"2021-11-18T15:52:26","guid":{"rendered":"https:\/\/www.pescafish.it\/new\/?post_type=product&#038;p=73859"},"modified":"2024-02-06T16:12:02","modified_gmt":"2024-02-06T15:12:02","slug":"f12-thermal-jacket-aqua","status":"publish","type":"product","link":"https:\/\/www.pescafish.it\/new\/prodotto\/f12-thermal-jacket-aqua\/","title":{"rendered":"F12 Thermal Jacket &#8211; Aqua"},"content":{"rendered":"<h2>F12 Thermal Jacket<\/h2>\n<p>La gamma\u00a0F12 Thermal\u00a0\u00e8 stata sviluppata per creare capi premium ad alte prestazioni che offrono la perfetta combinazione di ritenzione di calore, resistenza all&#8217;acqua e traspirabilit\u00e0.<\/p>\n<p>Questo capo dalla durata eccezionale, \u00e8 stato creato per soddisfare le esigenze dei pescatori di oggi.<\/p>\n<p>Prodotto con materiali di alta qualit\u00e0, da una membrana ultra-traspirante che \u00e8 ricoperta da un rivestimento d&#8217;argento per riflettere il calore nel corpo garantendo la massima ritenzione di calore.7<\/p>\n<p>Questo riduce anche il peso dell&#8217;indumento aumentando al contempo le prestazioni complessive.<\/p>\n<p>La giacca termica\u00a0F12\u00a0ha una impermeabilit\u00e0 di 10.000 mm di colonna idrostatica e una valutazione traspirante da 5000 MM (sudore di vapore d&#8217;umidit\u00e0), insieme a cuciture completamente sigillate a nastro per resistere a forti acquazzoni torrenziali e prevenire il surriscaldamento mentre si \u00e8 attivi in pesca.<\/p>\n<p>La giacca \u00e8 provvvista di tre tasche: una tasca toracica e due tasche per le mani , tutte sigillate da cerniere resistenti all&#8217;acqua per tenere protetti tutti gli oggetti al suo interno, insieme a un cappuccio su misura per offrire una protezione ottimale senza ostacolare la visione periferica.<\/p>\n<p><b>Caratteristiche:<br \/>\n<\/b><br \/>\n\u2022 Poliestere a 3 ply<br \/>\n\u2022 Membrana TPU in poliestere 100%<br \/>\n\u2022 Rivestimento Tricot in poliestere<br \/>\n\u2022 10.000 MMHH<br \/>\n\u2022 5000 MVP<\/p>\n<p><strong>Disponibile nelle seguenti taglie:<br \/>\n406201\u00a0<\/strong> Small<strong><br \/>\n406202\u00a0<\/strong> Medium<br \/>\n<strong>406203\u00a0<\/strong> Large<br \/>\n<strong>406204<\/strong>\u00a0 X Large<br \/>\n<strong>406205<\/strong>\u00a0 XX Large<br \/>\n<strong>406206<\/strong>\u00a0 XXX Large<\/p>\n","protected":false},"excerpt":{"rendered":"<p>F12 Thermal Jacket La gamma\u00a0F12 Thermal\u00a0\u00e8 stata sviluppata per creare capi premium ad alte prestazioni che offrono la perfetta combinazione di ritenzione di calore, resistenza all&#8217;acqua e traspirabilit\u00e0. Questo capo dalla durata eccezionale, \u00e8 stato creato per soddisfare le esigenze dei pescatori di oggi. Prodotto con materiali di alta qualit\u00e0, da una membrana ultra-traspirante che [&hellip;]<\/p>\n","protected":false},"featured_media":73860,"comment_status":"closed","ping_status":"closed","template":"","meta":[],"product_cat":[919],"product_tag":[1081],"yoast_head":"<!-- This site is optimized with the Yoast SEO plugin v15.3 - https:\/\/yoast.com\/wordpress\/plugins\/seo\/ -->\n<title>F12 Thermal Jacket - Aqua - Pesca Fish<\/title>\n<meta name=\"robots\" content=\"index, follow, max-snippet:-1, max-image-preview:large, max-video-preview:-1\" \/>\n<link rel=\"canonical\" href=\"https:\/\/www.pescafish.it\/new\/prodotto\/f12-thermal-jacket-aqua\/\" \/>\n<meta property=\"og:locale\" content=\"it_IT\" \/>\n<meta property=\"og:type\" content=\"article\" \/>\n<meta property=\"og:title\" content=\"F12 Thermal Jacket - Aqua - Pesca Fish\" \/>\n<meta property=\"og:description\" content=\"F12 Thermal Jacket La gamma\u00a0F12 Thermal\u00a0\u00e8 stata sviluppata per creare capi premium ad alte prestazioni che offrono la perfetta combinazione di ritenzione di calore, resistenza all&#8217;acqua e traspirabilit\u00e0. Questo capo dalla durata eccezionale, \u00e8 stato creato per soddisfare le esigenze dei pescatori di oggi. Prodotto con materiali di alta qualit\u00e0, da una membrana ultra-traspirante che [&hellip;]\" \/>\n<meta property=\"og:url\" content=\"https:\/\/www.pescafish.it\/new\/prodotto\/f12-thermal-jacket-aqua\/\" \/>\n<meta property=\"og:site_name\" content=\"Pesca Fish\" \/>\n<meta property=\"article:publisher\" content=\"https:\/\/www.facebook.com\/pescafishvr\/\" \/>\n<meta property=\"article:modified_time\" content=\"2024-02-06T15:12:02+00:00\" \/>\n<meta property=\"og:image\" content=\"https:\/\/www.pescafish.it\/new\/wp-content\/uploads\/2021\/11\/Aqua-F12-Thermal-Jacket-.jpg\" \/>\n\t<meta property=\"og:image:width\" content=\"800\" \/>\n\t<meta property=\"og:image:height\" content=\"600\" \/>\n<meta name=\"twitter:card\" content=\"summary_large_image\" \/>\n<meta name=\"twitter:label1\" content=\"Scritto da\">\n\t<meta name=\"twitter:data1\" content=\"francesca\">\n\t<meta name=\"twitter:label2\" content=\"Tempo di lettura stimato\">\n\t<meta name=\"twitter:data2\" content=\"1 minuto\">\n<script type=\"application\/ld+json\" class=\"yoast-schema-graph\">{\"@context\":\"https:\/\/schema.org\",\"@graph\":[{\"@type\":\"WebSite\",\"@id\":\"https:\/\/www.pescafish.it\/new\/#website\",\"url\":\"https:\/\/www.pescafish.it\/new\/\",\"name\":\"Pesca Fish\",\"description\":\"Benvenuti sul nostro sito!\",\"potentialAction\":[{\"@type\":\"SearchAction\",\"target\":\"https:\/\/www.pescafish.it\/new\/?s={search_term_string}\",\"query-input\":\"required name=search_term_string\"}],\"inLanguage\":\"it-IT\"},{\"@type\":\"ImageObject\",\"@id\":\"https:\/\/www.pescafish.it\/new\/prodotto\/f12-thermal-jacket-aqua\/#primaryimage\",\"inLanguage\":\"it-IT\",\"url\":\"https:\/\/www.pescafish.it\/new\/wp-content\/uploads\/2021\/11\/Aqua-F12-Thermal-Jacket-.jpg\",\"width\":800,\"height\":600,\"caption\":\"Aqua\"},{\"@type\":\"WebPage\",\"@id\":\"https:\/\/www.pescafish.it\/new\/prodotto\/f12-thermal-jacket-aqua\/#webpage\",\"url\":\"https:\/\/www.pescafish.it\/new\/prodotto\/f12-thermal-jacket-aqua\/\",\"name\":\"F12 Thermal Jacket - Aqua - Pesca Fish\",\"isPartOf\":{\"@id\":\"https:\/\/www.pescafish.it\/new\/#website\"},\"primaryImageOfPage\":{\"@id\":\"https:\/\/www.pescafish.it\/new\/prodotto\/f12-thermal-jacket-aqua\/#primaryimage\"},\"datePublished\":\"2021-11-18T15:52:26+00:00\",\"dateModified\":\"2024-02-06T15:12:02+00:00\",\"inLanguage\":\"it-IT\",\"potentialAction\":[{\"@type\":\"ReadAction\",\"target\":[\"https:\/\/www.pescafish.it\/new\/prodotto\/f12-thermal-jacket-aqua\/\"]}]}]}<\/script>\n<!-- \/ Yoast SEO plugin. -->","_links":{"self":[{"href":"https:\/\/www.pescafish.it\/new\/wp-json\/wp\/v2\/product\/73859"}],"collection":[{"href":"https:\/\/www.pescafish.it\/new\/wp-json\/wp\/v2\/product"}],"about":[{"href":"https:\/\/www.pescafish.it\/new\/wp-json\/wp\/v2\/types\/product"}],"replies":[{"embeddable":true,"href":"https:\/\/www.pescafish.it\/new\/wp-json\/wp\/v2\/comments?post=73859"}],"wp:featuredmedia":[{"embeddable":true,"href":"https:\/\/www.pescafish.it\/new\/wp-json\/wp\/v2\/media\/73860"}],"wp:attachment":[{"href":"https:\/\/www.pescafish.it\/new\/wp-json\/wp\/v2\/media?parent=73859"}],"wp:term":[{"taxonomy":"product_cat","embeddable":true,"href":"https:\/\/www.pescafish.it\/new\/wp-json\/wp\/v2\/product_cat?post=73859"},{"taxonomy":"product_tag","embeddable":true,"href":"https:\/\/www.pescafish.it\/new\/wp-json\/wp\/v2\/product_tag?post=73859"}],"curies":[{"name":"wp","href":"https:\/\/api.w.org\/{rel}","templated":true}]}}