{"id":73729,"date":"2021-11-16T09:55:36","date_gmt":"2021-11-16T08:55:36","guid":{"rendered":"https:\/\/www.pescafish.it\/new\/?post_type=product&#038;p=73729"},"modified":"2021-11-16T09:55:37","modified_gmt":"2021-11-16T08:55:37","slug":"marine-amino-365-cc-moore","status":"publish","type":"product","link":"https:\/\/www.pescafish.it\/new\/prodotto\/marine-amino-365-cc-moore\/","title":{"rendered":"Marine Amino 365 &#8211; CC Moore"},"content":{"rendered":"<h2>Marine Amino 365<\/h2>\n<p>Marine Amino 365 \u00e8 un liquido di pesce solubile contenente una combinazione di potenti stimolanti dell&#8217;appetito liquido che migliorano le propriet\u00e0 di attrazione di qualsiasi esca, a TUTTE le temperature dell&#8217;acqua. \u00c8 superbo come liquido di rivestimento per boilies o hookbait o come additivo per miscele di sacchetti poich\u00e9 rilascia una nuvola di attrazione solubile salata e saporita che stimola i pesci a nutrirsi anche nelle condizioni pi\u00f9 difficili. Marine Amino 365 \u00e8 anche amico del PVA.<\/p>\n<p><strong>Barattolo da 500ml<\/strong><\/p>\n","protected":false},"excerpt":{"rendered":"<p>Marine Amino 365 Marine Amino 365 \u00e8 un liquido di pesce solubile contenente una combinazione di potenti stimolanti dell&#8217;appetito liquido che migliorano le propriet\u00e0 di attrazione di qualsiasi esca, a TUTTE le temperature dell&#8217;acqua. \u00c8 superbo come liquido di rivestimento per boilies o hookbait o come additivo per miscele di sacchetti poich\u00e9 rilascia una nuvola [&hellip;]<\/p>\n","protected":false},"featured_media":73730,"comment_status":"closed","ping_status":"closed","template":"","meta":[],"product_cat":[1128],"product_tag":[1127],"yoast_head":"<!-- This site is optimized with the Yoast SEO plugin v15.3 - https:\/\/yoast.com\/wordpress\/plugins\/seo\/ -->\n<title>Marine Amino 365 - CC Moore - Pesca Fish<\/title>\n<meta name=\"robots\" content=\"index, follow, max-snippet:-1, max-image-preview:large, max-video-preview:-1\" \/>\n<link rel=\"canonical\" href=\"https:\/\/www.pescafish.it\/new\/prodotto\/marine-amino-365-cc-moore\/\" \/>\n<meta property=\"og:locale\" content=\"it_IT\" \/>\n<meta property=\"og:type\" content=\"article\" \/>\n<meta property=\"og:title\" content=\"Marine Amino 365 - CC Moore - Pesca Fish\" \/>\n<meta property=\"og:description\" content=\"Marine Amino 365 Marine Amino 365 \u00e8 un liquido di pesce solubile contenente una combinazione di potenti stimolanti dell&#8217;appetito liquido che migliorano le propriet\u00e0 di attrazione di qualsiasi esca, a TUTTE le temperature dell&#8217;acqua. \u00c8 superbo come liquido di rivestimento per boilies o hookbait o come additivo per miscele di sacchetti poich\u00e9 rilascia una nuvola [&hellip;]\" \/>\n<meta property=\"og:url\" content=\"https:\/\/www.pescafish.it\/new\/prodotto\/marine-amino-365-cc-moore\/\" \/>\n<meta property=\"og:site_name\" content=\"Pesca Fish\" \/>\n<meta property=\"article:publisher\" content=\"https:\/\/www.facebook.com\/pescafishvr\/\" \/>\n<meta property=\"article:modified_time\" content=\"2021-11-16T08:55:37+00:00\" \/>\n<meta property=\"og:image\" content=\"https:\/\/www.pescafish.it\/new\/wp-content\/uploads\/2021\/11\/marine-amino-365.jpg\" \/>\n\t<meta property=\"og:image:width\" content=\"800\" \/>\n\t<meta property=\"og:image:height\" content=\"800\" \/>\n<meta name=\"twitter:card\" content=\"summary_large_image\" \/>\n<meta name=\"twitter:label1\" content=\"Scritto da\">\n\t<meta name=\"twitter:data1\" content=\"francesca\">\n\t<meta name=\"twitter:label2\" content=\"Tempo di lettura stimato\">\n\t<meta name=\"twitter:data2\" content=\"0 minuti\">\n<script type=\"application\/ld+json\" class=\"yoast-schema-graph\">{\"@context\":\"https:\/\/schema.org\",\"@graph\":[{\"@type\":\"WebSite\",\"@id\":\"https:\/\/www.pescafish.it\/new\/#website\",\"url\":\"https:\/\/www.pescafish.it\/new\/\",\"name\":\"Pesca Fish\",\"description\":\"Benvenuti sul nostro sito!\",\"potentialAction\":[{\"@type\":\"SearchAction\",\"target\":\"https:\/\/www.pescafish.it\/new\/?s={search_term_string}\",\"query-input\":\"required name=search_term_string\"}],\"inLanguage\":\"it-IT\"},{\"@type\":\"ImageObject\",\"@id\":\"https:\/\/www.pescafish.it\/new\/prodotto\/marine-amino-365-cc-moore\/#primaryimage\",\"inLanguage\":\"it-IT\",\"url\":\"https:\/\/www.pescafish.it\/new\/wp-content\/uploads\/2021\/11\/marine-amino-365.jpg\",\"width\":800,\"height\":800,\"caption\":\"CC Moore\"},{\"@type\":\"WebPage\",\"@id\":\"https:\/\/www.pescafish.it\/new\/prodotto\/marine-amino-365-cc-moore\/#webpage\",\"url\":\"https:\/\/www.pescafish.it\/new\/prodotto\/marine-amino-365-cc-moore\/\",\"name\":\"Marine Amino 365 - CC Moore - Pesca Fish\",\"isPartOf\":{\"@id\":\"https:\/\/www.pescafish.it\/new\/#website\"},\"primaryImageOfPage\":{\"@id\":\"https:\/\/www.pescafish.it\/new\/prodotto\/marine-amino-365-cc-moore\/#primaryimage\"},\"datePublished\":\"2021-11-16T08:55:36+00:00\",\"dateModified\":\"2021-11-16T08:55:37+00:00\",\"inLanguage\":\"it-IT\",\"potentialAction\":[{\"@type\":\"ReadAction\",\"target\":[\"https:\/\/www.pescafish.it\/new\/prodotto\/marine-amino-365-cc-moore\/\"]}]}]}<\/script>\n<!-- \/ Yoast SEO plugin. -->","_links":{"self":[{"href":"https:\/\/www.pescafish.it\/new\/wp-json\/wp\/v2\/product\/73729"}],"collection":[{"href":"https:\/\/www.pescafish.it\/new\/wp-json\/wp\/v2\/product"}],"about":[{"href":"https:\/\/www.pescafish.it\/new\/wp-json\/wp\/v2\/types\/product"}],"replies":[{"embeddable":true,"href":"https:\/\/www.pescafish.it\/new\/wp-json\/wp\/v2\/comments?post=73729"}],"wp:featuredmedia":[{"embeddable":true,"href":"https:\/\/www.pescafish.it\/new\/wp-json\/wp\/v2\/media\/73730"}],"wp:attachment":[{"href":"https:\/\/www.pescafish.it\/new\/wp-json\/wp\/v2\/media?parent=73729"}],"wp:term":[{"taxonomy":"product_cat","embeddable":true,"href":"https:\/\/www.pescafish.it\/new\/wp-json\/wp\/v2\/product_cat?post=73729"},{"taxonomy":"product_tag","embeddable":true,"href":"https:\/\/www.pescafish.it\/new\/wp-json\/wp\/v2\/product_tag?post=73729"}],"curies":[{"name":"wp","href":"https:\/\/api.w.org\/{rel}","templated":true}]}}