{"id":73355,"date":"2021-11-10T11:45:22","date_gmt":"2021-11-10T10:45:22","guid":{"rendered":"https:\/\/www.pescafish.it\/new\/?post_type=product&#038;p=73355"},"modified":"2023-05-17T17:04:37","modified_gmt":"2023-05-17T15:04:37","slug":"testa-guadino-acolyte-drennan","status":"publish","type":"product","link":"https:\/\/www.pescafish.it\/new\/prodotto\/testa-guadino-acolyte-drennan\/","title":{"rendered":"Testa Guadino Acolyte &#8211; Drennan"},"content":{"rendered":"<p>Queste teste sono dotate di una rete a maglia fina morbida che non danneggia i vostri pesci. La rete inoltre \u00e8 resistente agli ami e si riesce a slamare senza problemi. Il telaio con sezione a D \u00e8 robusto e leggero, in modo da garantirvi una buona solidit\u00e0.<\/p>\n<p><strong>Disponibile nelle seguenti misure:<\/strong><br \/>\n<strong>THLAHR016<\/strong>\u00a0 16&#8243; &#8211; 41cm<\/p>\n","protected":false},"excerpt":{"rendered":"<p>Queste teste sono dotate di una rete a maglia fina morbida che non danneggia i vostri pesci. La rete inoltre \u00e8 resistente agli ami e si riesce a slamare senza problemi. Il telaio con sezione a D \u00e8 robusto e leggero, in modo da garantirvi una buona solidit\u00e0. Disponibile nelle seguenti misure: THLAHR016\u00a0 16&#8243; &#8211; [&hellip;]<\/p>\n","protected":false},"featured_media":73356,"comment_status":"closed","ping_status":"closed","template":"","meta":[],"product_cat":[183],"product_tag":[1039],"yoast_head":"<!-- This site is optimized with the Yoast SEO plugin v15.3 - https:\/\/yoast.com\/wordpress\/plugins\/seo\/ -->\n<title>Testa Guadino Acolyte - Drennan - Pesca Fish<\/title>\n<meta name=\"robots\" content=\"index, follow, max-snippet:-1, max-image-preview:large, max-video-preview:-1\" \/>\n<link rel=\"canonical\" href=\"https:\/\/www.pescafish.it\/new\/prodotto\/testa-guadino-acolyte-drennan\/\" \/>\n<meta property=\"og:locale\" content=\"it_IT\" \/>\n<meta property=\"og:type\" content=\"article\" \/>\n<meta property=\"og:title\" content=\"Testa Guadino Acolyte - Drennan - Pesca Fish\" \/>\n<meta property=\"og:description\" content=\"Queste teste sono dotate di una rete a maglia fina morbida che non danneggia i vostri pesci. La rete inoltre \u00e8 resistente agli ami e si riesce a slamare senza problemi. Il telaio con sezione a D \u00e8 robusto e leggero, in modo da garantirvi una buona solidit\u00e0. Disponibile nelle seguenti misure: THLAHR016\u00a0 16&#8243; &#8211; [&hellip;]\" \/>\n<meta property=\"og:url\" content=\"https:\/\/www.pescafish.it\/new\/prodotto\/testa-guadino-acolyte-drennan\/\" \/>\n<meta property=\"og:site_name\" content=\"Pesca Fish\" \/>\n<meta property=\"article:publisher\" content=\"https:\/\/www.facebook.com\/pescafishvr\/\" \/>\n<meta property=\"article:modified_time\" content=\"2023-05-17T15:04:37+00:00\" \/>\n<meta property=\"og:image\" content=\"https:\/\/www.pescafish.it\/new\/wp-content\/uploads\/2021\/11\/TESTA-GUADINO-ACOLYTE.jpg\" \/>\n\t<meta property=\"og:image:width\" content=\"1000\" \/>\n\t<meta property=\"og:image:height\" content=\"1000\" \/>\n<meta name=\"twitter:card\" content=\"summary_large_image\" \/>\n<meta name=\"twitter:label1\" content=\"Scritto da\">\n\t<meta name=\"twitter:data1\" content=\"francesca\">\n\t<meta name=\"twitter:label2\" content=\"Tempo di lettura stimato\">\n\t<meta name=\"twitter:data2\" content=\"0 minuti\">\n<script type=\"application\/ld+json\" class=\"yoast-schema-graph\">{\"@context\":\"https:\/\/schema.org\",\"@graph\":[{\"@type\":\"WebSite\",\"@id\":\"https:\/\/www.pescafish.it\/new\/#website\",\"url\":\"https:\/\/www.pescafish.it\/new\/\",\"name\":\"Pesca Fish\",\"description\":\"Benvenuti sul nostro sito!\",\"potentialAction\":[{\"@type\":\"SearchAction\",\"target\":\"https:\/\/www.pescafish.it\/new\/?s={search_term_string}\",\"query-input\":\"required name=search_term_string\"}],\"inLanguage\":\"it-IT\"},{\"@type\":\"ImageObject\",\"@id\":\"https:\/\/www.pescafish.it\/new\/prodotto\/testa-guadino-acolyte-drennan\/#primaryimage\",\"inLanguage\":\"it-IT\",\"url\":\"https:\/\/www.pescafish.it\/new\/wp-content\/uploads\/2021\/11\/TESTA-GUADINO-ACOLYTE.jpg\",\"width\":1000,\"height\":1000,\"caption\":\"testa guadino acolyte drennan\"},{\"@type\":\"WebPage\",\"@id\":\"https:\/\/www.pescafish.it\/new\/prodotto\/testa-guadino-acolyte-drennan\/#webpage\",\"url\":\"https:\/\/www.pescafish.it\/new\/prodotto\/testa-guadino-acolyte-drennan\/\",\"name\":\"Testa Guadino Acolyte - Drennan - Pesca Fish\",\"isPartOf\":{\"@id\":\"https:\/\/www.pescafish.it\/new\/#website\"},\"primaryImageOfPage\":{\"@id\":\"https:\/\/www.pescafish.it\/new\/prodotto\/testa-guadino-acolyte-drennan\/#primaryimage\"},\"datePublished\":\"2021-11-10T10:45:22+00:00\",\"dateModified\":\"2023-05-17T15:04:37+00:00\",\"inLanguage\":\"it-IT\",\"potentialAction\":[{\"@type\":\"ReadAction\",\"target\":[\"https:\/\/www.pescafish.it\/new\/prodotto\/testa-guadino-acolyte-drennan\/\"]}]}]}<\/script>\n<!-- \/ Yoast SEO plugin. -->","_links":{"self":[{"href":"https:\/\/www.pescafish.it\/new\/wp-json\/wp\/v2\/product\/73355"}],"collection":[{"href":"https:\/\/www.pescafish.it\/new\/wp-json\/wp\/v2\/product"}],"about":[{"href":"https:\/\/www.pescafish.it\/new\/wp-json\/wp\/v2\/types\/product"}],"replies":[{"embeddable":true,"href":"https:\/\/www.pescafish.it\/new\/wp-json\/wp\/v2\/comments?post=73355"}],"wp:featuredmedia":[{"embeddable":true,"href":"https:\/\/www.pescafish.it\/new\/wp-json\/wp\/v2\/media\/73356"}],"wp:attachment":[{"href":"https:\/\/www.pescafish.it\/new\/wp-json\/wp\/v2\/media?parent=73355"}],"wp:term":[{"taxonomy":"product_cat","embeddable":true,"href":"https:\/\/www.pescafish.it\/new\/wp-json\/wp\/v2\/product_cat?post=73355"},{"taxonomy":"product_tag","embeddable":true,"href":"https:\/\/www.pescafish.it\/new\/wp-json\/wp\/v2\/product_tag?post=73355"}],"curies":[{"name":"wp","href":"https:\/\/api.w.org\/{rel}","templated":true}]}}