{"id":73107,"date":"2021-11-06T18:33:11","date_gmt":"2021-11-06T17:33:11","guid":{"rendered":"https:\/\/www.pescafish.it\/new\/?post_type=product&#038;p=73107"},"modified":"2025-02-21T16:22:00","modified_gmt":"2025-02-21T15:22:00","slug":"trago-spin-tail-14g-molix","status":"publish","type":"product","link":"https:\/\/www.pescafish.it\/new\/prodotto\/trago-spin-tail-14g-molix\/","title":{"rendered":"Trago Spin Tail 14g &#8211; Molix"},"content":{"rendered":"<h2>Trago Spin Tail 14g<\/h2>\n<p>Esca innovativa dal profilo compatto. Si caratterizza per la forma e l\u2019azione ultra realistica. Occhi 3D custom, equipaggiato con una girella di alta qualit\u00e0 per migliorare la rotazione e le vibrazioni emesse della Colorado blade posta in coda. \u00c8 perfetto per raggiungere grandi distanze sul lancio e per la pesca in verticale. Il Trago Spin Tail pu\u00f2 essere utilizzato con successo in qualsiasi specchio d\u2019acqua e per diverse tipologie di predatori. \u00c8 realizzato in lega di zinco nel rispetto della natura e degli ecosistemi.<\/p>\n<p><strong>Lunghezza:<\/strong> 3cm<br \/>\n<strong>Peso:<\/strong> 14g \u2013 1\/2oz<\/p>\n<p><strong>Disponibile nelle seguenti colorazioni:<\/strong><br \/>\n<strong>TRST12-43<\/strong>\u00a0 43 &#8211; Giallo Metal<br \/>\n<strong>TRST12-326<\/strong>\u00a0 326 &#8211; MX Tennessee Shad<br \/>\n<strong>TRST12-468<\/strong>\u00a0 468 &#8211; Firetiger<br \/>\n<strong>TRST12-469<\/strong>\u00a0 469 &#8211; Blu Back Tiger<br \/>\n<strong>TRST12-PS02<\/strong>\u00a0 PS02 \u2013 Red Yellow Tiger<br \/>\n<strong>TRST12-46<\/strong>\u00a0 46 &#8211; GT<br \/>\n<strong>TRST12-05<\/strong>\u00a0 05 &#8211; Alqueva Craw<br \/>\n<strong>TRST12-146<\/strong>\u00a0 146 &#8211; Brown Cream Purple Tiger<br \/>\n<strong>TRST12-112<\/strong>\u00a0 112 &#8211; Pearl White<br \/>\n<strong>TRST12-45<\/strong>\u00a0 45 &#8211; Viola Metal<\/p>\n","protected":false},"excerpt":{"rendered":"<p>Trago Spin Tail 14g Esca innovativa dal profilo compatto. Si caratterizza per la forma e l\u2019azione ultra realistica. Occhi 3D custom, equipaggiato con una girella di alta qualit\u00e0 per migliorare la rotazione e le vibrazioni emesse della Colorado blade posta in coda. \u00c8 perfetto per raggiungere grandi distanze sul lancio e per la pesca in [&hellip;]<\/p>\n","protected":false},"featured_media":73109,"comment_status":"closed","ping_status":"closed","template":"","meta":[],"product_cat":[620],"product_tag":[1025],"yoast_head":"<!-- This site is optimized with the Yoast SEO plugin v15.3 - https:\/\/yoast.com\/wordpress\/plugins\/seo\/ -->\n<title>Trago Spin Tail 14g - Molix - Pesca Fish<\/title>\n<meta name=\"robots\" content=\"index, follow, max-snippet:-1, max-image-preview:large, max-video-preview:-1\" \/>\n<link rel=\"canonical\" href=\"https:\/\/www.pescafish.it\/new\/prodotto\/trago-spin-tail-14g-molix\/\" \/>\n<meta property=\"og:locale\" content=\"it_IT\" \/>\n<meta property=\"og:type\" content=\"article\" \/>\n<meta property=\"og:title\" content=\"Trago Spin Tail 14g - Molix - Pesca Fish\" \/>\n<meta property=\"og:description\" content=\"Trago Spin Tail 14g Esca innovativa dal profilo compatto. Si caratterizza per la forma e l\u2019azione ultra realistica. Occhi 3D custom, equipaggiato con una girella di alta qualit\u00e0 per migliorare la rotazione e le vibrazioni emesse della Colorado blade posta in coda. \u00c8 perfetto per raggiungere grandi distanze sul lancio e per la pesca in [&hellip;]\" \/>\n<meta property=\"og:url\" content=\"https:\/\/www.pescafish.it\/new\/prodotto\/trago-spin-tail-14g-molix\/\" \/>\n<meta property=\"og:site_name\" content=\"Pesca Fish\" \/>\n<meta property=\"article:publisher\" content=\"https:\/\/www.facebook.com\/pescafishvr\/\" \/>\n<meta property=\"article:modified_time\" content=\"2025-02-21T15:22:00+00:00\" \/>\n<meta property=\"og:image\" content=\"https:\/\/www.pescafish.it\/new\/wp-content\/uploads\/2021\/11\/trago-spin_43-giallo-metal.jpg\" \/>\n\t<meta property=\"og:image:width\" content=\"1000\" \/>\n\t<meta property=\"og:image:height\" content=\"1000\" \/>\n<meta name=\"twitter:card\" content=\"summary_large_image\" \/>\n<meta name=\"twitter:label1\" content=\"Scritto da\">\n\t<meta name=\"twitter:data1\" content=\"francesca\">\n\t<meta name=\"twitter:label2\" content=\"Tempo di lettura stimato\">\n\t<meta name=\"twitter:data2\" content=\"1 minuto\">\n<script type=\"application\/ld+json\" class=\"yoast-schema-graph\">{\"@context\":\"https:\/\/schema.org\",\"@graph\":[{\"@type\":\"WebSite\",\"@id\":\"https:\/\/www.pescafish.it\/new\/#website\",\"url\":\"https:\/\/www.pescafish.it\/new\/\",\"name\":\"Pesca Fish\",\"description\":\"Benvenuti sul nostro sito!\",\"potentialAction\":[{\"@type\":\"SearchAction\",\"target\":\"https:\/\/www.pescafish.it\/new\/?s={search_term_string}\",\"query-input\":\"required name=search_term_string\"}],\"inLanguage\":\"it-IT\"},{\"@type\":\"ImageObject\",\"@id\":\"https:\/\/www.pescafish.it\/new\/prodotto\/trago-spin-tail-14g-molix\/#primaryimage\",\"inLanguage\":\"it-IT\",\"url\":\"https:\/\/www.pescafish.it\/new\/wp-content\/uploads\/2021\/11\/trago-spin_43-giallo-metal.jpg\",\"width\":1000,\"height\":1000,\"caption\":\"trago spin molix\"},{\"@type\":\"WebPage\",\"@id\":\"https:\/\/www.pescafish.it\/new\/prodotto\/trago-spin-tail-14g-molix\/#webpage\",\"url\":\"https:\/\/www.pescafish.it\/new\/prodotto\/trago-spin-tail-14g-molix\/\",\"name\":\"Trago Spin Tail 14g - Molix - Pesca Fish\",\"isPartOf\":{\"@id\":\"https:\/\/www.pescafish.it\/new\/#website\"},\"primaryImageOfPage\":{\"@id\":\"https:\/\/www.pescafish.it\/new\/prodotto\/trago-spin-tail-14g-molix\/#primaryimage\"},\"datePublished\":\"2021-11-06T17:33:11+00:00\",\"dateModified\":\"2025-02-21T15:22:00+00:00\",\"inLanguage\":\"it-IT\",\"potentialAction\":[{\"@type\":\"ReadAction\",\"target\":[\"https:\/\/www.pescafish.it\/new\/prodotto\/trago-spin-tail-14g-molix\/\"]}]}]}<\/script>\n<!-- \/ Yoast SEO plugin. -->","_links":{"self":[{"href":"https:\/\/www.pescafish.it\/new\/wp-json\/wp\/v2\/product\/73107"}],"collection":[{"href":"https:\/\/www.pescafish.it\/new\/wp-json\/wp\/v2\/product"}],"about":[{"href":"https:\/\/www.pescafish.it\/new\/wp-json\/wp\/v2\/types\/product"}],"replies":[{"embeddable":true,"href":"https:\/\/www.pescafish.it\/new\/wp-json\/wp\/v2\/comments?post=73107"}],"wp:featuredmedia":[{"embeddable":true,"href":"https:\/\/www.pescafish.it\/new\/wp-json\/wp\/v2\/media\/73109"}],"wp:attachment":[{"href":"https:\/\/www.pescafish.it\/new\/wp-json\/wp\/v2\/media?parent=73107"}],"wp:term":[{"taxonomy":"product_cat","embeddable":true,"href":"https:\/\/www.pescafish.it\/new\/wp-json\/wp\/v2\/product_cat?post=73107"},{"taxonomy":"product_tag","embeddable":true,"href":"https:\/\/www.pescafish.it\/new\/wp-json\/wp\/v2\/product_tag?post=73107"}],"curies":[{"name":"wp","href":"https:\/\/api.w.org\/{rel}","templated":true}]}}