{"id":72709,"date":"2021-11-02T11:29:43","date_gmt":"2021-11-02T10:29:43","guid":{"rendered":"https:\/\/www.pescafish.it\/new\/?post_type=product&#038;p=72709"},"modified":"2025-02-12T11:04:37","modified_gmt":"2025-02-12T10:04:37","slug":"mulinello-legalis-lt-daiwa","status":"publish","type":"product","link":"https:\/\/www.pescafish.it\/new\/prodotto\/mulinello-legalis-lt-daiwa\/","title":{"rendered":"20 Legalis LT &#8211; Daiwa"},"content":{"rendered":"<h2>20 Legalis LT<\/h2>\n<p>Il Legalis LT \u00e8 il mulinello ideale per chi cerca solidit\u00e0, affidabilit\u00e0 e leggerezza ad un prezzo ragionevole. Corpo e rotore sono costruiti in Zaion V, un materiale innovativo a base di fibra di carbonio che garantisce al Legalis eccellente rigidit\u00e0 strutturale e grande leggerezza: nella taglia 2.500 pesa appena 205 grammi! Il funzionamento del Legalis \u00e8 eccezionalmente scorrevole, grazie ai 5 cuscinetti a sfera e alla ruota comando Tough Digigear che garantisce un trasferimento della potenza ultra-efficiente. Sicurezza e sensibilit\u00e0 nel recupero sono garantite dalla frizione ATD (Automatic Tournament Drag) ad azione progressiva automatica.<\/p>\n<p><strong>Caratteristiche:<\/strong><\/p>\n<p>\u2022 Corpo e rotore Air Rotor in Zaion V<br \/>\n\u2022 Tough Digigear<br \/>\n\u2022 Bobina Long Cast ABS in Alluminio<br \/>\n\u2022 Frizione ATD (Automatic Tournament Drag)<br \/>\n\u2022 Archetto Air Bail<br \/>\n\u2022 5 cuscinetti a sfera<br \/>\n\u2022 Manovella super-leggera in Alluminio<br \/>\n\u2022 Rullino guidafilo Twist Buster II<br \/>\n\u2022 Infinite Anti-Reverse e imbobinamento Cross Wrap<\/p>\n<p><strong>Disponibile nei seguenti modelli:<\/strong><\/p>\n<table style=\"height: 331px; width: 100%; border-collapse: collapse; border-color: #000000;\" border=\"2\">\n<tbody>\n<tr style=\"height: 24px;\">\n<td style=\"width: 20%; height: 24px; text-align: center;\"><strong>Modello<\/strong><\/td>\n<td style=\"width: 20%; height: 24px; text-align: center;\"><strong>Capacit\u00e0 Bobina<\/strong><\/td>\n<td style=\"width: 20%; height: 24px; text-align: center;\"><strong>Rapporto di Recupero<\/strong><\/td>\n<td style=\"width: 20%; height: 24px; text-align: center;\"><strong>Peso<\/strong><\/td>\n<td style=\"width: 20%; height: 24px; text-align: center;\"><strong>Max Drag<\/strong><\/td>\n<\/tr>\n<tr>\n<td style=\"width: 20%; text-align: center;\"><strong>20LGSLT1000<\/strong><\/td>\n<td style=\"width: 20%; text-align: center;\">150m \u00d8 14<\/td>\n<td class=\"\" style=\"width: 20%; text-align: center;\">5,2:1 \/ 64cm<\/td>\n<td style=\"width: 20%; text-align: center;\">180g<\/td>\n<td style=\"width: 20%; text-align: center;\">5kg<\/td>\n<\/tr>\n<tr>\n<td style=\"width: 20%; text-align: center;\"><strong>20LGSLT1000XH<\/strong><\/td>\n<td style=\"width: 20%; text-align: center;\">150m \u00d8 14<\/td>\n<td class=\"\" style=\"width: 20%; text-align: center;\">6,2:1 \/ 77cm<\/td>\n<td style=\"width: 20%; text-align: center;\">180g<\/td>\n<td style=\"width: 20%; text-align: center;\">5kg<\/td>\n<\/tr>\n<tr style=\"height: 24px;\">\n<td style=\"width: 20%; height: 24px; text-align: center;\"><strong>20LGSLT2000<\/strong><\/td>\n<td style=\"width: 20%; height: 24px; text-align: center;\">150m \u00d8 16<\/td>\n<td style=\"width: 20%; height: 24px; text-align: center;\">5,2:1 \/ 68cm<\/td>\n<td style=\"width: 20%; height: 24px; text-align: center;\">185g<\/td>\n<td style=\"width: 20%; height: 24px; text-align: center;\">5kg<\/td>\n<\/tr>\n<tr style=\"height: 24px;\">\n<td style=\"width: 20%; height: 24px; text-align: center;\"><strong>20LGSLT2000XH<\/strong><\/td>\n<td style=\"width: 20%; height: 24px; text-align: center;\">150m \u00d8 16<\/td>\n<td style=\"width: 20%; height: 24px; text-align: center;\">6,2:1 \/ 81cm<\/td>\n<td style=\"width: 20%; height: 24px; text-align: center;\">185g<\/td>\n<td style=\"width: 20%; height: 24px; text-align: center;\">5kg<\/td>\n<\/tr>\n<tr style=\"height: 24px;\">\n<td style=\"width: 20%; height: 24px; text-align: center;\"><strong>20LGSLT2500<\/strong><\/td>\n<td style=\"width: 20%; height: 24px; text-align: center;\">150m \u00d8 20<\/td>\n<td style=\"width: 20%; height: 24px; text-align: center;\">5,3:1 \/ 75cm<\/td>\n<td style=\"width: 20%; height: 24px; text-align: center;\">205g<\/td>\n<td style=\"width: 20%; height: 24px; text-align: center;\">10kg<\/td>\n<\/tr>\n<tr style=\"height: 24px;\">\n<td style=\"width: 20%; height: 24px; text-align: center;\"><strong>20LGSLT2500XH<\/strong><\/td>\n<td style=\"width: 20%; height: 24px; text-align: center;\">150m \u00d8 20<\/td>\n<td style=\"width: 20%; height: 24px; text-align: center;\">6,2:1 \/ 87cm<\/td>\n<td style=\"width: 20%; height: 24px; text-align: center;\">205g<\/td>\n<td style=\"width: 20%; height: 24px; text-align: center;\">10kg<\/td>\n<\/tr>\n<tr style=\"height: 24px;\">\n<td style=\"width: 20%; height: 24px; text-align: center;\"><strong>20LGSLT3000C<\/strong><\/td>\n<td style=\"width: 20%; height: 24px; text-align: center;\">150m \u00d8 23<\/td>\n<td style=\"width: 20%; height: 24px; text-align: center;\">5,3:1 \/ 80cm<\/td>\n<td style=\"width: 20%; height: 24px; text-align: center;\">210g<\/td>\n<td style=\"width: 20%; height: 24px; text-align: center;\">10kg<\/td>\n<\/tr>\n<tr style=\"height: 24px;\">\n<td style=\"width: 20%; height: 24px; text-align: center;\"><strong>20LGSLT3000CXH<\/strong><\/td>\n<td style=\"width: 20%; height: 24px; text-align: center;\">150m \u00d8 23<\/td>\n<td style=\"width: 20%; height: 24px; text-align: center;\">6,2:1 \/ 93cm<\/td>\n<td style=\"width: 20%; height: 24px; text-align: center;\">210g<\/td>\n<td style=\"width: 20%; height: 24px; text-align: center;\">10kg<\/td>\n<\/tr>\n<tr style=\"height: 23px;\">\n<td style=\"width: 20%; text-align: center; height: 23px;\"><strong>20LGSLT4000C<\/strong><\/td>\n<td style=\"width: 20%; text-align: center; height: 23px;\">150m \u00d8 28<\/td>\n<td style=\"width: 20%; text-align: center; height: 23px;\">5,2.1 \/ 82cm<\/td>\n<td style=\"width: 20%; text-align: center; height: 23px;\">235<\/td>\n<td style=\"width: 20%; text-align: center; height: 23px;\">12kg<\/td>\n<\/tr>\n<tr style=\"height: 23px;\">\n<td style=\"width: 20%; text-align: center; height: 23px;\"><strong>20LGSLT4000CP<\/strong><\/td>\n<td style=\"width: 20%; text-align: center; height: 23px;\">150m \u00d8 28<\/td>\n<td style=\"width: 20%; text-align: center; height: 23px;\">4,7:1 \/ 75cm<\/td>\n<td style=\"width: 20%; text-align: center; height: 23px;\">235<\/td>\n<td style=\"width: 20%; text-align: center; height: 23px;\">12kg<\/td>\n<\/tr>\n<tr style=\"height: 24px;\">\n<td style=\"width: 20%; height: 24px; text-align: center;\"><strong>20LGSLT4000CXH<\/strong><\/td>\n<td style=\"width: 20%; height: 24px; text-align: center;\">150m \u00d8 28<\/td>\n<td style=\"width: 20%; height: 24px; text-align: center;\">6,2:1 \/ 99cm<\/td>\n<td style=\"width: 20%; height: 24px; text-align: center;\">235g<\/td>\n<td style=\"width: 20%; height: 24px; text-align: center;\">12kg<\/td>\n<\/tr>\n<tr style=\"height: 23px;\">\n<td style=\"width: 20%; text-align: center; height: 23px;\"><strong>20LGSLT5000C<\/strong><\/td>\n<td style=\"width: 20%; text-align: center; height: 23px;\">150m \u00d8 37<\/td>\n<td style=\"width: 20%; text-align: center; height: 23px;\">5,2:1 \/ 87cm<\/td>\n<td style=\"width: 20%; text-align: center; height: 23px;\">245g<\/td>\n<td style=\"width: 20%; text-align: center; height: 23px;\">12kg<\/td>\n<\/tr>\n<tr style=\"height: 24px;\">\n<td style=\"width: 20%; height: 24px; text-align: center;\"><strong>20LGSLT5000CXH<\/strong><\/td>\n<td style=\"width: 20%; height: 24px; text-align: center;\">150m \u00d8 37<\/td>\n<td style=\"width: 20%; height: 24px; text-align: center;\">6,2:1 \/ 105cm<\/td>\n<td style=\"width: 20%; height: 24px; text-align: center;\">245g<\/td>\n<td style=\"width: 20%; height: 24px; text-align: center;\">12kg<\/td>\n<\/tr>\n<tr style=\"height: 23px;\">\n<td style=\"width: 20%; text-align: center; height: 23px;\"><strong>20LGSLT6000<\/strong><\/td>\n<td style=\"width: 20%; text-align: center; height: 23px;\">150m \u00d8 40<\/td>\n<td style=\"width: 20%; text-align: center; height: 23px;\">5,1:1 \/ 92cm<\/td>\n<td style=\"width: 20%; text-align: center; height: 23px;\">320g<\/td>\n<td style=\"width: 20%; text-align: center; height: 23px;\">12kg<\/td>\n<\/tr>\n<tr style=\"height: 23px;\">\n<td style=\"width: 20%; text-align: center; height: 23px;\"><strong>20LGSLT6000H<\/strong><\/td>\n<td style=\"width: 20%; text-align: center; height: 23px;\">150m \u00d8 40<\/td>\n<td style=\"width: 20%; text-align: center; height: 23px;\">5,7:1 \/ 101cm<\/td>\n<td style=\"width: 20%; text-align: center; height: 23px;\">320g<\/td>\n<td style=\"width: 20%; text-align: center; height: 23px;\">12kg<\/td>\n<\/tr>\n<\/tbody>\n<\/table>\n","protected":false},"excerpt":{"rendered":"<p>20 Legalis LT Il Legalis LT \u00e8 il mulinello ideale per chi cerca solidit\u00e0, affidabilit\u00e0 e leggerezza ad un prezzo ragionevole. Corpo e rotore sono costruiti in Zaion V, un materiale innovativo a base di fibra di carbonio che garantisce al Legalis eccellente rigidit\u00e0 strutturale e grande leggerezza: nella taglia 2.500 pesa appena 205 grammi! [&hellip;]<\/p>\n","protected":false},"featured_media":72710,"comment_status":"closed","ping_status":"closed","template":"","meta":[],"product_cat":[351],"product_tag":[1051],"yoast_head":"<!-- This site is optimized with the Yoast SEO plugin v15.3 - https:\/\/yoast.com\/wordpress\/plugins\/seo\/ -->\n<title>20 Legalis LT - Daiwa - Pesca Fish<\/title>\n<meta name=\"robots\" content=\"index, follow, max-snippet:-1, max-image-preview:large, max-video-preview:-1\" \/>\n<link rel=\"canonical\" href=\"https:\/\/www.pescafish.it\/new\/prodotto\/mulinello-legalis-lt-daiwa\/\" \/>\n<meta property=\"og:locale\" content=\"it_IT\" \/>\n<meta property=\"og:type\" content=\"article\" \/>\n<meta property=\"og:title\" content=\"20 Legalis LT - Daiwa - Pesca Fish\" \/>\n<meta property=\"og:description\" content=\"20 Legalis LT Il Legalis LT \u00e8 il mulinello ideale per chi cerca solidit\u00e0, affidabilit\u00e0 e leggerezza ad un prezzo ragionevole. Corpo e rotore sono costruiti in Zaion V, un materiale innovativo a base di fibra di carbonio che garantisce al Legalis eccellente rigidit\u00e0 strutturale e grande leggerezza: nella taglia 2.500 pesa appena 205 grammi! [&hellip;]\" \/>\n<meta property=\"og:url\" content=\"https:\/\/www.pescafish.it\/new\/prodotto\/mulinello-legalis-lt-daiwa\/\" \/>\n<meta property=\"og:site_name\" content=\"Pesca Fish\" \/>\n<meta property=\"article:publisher\" content=\"https:\/\/www.facebook.com\/pescafishvr\/\" \/>\n<meta property=\"article:modified_time\" content=\"2025-02-12T10:04:37+00:00\" \/>\n<meta property=\"og:image\" content=\"https:\/\/www.pescafish.it\/new\/wp-content\/uploads\/2021\/11\/LEGALIS-DAIWA.jpg\" \/>\n\t<meta property=\"og:image:width\" content=\"1000\" \/>\n\t<meta property=\"og:image:height\" content=\"1000\" \/>\n<meta name=\"twitter:card\" content=\"summary_large_image\" \/>\n<meta name=\"twitter:label1\" content=\"Scritto da\">\n\t<meta name=\"twitter:data1\" content=\"francesca\">\n\t<meta name=\"twitter:label2\" content=\"Tempo di lettura stimato\">\n\t<meta name=\"twitter:data2\" content=\"1 minuto\">\n<script type=\"application\/ld+json\" class=\"yoast-schema-graph\">{\"@context\":\"https:\/\/schema.org\",\"@graph\":[{\"@type\":\"WebSite\",\"@id\":\"https:\/\/www.pescafish.it\/new\/#website\",\"url\":\"https:\/\/www.pescafish.it\/new\/\",\"name\":\"Pesca Fish\",\"description\":\"Benvenuti sul nostro sito!\",\"potentialAction\":[{\"@type\":\"SearchAction\",\"target\":\"https:\/\/www.pescafish.it\/new\/?s={search_term_string}\",\"query-input\":\"required name=search_term_string\"}],\"inLanguage\":\"it-IT\"},{\"@type\":\"ImageObject\",\"@id\":\"https:\/\/www.pescafish.it\/new\/prodotto\/mulinello-legalis-lt-daiwa\/#primaryimage\",\"inLanguage\":\"it-IT\",\"url\":\"https:\/\/www.pescafish.it\/new\/wp-content\/uploads\/2021\/11\/LEGALIS-DAIWA.jpg\",\"width\":1000,\"height\":1000,\"caption\":\"LEGALIS LT DAIWA\"},{\"@type\":\"WebPage\",\"@id\":\"https:\/\/www.pescafish.it\/new\/prodotto\/mulinello-legalis-lt-daiwa\/#webpage\",\"url\":\"https:\/\/www.pescafish.it\/new\/prodotto\/mulinello-legalis-lt-daiwa\/\",\"name\":\"20 Legalis LT - Daiwa - Pesca Fish\",\"isPartOf\":{\"@id\":\"https:\/\/www.pescafish.it\/new\/#website\"},\"primaryImageOfPage\":{\"@id\":\"https:\/\/www.pescafish.it\/new\/prodotto\/mulinello-legalis-lt-daiwa\/#primaryimage\"},\"datePublished\":\"2021-11-02T10:29:43+00:00\",\"dateModified\":\"2025-02-12T10:04:37+00:00\",\"inLanguage\":\"it-IT\",\"potentialAction\":[{\"@type\":\"ReadAction\",\"target\":[\"https:\/\/www.pescafish.it\/new\/prodotto\/mulinello-legalis-lt-daiwa\/\"]}]}]}<\/script>\n<!-- \/ Yoast SEO plugin. -->","_links":{"self":[{"href":"https:\/\/www.pescafish.it\/new\/wp-json\/wp\/v2\/product\/72709"}],"collection":[{"href":"https:\/\/www.pescafish.it\/new\/wp-json\/wp\/v2\/product"}],"about":[{"href":"https:\/\/www.pescafish.it\/new\/wp-json\/wp\/v2\/types\/product"}],"replies":[{"embeddable":true,"href":"https:\/\/www.pescafish.it\/new\/wp-json\/wp\/v2\/comments?post=72709"}],"wp:featuredmedia":[{"embeddable":true,"href":"https:\/\/www.pescafish.it\/new\/wp-json\/wp\/v2\/media\/72710"}],"wp:attachment":[{"href":"https:\/\/www.pescafish.it\/new\/wp-json\/wp\/v2\/media?parent=72709"}],"wp:term":[{"taxonomy":"product_cat","embeddable":true,"href":"https:\/\/www.pescafish.it\/new\/wp-json\/wp\/v2\/product_cat?post=72709"},{"taxonomy":"product_tag","embeddable":true,"href":"https:\/\/www.pescafish.it\/new\/wp-json\/wp\/v2\/product_tag?post=72709"}],"curies":[{"name":"wp","href":"https:\/\/api.w.org\/{rel}","templated":true}]}}