{"id":71725,"date":"2021-09-04T10:17:31","date_gmt":"2021-09-04T08:17:31","guid":{"rendered":"https:\/\/www.pescafish.it\/new\/?post_type=product&#038;p=71725"},"modified":"2021-09-04T10:17:32","modified_gmt":"2021-09-04T08:17:32","slug":"le-mandala-tee-black-korda","status":"publish","type":"product","link":"https:\/\/www.pescafish.it\/new\/prodotto\/le-mandala-tee-black-korda\/","title":{"rendered":"Le Mandala Tee Black &#8211; Korda"},"content":{"rendered":"<h2>Le Mandala Tee Black<\/h2>\n<p>Questa elegante T-shirt \u00e8 molto comoda da indossare, sia che tu stia pescando in riva al mare o che sia fuori a socializzare con gli amici.<\/p>\n<p>\u00c8 realizzato in materiale jersey (60% cotone e 40% poliestere) che \u00e8 molto morbido e si sente benissimo sulla pelle, ma \u00e8 comunque abbastanza resistente da resistere ai rigori della pesca.<\/p>\n<p>C&#8217;\u00e8 una stampa intricata sulla parte anteriore di due carpe, composta da loghi di occhiali Korda.<\/p>\n<p>\u00c8 una vestibilit\u00e0 regolare e con una comoda costina del collo.<\/p>\n<p><strong>Disponibile nelle seguenti:<\/strong><br \/>\n<strong>KCL696<\/strong>\u00a0 Size M<br \/>\n<strong>KCL697<\/strong>\u00a0 Size L<br \/>\n<strong>KCL698<\/strong>\u00a0 Size XL<br \/>\n<strong>KCL699<\/strong>\u00a0 Size XXL<\/p>\n","protected":false},"excerpt":{"rendered":"<p>Le Mandala Tee Black Questa elegante T-shirt \u00e8 molto comoda da indossare, sia che tu stia pescando in riva al mare o che sia fuori a socializzare con gli amici. \u00c8 realizzato in materiale jersey (60% cotone e 40% poliestere) che \u00e8 molto morbido e si sente benissimo sulla pelle, ma \u00e8 comunque abbastanza resistente [&hellip;]<\/p>\n","protected":false},"featured_media":71726,"comment_status":"closed","ping_status":"closed","template":"","meta":[],"product_cat":[771],"product_tag":[1018],"yoast_head":"<!-- This site is optimized with the Yoast SEO plugin v15.3 - https:\/\/yoast.com\/wordpress\/plugins\/seo\/ -->\n<title>Le Mandala Tee Black - Korda - Pesca Fish<\/title>\n<meta name=\"robots\" content=\"index, follow, max-snippet:-1, max-image-preview:large, max-video-preview:-1\" \/>\n<link rel=\"canonical\" href=\"https:\/\/www.pescafish.it\/new\/prodotto\/le-mandala-tee-black-korda\/\" \/>\n<meta property=\"og:locale\" content=\"it_IT\" \/>\n<meta property=\"og:type\" content=\"article\" \/>\n<meta property=\"og:title\" content=\"Le Mandala Tee Black - Korda - Pesca Fish\" \/>\n<meta property=\"og:description\" content=\"Le Mandala Tee Black Questa elegante T-shirt \u00e8 molto comoda da indossare, sia che tu stia pescando in riva al mare o che sia fuori a socializzare con gli amici. \u00c8 realizzato in materiale jersey (60% cotone e 40% poliestere) che \u00e8 molto morbido e si sente benissimo sulla pelle, ma \u00e8 comunque abbastanza resistente [&hellip;]\" \/>\n<meta property=\"og:url\" content=\"https:\/\/www.pescafish.it\/new\/prodotto\/le-mandala-tee-black-korda\/\" \/>\n<meta property=\"og:site_name\" content=\"Pesca Fish\" \/>\n<meta property=\"article:publisher\" content=\"https:\/\/www.facebook.com\/pescafishvr\/\" \/>\n<meta property=\"article:modified_time\" content=\"2021-09-04T08:17:32+00:00\" \/>\n<meta property=\"og:image\" content=\"https:\/\/www.pescafish.it\/new\/wp-content\/uploads\/2021\/09\/Korda-LE-Mandala-Tee-Black.jpg\" \/>\n\t<meta property=\"og:image:width\" content=\"800\" \/>\n\t<meta property=\"og:image:height\" content=\"600\" \/>\n<meta name=\"twitter:card\" content=\"summary_large_image\" \/>\n<meta name=\"twitter:label1\" content=\"Scritto da\">\n\t<meta name=\"twitter:data1\" content=\"francesca\">\n\t<meta name=\"twitter:label2\" content=\"Tempo di lettura stimato\">\n\t<meta name=\"twitter:data2\" content=\"0 minuti\">\n<script type=\"application\/ld+json\" class=\"yoast-schema-graph\">{\"@context\":\"https:\/\/schema.org\",\"@graph\":[{\"@type\":\"WebSite\",\"@id\":\"https:\/\/www.pescafish.it\/new\/#website\",\"url\":\"https:\/\/www.pescafish.it\/new\/\",\"name\":\"Pesca Fish\",\"description\":\"Benvenuti sul nostro sito!\",\"potentialAction\":[{\"@type\":\"SearchAction\",\"target\":\"https:\/\/www.pescafish.it\/new\/?s={search_term_string}\",\"query-input\":\"required name=search_term_string\"}],\"inLanguage\":\"it-IT\"},{\"@type\":\"ImageObject\",\"@id\":\"https:\/\/www.pescafish.it\/new\/prodotto\/le-mandala-tee-black-korda\/#primaryimage\",\"inLanguage\":\"it-IT\",\"url\":\"https:\/\/www.pescafish.it\/new\/wp-content\/uploads\/2021\/09\/Korda-LE-Mandala-Tee-Black.jpg\",\"width\":800,\"height\":600,\"caption\":\"Korda\"},{\"@type\":\"WebPage\",\"@id\":\"https:\/\/www.pescafish.it\/new\/prodotto\/le-mandala-tee-black-korda\/#webpage\",\"url\":\"https:\/\/www.pescafish.it\/new\/prodotto\/le-mandala-tee-black-korda\/\",\"name\":\"Le Mandala Tee Black - Korda - Pesca Fish\",\"isPartOf\":{\"@id\":\"https:\/\/www.pescafish.it\/new\/#website\"},\"primaryImageOfPage\":{\"@id\":\"https:\/\/www.pescafish.it\/new\/prodotto\/le-mandala-tee-black-korda\/#primaryimage\"},\"datePublished\":\"2021-09-04T08:17:31+00:00\",\"dateModified\":\"2021-09-04T08:17:32+00:00\",\"inLanguage\":\"it-IT\",\"potentialAction\":[{\"@type\":\"ReadAction\",\"target\":[\"https:\/\/www.pescafish.it\/new\/prodotto\/le-mandala-tee-black-korda\/\"]}]}]}<\/script>\n<!-- \/ Yoast SEO plugin. -->","_links":{"self":[{"href":"https:\/\/www.pescafish.it\/new\/wp-json\/wp\/v2\/product\/71725"}],"collection":[{"href":"https:\/\/www.pescafish.it\/new\/wp-json\/wp\/v2\/product"}],"about":[{"href":"https:\/\/www.pescafish.it\/new\/wp-json\/wp\/v2\/types\/product"}],"replies":[{"embeddable":true,"href":"https:\/\/www.pescafish.it\/new\/wp-json\/wp\/v2\/comments?post=71725"}],"wp:featuredmedia":[{"embeddable":true,"href":"https:\/\/www.pescafish.it\/new\/wp-json\/wp\/v2\/media\/71726"}],"wp:attachment":[{"href":"https:\/\/www.pescafish.it\/new\/wp-json\/wp\/v2\/media?parent=71725"}],"wp:term":[{"taxonomy":"product_cat","embeddable":true,"href":"https:\/\/www.pescafish.it\/new\/wp-json\/wp\/v2\/product_cat?post=71725"},{"taxonomy":"product_tag","embeddable":true,"href":"https:\/\/www.pescafish.it\/new\/wp-json\/wp\/v2\/product_tag?post=71725"}],"curies":[{"name":"wp","href":"https:\/\/api.w.org\/{rel}","templated":true}]}}