{"id":71646,"date":"2021-08-28T08:56:50","date_gmt":"2021-08-28T06:56:50","guid":{"rendered":"https:\/\/www.pescafish.it\/new\/?post_type=product&#038;p=71646"},"modified":"2021-08-28T09:10:00","modified_gmt":"2021-08-28T07:10:00","slug":"long-chuck-tapered-mainlines-korda","status":"publish","type":"product","link":"https:\/\/www.pescafish.it\/new\/prodotto\/long-chuck-tapered-mainlines-korda\/","title":{"rendered":"Long Chuck Tapered Mainlines &#8211; Korda"},"content":{"rendered":"<h2><strong>Long Chuck Tapered Mainlines<\/strong><\/h2>\n<p>I Long Chuck Tapered Mainlines sono progettati per quando si desidera pescare a distanza senza dover utilizzare un nodo leader.<\/p>\n<p>Questo pu\u00f2 essere essenziale per lanciare in sicurezza a distanza in acque che hanno vietato l&#8217;uso di un leader.<\/p>\n<p>\u00c8 utile anche quando si pesca in laghi molto infestati, dove l&#8217;erba pu\u00f2 raccogliersi attorno al nodo del capo shock leader.<\/p>\n<p>Il Long Chuck Tapered Mainline \u00e8 disponibile in bobine da 300 m, e a ciascuna estremit\u00e0 c&#8217;\u00e8 una sezione di 8 m di diametro di 0,47 mm (30 libbre) progettata per fungere da shockleader, prendendo la forza del lancio. Questo offre anche una buona resistenza all&#8217;abrasione durante l&#8217;allamata.<\/p>\n<p>Dopo la sezione da 30 libbre la linea si assottiglia fino al diametro della linea principale che hai scelto. \u00c8 esattamente lo stesso su entrambe le estremit\u00e0, quindi se dovessi riscontrare un taglio, puoi semplicemente invertire la linea sulla bobina e riutilizzarla.<\/p>\n<p>Questi capi affusolati presentano le stesse propriet\u00e0 della linea principale Long Chuck.<\/p>\n<p>Sono realizzati senza coloranti aggiunti che li rendono pi\u00f9 leggeri, con meno elasticit\u00e0.<\/p>\n<p>Il basso allungamento consente di comprimere la canna pi\u00f9 velocemente durante il lancio, aumentando la distanza.<\/p>\n<p>Vantano anche un tasso di assorbimento d&#8217;acqua molto basso, il che significa che sono pi\u00f9 leggeri e rimangono nell&#8217;aria pi\u00f9 a lungo.<\/p>\n<p>Infine le linee hanno un elevato rapporto tra sforzo di rottura e diametro che aiuta a ridurre la resistenza.<\/p>\n<p><strong>Disponibile nelle seguenti varianti:<\/strong><br \/>\n<strong>KDCM08<\/strong>\u00a0 10-30lb 0.27 &#8211; 0.47mm<br \/>\n<strong>KDCM09<\/strong>\u00a0 12-30lb 0.30 &#8211; 0.47mm<br \/>\n<strong>KDCM10<\/strong>\u00a0 15-30lb 0.33 &#8211; 0.47mm<\/p>\n<p><strong>Confezione da 300mt<\/strong><\/p>\n","protected":false},"excerpt":{"rendered":"<p>Long Chuck Tapered Mainlines I Long Chuck Tapered Mainlines sono progettati per quando si desidera pescare a distanza senza dover utilizzare un nodo leader. Questo pu\u00f2 essere essenziale per lanciare in sicurezza a distanza in acque che hanno vietato l&#8217;uso di un leader. \u00c8 utile anche quando si pesca in laghi molto infestati, dove l&#8217;erba [&hellip;]<\/p>\n","protected":false},"featured_media":71647,"comment_status":"closed","ping_status":"closed","template":"","meta":[],"product_cat":[727],"product_tag":[1018],"yoast_head":"<!-- This site is optimized with the Yoast SEO plugin v15.3 - https:\/\/yoast.com\/wordpress\/plugins\/seo\/ -->\n<title>Long Chuck Tapered Mainlines - Korda - Pesca Fish<\/title>\n<meta name=\"robots\" content=\"index, follow, max-snippet:-1, max-image-preview:large, max-video-preview:-1\" \/>\n<link rel=\"canonical\" href=\"https:\/\/www.pescafish.it\/new\/prodotto\/long-chuck-tapered-mainlines-korda\/\" \/>\n<meta property=\"og:locale\" content=\"it_IT\" \/>\n<meta property=\"og:type\" content=\"article\" \/>\n<meta property=\"og:title\" content=\"Long Chuck Tapered Mainlines - Korda - Pesca Fish\" \/>\n<meta property=\"og:description\" content=\"Long Chuck Tapered Mainlines I Long Chuck Tapered Mainlines sono progettati per quando si desidera pescare a distanza senza dover utilizzare un nodo leader. Questo pu\u00f2 essere essenziale per lanciare in sicurezza a distanza in acque che hanno vietato l&#8217;uso di un leader. \u00c8 utile anche quando si pesca in laghi molto infestati, dove l&#8217;erba [&hellip;]\" \/>\n<meta property=\"og:url\" content=\"https:\/\/www.pescafish.it\/new\/prodotto\/long-chuck-tapered-mainlines-korda\/\" \/>\n<meta property=\"og:site_name\" content=\"Pesca Fish\" \/>\n<meta property=\"article:publisher\" content=\"https:\/\/www.facebook.com\/pescafishvr\/\" \/>\n<meta property=\"article:modified_time\" content=\"2021-08-28T07:10:00+00:00\" \/>\n<meta property=\"og:image\" content=\"https:\/\/www.pescafish.it\/new\/wp-content\/uploads\/2021\/08\/59811627912835.png\" \/>\n\t<meta property=\"og:image:width\" content=\"300\" \/>\n\t<meta property=\"og:image:height\" content=\"300\" \/>\n<meta name=\"twitter:card\" content=\"summary_large_image\" \/>\n<meta name=\"twitter:label1\" content=\"Scritto da\">\n\t<meta name=\"twitter:data1\" content=\"francesca\">\n\t<meta name=\"twitter:label2\" content=\"Tempo di lettura stimato\">\n\t<meta name=\"twitter:data2\" content=\"1 minuto\">\n<script type=\"application\/ld+json\" class=\"yoast-schema-graph\">{\"@context\":\"https:\/\/schema.org\",\"@graph\":[{\"@type\":\"WebSite\",\"@id\":\"https:\/\/www.pescafish.it\/new\/#website\",\"url\":\"https:\/\/www.pescafish.it\/new\/\",\"name\":\"Pesca Fish\",\"description\":\"Benvenuti sul nostro sito!\",\"potentialAction\":[{\"@type\":\"SearchAction\",\"target\":\"https:\/\/www.pescafish.it\/new\/?s={search_term_string}\",\"query-input\":\"required name=search_term_string\"}],\"inLanguage\":\"it-IT\"},{\"@type\":\"ImageObject\",\"@id\":\"https:\/\/www.pescafish.it\/new\/prodotto\/long-chuck-tapered-mainlines-korda\/#primaryimage\",\"inLanguage\":\"it-IT\",\"url\":\"https:\/\/www.pescafish.it\/new\/wp-content\/uploads\/2021\/08\/59811627912835.png\",\"width\":300,\"height\":300,\"caption\":\"Korda\"},{\"@type\":\"WebPage\",\"@id\":\"https:\/\/www.pescafish.it\/new\/prodotto\/long-chuck-tapered-mainlines-korda\/#webpage\",\"url\":\"https:\/\/www.pescafish.it\/new\/prodotto\/long-chuck-tapered-mainlines-korda\/\",\"name\":\"Long Chuck Tapered Mainlines - Korda - Pesca Fish\",\"isPartOf\":{\"@id\":\"https:\/\/www.pescafish.it\/new\/#website\"},\"primaryImageOfPage\":{\"@id\":\"https:\/\/www.pescafish.it\/new\/prodotto\/long-chuck-tapered-mainlines-korda\/#primaryimage\"},\"datePublished\":\"2021-08-28T06:56:50+00:00\",\"dateModified\":\"2021-08-28T07:10:00+00:00\",\"inLanguage\":\"it-IT\",\"potentialAction\":[{\"@type\":\"ReadAction\",\"target\":[\"https:\/\/www.pescafish.it\/new\/prodotto\/long-chuck-tapered-mainlines-korda\/\"]}]}]}<\/script>\n<!-- \/ Yoast SEO plugin. -->","_links":{"self":[{"href":"https:\/\/www.pescafish.it\/new\/wp-json\/wp\/v2\/product\/71646"}],"collection":[{"href":"https:\/\/www.pescafish.it\/new\/wp-json\/wp\/v2\/product"}],"about":[{"href":"https:\/\/www.pescafish.it\/new\/wp-json\/wp\/v2\/types\/product"}],"replies":[{"embeddable":true,"href":"https:\/\/www.pescafish.it\/new\/wp-json\/wp\/v2\/comments?post=71646"}],"wp:featuredmedia":[{"embeddable":true,"href":"https:\/\/www.pescafish.it\/new\/wp-json\/wp\/v2\/media\/71647"}],"wp:attachment":[{"href":"https:\/\/www.pescafish.it\/new\/wp-json\/wp\/v2\/media?parent=71646"}],"wp:term":[{"taxonomy":"product_cat","embeddable":true,"href":"https:\/\/www.pescafish.it\/new\/wp-json\/wp\/v2\/product_cat?post=71646"},{"taxonomy":"product_tag","embeddable":true,"href":"https:\/\/www.pescafish.it\/new\/wp-json\/wp\/v2\/product_tag?post=71646"}],"curies":[{"name":"wp","href":"https:\/\/api.w.org\/{rel}","templated":true}]}}