{"id":71610,"date":"2021-08-27T15:32:11","date_gmt":"2021-08-27T13:32:11","guid":{"rendered":"https:\/\/www.pescafish.it\/new\/?post_type=product&#038;p=71610"},"modified":"2024-08-16T17:41:22","modified_gmt":"2024-08-16T15:41:22","slug":"kamakura-wide-gape-x-korda","status":"publish","type":"product","link":"https:\/\/www.pescafish.it\/new\/prodotto\/kamakura-wide-gape-x-korda\/","title":{"rendered":"Kamakura Wide Gape X &#8211; Korda"},"content":{"rendered":"<h2>Kamakura Wide Gape X<\/h2>\n<p>Il processo di affilatura Kamakura produce una punta dell&#8217;amo che \u00e8 altrettanto buona di un amo affilato a mano, ma senza che tu debba dedicare tutto il tempo e gli sforzi necessari per farlo da solo &#8211; puoi essere certo che questi ami sono perfetti ogni volta, direttamente fuori dalla scatola.<\/p>\n<p>Il Kamakura Wide Gape X \u00e8 una versione intensificata di questo modello classico, con un filo pi\u00f9 spesso, ma con una punta molto pi\u00f9 affilata e sottile rispetto al gancio standard &#8220;X&#8221; &#8211; \u00e8 probabile che dovrai cambiare il tuo gancio dopo ogni pesce che catturi, a causa dei punti cos\u00ec delicati.<\/p>\n<p>\u00c8 dotato di un occhio leggermente rivolto verso l&#8217;interno, con un gambo corto, una curva pesantemente forgiata e una punta a becco.<\/p>\n<p>Pu\u00f2 essere utilizzato con un&#8217;ampia variet\u00e0 di diverse presentazioni di esche pop-up e di fondo, e una volta inserito tende a rimanere dentro.<\/p>\n<p>Le punte sono protette da una macchia di cera che deve essere accuratamente rimossa prima dell&#8217;uso, e vengono fornito in una scatola che tiene saldamente in posizione ogni singolo gancio \u2013 si ottengono dieci ganci in ogni scatola. Le versioni con e senza ardiglione sono disponibili nelle taglie 4, 6 o 8.<\/p>\n<p><strong>Disponibile nelle seguenti misure:<br \/>\nKAM28<\/strong>\u00a0 Size 8<br \/>\n<strong>KAM29<\/strong>\u00a0 Size 6<br \/>\n<strong>KAM30<\/strong>\u00a0 Size 4<\/p>\n<p><strong>Confezione da 10 pezzi.<\/strong><\/p>\n","protected":false},"excerpt":{"rendered":"<p>Kamakura Wide Gape X Il processo di affilatura Kamakura produce una punta dell&#8217;amo che \u00e8 altrettanto buona di un amo affilato a mano, ma senza che tu debba dedicare tutto il tempo e gli sforzi necessari per farlo da solo &#8211; puoi essere certo che questi ami sono perfetti ogni volta, direttamente fuori dalla scatola. [&hellip;]<\/p>\n","protected":false},"featured_media":71611,"comment_status":"closed","ping_status":"closed","template":"","meta":[],"product_cat":[396,587],"product_tag":[1018],"yoast_head":"<!-- This site is optimized with the Yoast SEO plugin v15.3 - https:\/\/yoast.com\/wordpress\/plugins\/seo\/ -->\n<title>Kamakura Wide Gape X - Korda - Pesca Fish<\/title>\n<meta name=\"robots\" content=\"index, follow, max-snippet:-1, max-image-preview:large, max-video-preview:-1\" \/>\n<link rel=\"canonical\" href=\"https:\/\/www.pescafish.it\/new\/prodotto\/kamakura-wide-gape-x-korda\/\" \/>\n<meta property=\"og:locale\" content=\"it_IT\" \/>\n<meta property=\"og:type\" content=\"article\" \/>\n<meta property=\"og:title\" content=\"Kamakura Wide Gape X - Korda - Pesca Fish\" \/>\n<meta property=\"og:description\" content=\"Kamakura Wide Gape X Il processo di affilatura Kamakura produce una punta dell&#8217;amo che \u00e8 altrettanto buona di un amo affilato a mano, ma senza che tu debba dedicare tutto il tempo e gli sforzi necessari per farlo da solo &#8211; puoi essere certo che questi ami sono perfetti ogni volta, direttamente fuori dalla scatola. [&hellip;]\" \/>\n<meta property=\"og:url\" content=\"https:\/\/www.pescafish.it\/new\/prodotto\/kamakura-wide-gape-x-korda\/\" \/>\n<meta property=\"og:site_name\" content=\"Pesca Fish\" \/>\n<meta property=\"article:publisher\" content=\"https:\/\/www.facebook.com\/pescafishvr\/\" \/>\n<meta property=\"article:modified_time\" content=\"2024-08-16T15:41:22+00:00\" \/>\n<meta property=\"og:image\" content=\"https:\/\/www.pescafish.it\/new\/wp-content\/uploads\/2021\/08\/87171627912912.png\" \/>\n\t<meta property=\"og:image:width\" content=\"300\" \/>\n\t<meta property=\"og:image:height\" content=\"300\" \/>\n<meta name=\"twitter:card\" content=\"summary_large_image\" \/>\n<meta name=\"twitter:label1\" content=\"Scritto da\">\n\t<meta name=\"twitter:data1\" content=\"francesca\">\n\t<meta name=\"twitter:label2\" content=\"Tempo di lettura stimato\">\n\t<meta name=\"twitter:data2\" content=\"1 minuto\">\n<script type=\"application\/ld+json\" class=\"yoast-schema-graph\">{\"@context\":\"https:\/\/schema.org\",\"@graph\":[{\"@type\":\"WebSite\",\"@id\":\"https:\/\/www.pescafish.it\/new\/#website\",\"url\":\"https:\/\/www.pescafish.it\/new\/\",\"name\":\"Pesca Fish\",\"description\":\"Benvenuti sul nostro sito!\",\"potentialAction\":[{\"@type\":\"SearchAction\",\"target\":\"https:\/\/www.pescafish.it\/new\/?s={search_term_string}\",\"query-input\":\"required name=search_term_string\"}],\"inLanguage\":\"it-IT\"},{\"@type\":\"ImageObject\",\"@id\":\"https:\/\/www.pescafish.it\/new\/prodotto\/kamakura-wide-gape-x-korda\/#primaryimage\",\"inLanguage\":\"it-IT\",\"url\":\"https:\/\/www.pescafish.it\/new\/wp-content\/uploads\/2021\/08\/87171627912912.png\",\"width\":300,\"height\":300,\"caption\":\"Korda\"},{\"@type\":\"WebPage\",\"@id\":\"https:\/\/www.pescafish.it\/new\/prodotto\/kamakura-wide-gape-x-korda\/#webpage\",\"url\":\"https:\/\/www.pescafish.it\/new\/prodotto\/kamakura-wide-gape-x-korda\/\",\"name\":\"Kamakura Wide Gape X - Korda - Pesca Fish\",\"isPartOf\":{\"@id\":\"https:\/\/www.pescafish.it\/new\/#website\"},\"primaryImageOfPage\":{\"@id\":\"https:\/\/www.pescafish.it\/new\/prodotto\/kamakura-wide-gape-x-korda\/#primaryimage\"},\"datePublished\":\"2021-08-27T13:32:11+00:00\",\"dateModified\":\"2024-08-16T15:41:22+00:00\",\"inLanguage\":\"it-IT\",\"potentialAction\":[{\"@type\":\"ReadAction\",\"target\":[\"https:\/\/www.pescafish.it\/new\/prodotto\/kamakura-wide-gape-x-korda\/\"]}]}]}<\/script>\n<!-- \/ Yoast SEO plugin. -->","_links":{"self":[{"href":"https:\/\/www.pescafish.it\/new\/wp-json\/wp\/v2\/product\/71610"}],"collection":[{"href":"https:\/\/www.pescafish.it\/new\/wp-json\/wp\/v2\/product"}],"about":[{"href":"https:\/\/www.pescafish.it\/new\/wp-json\/wp\/v2\/types\/product"}],"replies":[{"embeddable":true,"href":"https:\/\/www.pescafish.it\/new\/wp-json\/wp\/v2\/comments?post=71610"}],"wp:featuredmedia":[{"embeddable":true,"href":"https:\/\/www.pescafish.it\/new\/wp-json\/wp\/v2\/media\/71611"}],"wp:attachment":[{"href":"https:\/\/www.pescafish.it\/new\/wp-json\/wp\/v2\/media?parent=71610"}],"wp:term":[{"taxonomy":"product_cat","embeddable":true,"href":"https:\/\/www.pescafish.it\/new\/wp-json\/wp\/v2\/product_cat?post=71610"},{"taxonomy":"product_tag","embeddable":true,"href":"https:\/\/www.pescafish.it\/new\/wp-json\/wp\/v2\/product_tag?post=71610"}],"curies":[{"name":"wp","href":"https:\/\/api.w.org\/{rel}","templated":true}]}}