{"id":71519,"date":"2021-08-20T11:15:22","date_gmt":"2021-08-20T09:15:22","guid":{"rendered":"https:\/\/www.pescafish.it\/new\/?post_type=product&#038;p=71519"},"modified":"2022-06-09T15:41:17","modified_gmt":"2022-06-09T13:41:17","slug":"19-basia-45-scw-qd-daiwa","status":"publish","type":"product","link":"https:\/\/www.pescafish.it\/new\/prodotto\/19-basia-45-scw-qd-daiwa\/","title":{"rendered":"19 Basia 45 SCW QD &#8211; Daiwa"},"content":{"rendered":"<h2><strong>Mulinello Daiwa 19 Basia 45 SCW QD<\/strong><\/h2>\n<p>Il\u00a0<strong>Mulinello Daiwa 19 Basia 45 SCW QD<\/strong>\u00a0combina tutto ci\u00f2 che desideri da un mulinello da carpa di alta qualit\u00e0.<\/p>\n<p>Il nuovo Basia possiede la tecnologia Slow Oscillation, questa nuova funzionalit\u00e0 offre un recupero super fluido a causa dell&#8217;oscillazione lenta.<\/p>\n<p><strong>Caratteristiche:<\/strong><\/p>\n<p>\u2022 Corpo in Zaion<br \/>\n\u2022 Max Drag 15 kg<br \/>\n\u2022 Digigear in alluminio tagliato a macchina<br \/>\n\u2022 Air Bail<br \/>\n\u2022 Corpo da 35 mm<br \/>\n\u2022 Bobina LC<br \/>\n\u2022 Bobina di ricambio LD in dotazione (530m-0,35mm)<br \/>\n\u2022 Clip HIP in metallo<br \/>\n\u2022 Rapporto di trasmissione &#8211; 4,9: 1<br \/>\n\u2022 Recuper per giro di manovella &#8211; 104 cm<br \/>\n\u2022 Cuscinetti &#8211; 7<br \/>\n\u2022 Capacit\u00e0 (bobina LC) &#8211; 300m-0,35mm<br \/>\n\u2022 Peso: 515 g \/ 18,2 once<\/p>\n<p>&nbsp;<\/p>\n","protected":false},"excerpt":{"rendered":"<p>Mulinello Daiwa 19 Basia 45 SCW QD Il\u00a0Mulinello Daiwa 19 Basia 45 SCW QD\u00a0combina tutto ci\u00f2 che desideri da un mulinello da carpa di alta qualit\u00e0. Il nuovo Basia possiede la tecnologia Slow Oscillation, questa nuova funzionalit\u00e0 offre un recupero super fluido a causa dell&#8217;oscillazione lenta. Caratteristiche: \u2022 Corpo in Zaion \u2022 Max Drag 15 [&hellip;]<\/p>\n","protected":false},"featured_media":79071,"comment_status":"closed","ping_status":"closed","template":"","meta":[],"product_cat":[351],"product_tag":[1051],"yoast_head":"<!-- This site is optimized with the Yoast SEO plugin v15.3 - https:\/\/yoast.com\/wordpress\/plugins\/seo\/ -->\n<title>19 Basia 45 SCW QD - Daiwa - Pesca Fish<\/title>\n<meta name=\"robots\" content=\"index, follow, max-snippet:-1, max-image-preview:large, max-video-preview:-1\" \/>\n<link rel=\"canonical\" href=\"https:\/\/www.pescafish.it\/new\/prodotto\/19-basia-45-scw-qd-daiwa\/\" \/>\n<meta property=\"og:locale\" content=\"it_IT\" \/>\n<meta property=\"og:type\" content=\"article\" \/>\n<meta property=\"og:title\" content=\"19 Basia 45 SCW QD - Daiwa - Pesca Fish\" \/>\n<meta property=\"og:description\" content=\"Mulinello Daiwa 19 Basia 45 SCW QD Il\u00a0Mulinello Daiwa 19 Basia 45 SCW QD\u00a0combina tutto ci\u00f2 che desideri da un mulinello da carpa di alta qualit\u00e0. Il nuovo Basia possiede la tecnologia Slow Oscillation, questa nuova funzionalit\u00e0 offre un recupero super fluido a causa dell&#8217;oscillazione lenta. Caratteristiche: \u2022 Corpo in Zaion \u2022 Max Drag 15 [&hellip;]\" \/>\n<meta property=\"og:url\" content=\"https:\/\/www.pescafish.it\/new\/prodotto\/19-basia-45-scw-qd-daiwa\/\" \/>\n<meta property=\"og:site_name\" content=\"Pesca Fish\" \/>\n<meta property=\"article:publisher\" content=\"https:\/\/www.facebook.com\/pescafishvr\/\" \/>\n<meta property=\"article:modified_time\" content=\"2022-06-09T13:41:17+00:00\" \/>\n<meta property=\"og:image\" content=\"https:\/\/www.pescafish.it\/new\/wp-content\/uploads\/2021\/08\/basia.jpg\" \/>\n\t<meta property=\"og:image:width\" content=\"1287\" \/>\n\t<meta property=\"og:image:height\" content=\"1287\" \/>\n<meta name=\"twitter:card\" content=\"summary_large_image\" \/>\n<meta name=\"twitter:label1\" content=\"Scritto da\">\n\t<meta name=\"twitter:data1\" content=\"francesca\">\n\t<meta name=\"twitter:label2\" content=\"Tempo di lettura stimato\">\n\t<meta name=\"twitter:data2\" content=\"0 minuti\">\n<script type=\"application\/ld+json\" class=\"yoast-schema-graph\">{\"@context\":\"https:\/\/schema.org\",\"@graph\":[{\"@type\":\"WebSite\",\"@id\":\"https:\/\/www.pescafish.it\/new\/#website\",\"url\":\"https:\/\/www.pescafish.it\/new\/\",\"name\":\"Pesca Fish\",\"description\":\"Benvenuti sul nostro sito!\",\"potentialAction\":[{\"@type\":\"SearchAction\",\"target\":\"https:\/\/www.pescafish.it\/new\/?s={search_term_string}\",\"query-input\":\"required name=search_term_string\"}],\"inLanguage\":\"it-IT\"},{\"@type\":\"ImageObject\",\"@id\":\"https:\/\/www.pescafish.it\/new\/prodotto\/19-basia-45-scw-qd-daiwa\/#primaryimage\",\"inLanguage\":\"it-IT\",\"url\":\"https:\/\/www.pescafish.it\/new\/wp-content\/uploads\/2021\/08\/basia.jpg\",\"width\":1287,\"height\":1287,\"caption\":\"Mulinelllo SEMINUOVO 19 Basia 45 SCW QD + Bobina di ricambio - Daiwa\"},{\"@type\":\"WebPage\",\"@id\":\"https:\/\/www.pescafish.it\/new\/prodotto\/19-basia-45-scw-qd-daiwa\/#webpage\",\"url\":\"https:\/\/www.pescafish.it\/new\/prodotto\/19-basia-45-scw-qd-daiwa\/\",\"name\":\"19 Basia 45 SCW QD - Daiwa - Pesca Fish\",\"isPartOf\":{\"@id\":\"https:\/\/www.pescafish.it\/new\/#website\"},\"primaryImageOfPage\":{\"@id\":\"https:\/\/www.pescafish.it\/new\/prodotto\/19-basia-45-scw-qd-daiwa\/#primaryimage\"},\"datePublished\":\"2021-08-20T09:15:22+00:00\",\"dateModified\":\"2022-06-09T13:41:17+00:00\",\"inLanguage\":\"it-IT\",\"potentialAction\":[{\"@type\":\"ReadAction\",\"target\":[\"https:\/\/www.pescafish.it\/new\/prodotto\/19-basia-45-scw-qd-daiwa\/\"]}]}]}<\/script>\n<!-- \/ Yoast SEO plugin. -->","_links":{"self":[{"href":"https:\/\/www.pescafish.it\/new\/wp-json\/wp\/v2\/product\/71519"}],"collection":[{"href":"https:\/\/www.pescafish.it\/new\/wp-json\/wp\/v2\/product"}],"about":[{"href":"https:\/\/www.pescafish.it\/new\/wp-json\/wp\/v2\/types\/product"}],"replies":[{"embeddable":true,"href":"https:\/\/www.pescafish.it\/new\/wp-json\/wp\/v2\/comments?post=71519"}],"wp:featuredmedia":[{"embeddable":true,"href":"https:\/\/www.pescafish.it\/new\/wp-json\/wp\/v2\/media\/79071"}],"wp:attachment":[{"href":"https:\/\/www.pescafish.it\/new\/wp-json\/wp\/v2\/media?parent=71519"}],"wp:term":[{"taxonomy":"product_cat","embeddable":true,"href":"https:\/\/www.pescafish.it\/new\/wp-json\/wp\/v2\/product_cat?post=71519"},{"taxonomy":"product_tag","embeddable":true,"href":"https:\/\/www.pescafish.it\/new\/wp-json\/wp\/v2\/product_tag?post=71519"}],"curies":[{"name":"wp","href":"https:\/\/api.w.org\/{rel}","templated":true}]}}