{"id":71429,"date":"2021-08-14T09:03:31","date_gmt":"2021-08-14T07:03:31","guid":{"rendered":"https:\/\/www.pescafish.it\/new\/?post_type=product&#038;p=71429"},"modified":"2026-04-14T08:05:37","modified_gmt":"2026-04-14T06:05:37","slug":"mulinello-twin-power-sw-c-shimano","status":"publish","type":"product","link":"https:\/\/www.pescafish.it\/new\/prodotto\/mulinello-twin-power-sw-c-shimano\/","title":{"rendered":"Mulinello Twin Power SW C &#8211; Shimano"},"content":{"rendered":"<p>Il nuovo TWIN POWER SW sfida l&#8217;impossibile a testa alta. Grazie alla conoscenza e all\u2019esperienza di SHIMANO, il mulinello \u00e8 un concentrato di ingegneria impareggiabile e tecnologie. Contenendo molte delle caratteristiche che si trovano sullo Stella SW, considerato da molti il mulinello pi\u00f9 evoluto al mondo, il TWIN POWER SW ha la forza per far fronte a battaglie implacabili con grandi predatori, pur mantenendo la raffinatezza e la fluidit\u00e0 per massimizzare prestazioni in pesca e divertimento. HAGANE Body, HAGANE Gear, X-SHIP e Silent Drive si combinano per aumentare le prestazioni di recupero e la scorrevolezza, X-Shield e X-Protect offrono una protezione dall&#8217;acqua insuperabile e Heat Sink Drag ispira sicurezza in combattimento anche nelle situazioni pi\u00f9 estreme. Nel mondo dello Spinning Off-shore estremo hai bisogno di un mulinello che soddisfer\u00e0 le tue aspettative, nel vivo della battaglia. Un mulinello pi\u00f9 forte, pi\u00f9 fluido e immensamente potente. Hai bisogno del nuovo TWIN POWER SW. Cuscinetti 10+1<\/p>\n<p><strong>Disponibile nei seguenti modelli:<\/strong><\/p>\n<table style=\"width: 100%; border-collapse: collapse; border-color: #000000; height: 234px;\" border=\"2\">\n<tbody>\n<tr style=\"height: 23px;\">\n<td style=\"width: 20%; text-align: center; height: 23px;\"><strong>Modello<\/strong><\/td>\n<td style=\"width: 20%; text-align: center; height: 23px;\"><strong>Peso<\/strong><\/td>\n<td style=\"width: 20%; text-align: center; height: 23px;\"><strong>Rapporto di Recupero<\/strong><\/td>\n<td style=\"width: 20%; text-align: center; height: 23px;\"><strong>Capacit\u00e0 Bobina<\/strong><\/td>\n<td style=\"width: 20%; text-align: center; height: 23px;\"><strong>Max Drag<\/strong><\/td>\n<\/tr>\n<tr style=\"height: 47px;\">\n<td style=\"width: 20%; text-align: center; height: 47px;\"><strong>TPSW4000XGC<\/strong><\/td>\n<td style=\"width: 20%; text-align: center; height: 47px;\">345g<\/td>\n<td style=\"width: 20%; text-align: center; height: 47px;\">6.2:1<\/td>\n<td style=\"width: 20%; text-align: center; height: 47px;\">0.30mm &#8211; 180m \/ 0.35mm &#8211; 130m<\/td>\n<td style=\"width: 20%; text-align: center; height: 47px;\">11kg<\/td>\n<\/tr>\n<tr style=\"height: 23px;\">\n<td style=\"width: 20%; text-align: center; height: 23px;\"><strong>TPSW5000HGC<\/strong><\/td>\n<td style=\"width: 20%; text-align: center; height: 23px;\">415g<\/td>\n<td style=\"width: 20%; text-align: center; height: 23px;\">5.7:1<\/td>\n<td style=\"width: 20%; text-align: center; height: 23px;\">0.33mm-200m<\/td>\n<td style=\"width: 20%; text-align: center; height: 23px;\">13kg<\/td>\n<\/tr>\n<tr style=\"height: 47px;\">\n<td style=\"width: 20%; text-align: center; height: 47px;\"><strong>TPSW5000XGC<\/strong><\/td>\n<td style=\"width: 20%; text-align: center; height: 47px;\">420g<\/td>\n<td style=\"width: 20%; text-align: center; height: 47px;\">6.2:1<\/td>\n<td style=\"width: 20%; text-align: center; height: 47px;\">0.33mm &#8211; 200m \/ 0.37mm &#8211; 150m \/ 0.40mm &#8211; 130m<\/td>\n<td style=\"width: 20%; text-align: center; height: 47px;\">13kg<\/td>\n<\/tr>\n<tr style=\"height: 47px;\">\n<td style=\"width: 20%; text-align: center; height: 47px;\"><strong>TPSW6000HGC<\/strong><\/td>\n<td style=\"width: 20%; text-align: center; height: 47px;\">425g<\/td>\n<td style=\"width: 20%; text-align: center; height: 47px;\">5.7:1<\/td>\n<td style=\"width: 20%; text-align: center; height: 47px;\">0.33mm &#8211; 240m \/ 0.37mm &#8211; 190m \/ 0.405mm &#8211; 160m<\/td>\n<td style=\"width: 20%; text-align: center; height: 47px;\">13kg<\/td>\n<\/tr>\n<tr style=\"height: 47px;\">\n<td style=\"width: 20%; text-align: center; height: 47px;\"><strong>TPSW6000XGC<\/strong><\/td>\n<td style=\"width: 20%; text-align: center; height: 47px;\">425g<\/td>\n<td style=\"width: 20%; text-align: center; height: 47px;\">6.2:1<\/td>\n<td style=\"width: 20%; text-align: center; height: 47px;\">0.33mm &#8211; 240m \/ 0.37mm &#8211; 190m \/ 0.405mm &#8211; 160m<\/td>\n<td style=\"width: 20%; text-align: center; height: 47px;\">13kg<\/td>\n<\/tr>\n<tr>\n<td style=\"width: 20%; text-align: center;\"><strong>TPSW8000HGC<br \/>\n<\/strong><\/td>\n<td style=\"width: 20%; text-align: center;\">615g<\/td>\n<td style=\"width: 20%; text-align: center;\">5.6:1<\/td>\n<td class=\"properties-value\" style=\"width: 20%; text-align: center;\">0.37mm &#8211; 275m \/ 0.405mm &#8211; 230m \/ 0.47mm &#8211; 160m<\/td>\n<td style=\"width: 20%; text-align: center;\">25kg<\/td>\n<\/tr>\n<\/tbody>\n<\/table>\n<p><span style=\"color: #ff0000;\"><strong>DUE ANNI DI GARANZIA<\/strong><\/span><br \/>\n<span style=\"color: #ff0000;\"><strong>Da oggi per avere il TERZO ANNO DI GARANZIA, collegati al nuovo portale e registra il tuo prodotto su:<\/strong><\/span><br \/>\n<span style=\"color: #000000; background-color: #ffff00;\"><a style=\"color: #000000; background-color: #ffff00;\" href=\"http:\/\/www.shimanofishnetwork.it\/garanzia\/sign_in\"><strong>http:\/\/www.shimanofishnetwork.it\/garanzia\/sign_in<\/strong><\/a><\/span><\/p>\n","protected":false},"excerpt":{"rendered":"<p>Il nuovo TWIN POWER SW sfida l&#8217;impossibile a testa alta. Grazie alla conoscenza e all\u2019esperienza di SHIMANO, il mulinello \u00e8 un concentrato di ingegneria impareggiabile e tecnologie. Contenendo molte delle caratteristiche che si trovano sullo Stella SW, considerato da molti il mulinello pi\u00f9 evoluto al mondo, il TWIN POWER SW ha la forza per far [&hellip;]<\/p>\n","protected":false},"featured_media":71431,"comment_status":"closed","ping_status":"closed","template":"","meta":[],"product_cat":[348],"product_tag":[1023],"yoast_head":"<!-- This site is optimized with the Yoast SEO plugin v15.3 - https:\/\/yoast.com\/wordpress\/plugins\/seo\/ -->\n<title>Mulinello Twin Power SW C - Shimano - Pesca Fish<\/title>\n<meta name=\"robots\" content=\"index, follow, max-snippet:-1, max-image-preview:large, max-video-preview:-1\" \/>\n<link rel=\"canonical\" href=\"https:\/\/www.pescafish.it\/new\/prodotto\/mulinello-twin-power-sw-c-shimano\/\" \/>\n<meta property=\"og:locale\" content=\"it_IT\" \/>\n<meta property=\"og:type\" content=\"article\" \/>\n<meta property=\"og:title\" content=\"Mulinello Twin Power SW C - Shimano - Pesca Fish\" \/>\n<meta property=\"og:description\" content=\"Il nuovo TWIN POWER SW sfida l&#8217;impossibile a testa alta. Grazie alla conoscenza e all\u2019esperienza di SHIMANO, il mulinello \u00e8 un concentrato di ingegneria impareggiabile e tecnologie. Contenendo molte delle caratteristiche che si trovano sullo Stella SW, considerato da molti il mulinello pi\u00f9 evoluto al mondo, il TWIN POWER SW ha la forza per far [&hellip;]\" \/>\n<meta property=\"og:url\" content=\"https:\/\/www.pescafish.it\/new\/prodotto\/mulinello-twin-power-sw-c-shimano\/\" \/>\n<meta property=\"og:site_name\" content=\"Pesca Fish\" \/>\n<meta property=\"article:publisher\" content=\"https:\/\/www.facebook.com\/pescafishvr\/\" \/>\n<meta property=\"article:modified_time\" content=\"2026-04-14T06:05:37+00:00\" \/>\n<meta property=\"og:image\" content=\"https:\/\/www.pescafish.it\/new\/wp-content\/uploads\/2021\/08\/twin-power-sw-c.jpg\" \/>\n\t<meta property=\"og:image:width\" content=\"1000\" \/>\n\t<meta property=\"og:image:height\" content=\"1000\" \/>\n<meta name=\"twitter:card\" content=\"summary_large_image\" \/>\n<meta name=\"twitter:label1\" content=\"Scritto da\">\n\t<meta name=\"twitter:data1\" content=\"francesca\">\n\t<meta name=\"twitter:label2\" content=\"Tempo di lettura stimato\">\n\t<meta name=\"twitter:data2\" content=\"1 minuto\">\n<script type=\"application\/ld+json\" class=\"yoast-schema-graph\">{\"@context\":\"https:\/\/schema.org\",\"@graph\":[{\"@type\":\"WebSite\",\"@id\":\"https:\/\/www.pescafish.it\/new\/#website\",\"url\":\"https:\/\/www.pescafish.it\/new\/\",\"name\":\"Pesca Fish\",\"description\":\"Benvenuti sul nostro sito!\",\"potentialAction\":[{\"@type\":\"SearchAction\",\"target\":\"https:\/\/www.pescafish.it\/new\/?s={search_term_string}\",\"query-input\":\"required name=search_term_string\"}],\"inLanguage\":\"it-IT\"},{\"@type\":\"ImageObject\",\"@id\":\"https:\/\/www.pescafish.it\/new\/prodotto\/mulinello-twin-power-sw-c-shimano\/#primaryimage\",\"inLanguage\":\"it-IT\",\"url\":\"https:\/\/www.pescafish.it\/new\/wp-content\/uploads\/2021\/08\/twin-power-sw-c.jpg\",\"width\":1000,\"height\":1000,\"caption\":\"twin power sw c shimano\"},{\"@type\":\"WebPage\",\"@id\":\"https:\/\/www.pescafish.it\/new\/prodotto\/mulinello-twin-power-sw-c-shimano\/#webpage\",\"url\":\"https:\/\/www.pescafish.it\/new\/prodotto\/mulinello-twin-power-sw-c-shimano\/\",\"name\":\"Mulinello Twin Power SW C - Shimano - Pesca Fish\",\"isPartOf\":{\"@id\":\"https:\/\/www.pescafish.it\/new\/#website\"},\"primaryImageOfPage\":{\"@id\":\"https:\/\/www.pescafish.it\/new\/prodotto\/mulinello-twin-power-sw-c-shimano\/#primaryimage\"},\"datePublished\":\"2021-08-14T07:03:31+00:00\",\"dateModified\":\"2026-04-14T06:05:37+00:00\",\"inLanguage\":\"it-IT\",\"potentialAction\":[{\"@type\":\"ReadAction\",\"target\":[\"https:\/\/www.pescafish.it\/new\/prodotto\/mulinello-twin-power-sw-c-shimano\/\"]}]}]}<\/script>\n<!-- \/ Yoast SEO plugin. -->","_links":{"self":[{"href":"https:\/\/www.pescafish.it\/new\/wp-json\/wp\/v2\/product\/71429"}],"collection":[{"href":"https:\/\/www.pescafish.it\/new\/wp-json\/wp\/v2\/product"}],"about":[{"href":"https:\/\/www.pescafish.it\/new\/wp-json\/wp\/v2\/types\/product"}],"replies":[{"embeddable":true,"href":"https:\/\/www.pescafish.it\/new\/wp-json\/wp\/v2\/comments?post=71429"}],"wp:featuredmedia":[{"embeddable":true,"href":"https:\/\/www.pescafish.it\/new\/wp-json\/wp\/v2\/media\/71431"}],"wp:attachment":[{"href":"https:\/\/www.pescafish.it\/new\/wp-json\/wp\/v2\/media?parent=71429"}],"wp:term":[{"taxonomy":"product_cat","embeddable":true,"href":"https:\/\/www.pescafish.it\/new\/wp-json\/wp\/v2\/product_cat?post=71429"},{"taxonomy":"product_tag","embeddable":true,"href":"https:\/\/www.pescafish.it\/new\/wp-json\/wp\/v2\/product_tag?post=71429"}],"curies":[{"name":"wp","href":"https:\/\/api.w.org\/{rel}","templated":true}]}}