{"id":70881,"date":"2021-07-17T15:30:22","date_gmt":"2021-07-17T13:30:22","guid":{"rendered":"https:\/\/www.pescafish.it\/new\/?post_type=product&#038;p=70881"},"modified":"2021-08-05T20:48:52","modified_gmt":"2021-08-05T18:48:52","slug":"basix-coated-hooklink-korda","status":"publish","type":"product","link":"https:\/\/www.pescafish.it\/new\/prodotto\/basix-coated-hooklink-korda\/","title":{"rendered":"BASIX Coated Hooklink &#8211; Korda"},"content":{"rendered":"<h2>BASIX Coated Hooklink<\/h2>\n<p>Il BASIX Coated Hooklink \u00e8 un materiale intrecciato rivestito morbido ed elastico che si presta a tutti i tipi di diverse presentazioni per esche di fondo, wafter e pop-up. Sia la treccia interna che rivestimento esterno sono di un sottile colore &#8220;verde mimetico&#8221; per garantire che si mescoli con qualunque sia il tipo di fondale su cui stai pescando. Si stender\u00e0 dritto senza bisogno di vapore e ha grandi propriet\u00e0 anti-groviglio, inoltre il rivestimento pu\u00f2 essere facilmente rimosso dove richiesto per creare una cerniera e dare pi\u00f9 movimento ai tuoi rig. Si annoda molto bene<br \/>\nsenza rompere il rivestimento esterno e una buona resistenza pu\u00f2 essere ottenuta con qualsiasi nodo da pesca convenzionale. Il BASIX Coated Hooklink \u00e8 disponibile in una scelta di ceppi di rottura da 18lb o 25lb, ed \u00e8 fornito su 10m, che dovrebbe essere abbastanza per durare a lungo e legare un sacco di rig!<\/p>\n<p><strong>Disponibile nelle seguenti varianti:<\/strong><br \/>\n<strong>KBX010<\/strong>\u00a0 18lb<br \/>\n<strong>KBX011<\/strong>\u00a0 25lb<\/p>\n","protected":false},"excerpt":{"rendered":"<p>BASIX Coated Hooklink Il BASIX Coated Hooklink \u00e8 un materiale intrecciato rivestito morbido ed elastico che si presta a tutti i tipi di diverse presentazioni per esche di fondo, wafter e pop-up. Sia la treccia interna che rivestimento esterno sono di un sottile colore &#8220;verde mimetico&#8221; per garantire che si mescoli con qualunque sia il [&hellip;]<\/p>\n","protected":false},"featured_media":70883,"comment_status":"closed","ping_status":"closed","template":"","meta":[],"product_cat":[587],"product_tag":[1018],"yoast_head":"<!-- This site is optimized with the Yoast SEO plugin v15.3 - https:\/\/yoast.com\/wordpress\/plugins\/seo\/ -->\n<title>BASIX Coated Hooklink - Korda - Pesca Fish<\/title>\n<meta name=\"robots\" content=\"index, follow, max-snippet:-1, max-image-preview:large, max-video-preview:-1\" \/>\n<link rel=\"canonical\" href=\"https:\/\/www.pescafish.it\/new\/prodotto\/basix-coated-hooklink-korda\/\" \/>\n<meta property=\"og:locale\" content=\"it_IT\" \/>\n<meta property=\"og:type\" content=\"article\" \/>\n<meta property=\"og:title\" content=\"BASIX Coated Hooklink - Korda - Pesca Fish\" \/>\n<meta property=\"og:description\" content=\"BASIX Coated Hooklink Il BASIX Coated Hooklink \u00e8 un materiale intrecciato rivestito morbido ed elastico che si presta a tutti i tipi di diverse presentazioni per esche di fondo, wafter e pop-up. Sia la treccia interna che rivestimento esterno sono di un sottile colore &#8220;verde mimetico&#8221; per garantire che si mescoli con qualunque sia il [&hellip;]\" \/>\n<meta property=\"og:url\" content=\"https:\/\/www.pescafish.it\/new\/prodotto\/basix-coated-hooklink-korda\/\" \/>\n<meta property=\"og:site_name\" content=\"Pesca Fish\" \/>\n<meta property=\"article:publisher\" content=\"https:\/\/www.facebook.com\/pescafishvr\/\" \/>\n<meta property=\"article:modified_time\" content=\"2021-08-05T18:48:52+00:00\" \/>\n<meta property=\"og:image\" content=\"https:\/\/www.pescafish.it\/new\/wp-content\/uploads\/2021\/07\/basix_coated_hooklink_5.jpg\" \/>\n\t<meta property=\"og:image:width\" content=\"700\" \/>\n\t<meta property=\"og:image:height\" content=\"466\" \/>\n<meta name=\"twitter:card\" content=\"summary_large_image\" \/>\n<meta name=\"twitter:label1\" content=\"Scritto da\">\n\t<meta name=\"twitter:data1\" content=\"francesca\">\n\t<meta name=\"twitter:label2\" content=\"Tempo di lettura stimato\">\n\t<meta name=\"twitter:data2\" content=\"1 minuto\">\n<script type=\"application\/ld+json\" class=\"yoast-schema-graph\">{\"@context\":\"https:\/\/schema.org\",\"@graph\":[{\"@type\":\"WebSite\",\"@id\":\"https:\/\/www.pescafish.it\/new\/#website\",\"url\":\"https:\/\/www.pescafish.it\/new\/\",\"name\":\"Pesca Fish\",\"description\":\"Benvenuti sul nostro sito!\",\"potentialAction\":[{\"@type\":\"SearchAction\",\"target\":\"https:\/\/www.pescafish.it\/new\/?s={search_term_string}\",\"query-input\":\"required name=search_term_string\"}],\"inLanguage\":\"it-IT\"},{\"@type\":\"ImageObject\",\"@id\":\"https:\/\/www.pescafish.it\/new\/prodotto\/basix-coated-hooklink-korda\/#primaryimage\",\"inLanguage\":\"it-IT\",\"url\":\"https:\/\/www.pescafish.it\/new\/wp-content\/uploads\/2021\/07\/basix_coated_hooklink_5.jpg\",\"width\":700,\"height\":466},{\"@type\":\"WebPage\",\"@id\":\"https:\/\/www.pescafish.it\/new\/prodotto\/basix-coated-hooklink-korda\/#webpage\",\"url\":\"https:\/\/www.pescafish.it\/new\/prodotto\/basix-coated-hooklink-korda\/\",\"name\":\"BASIX Coated Hooklink - Korda - Pesca Fish\",\"isPartOf\":{\"@id\":\"https:\/\/www.pescafish.it\/new\/#website\"},\"primaryImageOfPage\":{\"@id\":\"https:\/\/www.pescafish.it\/new\/prodotto\/basix-coated-hooklink-korda\/#primaryimage\"},\"datePublished\":\"2021-07-17T13:30:22+00:00\",\"dateModified\":\"2021-08-05T18:48:52+00:00\",\"inLanguage\":\"it-IT\",\"potentialAction\":[{\"@type\":\"ReadAction\",\"target\":[\"https:\/\/www.pescafish.it\/new\/prodotto\/basix-coated-hooklink-korda\/\"]}]}]}<\/script>\n<!-- \/ Yoast SEO plugin. -->","_links":{"self":[{"href":"https:\/\/www.pescafish.it\/new\/wp-json\/wp\/v2\/product\/70881"}],"collection":[{"href":"https:\/\/www.pescafish.it\/new\/wp-json\/wp\/v2\/product"}],"about":[{"href":"https:\/\/www.pescafish.it\/new\/wp-json\/wp\/v2\/types\/product"}],"replies":[{"embeddable":true,"href":"https:\/\/www.pescafish.it\/new\/wp-json\/wp\/v2\/comments?post=70881"}],"wp:featuredmedia":[{"embeddable":true,"href":"https:\/\/www.pescafish.it\/new\/wp-json\/wp\/v2\/media\/70883"}],"wp:attachment":[{"href":"https:\/\/www.pescafish.it\/new\/wp-json\/wp\/v2\/media?parent=70881"}],"wp:term":[{"taxonomy":"product_cat","embeddable":true,"href":"https:\/\/www.pescafish.it\/new\/wp-json\/wp\/v2\/product_cat?post=70881"},{"taxonomy":"product_tag","embeddable":true,"href":"https:\/\/www.pescafish.it\/new\/wp-json\/wp\/v2\/product_tag?post=70881"}],"curies":[{"name":"wp","href":"https:\/\/api.w.org\/{rel}","templated":true}]}}