{"id":70849,"date":"2021-07-16T18:37:09","date_gmt":"2021-07-16T16:37:09","guid":{"rendered":"https:\/\/www.pescafish.it\/new\/?post_type=product&#038;p=70849"},"modified":"2021-07-16T18:58:01","modified_gmt":"2021-07-16T16:58:01","slug":"basix-wide-gape-barbless-korda","status":"publish","type":"product","link":"https:\/\/www.pescafish.it\/new\/prodotto\/basix-wide-gape-barbless-korda\/","title":{"rendered":"Basix Wide Gape Barbless &#8211; Korda"},"content":{"rendered":"<h2>Basix Wide Gape Barbless<\/h2>\n<p>Ami BASIX Wide Gape (senza ardiglione )<br \/>\nIl gancio BASIX Wide Gape \u00e8 stato progettato come il perfetto modello a tutto tondo, che pu\u00f2 essere utilizzato direttamente dalla confezione per un&#8217;ampia variet\u00e0 di rig e senza la necessit\u00e0 di aggiungere lotti di altri componenti, sia che tu stia pescando esche di fondo, pop-up o wafter. Il l&#8217;occhio rivolto all&#8217;interno aggressivo aiuta a garantire che si capovolga e si afferri in bocca,<br \/>\nsenza la necessit\u00e0 di aggiungere ulteriori Kicker o tubo termoretraibile. \u00c8 realizzato con il nostro filo di calibro &#8216;X&#8217;, quindi \u00e8 adatto per l&#8217;uso sia nel Regno Unito che all&#8217;estero, a causa di il suo punto di forza, ha anche una discreta finitura in nichel nero. Il punto \u00e8 stato progettato per essere di lunga durata ed \u00e8 possibile catturare pi\u00f9 pesci con lo stesso amo prima che sia necessario<br \/>\ncambiando \u2013 ogni volta che lanci, controlla che sia ancora nitido e cambialo in caso contrario. Il la forma si basa sull&#8217;originale Wide Gape incredibilmente efficace, che \u00e8 stato responsabile<br \/>\nper aver catturato innumerevoli grandi carpe nel corso degli anni.<\/p>\n<p><strong>Disponibile nelle seguenti varianti:<\/strong><br \/>\n<strong>KBX027<\/strong>\u00a0 Size 2<br \/>\n<strong>KBX005<\/strong>\u00a0 Size 4<br \/>\n<strong>KBX006<\/strong>\u00a0 Size 6<br \/>\n<strong>KBX007<\/strong>\u00a0 Size 8<\/p>\n<p><strong>Confezione da 10 pezzi<\/strong><\/p>\n<p>&nbsp;<\/p>\n","protected":false},"excerpt":{"rendered":"<p>Basix Wide Gape Barbless Ami BASIX Wide Gape (senza ardiglione ) Il gancio BASIX Wide Gape \u00e8 stato progettato come il perfetto modello a tutto tondo, che pu\u00f2 essere utilizzato direttamente dalla confezione per un&#8217;ampia variet\u00e0 di rig e senza la necessit\u00e0 di aggiungere lotti di altri componenti, sia che tu stia pescando esche di [&hellip;]<\/p>\n","protected":false},"featured_media":70850,"comment_status":"closed","ping_status":"closed","template":"","meta":[],"product_cat":[587],"product_tag":[1018],"yoast_head":"<!-- This site is optimized with the Yoast SEO plugin v15.3 - https:\/\/yoast.com\/wordpress\/plugins\/seo\/ -->\n<title>Basix Wide Gape Barbless - Korda - Pesca Fish<\/title>\n<meta name=\"robots\" content=\"index, follow, max-snippet:-1, max-image-preview:large, max-video-preview:-1\" \/>\n<link rel=\"canonical\" href=\"https:\/\/www.pescafish.it\/new\/prodotto\/basix-wide-gape-barbless-korda\/\" \/>\n<meta property=\"og:locale\" content=\"it_IT\" \/>\n<meta property=\"og:type\" content=\"article\" \/>\n<meta property=\"og:title\" content=\"Basix Wide Gape Barbless - Korda - Pesca Fish\" \/>\n<meta property=\"og:description\" content=\"Basix Wide Gape Barbless Ami BASIX Wide Gape (senza ardiglione ) Il gancio BASIX Wide Gape \u00e8 stato progettato come il perfetto modello a tutto tondo, che pu\u00f2 essere utilizzato direttamente dalla confezione per un&#8217;ampia variet\u00e0 di rig e senza la necessit\u00e0 di aggiungere lotti di altri componenti, sia che tu stia pescando esche di [&hellip;]\" \/>\n<meta property=\"og:url\" content=\"https:\/\/www.pescafish.it\/new\/prodotto\/basix-wide-gape-barbless-korda\/\" \/>\n<meta property=\"og:site_name\" content=\"Pesca Fish\" \/>\n<meta property=\"article:publisher\" content=\"https:\/\/www.facebook.com\/pescafishvr\/\" \/>\n<meta property=\"article:modified_time\" content=\"2021-07-16T16:58:01+00:00\" \/>\n<meta property=\"og:image\" content=\"https:\/\/www.pescafish.it\/new\/wp-content\/uploads\/2021\/07\/209955171_2977543729152741_7736879224515905650_n.jpg\" \/>\n\t<meta property=\"og:image:width\" content=\"1600\" \/>\n\t<meta property=\"og:image:height\" content=\"1066\" \/>\n<meta name=\"twitter:card\" content=\"summary_large_image\" \/>\n<meta name=\"twitter:label1\" content=\"Scritto da\">\n\t<meta name=\"twitter:data1\" content=\"francesca\">\n\t<meta name=\"twitter:label2\" content=\"Tempo di lettura stimato\">\n\t<meta name=\"twitter:data2\" content=\"1 minuto\">\n<script type=\"application\/ld+json\" class=\"yoast-schema-graph\">{\"@context\":\"https:\/\/schema.org\",\"@graph\":[{\"@type\":\"WebSite\",\"@id\":\"https:\/\/www.pescafish.it\/new\/#website\",\"url\":\"https:\/\/www.pescafish.it\/new\/\",\"name\":\"Pesca Fish\",\"description\":\"Benvenuti sul nostro sito!\",\"potentialAction\":[{\"@type\":\"SearchAction\",\"target\":\"https:\/\/www.pescafish.it\/new\/?s={search_term_string}\",\"query-input\":\"required name=search_term_string\"}],\"inLanguage\":\"it-IT\"},{\"@type\":\"ImageObject\",\"@id\":\"https:\/\/www.pescafish.it\/new\/prodotto\/basix-wide-gape-barbless-korda\/#primaryimage\",\"inLanguage\":\"it-IT\",\"url\":\"https:\/\/www.pescafish.it\/new\/wp-content\/uploads\/2021\/07\/209955171_2977543729152741_7736879224515905650_n.jpg\",\"width\":1600,\"height\":1066,\"caption\":\"Korda\"},{\"@type\":\"WebPage\",\"@id\":\"https:\/\/www.pescafish.it\/new\/prodotto\/basix-wide-gape-barbless-korda\/#webpage\",\"url\":\"https:\/\/www.pescafish.it\/new\/prodotto\/basix-wide-gape-barbless-korda\/\",\"name\":\"Basix Wide Gape Barbless - Korda - Pesca Fish\",\"isPartOf\":{\"@id\":\"https:\/\/www.pescafish.it\/new\/#website\"},\"primaryImageOfPage\":{\"@id\":\"https:\/\/www.pescafish.it\/new\/prodotto\/basix-wide-gape-barbless-korda\/#primaryimage\"},\"datePublished\":\"2021-07-16T16:37:09+00:00\",\"dateModified\":\"2021-07-16T16:58:01+00:00\",\"inLanguage\":\"it-IT\",\"potentialAction\":[{\"@type\":\"ReadAction\",\"target\":[\"https:\/\/www.pescafish.it\/new\/prodotto\/basix-wide-gape-barbless-korda\/\"]}]}]}<\/script>\n<!-- \/ Yoast SEO plugin. -->","_links":{"self":[{"href":"https:\/\/www.pescafish.it\/new\/wp-json\/wp\/v2\/product\/70849"}],"collection":[{"href":"https:\/\/www.pescafish.it\/new\/wp-json\/wp\/v2\/product"}],"about":[{"href":"https:\/\/www.pescafish.it\/new\/wp-json\/wp\/v2\/types\/product"}],"replies":[{"embeddable":true,"href":"https:\/\/www.pescafish.it\/new\/wp-json\/wp\/v2\/comments?post=70849"}],"wp:featuredmedia":[{"embeddable":true,"href":"https:\/\/www.pescafish.it\/new\/wp-json\/wp\/v2\/media\/70850"}],"wp:attachment":[{"href":"https:\/\/www.pescafish.it\/new\/wp-json\/wp\/v2\/media?parent=70849"}],"wp:term":[{"taxonomy":"product_cat","embeddable":true,"href":"https:\/\/www.pescafish.it\/new\/wp-json\/wp\/v2\/product_cat?post=70849"},{"taxonomy":"product_tag","embeddable":true,"href":"https:\/\/www.pescafish.it\/new\/wp-json\/wp\/v2\/product_tag?post=70849"}],"curies":[{"name":"wp","href":"https:\/\/api.w.org\/{rel}","templated":true}]}}