{"id":70619,"date":"2021-07-12T18:10:22","date_gmt":"2021-07-12T16:10:22","guid":{"rendered":"https:\/\/www.pescafish.it\/new\/?post_type=product&#038;p=70619"},"modified":"2025-05-15T19:18:20","modified_gmt":"2025-05-15T17:18:20","slug":"white-deluxe-g2-mad-cat","status":"publish","type":"product","link":"https:\/\/www.pescafish.it\/new\/prodotto\/white-deluxe-g2-mad-cat\/","title":{"rendered":"White Deluxe G2 &#8211; Mad Cat"},"content":{"rendered":"<h2>White Deluxe G2<\/h2>\n<p>Il successore delle nostre famose canne da spinning Cast King. Siamo riusciti a migliorare gli spazi vuoti, ottenendo canne ancora pi\u00f9 potenti. Abbiamo utilizzato componenti di qualit\u00e0 superiore, per rendere queste canne davvero degne di essere un membro della famiglia d&#8217;\u00e9lite della serie White. Dispone di un grezzo in carbonio 30TC, impugnature in schiuma EVA di durezza 70 e un porta mulinello Fuji\u00ae originale.<\/p>\n<p><strong>Disponibile nelle seguenti varianti:<\/strong><br \/>\n<strong>56873<\/strong>\u00a0 7&#8242; \/ 2.10mt 50-175gr 2 sec<\/p>\n","protected":false},"excerpt":{"rendered":"<p>White Deluxe G2 Il successore delle nostre famose canne da spinning Cast King. Siamo riusciti a migliorare gli spazi vuoti, ottenendo canne ancora pi\u00f9 potenti. Abbiamo utilizzato componenti di qualit\u00e0 superiore, per rendere queste canne davvero degne di essere un membro della famiglia d&#8217;\u00e9lite della serie White. Dispone di un grezzo in carbonio 30TC, impugnature [&hellip;]<\/p>\n","protected":false},"featured_media":70621,"comment_status":"closed","ping_status":"closed","template":"","meta":[],"product_cat":[84],"product_tag":[1190],"yoast_head":"<!-- This site is optimized with the Yoast SEO plugin v15.3 - https:\/\/yoast.com\/wordpress\/plugins\/seo\/ -->\n<title>White Deluxe G2 - Mad Cat - Pesca Fish<\/title>\n<meta name=\"robots\" content=\"index, follow, max-snippet:-1, max-image-preview:large, max-video-preview:-1\" \/>\n<link rel=\"canonical\" href=\"https:\/\/www.pescafish.it\/new\/prodotto\/white-deluxe-g2-mad-cat\/\" \/>\n<meta property=\"og:locale\" content=\"it_IT\" \/>\n<meta property=\"og:type\" content=\"article\" \/>\n<meta property=\"og:title\" content=\"White Deluxe G2 - Mad Cat - Pesca Fish\" \/>\n<meta property=\"og:description\" content=\"White Deluxe G2 Il successore delle nostre famose canne da spinning Cast King. Siamo riusciti a migliorare gli spazi vuoti, ottenendo canne ancora pi\u00f9 potenti. Abbiamo utilizzato componenti di qualit\u00e0 superiore, per rendere queste canne davvero degne di essere un membro della famiglia d&#8217;\u00e9lite della serie White. Dispone di un grezzo in carbonio 30TC, impugnature [&hellip;]\" \/>\n<meta property=\"og:url\" content=\"https:\/\/www.pescafish.it\/new\/prodotto\/white-deluxe-g2-mad-cat\/\" \/>\n<meta property=\"og:site_name\" content=\"Pesca Fish\" \/>\n<meta property=\"article:publisher\" content=\"https:\/\/www.facebook.com\/pescafishvr\/\" \/>\n<meta property=\"article:modified_time\" content=\"2025-05-15T17:18:20+00:00\" \/>\n<meta property=\"og:image\" content=\"https:\/\/www.pescafish.it\/new\/wp-content\/uploads\/2021\/07\/fhfgff.jpg\" \/>\n\t<meta property=\"og:image:width\" content=\"900\" \/>\n\t<meta property=\"og:image:height\" content=\"900\" \/>\n<meta name=\"twitter:card\" content=\"summary_large_image\" \/>\n<meta name=\"twitter:label1\" content=\"Scritto da\">\n\t<meta name=\"twitter:data1\" content=\"francesca\">\n\t<meta name=\"twitter:label2\" content=\"Tempo di lettura stimato\">\n\t<meta name=\"twitter:data2\" content=\"0 minuti\">\n<script type=\"application\/ld+json\" class=\"yoast-schema-graph\">{\"@context\":\"https:\/\/schema.org\",\"@graph\":[{\"@type\":\"WebSite\",\"@id\":\"https:\/\/www.pescafish.it\/new\/#website\",\"url\":\"https:\/\/www.pescafish.it\/new\/\",\"name\":\"Pesca Fish\",\"description\":\"Benvenuti sul nostro sito!\",\"potentialAction\":[{\"@type\":\"SearchAction\",\"target\":\"https:\/\/www.pescafish.it\/new\/?s={search_term_string}\",\"query-input\":\"required name=search_term_string\"}],\"inLanguage\":\"it-IT\"},{\"@type\":\"ImageObject\",\"@id\":\"https:\/\/www.pescafish.it\/new\/prodotto\/white-deluxe-g2-mad-cat\/#primaryimage\",\"inLanguage\":\"it-IT\",\"url\":\"https:\/\/www.pescafish.it\/new\/wp-content\/uploads\/2021\/07\/fhfgff.jpg\",\"width\":900,\"height\":900,\"caption\":\"Mad Cat\"},{\"@type\":\"WebPage\",\"@id\":\"https:\/\/www.pescafish.it\/new\/prodotto\/white-deluxe-g2-mad-cat\/#webpage\",\"url\":\"https:\/\/www.pescafish.it\/new\/prodotto\/white-deluxe-g2-mad-cat\/\",\"name\":\"White Deluxe G2 - Mad Cat - Pesca Fish\",\"isPartOf\":{\"@id\":\"https:\/\/www.pescafish.it\/new\/#website\"},\"primaryImageOfPage\":{\"@id\":\"https:\/\/www.pescafish.it\/new\/prodotto\/white-deluxe-g2-mad-cat\/#primaryimage\"},\"datePublished\":\"2021-07-12T16:10:22+00:00\",\"dateModified\":\"2025-05-15T17:18:20+00:00\",\"inLanguage\":\"it-IT\",\"potentialAction\":[{\"@type\":\"ReadAction\",\"target\":[\"https:\/\/www.pescafish.it\/new\/prodotto\/white-deluxe-g2-mad-cat\/\"]}]}]}<\/script>\n<!-- \/ Yoast SEO plugin. -->","_links":{"self":[{"href":"https:\/\/www.pescafish.it\/new\/wp-json\/wp\/v2\/product\/70619"}],"collection":[{"href":"https:\/\/www.pescafish.it\/new\/wp-json\/wp\/v2\/product"}],"about":[{"href":"https:\/\/www.pescafish.it\/new\/wp-json\/wp\/v2\/types\/product"}],"replies":[{"embeddable":true,"href":"https:\/\/www.pescafish.it\/new\/wp-json\/wp\/v2\/comments?post=70619"}],"wp:featuredmedia":[{"embeddable":true,"href":"https:\/\/www.pescafish.it\/new\/wp-json\/wp\/v2\/media\/70621"}],"wp:attachment":[{"href":"https:\/\/www.pescafish.it\/new\/wp-json\/wp\/v2\/media?parent=70619"}],"wp:term":[{"taxonomy":"product_cat","embeddable":true,"href":"https:\/\/www.pescafish.it\/new\/wp-json\/wp\/v2\/product_cat?post=70619"},{"taxonomy":"product_tag","embeddable":true,"href":"https:\/\/www.pescafish.it\/new\/wp-json\/wp\/v2\/product_tag?post=70619"}],"curies":[{"name":"wp","href":"https:\/\/api.w.org\/{rel}","templated":true}]}}