{"id":70556,"date":"2021-07-10T11:02:18","date_gmt":"2021-07-10T09:02:18","guid":{"rendered":"https:\/\/www.pescafish.it\/new\/?post_type=product&#038;p=70556"},"modified":"2024-11-05T09:55:51","modified_gmt":"2024-11-05T08:55:51","slug":"4d-line-thru-trout-25gr-180gr-slow-sink-savage-gear","status":"publish","type":"product","link":"https:\/\/www.pescafish.it\/new\/prodotto\/4d-line-thru-trout-25gr-180gr-slow-sink-savage-gear\/","title":{"rendered":"4D Line Thru trout 25cm 180gr Slow Sink\u00a0&#8211; Savage gear"},"content":{"rendered":"<h2>4D Line Thru trout 25cm 180gr Slow Sink<\/h2>\n<p>Con la stampa della pelle Photo Chrome incredibilmente dettagliata e un profumo seducente, abbiamo creato la quarta dimensione con la nostra trota 4D Line Thru. Questa esca \u00e8 cos\u00ec realistica che i pesci predatori non saranno in grado di resistere a un attacco completamente impegnato quando lo vedono. Ogni colore dell&#8217;esca \u00e8 stato ampiamente progettato, testato e messo a punto alla perfezione, e il profumo aggiunto ti dar\u00e0 il vantaggio quando le condizioni sono difficili.<\/p>\n<p>L&#8217;esca \u00e8 progettata con un canale Line Thru pi\u00f9 grande, che rende pi\u00f9 facile cambiare la traccia: viene fornita pre-montata con la traccia del filo Carbon49, montata con la clip modificatrice di linea. L&#8217;esca ha un&#8217;azione di nuoto realistica con curva a S che non fa che aumentare il realismo generale di questa incredibile esca.<\/p>\n<p><strong>Disponibile nelle seguenti colorazioni:<br \/>\n57396\u00a0 <\/strong>Rainbow<\/p>\n","protected":false},"excerpt":{"rendered":"<p>4D Line Thru trout 25cm 180gr Slow Sink Con la stampa della pelle Photo Chrome incredibilmente dettagliata e un profumo seducente, abbiamo creato la quarta dimensione con la nostra trota 4D Line Thru. Questa esca \u00e8 cos\u00ec realistica che i pesci predatori non saranno in grado di resistere a un attacco completamente impegnato quando lo [&hellip;]<\/p>\n","protected":false},"featured_media":70557,"comment_status":"closed","ping_status":"closed","template":"","meta":[],"product_cat":[649],"product_tag":[1037],"yoast_head":"<!-- This site is optimized with the Yoast SEO plugin v15.3 - https:\/\/yoast.com\/wordpress\/plugins\/seo\/ -->\n<title>4D Line Thru trout 25cm 180gr Slow Sink\u00a0- Savage gear - Pesca Fish<\/title>\n<meta name=\"robots\" content=\"index, follow, max-snippet:-1, max-image-preview:large, max-video-preview:-1\" \/>\n<link rel=\"canonical\" href=\"https:\/\/www.pescafish.it\/new\/prodotto\/4d-line-thru-trout-25gr-180gr-slow-sink-savage-gear\/\" \/>\n<meta property=\"og:locale\" content=\"it_IT\" \/>\n<meta property=\"og:type\" content=\"article\" \/>\n<meta property=\"og:title\" content=\"4D Line Thru trout 25cm 180gr Slow Sink\u00a0- Savage gear - Pesca Fish\" \/>\n<meta property=\"og:description\" content=\"4D Line Thru trout 25cm 180gr Slow Sink Con la stampa della pelle Photo Chrome incredibilmente dettagliata e un profumo seducente, abbiamo creato la quarta dimensione con la nostra trota 4D Line Thru. Questa esca \u00e8 cos\u00ec realistica che i pesci predatori non saranno in grado di resistere a un attacco completamente impegnato quando lo [&hellip;]\" \/>\n<meta property=\"og:url\" content=\"https:\/\/www.pescafish.it\/new\/prodotto\/4d-line-thru-trout-25gr-180gr-slow-sink-savage-gear\/\" \/>\n<meta property=\"og:site_name\" content=\"Pesca Fish\" \/>\n<meta property=\"article:publisher\" content=\"https:\/\/www.facebook.com\/pescafishvr\/\" \/>\n<meta property=\"article:modified_time\" content=\"2024-11-05T08:55:51+00:00\" \/>\n<meta property=\"og:image\" content=\"https:\/\/www.pescafish.it\/new\/wp-content\/uploads\/2021\/07\/57396.png\" \/>\n\t<meta property=\"og:image:width\" content=\"800\" \/>\n\t<meta property=\"og:image:height\" content=\"800\" \/>\n<meta name=\"twitter:card\" content=\"summary_large_image\" \/>\n<meta name=\"twitter:label1\" content=\"Scritto da\">\n\t<meta name=\"twitter:data1\" content=\"francesca\">\n\t<meta name=\"twitter:label2\" content=\"Tempo di lettura stimato\">\n\t<meta name=\"twitter:data2\" content=\"1 minuto\">\n<script type=\"application\/ld+json\" class=\"yoast-schema-graph\">{\"@context\":\"https:\/\/schema.org\",\"@graph\":[{\"@type\":\"WebSite\",\"@id\":\"https:\/\/www.pescafish.it\/new\/#website\",\"url\":\"https:\/\/www.pescafish.it\/new\/\",\"name\":\"Pesca Fish\",\"description\":\"Benvenuti sul nostro sito!\",\"potentialAction\":[{\"@type\":\"SearchAction\",\"target\":\"https:\/\/www.pescafish.it\/new\/?s={search_term_string}\",\"query-input\":\"required name=search_term_string\"}],\"inLanguage\":\"it-IT\"},{\"@type\":\"ImageObject\",\"@id\":\"https:\/\/www.pescafish.it\/new\/prodotto\/4d-line-thru-trout-25gr-180gr-slow-sink-savage-gear\/#primaryimage\",\"inLanguage\":\"it-IT\",\"url\":\"https:\/\/www.pescafish.it\/new\/wp-content\/uploads\/2021\/07\/57396.png\",\"width\":800,\"height\":800,\"caption\":\"Savage Gear\"},{\"@type\":\"WebPage\",\"@id\":\"https:\/\/www.pescafish.it\/new\/prodotto\/4d-line-thru-trout-25gr-180gr-slow-sink-savage-gear\/#webpage\",\"url\":\"https:\/\/www.pescafish.it\/new\/prodotto\/4d-line-thru-trout-25gr-180gr-slow-sink-savage-gear\/\",\"name\":\"4D Line Thru trout 25cm 180gr Slow Sink\\u00a0- Savage gear - Pesca Fish\",\"isPartOf\":{\"@id\":\"https:\/\/www.pescafish.it\/new\/#website\"},\"primaryImageOfPage\":{\"@id\":\"https:\/\/www.pescafish.it\/new\/prodotto\/4d-line-thru-trout-25gr-180gr-slow-sink-savage-gear\/#primaryimage\"},\"datePublished\":\"2021-07-10T09:02:18+00:00\",\"dateModified\":\"2024-11-05T08:55:51+00:00\",\"inLanguage\":\"it-IT\",\"potentialAction\":[{\"@type\":\"ReadAction\",\"target\":[\"https:\/\/www.pescafish.it\/new\/prodotto\/4d-line-thru-trout-25gr-180gr-slow-sink-savage-gear\/\"]}]}]}<\/script>\n<!-- \/ Yoast SEO plugin. -->","_links":{"self":[{"href":"https:\/\/www.pescafish.it\/new\/wp-json\/wp\/v2\/product\/70556"}],"collection":[{"href":"https:\/\/www.pescafish.it\/new\/wp-json\/wp\/v2\/product"}],"about":[{"href":"https:\/\/www.pescafish.it\/new\/wp-json\/wp\/v2\/types\/product"}],"replies":[{"embeddable":true,"href":"https:\/\/www.pescafish.it\/new\/wp-json\/wp\/v2\/comments?post=70556"}],"wp:featuredmedia":[{"embeddable":true,"href":"https:\/\/www.pescafish.it\/new\/wp-json\/wp\/v2\/media\/70557"}],"wp:attachment":[{"href":"https:\/\/www.pescafish.it\/new\/wp-json\/wp\/v2\/media?parent=70556"}],"wp:term":[{"taxonomy":"product_cat","embeddable":true,"href":"https:\/\/www.pescafish.it\/new\/wp-json\/wp\/v2\/product_cat?post=70556"},{"taxonomy":"product_tag","embeddable":true,"href":"https:\/\/www.pescafish.it\/new\/wp-json\/wp\/v2\/product_tag?post=70556"}],"curies":[{"name":"wp","href":"https:\/\/api.w.org\/{rel}","templated":true}]}}