{"id":70237,"date":"2021-07-02T17:22:43","date_gmt":"2021-07-02T15:22:43","guid":{"rendered":"https:\/\/www.pescafish.it\/new\/?post_type=product&#038;p=70237"},"modified":"2022-10-28T18:29:23","modified_gmt":"2022-10-28T16:29:23","slug":"manico-h-power-ghost-quick-release-330-sensas","status":"publish","type":"product","link":"https:\/\/www.pescafish.it\/new\/prodotto\/manico-h-power-ghost-quick-release-330-sensas\/","title":{"rendered":"Manico H-Power Ghost Quick Release 330 &#8211; Sensas"},"content":{"rendered":"<h2>Manico H-Power Ghost Quick Release 330<\/h2>\n<p>Impugnatura estremamente potente che ti permetter\u00e0 di catturare gli esemplari pi\u00f9 grandi in totale sicurezza. Ideale per i carpodromi, il suo sistema di sgancio rapido ti consentir\u00e0 di posizionare facilmente il pesce pi\u00f9 grande nella tua nassa senza preoccupazioni. Colore &#8216;fantasma&#8217; per maggiore discrezione!<\/p>\n<p>&nbsp;<\/p>\n","protected":false},"excerpt":{"rendered":"<p>Manico H-Power Ghost Quick Release 330 Impugnatura estremamente potente che ti permetter\u00e0 di catturare gli esemplari pi\u00f9 grandi in totale sicurezza. Ideale per i carpodromi, il suo sistema di sgancio rapido ti consentir\u00e0 di posizionare facilmente il pesce pi\u00f9 grande nella tua nassa senza preoccupazioni. Colore &#8216;fantasma&#8217; per maggiore discrezione! &nbsp;<\/p>\n","protected":false},"featured_media":70238,"comment_status":"closed","ping_status":"closed","template":"","meta":[],"product_cat":[183],"product_tag":[1041],"yoast_head":"<!-- This site is optimized with the Yoast SEO plugin v15.3 - https:\/\/yoast.com\/wordpress\/plugins\/seo\/ -->\n<title>Manico H-Power Ghost Quick Release 330 - Sensas - Pesca Fish<\/title>\n<meta name=\"robots\" content=\"index, follow, max-snippet:-1, max-image-preview:large, max-video-preview:-1\" \/>\n<link rel=\"canonical\" href=\"https:\/\/www.pescafish.it\/new\/prodotto\/manico-h-power-ghost-quick-release-330-sensas\/\" \/>\n<meta property=\"og:locale\" content=\"it_IT\" \/>\n<meta property=\"og:type\" content=\"article\" \/>\n<meta property=\"og:title\" content=\"Manico H-Power Ghost Quick Release 330 - Sensas - Pesca Fish\" \/>\n<meta property=\"og:description\" content=\"Manico H-Power Ghost Quick Release 330 Impugnatura estremamente potente che ti permetter\u00e0 di catturare gli esemplari pi\u00f9 grandi in totale sicurezza. Ideale per i carpodromi, il suo sistema di sgancio rapido ti consentir\u00e0 di posizionare facilmente il pesce pi\u00f9 grande nella tua nassa senza preoccupazioni. Colore &#8216;fantasma&#8217; per maggiore discrezione! &nbsp;\" \/>\n<meta property=\"og:url\" content=\"https:\/\/www.pescafish.it\/new\/prodotto\/manico-h-power-ghost-quick-release-330-sensas\/\" \/>\n<meta property=\"og:site_name\" content=\"Pesca Fish\" \/>\n<meta property=\"article:publisher\" content=\"https:\/\/www.facebook.com\/pescafishvr\/\" \/>\n<meta property=\"article:modified_time\" content=\"2022-10-28T16:29:23+00:00\" \/>\n<meta property=\"og:image\" content=\"https:\/\/www.pescafish.it\/new\/wp-content\/uploads\/2021\/07\/330a-scaled.jpg\" \/>\n\t<meta property=\"og:image:width\" content=\"2560\" \/>\n\t<meta property=\"og:image:height\" content=\"1920\" \/>\n<meta name=\"twitter:card\" content=\"summary_large_image\" \/>\n<meta name=\"twitter:label1\" content=\"Scritto da\">\n\t<meta name=\"twitter:data1\" content=\"francesca\">\n\t<meta name=\"twitter:label2\" content=\"Tempo di lettura stimato\">\n\t<meta name=\"twitter:data2\" content=\"0 minuti\">\n<script type=\"application\/ld+json\" class=\"yoast-schema-graph\">{\"@context\":\"https:\/\/schema.org\",\"@graph\":[{\"@type\":\"WebSite\",\"@id\":\"https:\/\/www.pescafish.it\/new\/#website\",\"url\":\"https:\/\/www.pescafish.it\/new\/\",\"name\":\"Pesca Fish\",\"description\":\"Benvenuti sul nostro sito!\",\"potentialAction\":[{\"@type\":\"SearchAction\",\"target\":\"https:\/\/www.pescafish.it\/new\/?s={search_term_string}\",\"query-input\":\"required name=search_term_string\"}],\"inLanguage\":\"it-IT\"},{\"@type\":\"ImageObject\",\"@id\":\"https:\/\/www.pescafish.it\/new\/prodotto\/manico-h-power-ghost-quick-release-330-sensas\/#primaryimage\",\"inLanguage\":\"it-IT\",\"url\":\"https:\/\/www.pescafish.it\/new\/wp-content\/uploads\/2021\/07\/330a-scaled.jpg\",\"width\":2560,\"height\":1920,\"caption\":\"Sensas\"},{\"@type\":\"WebPage\",\"@id\":\"https:\/\/www.pescafish.it\/new\/prodotto\/manico-h-power-ghost-quick-release-330-sensas\/#webpage\",\"url\":\"https:\/\/www.pescafish.it\/new\/prodotto\/manico-h-power-ghost-quick-release-330-sensas\/\",\"name\":\"Manico H-Power Ghost Quick Release 330 - Sensas - Pesca Fish\",\"isPartOf\":{\"@id\":\"https:\/\/www.pescafish.it\/new\/#website\"},\"primaryImageOfPage\":{\"@id\":\"https:\/\/www.pescafish.it\/new\/prodotto\/manico-h-power-ghost-quick-release-330-sensas\/#primaryimage\"},\"datePublished\":\"2021-07-02T15:22:43+00:00\",\"dateModified\":\"2022-10-28T16:29:23+00:00\",\"inLanguage\":\"it-IT\",\"potentialAction\":[{\"@type\":\"ReadAction\",\"target\":[\"https:\/\/www.pescafish.it\/new\/prodotto\/manico-h-power-ghost-quick-release-330-sensas\/\"]}]}]}<\/script>\n<!-- \/ Yoast SEO plugin. -->","_links":{"self":[{"href":"https:\/\/www.pescafish.it\/new\/wp-json\/wp\/v2\/product\/70237"}],"collection":[{"href":"https:\/\/www.pescafish.it\/new\/wp-json\/wp\/v2\/product"}],"about":[{"href":"https:\/\/www.pescafish.it\/new\/wp-json\/wp\/v2\/types\/product"}],"replies":[{"embeddable":true,"href":"https:\/\/www.pescafish.it\/new\/wp-json\/wp\/v2\/comments?post=70237"}],"wp:featuredmedia":[{"embeddable":true,"href":"https:\/\/www.pescafish.it\/new\/wp-json\/wp\/v2\/media\/70238"}],"wp:attachment":[{"href":"https:\/\/www.pescafish.it\/new\/wp-json\/wp\/v2\/media?parent=70237"}],"wp:term":[{"taxonomy":"product_cat","embeddable":true,"href":"https:\/\/www.pescafish.it\/new\/wp-json\/wp\/v2\/product_cat?post=70237"},{"taxonomy":"product_tag","embeddable":true,"href":"https:\/\/www.pescafish.it\/new\/wp-json\/wp\/v2\/product_tag?post=70237"}],"curies":[{"name":"wp","href":"https:\/\/api.w.org\/{rel}","templated":true}]}}