{"id":69197,"date":"2021-06-12T16:42:49","date_gmt":"2021-06-12T14:42:49","guid":{"rendered":"https:\/\/www.pescafish.it\/new\/?post_type=product&#038;p=69197"},"modified":"2023-01-27T10:34:51","modified_gmt":"2023-01-27T09:34:51","slug":"covert-dark-continental-mugga-hook-barbless-gardner","status":"publish","type":"product","link":"https:\/\/www.pescafish.it\/new\/prodotto\/covert-dark-continental-mugga-hook-barbless-gardner\/","title":{"rendered":"Covert Dark  Mugga Hook Barbless &#8211; Gardner"},"content":{"rendered":"<h2>Covert Dark Mugga Hook Barbless<\/h2>\n<p>Il Covert Dark\u00a0 Mugga Hook di Gardner Barbless \u00e8 la versione aggiornata del leggendario Continental Mugga hook.<\/p>\n<p>Il Continental come tutta la serie covert dark presenta una finitura scura ed opaca ottenuta grazie ad un solo rivestimento elettrolitico, permette la realizzazione di punte affilate e molto durevoli. L\u2019amo pi\u00f9 potente ed affidabile della serie covert dark \u00e8 realizzato per offrire il massimo delle prestazioni nelle situazioni di pesca estreme ed \u00e8 stato rinforzato del 30% rispetto alla versione precedente grazie alla nuova mescola di acciaio e carbonio a doppia tempratura. La forma del Covert Dark Continental Mugga Hook determina un capovolgimento dell\u2019amo durante la mangiata andando a conficcarsi nella parte pi\u00f9 consistente della bocca del pesce garantendo un hooking pi\u00f9 sicuro e diminuendo drasticamente la possibilit\u00e0 di perdere il pesce anche senza l\u2019utilizzo del line aligner.<\/p>\n<p><strong>Disponibile nelle seguenti varianti:<\/strong><br \/>\n<strong>DMHB4<\/strong>\u00a0 Size 4<br \/>\n<strong>DMHB6<\/strong>\u00a0 Size 6<br \/>\n<strong>DMHB8<\/strong>\u00a0 Size 8<\/p>\n<p><strong>Versione Barbless SENZA ARDIGLIONE\u00a0<\/strong><\/p>\n<p>&nbsp;<\/p>\n","protected":false},"excerpt":{"rendered":"<p>Covert Dark Mugga Hook Barbless Il Covert Dark\u00a0 Mugga Hook di Gardner Barbless \u00e8 la versione aggiornata del leggendario Continental Mugga hook. Il Continental come tutta la serie covert dark presenta una finitura scura ed opaca ottenuta grazie ad un solo rivestimento elettrolitico, permette la realizzazione di punte affilate e molto durevoli. L\u2019amo pi\u00f9 potente [&hellip;]<\/p>\n","protected":false},"featured_media":69198,"comment_status":"closed","ping_status":"closed","template":"","meta":[],"product_cat":[578],"product_tag":[1152],"yoast_head":"<!-- This site is optimized with the Yoast SEO plugin v15.3 - https:\/\/yoast.com\/wordpress\/plugins\/seo\/ -->\n<title>Covert Dark Mugga Hook Barbless - Gardner - Pesca Fish<\/title>\n<meta name=\"robots\" content=\"index, follow, max-snippet:-1, max-image-preview:large, max-video-preview:-1\" \/>\n<link rel=\"canonical\" href=\"https:\/\/www.pescafish.it\/new\/prodotto\/covert-dark-continental-mugga-hook-barbless-gardner\/\" \/>\n<meta property=\"og:locale\" content=\"it_IT\" \/>\n<meta property=\"og:type\" content=\"article\" \/>\n<meta property=\"og:title\" content=\"Covert Dark Mugga Hook Barbless - Gardner - Pesca Fish\" \/>\n<meta property=\"og:description\" content=\"Covert Dark Mugga Hook Barbless Il Covert Dark\u00a0 Mugga Hook di Gardner Barbless \u00e8 la versione aggiornata del leggendario Continental Mugga hook. Il Continental come tutta la serie covert dark presenta una finitura scura ed opaca ottenuta grazie ad un solo rivestimento elettrolitico, permette la realizzazione di punte affilate e molto durevoli. L\u2019amo pi\u00f9 potente [&hellip;]\" \/>\n<meta property=\"og:url\" content=\"https:\/\/www.pescafish.it\/new\/prodotto\/covert-dark-continental-mugga-hook-barbless-gardner\/\" \/>\n<meta property=\"og:site_name\" content=\"Pesca Fish\" \/>\n<meta property=\"article:publisher\" content=\"https:\/\/www.facebook.com\/pescafishvr\/\" \/>\n<meta property=\"article:modified_time\" content=\"2023-01-27T09:34:51+00:00\" \/>\n<meta property=\"og:image\" content=\"https:\/\/www.pescafish.it\/new\/wp-content\/uploads\/2021\/06\/Covert-Muggas-on-Packaging-copy.jpg\" \/>\n\t<meta property=\"og:image:width\" content=\"500\" \/>\n\t<meta property=\"og:image:height\" content=\"500\" \/>\n<meta name=\"twitter:card\" content=\"summary_large_image\" \/>\n<meta name=\"twitter:label1\" content=\"Scritto da\">\n\t<meta name=\"twitter:data1\" content=\"francesca\">\n\t<meta name=\"twitter:label2\" content=\"Tempo di lettura stimato\">\n\t<meta name=\"twitter:data2\" content=\"1 minuto\">\n<script type=\"application\/ld+json\" class=\"yoast-schema-graph\">{\"@context\":\"https:\/\/schema.org\",\"@graph\":[{\"@type\":\"WebSite\",\"@id\":\"https:\/\/www.pescafish.it\/new\/#website\",\"url\":\"https:\/\/www.pescafish.it\/new\/\",\"name\":\"Pesca Fish\",\"description\":\"Benvenuti sul nostro sito!\",\"potentialAction\":[{\"@type\":\"SearchAction\",\"target\":\"https:\/\/www.pescafish.it\/new\/?s={search_term_string}\",\"query-input\":\"required name=search_term_string\"}],\"inLanguage\":\"it-IT\"},{\"@type\":\"ImageObject\",\"@id\":\"https:\/\/www.pescafish.it\/new\/prodotto\/covert-dark-continental-mugga-hook-barbless-gardner\/#primaryimage\",\"inLanguage\":\"it-IT\",\"url\":\"https:\/\/www.pescafish.it\/new\/wp-content\/uploads\/2021\/06\/Covert-Muggas-on-Packaging-copy.jpg\",\"width\":500,\"height\":500,\"caption\":\"Gardner\"},{\"@type\":\"WebPage\",\"@id\":\"https:\/\/www.pescafish.it\/new\/prodotto\/covert-dark-continental-mugga-hook-barbless-gardner\/#webpage\",\"url\":\"https:\/\/www.pescafish.it\/new\/prodotto\/covert-dark-continental-mugga-hook-barbless-gardner\/\",\"name\":\"Covert Dark Mugga Hook Barbless - Gardner - Pesca Fish\",\"isPartOf\":{\"@id\":\"https:\/\/www.pescafish.it\/new\/#website\"},\"primaryImageOfPage\":{\"@id\":\"https:\/\/www.pescafish.it\/new\/prodotto\/covert-dark-continental-mugga-hook-barbless-gardner\/#primaryimage\"},\"datePublished\":\"2021-06-12T14:42:49+00:00\",\"dateModified\":\"2023-01-27T09:34:51+00:00\",\"inLanguage\":\"it-IT\",\"potentialAction\":[{\"@type\":\"ReadAction\",\"target\":[\"https:\/\/www.pescafish.it\/new\/prodotto\/covert-dark-continental-mugga-hook-barbless-gardner\/\"]}]}]}<\/script>\n<!-- \/ Yoast SEO plugin. -->","_links":{"self":[{"href":"https:\/\/www.pescafish.it\/new\/wp-json\/wp\/v2\/product\/69197"}],"collection":[{"href":"https:\/\/www.pescafish.it\/new\/wp-json\/wp\/v2\/product"}],"about":[{"href":"https:\/\/www.pescafish.it\/new\/wp-json\/wp\/v2\/types\/product"}],"replies":[{"embeddable":true,"href":"https:\/\/www.pescafish.it\/new\/wp-json\/wp\/v2\/comments?post=69197"}],"wp:featuredmedia":[{"embeddable":true,"href":"https:\/\/www.pescafish.it\/new\/wp-json\/wp\/v2\/media\/69198"}],"wp:attachment":[{"href":"https:\/\/www.pescafish.it\/new\/wp-json\/wp\/v2\/media?parent=69197"}],"wp:term":[{"taxonomy":"product_cat","embeddable":true,"href":"https:\/\/www.pescafish.it\/new\/wp-json\/wp\/v2\/product_cat?post=69197"},{"taxonomy":"product_tag","embeddable":true,"href":"https:\/\/www.pescafish.it\/new\/wp-json\/wp\/v2\/product_tag?post=69197"}],"curies":[{"name":"wp","href":"https:\/\/api.w.org\/{rel}","templated":true}]}}